{"id":3369,"date":"2022-04-12T11:46:22","date_gmt":"2022-04-12T09:46:22","guid":{"rendered":"https:\/\/morahotell.se\/produkt\/unkategorisiert\/vinterbad-i-saxviken\/"},"modified":"2022-06-10T13:24:23","modified_gmt":"2022-06-10T11:24:23","slug":"winterschwimmen-in-saxviken","status":"publish","type":"product","link":"https:\/\/morahotell.se\/de\/produkt\/aktivitaeten\/gerade-im-gange\/winterschwimmen-in-saxviken\/","title":{"rendered":"Winterschwimmen in Saxviken"},"content":{"rendered":"<p>Winterschwimmen &#8211; Kommen Sie ins Hotel, w\u00e4rmen Sie sich mit einem Drink im Spa auf und entspannen Sie sich in einem bequemen Liegestuhl.<\/p>\n<p>Ausr\u00fcstung: M\u00fctze, Socken oder Hausschuhe.<\/p>\n<p>Anleitung: Atmen Sie tief ein und senken Sie Ihre Herzfrequenz, werden Sie ohne Stress wach. Bleiben Sie mindestens 1 Minute, Endorphine beginnen freigesetzt zu werden.<\/p>\n<p>Setzen Sie den Holzdeckel nach Gebrauch wieder auf<br \/>\nZeit: nur bei Tageslicht<br \/>\nVerbot: Alkohol, Drogen oder Bet\u00e4ubungsmittel<\/p>\n<p>Willkommen zum Genie\u00dfen!<\/p>\n","protected":false},"excerpt":{"rendered":"<p>Atmen Sie tief ein und senken Sie Ihre Herzfrequenz, gehen Sie ohne Stress wach.<\/p>\n","protected":false},"featured_media":29817,"comment_status":"closed","ping_status":"closed","template":"","meta":{"_acf_changed":false},"product_brand":[],"product_cat":[71,124,117,82],"product_tag":[83],"class_list":{"0":"post-3369","1":"product","2":"type-product","3":"status-publish","4":"has-post-thumbnail","6":"product_cat-aktivitaeten","7":"product_cat-eis-und-schnee","8":"product_cat-gerade-im-gange","9":"product_cat-mora-erleben","10":"product_tag-vinter-de","12":"first","13":"instock","14":"taxable","15":"shipping-taxable","16":"product-type-simple"},"acf":[],"yoast_head":"<!-- This site is optimized with the Yoast SEO plugin v26.5 - https:\/\/yoast.com\/wordpress\/plugins\/seo\/ -->\n<title>Winterschwimmen in Saxviken - Mora Hotell &amp; Spa<\/title>\n<meta name=\"description\" content=\"Atmen Sie tief ein und senken Sie Ihre Herzfrequenz, gehen Sie ohne Stress wach. Willkommen zum Genie\u00dfen! Ausr\u00fcstung: M\u00fctze, Socken oder Hausschuhe.\" \/>\n<meta name=\"robots\" content=\"index, follow, max-snippet:-1, max-image-preview:large, max-video-preview:-1\" \/>\n<link rel=\"canonical\" href=\"https:\/\/morahotell.se\/de\/produkt\/aktivitaeten\/gerade-im-gange\/winterschwimmen-in-saxviken\/\" \/>\n<meta property=\"og:locale\" content=\"de_DE\" \/>\n<meta property=\"og:type\" content=\"article\" \/>\n<meta property=\"og:title\" content=\"Winterschwimmen in Saxviken - Mora Hotell &amp; Spa\" \/>\n<meta property=\"og:description\" content=\"Atmen Sie tief ein und senken Sie Ihre Herzfrequenz, gehen Sie ohne Stress wach. Willkommen zum Genie\u00dfen! Ausr\u00fcstung: M\u00fctze, Socken oder Hausschuhe.\" \/>\n<meta property=\"og:url\" content=\"https:\/\/morahotell.se\/de\/produkt\/aktivitaeten\/gerade-im-gange\/winterschwimmen-in-saxviken\/\" \/>\n<meta property=\"og:site_name\" content=\"Mora Hotell &amp; Spa\" \/>\n<meta property=\"article:modified_time\" content=\"2022-06-10T11:24:23+00:00\" \/>\n<meta property=\"og:image\" content=\"https:\/\/morahotell.se\/wp-content\/uploads\/2022\/04\/IMG_1374-1.jpeg\" \/>\n\t<meta property=\"og:image:width\" content=\"640\" \/>\n\t<meta property=\"og:image:height\" content=\"480\" \/>\n\t<meta property=\"og:image:type\" content=\"image\/jpeg\" \/>\n<meta name=\"twitter:card\" content=\"summary_large_image\" \/>\n<script type=\"application\/ld+json\" class=\"yoast-schema-graph\">{\"@context\":\"https:\/\/schema.org\",\"@graph\":[{\"@type\":\"WebPage\",\"@id\":\"https:\/\/morahotell.se\/de\/produkt\/aktivitaeten\/gerade-im-gange\/winterschwimmen-in-saxviken\/\",\"url\":\"https:\/\/morahotell.se\/de\/produkt\/aktivitaeten\/gerade-im-gange\/winterschwimmen-in-saxviken\/\",\"name\":\"Winterschwimmen in Saxviken - Mora Hotell &amp; Spa\",\"isPartOf\":{\"@id\":\"https:\/\/morahotell.se\/de\/#website\"},\"primaryImageOfPage\":{\"@id\":\"https:\/\/morahotell.se\/de\/produkt\/aktivitaeten\/gerade-im-gange\/winterschwimmen-in-saxviken\/#primaryimage\"},\"image\":{\"@id\":\"https:\/\/morahotell.se\/de\/produkt\/aktivitaeten\/gerade-im-gange\/winterschwimmen-in-saxviken\/#primaryimage\"},\"thumbnailUrl\":\"https:\/\/morahotell.se\/wp-content\/uploads\/2022\/09\/midvinterblot2025-banner-rcnonsrmh0rh4iqw1hom7lo8q2jftlabcmrk1k2h00.jpg\",\"datePublished\":\"2022-04-12T09:46:22+00:00\",\"dateModified\":\"2022-06-10T11:24:23+00:00\",\"description\":\"Atmen Sie tief ein und senken Sie Ihre Herzfrequenz, gehen Sie ohne Stress wach. Willkommen zum Genie\u00dfen! Ausr\u00fcstung: M\u00fctze, Socken oder Hausschuhe.\",\"breadcrumb\":{\"@id\":\"https:\/\/morahotell.se\/de\/produkt\/aktivitaeten\/gerade-im-gange\/winterschwimmen-in-saxviken\/#breadcrumb\"},\"inLanguage\":\"de\",\"potentialAction\":[{\"@type\":\"ReadAction\",\"target\":[\"https:\/\/morahotell.se\/de\/produkt\/aktivitaeten\/gerade-im-gange\/winterschwimmen-in-saxviken\/\"]}]},{\"@type\":\"ImageObject\",\"inLanguage\":\"de\",\"@id\":\"https:\/\/morahotell.se\/de\/produkt\/aktivitaeten\/gerade-im-gange\/winterschwimmen-in-saxviken\/#primaryimage\",\"url\":\"https:\/\/morahotell.se\/wp-content\/uploads\/2022\/09\/midvinterblot2025-banner-rcnonsrmh0rh4iqw1hom7lo8q2jftlabcmrk1k2h00.jpg\",\"contentUrl\":\"https:\/\/morahotell.se\/wp-content\/uploads\/2022\/09\/midvinterblot2025-banner-rcnonsrmh0rh4iqw1hom7lo8q2jftlabcmrk1k2h00.jpg\",\"width\":1920,\"height\":680},{\"@type\":\"BreadcrumbList\",\"@id\":\"https:\/\/morahotell.se\/de\/produkt\/aktivitaeten\/gerade-im-gange\/winterschwimmen-in-saxviken\/#breadcrumb\",\"itemListElement\":[{\"@type\":\"ListItem\",\"position\":1,\"name\":\"Mora hotell\",\"item\":\"https:\/\/morahotell.se\/de\/\"},{\"@type\":\"ListItem\",\"position\":2,\"name\":\"Reservierung\",\"item\":\"https:\/\/morahotell.se\/de\/reservierung\/\"},{\"@type\":\"ListItem\",\"position\":3,\"name\":\"Aktivit\u00e4ten\",\"item\":\"https:\/\/morahotell.se\/de\/produkt-kategori\/aktivitaeten\/\"},{\"@type\":\"ListItem\",\"position\":4,\"name\":\"Eis und Schnee\",\"item\":\"https:\/\/morahotell.se\/de\/produkt-kategori\/aktivitaeten\/eis-und-schnee\/\"},{\"@type\":\"ListItem\",\"position\":5,\"name\":\"Winterschwimmen in Saxviken\"}]},{\"@type\":\"WebSite\",\"@id\":\"https:\/\/morahotell.se\/de\/#website\",\"url\":\"https:\/\/morahotell.se\/de\/\",\"name\":\"Mora Hotell &amp; Spa\",\"description\":\"Fyrstj\u00e4rnigt hotell i Mora, n\u00e4ra Siljan\",\"potentialAction\":[{\"@type\":\"SearchAction\",\"target\":{\"@type\":\"EntryPoint\",\"urlTemplate\":\"https:\/\/morahotell.se\/de\/?s={search_term_string}\"},\"query-input\":{\"@type\":\"PropertyValueSpecification\",\"valueRequired\":true,\"valueName\":\"search_term_string\"}}],\"inLanguage\":\"de\"}]}<\/script>\n<!-- \/ Yoast SEO plugin. -->","yoast_head_json":{"title":"Winterschwimmen in Saxviken - Mora Hotell &amp; Spa","description":"Atmen Sie tief ein und senken Sie Ihre Herzfrequenz, gehen Sie ohne Stress wach. Willkommen zum Genie\u00dfen! Ausr\u00fcstung: M\u00fctze, Socken oder Hausschuhe.","robots":{"index":"index","follow":"follow","max-snippet":"max-snippet:-1","max-image-preview":"max-image-preview:large","max-video-preview":"max-video-preview:-1"},"canonical":"https:\/\/morahotell.se\/de\/produkt\/aktivitaeten\/gerade-im-gange\/winterschwimmen-in-saxviken\/","og_locale":"de_DE","og_type":"article","og_title":"Winterschwimmen in Saxviken - Mora Hotell &amp; Spa","og_description":"Atmen Sie tief ein und senken Sie Ihre Herzfrequenz, gehen Sie ohne Stress wach. Willkommen zum Genie\u00dfen! Ausr\u00fcstung: M\u00fctze, Socken oder Hausschuhe.","og_url":"https:\/\/morahotell.se\/de\/produkt\/aktivitaeten\/gerade-im-gange\/winterschwimmen-in-saxviken\/","og_site_name":"Mora Hotell &amp; Spa","article_modified_time":"2022-06-10T11:24:23+00:00","og_image":[{"width":640,"height":480,"url":"https:\/\/morahotell.se\/wp-content\/uploads\/2022\/04\/IMG_1374-1.jpeg","type":"image\/jpeg"}],"twitter_card":"summary_large_image","schema":{"@context":"https:\/\/schema.org","@graph":[{"@type":"WebPage","@id":"https:\/\/morahotell.se\/de\/produkt\/aktivitaeten\/gerade-im-gange\/winterschwimmen-in-saxviken\/","url":"https:\/\/morahotell.se\/de\/produkt\/aktivitaeten\/gerade-im-gange\/winterschwimmen-in-saxviken\/","name":"Winterschwimmen in Saxviken - Mora Hotell &amp; Spa","isPartOf":{"@id":"https:\/\/morahotell.se\/de\/#website"},"primaryImageOfPage":{"@id":"https:\/\/morahotell.se\/de\/produkt\/aktivitaeten\/gerade-im-gange\/winterschwimmen-in-saxviken\/#primaryimage"},"image":{"@id":"https:\/\/morahotell.se\/de\/produkt\/aktivitaeten\/gerade-im-gange\/winterschwimmen-in-saxviken\/#primaryimage"},"thumbnailUrl":"https:\/\/morahotell.se\/wp-content\/uploads\/2022\/09\/midvinterblot2025-banner-rcnonsrmh0rh4iqw1hom7lo8q2jftlabcmrk1k2h00.jpg","datePublished":"2022-04-12T09:46:22+00:00","dateModified":"2022-06-10T11:24:23+00:00","description":"Atmen Sie tief ein und senken Sie Ihre Herzfrequenz, gehen Sie ohne Stress wach. Willkommen zum Genie\u00dfen! Ausr\u00fcstung: M\u00fctze, Socken oder Hausschuhe.","breadcrumb":{"@id":"https:\/\/morahotell.se\/de\/produkt\/aktivitaeten\/gerade-im-gange\/winterschwimmen-in-saxviken\/#breadcrumb"},"inLanguage":"de","potentialAction":[{"@type":"ReadAction","target":["https:\/\/morahotell.se\/de\/produkt\/aktivitaeten\/gerade-im-gange\/winterschwimmen-in-saxviken\/"]}]},{"@type":"ImageObject","inLanguage":"de","@id":"https:\/\/morahotell.se\/de\/produkt\/aktivitaeten\/gerade-im-gange\/winterschwimmen-in-saxviken\/#primaryimage","url":"https:\/\/morahotell.se\/wp-content\/uploads\/2022\/09\/midvinterblot2025-banner-rcnonsrmh0rh4iqw1hom7lo8q2jftlabcmrk1k2h00.jpg","contentUrl":"https:\/\/morahotell.se\/wp-content\/uploads\/2022\/09\/midvinterblot2025-banner-rcnonsrmh0rh4iqw1hom7lo8q2jftlabcmrk1k2h00.jpg","width":1920,"height":680},{"@type":"BreadcrumbList","@id":"https:\/\/morahotell.se\/de\/produkt\/aktivitaeten\/gerade-im-gange\/winterschwimmen-in-saxviken\/#breadcrumb","itemListElement":[{"@type":"ListItem","position":1,"name":"Mora hotell","item":"https:\/\/morahotell.se\/de\/"},{"@type":"ListItem","position":2,"name":"Reservierung","item":"https:\/\/morahotell.se\/de\/reservierung\/"},{"@type":"ListItem","position":3,"name":"Aktivit\u00e4ten","item":"https:\/\/morahotell.se\/de\/produkt-kategori\/aktivitaeten\/"},{"@type":"ListItem","position":4,"name":"Eis und Schnee","item":"https:\/\/morahotell.se\/de\/produkt-kategori\/aktivitaeten\/eis-und-schnee\/"},{"@type":"ListItem","position":5,"name":"Winterschwimmen in Saxviken"}]},{"@type":"WebSite","@id":"https:\/\/morahotell.se\/de\/#website","url":"https:\/\/morahotell.se\/de\/","name":"Mora Hotell &amp; Spa","description":"Fyrstj\u00e4rnigt hotell i Mora, n\u00e4ra Siljan","potentialAction":[{"@type":"SearchAction","target":{"@type":"EntryPoint","urlTemplate":"https:\/\/morahotell.se\/de\/?s={search_term_string}"},"query-input":{"@type":"PropertyValueSpecification","valueRequired":true,"valueName":"search_term_string"}}],"inLanguage":"de"}]}},"_links":{"self":[{"href":"https:\/\/morahotell.se\/de\/wp-json\/wp\/v2\/product\/3369","targetHints":{"allow":["GET"]}}],"collection":[{"href":"https:\/\/morahotell.se\/de\/wp-json\/wp\/v2\/product"}],"about":[{"href":"https:\/\/morahotell.se\/de\/wp-json\/wp\/v2\/types\/product"}],"replies":[{"embeddable":true,"href":"https:\/\/morahotell.se\/de\/wp-json\/wp\/v2\/comments?post=3369"}],"wp:featuredmedia":[{"embeddable":true,"href":"https:\/\/morahotell.se\/de\/wp-json\/wp\/v2\/media\/29817"}],"wp:attachment":[{"href":"https:\/\/morahotell.se\/de\/wp-json\/wp\/v2\/media?parent=3369"}],"wp:term":[{"taxonomy":"product_brand","embeddable":true,"href":"https:\/\/morahotell.se\/de\/wp-json\/wp\/v2\/product_brand?post=3369"},{"taxonomy":"product_cat","embeddable":true,"href":"https:\/\/morahotell.se\/de\/wp-json\/wp\/v2\/product_cat?post=3369"},{"taxonomy":"product_tag","embeddable":true,"href":"https:\/\/morahotell.se\/de\/wp-json\/wp\/v2\/product_tag?post=3369"}],"curies":[{"name":"wp","href":"https:\/\/api.w.org\/{rel}","templated":true}]}}