{"id":3309,"date":"2022-04-27T13:44:22","date_gmt":"2022-04-27T11:44:22","guid":{"rendered":"https:\/\/morahotell.se\/produkt\/unkategorisiert\/uppfraschande-ansiktsbehandling-50min\/"},"modified":"2025-12-15T11:40:19","modified_gmt":"2025-12-15T10:40:19","slug":"eine-erfrischende-gesichtsbehandlung-in-50-minuten","status":"publish","type":"product","link":"https:\/\/morahotell.se\/de\/produkt\/spa-de\/gesichts\/eine-erfrischende-gesichtsbehandlung-in-50-minuten\/","title":{"rendered":"Eine erfrischende Gesichtsbehandlung in 50 Minuten"},"content":{"rendered":"<p>Eine erfrischende und tiefenreinigende Gesichtsbehandlung, die auf Ihren Hauttyp abgestimmt ist.<br \/>\nDie Behandlung umfasst ein Peeling, das trockene Hautzellen entfernt, eine luxuri\u00f6se Massage f\u00fcr eine bessere Durchblutung sowie eine Maske und eine feuchtigkeitsspendende Abschlusspflege, die die Haut mit N\u00e4hrstoffen versorgt.<\/p>\n<p>Selbstverst\u00e4ndlich erhalten Sie Tipps und Ratschl\u00e4ge, wie Sie Ihre Haut zu Hause pflegen k\u00f6nnen, um das gew\u00fcnschte Ergebnis zu erzielen.<\/p>\n<p>Preis 995:-<\/p>\n","protected":false},"excerpt":{"rendered":"<p>Eine dem Hauttyp angepasste, erfrischte und tiefenreinigende Gesichtsbehandlung. Die Behandlung umfasst ein Peeling, das trockene Hautzellen entfernt, eine luxuri\u00f6se Massage f\u00fcr eine bessere Durchblutung sowie eine Maske und ein feuchtigkeitsspendendes Finish, das die Haut n\u00e4hrt.<\/p>\n","protected":false},"featured_media":2967,"comment_status":"closed","ping_status":"closed","template":"","meta":{"_acf_changed":false},"product_brand":[],"product_cat":[74,75],"product_tag":[],"class_list":{"0":"post-3309","1":"product","2":"type-product","3":"status-publish","4":"has-post-thumbnail","6":"product_cat-gesichts","7":"product_cat-spa-de","9":"first","10":"instock","11":"virtual","12":"taxable","13":"purchasable","14":"product-type-simple"},"acf":[],"yoast_head":"<!-- This site is optimized with the Yoast SEO plugin v27.5 - https:\/\/yoast.com\/product\/yoast-seo-wordpress\/ -->\n<title>Eine erfrischende Gesichtsbehandlung in 50 Minuten - Mora Hotell &amp; Spa<\/title>\n<meta name=\"description\" content=\"Eine dem Hauttyp angepasste Gesichtsbehandlung. Die Behandlung umfasst ein Peeling zur Entfernung trockener Hautsch\u00fcppchen und eine Massage.\" \/>\n<meta name=\"robots\" content=\"index, follow, max-snippet:-1, max-image-preview:large, max-video-preview:-1\" \/>\n<link rel=\"canonical\" href=\"https:\/\/morahotell.se\/de\/produkt\/spa-de\/gesichts\/eine-erfrischende-gesichtsbehandlung-in-50-minuten\/\" \/>\n<meta property=\"og:locale\" content=\"de_DE\" \/>\n<meta property=\"og:type\" content=\"article\" \/>\n<meta property=\"og:title\" content=\"Eine erfrischende Gesichtsbehandlung in 50 Minuten - Mora Hotell &amp; Spa\" \/>\n<meta property=\"og:description\" content=\"Eine dem Hauttyp angepasste Gesichtsbehandlung. Die Behandlung umfasst ein Peeling zur Entfernung trockener Hautsch\u00fcppchen und eine Massage.\" \/>\n<meta property=\"og:url\" content=\"https:\/\/morahotell.se\/de\/produkt\/spa-de\/gesichts\/eine-erfrischende-gesichtsbehandlung-in-50-minuten\/\" \/>\n<meta property=\"og:site_name\" content=\"Mora Hotell &amp; Spa\" \/>\n<meta property=\"article:modified_time\" content=\"2025-12-15T10:40:19+00:00\" \/>\n<meta property=\"og:image\" content=\"https:\/\/morahotell.se\/wp-content\/uploads\/2022\/04\/d6fef3ee0ee96159c847faae82dedda7.jpeg\" \/>\n\t<meta property=\"og:image:width\" content=\"439\" \/>\n\t<meta property=\"og:image:height\" content=\"446\" \/>\n\t<meta property=\"og:image:type\" content=\"image\/jpeg\" \/>\n<meta name=\"twitter:card\" content=\"summary_large_image\" \/>\n<script type=\"application\/ld+json\" class=\"yoast-schema-graph\">{\"@context\":\"https:\\\/\\\/schema.org\",\"@graph\":[{\"@type\":\"WebPage\",\"@id\":\"https:\\\/\\\/morahotell.se\\\/de\\\/produkt\\\/spa-de\\\/gesichts\\\/eine-erfrischende-gesichtsbehandlung-in-50-minuten\\\/\",\"url\":\"https:\\\/\\\/morahotell.se\\\/de\\\/produkt\\\/spa-de\\\/gesichts\\\/eine-erfrischende-gesichtsbehandlung-in-50-minuten\\\/\",\"name\":\"Eine erfrischende Gesichtsbehandlung in 50 Minuten - Mora Hotell &amp; Spa\",\"isPartOf\":{\"@id\":\"https:\\\/\\\/morahotell.se\\\/de\\\/#website\"},\"primaryImageOfPage\":{\"@id\":\"https:\\\/\\\/morahotell.se\\\/de\\\/produkt\\\/spa-de\\\/gesichts\\\/eine-erfrischende-gesichtsbehandlung-in-50-minuten\\\/#primaryimage\"},\"image\":{\"@id\":\"https:\\\/\\\/morahotell.se\\\/de\\\/produkt\\\/spa-de\\\/gesichts\\\/eine-erfrischende-gesichtsbehandlung-in-50-minuten\\\/#primaryimage\"},\"thumbnailUrl\":\"https:\\\/\\\/morahotell.se\\\/wp-content\\\/uploads\\\/2022\\\/04\\\/d6fef3ee0ee96159c847faae82dedda7.jpeg\",\"datePublished\":\"2022-04-27T11:44:22+00:00\",\"dateModified\":\"2025-12-15T10:40:19+00:00\",\"description\":\"Eine dem Hauttyp angepasste Gesichtsbehandlung. Die Behandlung umfasst ein Peeling zur Entfernung trockener Hautsch\u00fcppchen und eine Massage.\",\"breadcrumb\":{\"@id\":\"https:\\\/\\\/morahotell.se\\\/de\\\/produkt\\\/spa-de\\\/gesichts\\\/eine-erfrischende-gesichtsbehandlung-in-50-minuten\\\/#breadcrumb\"},\"inLanguage\":\"de\",\"potentialAction\":[{\"@type\":\"ReadAction\",\"target\":[\"https:\\\/\\\/morahotell.se\\\/de\\\/produkt\\\/spa-de\\\/gesichts\\\/eine-erfrischende-gesichtsbehandlung-in-50-minuten\\\/\"]}]},{\"@type\":\"ImageObject\",\"inLanguage\":\"de\",\"@id\":\"https:\\\/\\\/morahotell.se\\\/de\\\/produkt\\\/spa-de\\\/gesichts\\\/eine-erfrischende-gesichtsbehandlung-in-50-minuten\\\/#primaryimage\",\"url\":\"https:\\\/\\\/morahotell.se\\\/wp-content\\\/uploads\\\/2022\\\/04\\\/d6fef3ee0ee96159c847faae82dedda7.jpeg\",\"contentUrl\":\"https:\\\/\\\/morahotell.se\\\/wp-content\\\/uploads\\\/2022\\\/04\\\/d6fef3ee0ee96159c847faae82dedda7.jpeg\",\"width\":439,\"height\":446},{\"@type\":\"BreadcrumbList\",\"@id\":\"https:\\\/\\\/morahotell.se\\\/de\\\/produkt\\\/spa-de\\\/gesichts\\\/eine-erfrischende-gesichtsbehandlung-in-50-minuten\\\/#breadcrumb\",\"itemListElement\":[{\"@type\":\"ListItem\",\"position\":1,\"name\":\"Mora hotell\",\"item\":\"https:\\\/\\\/morahotell.se\\\/de\\\/\"},{\"@type\":\"ListItem\",\"position\":2,\"name\":\"Reservierung\",\"item\":\"https:\\\/\\\/morahotell.se\\\/de\\\/reservierung\\\/\"},{\"@type\":\"ListItem\",\"position\":3,\"name\":\"Spa\",\"item\":\"https:\\\/\\\/morahotell.se\\\/de\\\/produkt-kategori\\\/spa-de\\\/\"},{\"@type\":\"ListItem\",\"position\":4,\"name\":\"Eine erfrischende Gesichtsbehandlung in 50 Minuten\"}]},{\"@type\":\"WebSite\",\"@id\":\"https:\\\/\\\/morahotell.se\\\/de\\\/#website\",\"url\":\"https:\\\/\\\/morahotell.se\\\/de\\\/\",\"name\":\"Mora Hotell &amp; Spa\",\"description\":\"Fyrstj\u00e4rnigt hotell i Mora, n\u00e4ra Siljan\",\"potentialAction\":[{\"@type\":\"SearchAction\",\"target\":{\"@type\":\"EntryPoint\",\"urlTemplate\":\"https:\\\/\\\/morahotell.se\\\/de\\\/?s={search_term_string}\"},\"query-input\":{\"@type\":\"PropertyValueSpecification\",\"valueRequired\":true,\"valueName\":\"search_term_string\"}}],\"inLanguage\":\"de\"}]}<\/script>\n<!-- \/ Yoast SEO plugin. -->","yoast_head_json":{"title":"Eine erfrischende Gesichtsbehandlung in 50 Minuten - Mora Hotell &amp; Spa","description":"Eine dem Hauttyp angepasste Gesichtsbehandlung. Die Behandlung umfasst ein Peeling zur Entfernung trockener Hautsch\u00fcppchen und eine Massage.","robots":{"index":"index","follow":"follow","max-snippet":"max-snippet:-1","max-image-preview":"max-image-preview:large","max-video-preview":"max-video-preview:-1"},"canonical":"https:\/\/morahotell.se\/de\/produkt\/spa-de\/gesichts\/eine-erfrischende-gesichtsbehandlung-in-50-minuten\/","og_locale":"de_DE","og_type":"article","og_title":"Eine erfrischende Gesichtsbehandlung in 50 Minuten - Mora Hotell &amp; Spa","og_description":"Eine dem Hauttyp angepasste Gesichtsbehandlung. Die Behandlung umfasst ein Peeling zur Entfernung trockener Hautsch\u00fcppchen und eine Massage.","og_url":"https:\/\/morahotell.se\/de\/produkt\/spa-de\/gesichts\/eine-erfrischende-gesichtsbehandlung-in-50-minuten\/","og_site_name":"Mora Hotell &amp; Spa","article_modified_time":"2025-12-15T10:40:19+00:00","og_image":[{"width":439,"height":446,"url":"https:\/\/morahotell.se\/wp-content\/uploads\/2022\/04\/d6fef3ee0ee96159c847faae82dedda7.jpeg","type":"image\/jpeg"}],"twitter_card":"summary_large_image","schema":{"@context":"https:\/\/schema.org","@graph":[{"@type":"WebPage","@id":"https:\/\/morahotell.se\/de\/produkt\/spa-de\/gesichts\/eine-erfrischende-gesichtsbehandlung-in-50-minuten\/","url":"https:\/\/morahotell.se\/de\/produkt\/spa-de\/gesichts\/eine-erfrischende-gesichtsbehandlung-in-50-minuten\/","name":"Eine erfrischende Gesichtsbehandlung in 50 Minuten - Mora Hotell &amp; Spa","isPartOf":{"@id":"https:\/\/morahotell.se\/de\/#website"},"primaryImageOfPage":{"@id":"https:\/\/morahotell.se\/de\/produkt\/spa-de\/gesichts\/eine-erfrischende-gesichtsbehandlung-in-50-minuten\/#primaryimage"},"image":{"@id":"https:\/\/morahotell.se\/de\/produkt\/spa-de\/gesichts\/eine-erfrischende-gesichtsbehandlung-in-50-minuten\/#primaryimage"},"thumbnailUrl":"https:\/\/morahotell.se\/wp-content\/uploads\/2022\/04\/d6fef3ee0ee96159c847faae82dedda7.jpeg","datePublished":"2022-04-27T11:44:22+00:00","dateModified":"2025-12-15T10:40:19+00:00","description":"Eine dem Hauttyp angepasste Gesichtsbehandlung. Die Behandlung umfasst ein Peeling zur Entfernung trockener Hautsch\u00fcppchen und eine Massage.","breadcrumb":{"@id":"https:\/\/morahotell.se\/de\/produkt\/spa-de\/gesichts\/eine-erfrischende-gesichtsbehandlung-in-50-minuten\/#breadcrumb"},"inLanguage":"de","potentialAction":[{"@type":"ReadAction","target":["https:\/\/morahotell.se\/de\/produkt\/spa-de\/gesichts\/eine-erfrischende-gesichtsbehandlung-in-50-minuten\/"]}]},{"@type":"ImageObject","inLanguage":"de","@id":"https:\/\/morahotell.se\/de\/produkt\/spa-de\/gesichts\/eine-erfrischende-gesichtsbehandlung-in-50-minuten\/#primaryimage","url":"https:\/\/morahotell.se\/wp-content\/uploads\/2022\/04\/d6fef3ee0ee96159c847faae82dedda7.jpeg","contentUrl":"https:\/\/morahotell.se\/wp-content\/uploads\/2022\/04\/d6fef3ee0ee96159c847faae82dedda7.jpeg","width":439,"height":446},{"@type":"BreadcrumbList","@id":"https:\/\/morahotell.se\/de\/produkt\/spa-de\/gesichts\/eine-erfrischende-gesichtsbehandlung-in-50-minuten\/#breadcrumb","itemListElement":[{"@type":"ListItem","position":1,"name":"Mora hotell","item":"https:\/\/morahotell.se\/de\/"},{"@type":"ListItem","position":2,"name":"Reservierung","item":"https:\/\/morahotell.se\/de\/reservierung\/"},{"@type":"ListItem","position":3,"name":"Spa","item":"https:\/\/morahotell.se\/de\/produkt-kategori\/spa-de\/"},{"@type":"ListItem","position":4,"name":"Eine erfrischende Gesichtsbehandlung in 50 Minuten"}]},{"@type":"WebSite","@id":"https:\/\/morahotell.se\/de\/#website","url":"https:\/\/morahotell.se\/de\/","name":"Mora Hotell &amp; Spa","description":"Fyrstj\u00e4rnigt hotell i Mora, n\u00e4ra Siljan","potentialAction":[{"@type":"SearchAction","target":{"@type":"EntryPoint","urlTemplate":"https:\/\/morahotell.se\/de\/?s={search_term_string}"},"query-input":{"@type":"PropertyValueSpecification","valueRequired":true,"valueName":"search_term_string"}}],"inLanguage":"de"}]}},"_links":{"self":[{"href":"https:\/\/morahotell.se\/de\/wp-json\/wp\/v2\/product\/3309","targetHints":{"allow":["GET"]}}],"collection":[{"href":"https:\/\/morahotell.se\/de\/wp-json\/wp\/v2\/product"}],"about":[{"href":"https:\/\/morahotell.se\/de\/wp-json\/wp\/v2\/types\/product"}],"replies":[{"embeddable":true,"href":"https:\/\/morahotell.se\/de\/wp-json\/wp\/v2\/comments?post=3309"}],"wp:featuredmedia":[{"embeddable":true,"href":"https:\/\/morahotell.se\/de\/wp-json\/wp\/v2\/media\/2967"}],"wp:attachment":[{"href":"https:\/\/morahotell.se\/de\/wp-json\/wp\/v2\/media?parent=3309"}],"wp:term":[{"taxonomy":"product_brand","embeddable":true,"href":"https:\/\/morahotell.se\/de\/wp-json\/wp\/v2\/product_brand?post=3309"},{"taxonomy":"product_cat","embeddable":true,"href":"https:\/\/morahotell.se\/de\/wp-json\/wp\/v2\/product_cat?post=3309"},{"taxonomy":"product_tag","embeddable":true,"href":"https:\/\/morahotell.se\/de\/wp-json\/wp\/v2\/product_tag?post=3309"}],"curies":[{"name":"wp","href":"https:\/\/api.w.org\/{rel}","templated":true}]}}