{"id":3304,"date":"2022-04-29T08:33:39","date_gmt":"2022-04-29T06:33:39","guid":{"rendered":"https:\/\/morahotell.se\/produkt\/unkategorisiert\/bordsbokning-lunch\/"},"modified":"2024-04-16T14:01:07","modified_gmt":"2024-04-16T12:01:07","slug":"tischreservierung-zum-mittagessen","status":"publish","type":"product","link":"https:\/\/morahotell.se\/de\/produkt\/bordsbokning-de\/tischreservierung-zum-mittagessen\/","title":{"rendered":"Tischreservierung zum Mittagessen"},"content":{"rendered":"","protected":false},"excerpt":{"rendered":"<p>Buchen Sie hier Ihr Mittagessen.<\/p>\n<p><em>Eine Sitzung dauert 1 Stunde.<\/em><\/p>\n<p><em>Wenn Sie l\u00e4nger sitzen m\u00f6chten oder eine gr\u00f6\u00dfere Gruppe als 8 Personen sind, kontaktieren Sie uns unter <a href=\"tel:0250-59 26 53.\">0250-59 26 53.<\/a><\/em><\/p>\n","protected":false},"featured_media":2440,"comment_status":"closed","ping_status":"closed","template":"","meta":{"_acf_changed":false},"product_brand":[],"product_cat":[73],"product_tag":[],"class_list":{"0":"post-3304","1":"product","2":"type-product","3":"status-publish","4":"has-post-thumbnail","6":"product_cat-bordsbokning-de","8":"first","9":"instock","10":"virtual","11":"taxable","12":"purchasable","13":"product-type-simple"},"acf":[],"yoast_head":"<!-- This site is optimized with the Yoast SEO plugin v26.5 - https:\/\/yoast.com\/wordpress\/plugins\/seo\/ -->\n<title>Tischreservierung zum Mittagessen - Mora Hotell &amp; Spa<\/title>\n<meta name=\"description\" content=\"Buchen Sie hier Ihr Mittagessen.Eine Sitzung dauert 1 Stunde. Wenn Sie \u00e4lter als 8 Jahre sind, kontaktieren Sie uns bitte.\" \/>\n<meta name=\"robots\" content=\"index, follow, max-snippet:-1, max-image-preview:large, max-video-preview:-1\" \/>\n<link rel=\"canonical\" href=\"https:\/\/morahotell.se\/de\/produkt\/bordsbokning-de\/tischreservierung-zum-mittagessen\/\" \/>\n<meta property=\"og:locale\" content=\"de_DE\" \/>\n<meta property=\"og:type\" content=\"article\" \/>\n<meta property=\"og:title\" content=\"Tischreservierung zum Mittagessen - Mora Hotell &amp; Spa\" \/>\n<meta property=\"og:description\" content=\"Buchen Sie hier Ihr Mittagessen.Eine Sitzung dauert 1 Stunde. Wenn Sie \u00e4lter als 8 Jahre sind, kontaktieren Sie uns bitte.\" \/>\n<meta property=\"og:url\" content=\"https:\/\/morahotell.se\/de\/produkt\/bordsbokning-de\/tischreservierung-zum-mittagessen\/\" \/>\n<meta property=\"og:site_name\" content=\"Mora Hotell &amp; Spa\" \/>\n<meta property=\"article:modified_time\" content=\"2024-04-16T12:01:07+00:00\" \/>\n<meta property=\"og:image\" content=\"https:\/\/morahotell.se\/wp-content\/uploads\/2022\/04\/ceasar-683x1024-1.jpeg\" \/>\n\t<meta property=\"og:image:width\" content=\"683\" \/>\n\t<meta property=\"og:image:height\" content=\"626\" \/>\n\t<meta property=\"og:image:type\" content=\"image\/jpeg\" \/>\n<meta name=\"twitter:card\" content=\"summary_large_image\" \/>\n<script type=\"application\/ld+json\" class=\"yoast-schema-graph\">{\"@context\":\"https:\/\/schema.org\",\"@graph\":[{\"@type\":\"WebPage\",\"@id\":\"https:\/\/morahotell.se\/de\/produkt\/bordsbokning-de\/tischreservierung-zum-mittagessen\/\",\"url\":\"https:\/\/morahotell.se\/de\/produkt\/bordsbokning-de\/tischreservierung-zum-mittagessen\/\",\"name\":\"Tischreservierung zum Mittagessen - Mora Hotell &amp; Spa\",\"isPartOf\":{\"@id\":\"https:\/\/morahotell.se\/de\/#website\"},\"primaryImageOfPage\":{\"@id\":\"https:\/\/morahotell.se\/de\/produkt\/bordsbokning-de\/tischreservierung-zum-mittagessen\/#primaryimage\"},\"image\":{\"@id\":\"https:\/\/morahotell.se\/de\/produkt\/bordsbokning-de\/tischreservierung-zum-mittagessen\/#primaryimage\"},\"thumbnailUrl\":\"https:\/\/morahotell.se\/wp-content\/uploads\/2022\/04\/mat-3-1.jpg\",\"datePublished\":\"2022-04-29T06:33:39+00:00\",\"dateModified\":\"2024-04-16T12:01:07+00:00\",\"description\":\"Buchen Sie hier Ihr Mittagessen.Eine Sitzung dauert 1 Stunde. Wenn Sie \u00e4lter als 8 Jahre sind, kontaktieren Sie uns bitte.\",\"breadcrumb\":{\"@id\":\"https:\/\/morahotell.se\/de\/produkt\/bordsbokning-de\/tischreservierung-zum-mittagessen\/#breadcrumb\"},\"inLanguage\":\"de\",\"potentialAction\":[{\"@type\":\"ReadAction\",\"target\":[\"https:\/\/morahotell.se\/de\/produkt\/bordsbokning-de\/tischreservierung-zum-mittagessen\/\"]}]},{\"@type\":\"ImageObject\",\"inLanguage\":\"de\",\"@id\":\"https:\/\/morahotell.se\/de\/produkt\/bordsbokning-de\/tischreservierung-zum-mittagessen\/#primaryimage\",\"url\":\"https:\/\/morahotell.se\/wp-content\/uploads\/2022\/04\/mat-3-1.jpg\",\"contentUrl\":\"https:\/\/morahotell.se\/wp-content\/uploads\/2022\/04\/mat-3-1.jpg\",\"width\":2000,\"height\":1333,\"caption\":\"lunch\"},{\"@type\":\"BreadcrumbList\",\"@id\":\"https:\/\/morahotell.se\/de\/produkt\/bordsbokning-de\/tischreservierung-zum-mittagessen\/#breadcrumb\",\"itemListElement\":[{\"@type\":\"ListItem\",\"position\":1,\"name\":\"Mora hotell\",\"item\":\"https:\/\/morahotell.se\/de\/\"},{\"@type\":\"ListItem\",\"position\":2,\"name\":\"Reservierung\",\"item\":\"https:\/\/morahotell.se\/de\/reservierung\/\"},{\"@type\":\"ListItem\",\"position\":3,\"name\":\"Tischreservierung\",\"item\":\"https:\/\/morahotell.se\/de\/produkt-kategori\/bordsbokning-de\/\"},{\"@type\":\"ListItem\",\"position\":4,\"name\":\"Tischreservierung zum Mittagessen\"}]},{\"@type\":\"WebSite\",\"@id\":\"https:\/\/morahotell.se\/de\/#website\",\"url\":\"https:\/\/morahotell.se\/de\/\",\"name\":\"Mora Hotell &amp; Spa\",\"description\":\"Fyrstj\u00e4rnigt hotell i Mora, n\u00e4ra Siljan\",\"potentialAction\":[{\"@type\":\"SearchAction\",\"target\":{\"@type\":\"EntryPoint\",\"urlTemplate\":\"https:\/\/morahotell.se\/de\/?s={search_term_string}\"},\"query-input\":{\"@type\":\"PropertyValueSpecification\",\"valueRequired\":true,\"valueName\":\"search_term_string\"}}],\"inLanguage\":\"de\"}]}<\/script>\n<!-- \/ Yoast SEO plugin. -->","yoast_head_json":{"title":"Tischreservierung zum Mittagessen - Mora Hotell &amp; Spa","description":"Buchen Sie hier Ihr Mittagessen.Eine Sitzung dauert 1 Stunde. Wenn Sie \u00e4lter als 8 Jahre sind, kontaktieren Sie uns bitte.","robots":{"index":"index","follow":"follow","max-snippet":"max-snippet:-1","max-image-preview":"max-image-preview:large","max-video-preview":"max-video-preview:-1"},"canonical":"https:\/\/morahotell.se\/de\/produkt\/bordsbokning-de\/tischreservierung-zum-mittagessen\/","og_locale":"de_DE","og_type":"article","og_title":"Tischreservierung zum Mittagessen - Mora Hotell &amp; Spa","og_description":"Buchen Sie hier Ihr Mittagessen.Eine Sitzung dauert 1 Stunde. Wenn Sie \u00e4lter als 8 Jahre sind, kontaktieren Sie uns bitte.","og_url":"https:\/\/morahotell.se\/de\/produkt\/bordsbokning-de\/tischreservierung-zum-mittagessen\/","og_site_name":"Mora Hotell &amp; Spa","article_modified_time":"2024-04-16T12:01:07+00:00","og_image":[{"width":683,"height":626,"url":"https:\/\/morahotell.se\/wp-content\/uploads\/2022\/04\/ceasar-683x1024-1.jpeg","type":"image\/jpeg"}],"twitter_card":"summary_large_image","schema":{"@context":"https:\/\/schema.org","@graph":[{"@type":"WebPage","@id":"https:\/\/morahotell.se\/de\/produkt\/bordsbokning-de\/tischreservierung-zum-mittagessen\/","url":"https:\/\/morahotell.se\/de\/produkt\/bordsbokning-de\/tischreservierung-zum-mittagessen\/","name":"Tischreservierung zum Mittagessen - Mora Hotell &amp; Spa","isPartOf":{"@id":"https:\/\/morahotell.se\/de\/#website"},"primaryImageOfPage":{"@id":"https:\/\/morahotell.se\/de\/produkt\/bordsbokning-de\/tischreservierung-zum-mittagessen\/#primaryimage"},"image":{"@id":"https:\/\/morahotell.se\/de\/produkt\/bordsbokning-de\/tischreservierung-zum-mittagessen\/#primaryimage"},"thumbnailUrl":"https:\/\/morahotell.se\/wp-content\/uploads\/2022\/04\/mat-3-1.jpg","datePublished":"2022-04-29T06:33:39+00:00","dateModified":"2024-04-16T12:01:07+00:00","description":"Buchen Sie hier Ihr Mittagessen.Eine Sitzung dauert 1 Stunde. Wenn Sie \u00e4lter als 8 Jahre sind, kontaktieren Sie uns bitte.","breadcrumb":{"@id":"https:\/\/morahotell.se\/de\/produkt\/bordsbokning-de\/tischreservierung-zum-mittagessen\/#breadcrumb"},"inLanguage":"de","potentialAction":[{"@type":"ReadAction","target":["https:\/\/morahotell.se\/de\/produkt\/bordsbokning-de\/tischreservierung-zum-mittagessen\/"]}]},{"@type":"ImageObject","inLanguage":"de","@id":"https:\/\/morahotell.se\/de\/produkt\/bordsbokning-de\/tischreservierung-zum-mittagessen\/#primaryimage","url":"https:\/\/morahotell.se\/wp-content\/uploads\/2022\/04\/mat-3-1.jpg","contentUrl":"https:\/\/morahotell.se\/wp-content\/uploads\/2022\/04\/mat-3-1.jpg","width":2000,"height":1333,"caption":"lunch"},{"@type":"BreadcrumbList","@id":"https:\/\/morahotell.se\/de\/produkt\/bordsbokning-de\/tischreservierung-zum-mittagessen\/#breadcrumb","itemListElement":[{"@type":"ListItem","position":1,"name":"Mora hotell","item":"https:\/\/morahotell.se\/de\/"},{"@type":"ListItem","position":2,"name":"Reservierung","item":"https:\/\/morahotell.se\/de\/reservierung\/"},{"@type":"ListItem","position":3,"name":"Tischreservierung","item":"https:\/\/morahotell.se\/de\/produkt-kategori\/bordsbokning-de\/"},{"@type":"ListItem","position":4,"name":"Tischreservierung zum Mittagessen"}]},{"@type":"WebSite","@id":"https:\/\/morahotell.se\/de\/#website","url":"https:\/\/morahotell.se\/de\/","name":"Mora Hotell &amp; Spa","description":"Fyrstj\u00e4rnigt hotell i Mora, n\u00e4ra Siljan","potentialAction":[{"@type":"SearchAction","target":{"@type":"EntryPoint","urlTemplate":"https:\/\/morahotell.se\/de\/?s={search_term_string}"},"query-input":{"@type":"PropertyValueSpecification","valueRequired":true,"valueName":"search_term_string"}}],"inLanguage":"de"}]}},"_links":{"self":[{"href":"https:\/\/morahotell.se\/de\/wp-json\/wp\/v2\/product\/3304","targetHints":{"allow":["GET"]}}],"collection":[{"href":"https:\/\/morahotell.se\/de\/wp-json\/wp\/v2\/product"}],"about":[{"href":"https:\/\/morahotell.se\/de\/wp-json\/wp\/v2\/types\/product"}],"replies":[{"embeddable":true,"href":"https:\/\/morahotell.se\/de\/wp-json\/wp\/v2\/comments?post=3304"}],"wp:featuredmedia":[{"embeddable":true,"href":"https:\/\/morahotell.se\/de\/wp-json\/wp\/v2\/media\/2440"}],"wp:attachment":[{"href":"https:\/\/morahotell.se\/de\/wp-json\/wp\/v2\/media?parent=3304"}],"wp:term":[{"taxonomy":"product_brand","embeddable":true,"href":"https:\/\/morahotell.se\/de\/wp-json\/wp\/v2\/product_brand?post=3304"},{"taxonomy":"product_cat","embeddable":true,"href":"https:\/\/morahotell.se\/de\/wp-json\/wp\/v2\/product_cat?post=3304"},{"taxonomy":"product_tag","embeddable":true,"href":"https:\/\/morahotell.se\/de\/wp-json\/wp\/v2\/product_tag?post=3304"}],"curies":[{"name":"wp","href":"https:\/\/api.w.org\/{rel}","templated":true}]}}