{"id":3300,"date":"2022-04-29T08:47:54","date_gmt":"2022-04-29T06:47:54","guid":{"rendered":"https:\/\/morahotell.se\/produkt\/unkategorisiert\/mora-weekend\/"},"modified":"2025-10-16T11:01:17","modified_gmt":"2025-10-16T09:01:17","slug":"mora-weekend","status":"publish","type":"product","link":"https:\/\/morahotell.se\/de\/produkt\/pauschalangebote\/mora-weekend\/","title":{"rendered":"Mora-Wochenende"},"content":{"rendered":"<p>Unser Hotel liegt mitten in der Stadt, mit Blick auf Saxviken (Siljan) und mit spannenden Sehensw\u00fcrdigkeiten wie dem Zorn Museum und Zorng\u00e5rden \u2013 Schwedens ber\u00fchmtestem K\u00fcnstlerhaus \u2013 nur einen Katzensprung entfernt.<\/p>\n<p>https:\/\/morahotell.se\/upplev-mora\/anders-zorn\/<br \/>\nErfahren Sie hier mehr \u00fcber Anders Zorn.<\/p>\n<p>Oder gehen Sie zu https:\/\/morahotell.se\/upplev-mora\/boende-nara-nusnas-dalahastmalning\/, um zu sehen, wie das klassische Dalapferd hergestellt wird.<\/p>\n<p>Selbstverst\u00e4ndlich haben Sie Zugang zum Ruhebereich und k\u00f6nnen vor dem Abendessen bei einem guten Getr\u00e4nk vor dem Kamin entspannen, wo Ihnen ein 3-G\u00e4nge-Geschmackserlebnis geliefert wird.<\/p>\n<p>Unser https:\/\/morahotell.se\/wp-content\/uploads\/2021\/05\/Meny-WEBB-Svensk-Eng-A4-HEMSIDA-sommar-2021.pdf&#8220;&gt;meny&lt;\/ ist gef\u00fcllt mit lokalen K\u00f6stlichkeiten, die von namhaften Herstellern zubereitet werden K\u00f6che und Getr\u00e4nke, ausgew\u00e4hlt von zertifizierten Sommeliers.<\/p>\n<p>Nicht buchbar \u00fcber Weihnachten, Silvester und den Vasaloppet-Winter.<\/p>\n<p>Der Preis gilt pro Person und Nacht.<\/p>\n","protected":false},"excerpt":{"rendered":"<p>Mora-Wochenende<br \/>\nEin wunderbares Wochenende mit Kultur, Shopping und leckerem 3-G\u00e4nge-Men\u00fc!<br \/>\nG\u00f6nnen Sie sich ein sch\u00f6nes und erholsames Wochenende mit vielen spannenden Erlebnissen und einem wunderbaren 3-G\u00e4nge-Men\u00fc.<\/p>\n","protected":false},"featured_media":2466,"comment_status":"closed","ping_status":"closed","template":"","meta":{"_acf_changed":false},"product_brand":[],"product_cat":[82,72],"product_tag":[189,183],"class_list":{"0":"post-3300","1":"product","2":"type-product","3":"status-publish","4":"has-post-thumbnail","6":"product_cat-mora-erleben","7":"product_cat-pauschalangebote","8":"product_tag-foerfraagningsprodukt","9":"product_tag-paket-startsida-de","11":"first","12":"instock","13":"virtual","14":"taxable","15":"purchasable","16":"product-type-simple"},"acf":[],"yoast_head":"<!-- This site is optimized with the Yoast SEO plugin v26.5 - https:\/\/yoast.com\/wordpress\/plugins\/seo\/ -->\n<title>Mora-Wochenende - Mora Hotell &amp; Spa<\/title>\n<meta name=\"description\" content=\"G\u00f6nnen Sie sich ein sch\u00f6nes und erholsames Wochenende mit vielen spannenden Erlebnissen und einem wunderbaren 3-G\u00e4nge-Men\u00fc.\" \/>\n<meta name=\"robots\" content=\"index, follow, max-snippet:-1, max-image-preview:large, max-video-preview:-1\" \/>\n<link rel=\"canonical\" href=\"https:\/\/morahotell.se\/de\/produkt\/pauschalangebote\/mora-weekend\/\" \/>\n<meta property=\"og:locale\" content=\"de_DE\" \/>\n<meta property=\"og:type\" content=\"article\" \/>\n<meta property=\"og:title\" content=\"Mora-Wochenende - Mora Hotell &amp; Spa\" \/>\n<meta property=\"og:description\" content=\"G\u00f6nnen Sie sich ein sch\u00f6nes und erholsames Wochenende mit vielen spannenden Erlebnissen und einem wunderbaren 3-G\u00e4nge-Men\u00fc.\" \/>\n<meta property=\"og:url\" content=\"https:\/\/morahotell.se\/de\/produkt\/pauschalangebote\/mora-weekend\/\" \/>\n<meta property=\"og:site_name\" content=\"Mora Hotell &amp; Spa\" \/>\n<meta property=\"article:modified_time\" content=\"2025-10-16T09:01:17+00:00\" \/>\n<meta property=\"og:image\" content=\"https:\/\/morahotell.se\/wp-content\/uploads\/2022\/04\/mat-pa\u030a-va\u0308g-1.jpg\" \/>\n\t<meta property=\"og:image:width\" content=\"1467\" \/>\n\t<meta property=\"og:image:height\" content=\"2200\" \/>\n\t<meta property=\"og:image:type\" content=\"image\/jpeg\" \/>\n<meta name=\"twitter:card\" content=\"summary_large_image\" \/>\n<meta name=\"twitter:label1\" content=\"Gesch\u00e4tzte Lesezeit\" \/>\n\t<meta name=\"twitter:data1\" content=\"1\u00a0Minute\" \/>\n<script type=\"application\/ld+json\" class=\"yoast-schema-graph\">{\"@context\":\"https:\/\/schema.org\",\"@graph\":[{\"@type\":\"WebPage\",\"@id\":\"https:\/\/morahotell.se\/de\/produkt\/pauschalangebote\/mora-weekend\/\",\"url\":\"https:\/\/morahotell.se\/de\/produkt\/pauschalangebote\/mora-weekend\/\",\"name\":\"Mora-Wochenende - Mora Hotell &amp; Spa\",\"isPartOf\":{\"@id\":\"https:\/\/morahotell.se\/de\/#website\"},\"primaryImageOfPage\":{\"@id\":\"https:\/\/morahotell.se\/de\/produkt\/pauschalangebote\/mora-weekend\/#primaryimage\"},\"image\":{\"@id\":\"https:\/\/morahotell.se\/de\/produkt\/pauschalangebote\/mora-weekend\/#primaryimage\"},\"thumbnailUrl\":\"https:\/\/morahotell.se\/wp-content\/uploads\/2022\/04\/mat-pa\u030a-va\u0308g-1.jpg\",\"datePublished\":\"2022-04-29T06:47:54+00:00\",\"dateModified\":\"2025-10-16T09:01:17+00:00\",\"description\":\"G\u00f6nnen Sie sich ein sch\u00f6nes und erholsames Wochenende mit vielen spannenden Erlebnissen und einem wunderbaren 3-G\u00e4nge-Men\u00fc.\",\"breadcrumb\":{\"@id\":\"https:\/\/morahotell.se\/de\/produkt\/pauschalangebote\/mora-weekend\/#breadcrumb\"},\"inLanguage\":\"de\",\"potentialAction\":[{\"@type\":\"ReadAction\",\"target\":[\"https:\/\/morahotell.se\/de\/produkt\/pauschalangebote\/mora-weekend\/\"]}]},{\"@type\":\"ImageObject\",\"inLanguage\":\"de\",\"@id\":\"https:\/\/morahotell.se\/de\/produkt\/pauschalangebote\/mora-weekend\/#primaryimage\",\"url\":\"https:\/\/morahotell.se\/wp-content\/uploads\/2022\/04\/mat-pa\u030a-va\u0308g-1.jpg\",\"contentUrl\":\"https:\/\/morahotell.se\/wp-content\/uploads\/2022\/04\/mat-pa\u030a-va\u0308g-1.jpg\",\"width\":1467,\"height\":2200,\"caption\":\"carpaccio p\u00e5 mora hotell\"},{\"@type\":\"BreadcrumbList\",\"@id\":\"https:\/\/morahotell.se\/de\/produkt\/pauschalangebote\/mora-weekend\/#breadcrumb\",\"itemListElement\":[{\"@type\":\"ListItem\",\"position\":1,\"name\":\"Mora hotell\",\"item\":\"https:\/\/morahotell.se\/de\/\"},{\"@type\":\"ListItem\",\"position\":2,\"name\":\"Reservierung\",\"item\":\"https:\/\/morahotell.se\/de\/reservierung\/\"},{\"@type\":\"ListItem\",\"position\":3,\"name\":\"Pauschalangebote\",\"item\":\"https:\/\/morahotell.se\/de\/produkt-kategori\/pauschalangebote\/\"},{\"@type\":\"ListItem\",\"position\":4,\"name\":\"Mora-Wochenende\"}]},{\"@type\":\"WebSite\",\"@id\":\"https:\/\/morahotell.se\/de\/#website\",\"url\":\"https:\/\/morahotell.se\/de\/\",\"name\":\"Mora Hotell &amp; Spa\",\"description\":\"Fyrstj\u00e4rnigt hotell i Mora, n\u00e4ra Siljan\",\"potentialAction\":[{\"@type\":\"SearchAction\",\"target\":{\"@type\":\"EntryPoint\",\"urlTemplate\":\"https:\/\/morahotell.se\/de\/?s={search_term_string}\"},\"query-input\":{\"@type\":\"PropertyValueSpecification\",\"valueRequired\":true,\"valueName\":\"search_term_string\"}}],\"inLanguage\":\"de\"}]}<\/script>\n<!-- \/ Yoast SEO plugin. -->","yoast_head_json":{"title":"Mora-Wochenende - Mora Hotell &amp; Spa","description":"G\u00f6nnen Sie sich ein sch\u00f6nes und erholsames Wochenende mit vielen spannenden Erlebnissen und einem wunderbaren 3-G\u00e4nge-Men\u00fc.","robots":{"index":"index","follow":"follow","max-snippet":"max-snippet:-1","max-image-preview":"max-image-preview:large","max-video-preview":"max-video-preview:-1"},"canonical":"https:\/\/morahotell.se\/de\/produkt\/pauschalangebote\/mora-weekend\/","og_locale":"de_DE","og_type":"article","og_title":"Mora-Wochenende - Mora Hotell &amp; Spa","og_description":"G\u00f6nnen Sie sich ein sch\u00f6nes und erholsames Wochenende mit vielen spannenden Erlebnissen und einem wunderbaren 3-G\u00e4nge-Men\u00fc.","og_url":"https:\/\/morahotell.se\/de\/produkt\/pauschalangebote\/mora-weekend\/","og_site_name":"Mora Hotell &amp; Spa","article_modified_time":"2025-10-16T09:01:17+00:00","og_image":[{"width":1467,"height":2200,"url":"https:\/\/morahotell.se\/wp-content\/uploads\/2022\/04\/mat-pa\u030a-va\u0308g-1.jpg","type":"image\/jpeg"}],"twitter_card":"summary_large_image","twitter_misc":{"Gesch\u00e4tzte Lesezeit":"1\u00a0Minute"},"schema":{"@context":"https:\/\/schema.org","@graph":[{"@type":"WebPage","@id":"https:\/\/morahotell.se\/de\/produkt\/pauschalangebote\/mora-weekend\/","url":"https:\/\/morahotell.se\/de\/produkt\/pauschalangebote\/mora-weekend\/","name":"Mora-Wochenende - Mora Hotell &amp; Spa","isPartOf":{"@id":"https:\/\/morahotell.se\/de\/#website"},"primaryImageOfPage":{"@id":"https:\/\/morahotell.se\/de\/produkt\/pauschalangebote\/mora-weekend\/#primaryimage"},"image":{"@id":"https:\/\/morahotell.se\/de\/produkt\/pauschalangebote\/mora-weekend\/#primaryimage"},"thumbnailUrl":"https:\/\/morahotell.se\/wp-content\/uploads\/2022\/04\/mat-pa\u030a-va\u0308g-1.jpg","datePublished":"2022-04-29T06:47:54+00:00","dateModified":"2025-10-16T09:01:17+00:00","description":"G\u00f6nnen Sie sich ein sch\u00f6nes und erholsames Wochenende mit vielen spannenden Erlebnissen und einem wunderbaren 3-G\u00e4nge-Men\u00fc.","breadcrumb":{"@id":"https:\/\/morahotell.se\/de\/produkt\/pauschalangebote\/mora-weekend\/#breadcrumb"},"inLanguage":"de","potentialAction":[{"@type":"ReadAction","target":["https:\/\/morahotell.se\/de\/produkt\/pauschalangebote\/mora-weekend\/"]}]},{"@type":"ImageObject","inLanguage":"de","@id":"https:\/\/morahotell.se\/de\/produkt\/pauschalangebote\/mora-weekend\/#primaryimage","url":"https:\/\/morahotell.se\/wp-content\/uploads\/2022\/04\/mat-pa\u030a-va\u0308g-1.jpg","contentUrl":"https:\/\/morahotell.se\/wp-content\/uploads\/2022\/04\/mat-pa\u030a-va\u0308g-1.jpg","width":1467,"height":2200,"caption":"carpaccio p\u00e5 mora hotell"},{"@type":"BreadcrumbList","@id":"https:\/\/morahotell.se\/de\/produkt\/pauschalangebote\/mora-weekend\/#breadcrumb","itemListElement":[{"@type":"ListItem","position":1,"name":"Mora hotell","item":"https:\/\/morahotell.se\/de\/"},{"@type":"ListItem","position":2,"name":"Reservierung","item":"https:\/\/morahotell.se\/de\/reservierung\/"},{"@type":"ListItem","position":3,"name":"Pauschalangebote","item":"https:\/\/morahotell.se\/de\/produkt-kategori\/pauschalangebote\/"},{"@type":"ListItem","position":4,"name":"Mora-Wochenende"}]},{"@type":"WebSite","@id":"https:\/\/morahotell.se\/de\/#website","url":"https:\/\/morahotell.se\/de\/","name":"Mora Hotell &amp; Spa","description":"Fyrstj\u00e4rnigt hotell i Mora, n\u00e4ra Siljan","potentialAction":[{"@type":"SearchAction","target":{"@type":"EntryPoint","urlTemplate":"https:\/\/morahotell.se\/de\/?s={search_term_string}"},"query-input":{"@type":"PropertyValueSpecification","valueRequired":true,"valueName":"search_term_string"}}],"inLanguage":"de"}]}},"_links":{"self":[{"href":"https:\/\/morahotell.se\/de\/wp-json\/wp\/v2\/product\/3300","targetHints":{"allow":["GET"]}}],"collection":[{"href":"https:\/\/morahotell.se\/de\/wp-json\/wp\/v2\/product"}],"about":[{"href":"https:\/\/morahotell.se\/de\/wp-json\/wp\/v2\/types\/product"}],"replies":[{"embeddable":true,"href":"https:\/\/morahotell.se\/de\/wp-json\/wp\/v2\/comments?post=3300"}],"wp:featuredmedia":[{"embeddable":true,"href":"https:\/\/morahotell.se\/de\/wp-json\/wp\/v2\/media\/2466"}],"wp:attachment":[{"href":"https:\/\/morahotell.se\/de\/wp-json\/wp\/v2\/media?parent=3300"}],"wp:term":[{"taxonomy":"product_brand","embeddable":true,"href":"https:\/\/morahotell.se\/de\/wp-json\/wp\/v2\/product_brand?post=3300"},{"taxonomy":"product_cat","embeddable":true,"href":"https:\/\/morahotell.se\/de\/wp-json\/wp\/v2\/product_cat?post=3300"},{"taxonomy":"product_tag","embeddable":true,"href":"https:\/\/morahotell.se\/de\/wp-json\/wp\/v2\/product_tag?post=3300"}],"curies":[{"name":"wp","href":"https:\/\/api.w.org\/{rel}","templated":true}]}}