{"id":3299,"date":"2022-04-29T08:53:37","date_gmt":"2022-04-29T06:53:37","guid":{"rendered":"https:\/\/morahotell.se\/produkt\/unkategorisiert\/matsafari-runt-mora\/"},"modified":"2023-04-19T10:27:00","modified_gmt":"2023-04-19T08:27:00","slug":"matsafari-in-mora","status":"publish","type":"product","link":"https:\/\/morahotell.se\/de\/produkt\/pauschalangebote\/matsafari-in-mora\/","title":{"rendered":"Matsafari in Mora"},"content":{"rendered":"<p>Food-Safari rund um Mora<\/p>\n<p>Besuchen Sie <a href=\"http:\/\/www.morachoklad.se\">www.morachoklad.se<\/a>\/<a href=\"http:\/\/www.hansjomejeri.se\">www.hansjomejeri.se<\/a>\/\/ Lanthandel und schlie\u00dfen Sie mit einem Besuch auf<br \/>\n<a href=\"http:\/\/www.saluhallenorsa.se\">saluhallenorsa.se<\/a> \/ <a href=\"http:\/\/morasaltochrokning.se\">Mora Salz und Rauch<\/a>, <a href=\"https:\/\/www.morabryggeri.se\/\">morabryggeri.se<\/a><\/p>\n<p>Wir empfehlen Donnerstag-Samstag als beste Besuchstage, um alles zu erleben.<\/p>\n<p>Diplomierte Sommeliers sind im Haus f\u00fcr Unterst\u00fctzung und verschiedene Verkostungen, siehe <a href=\"https:\/\/morahotell.se\/de\/produktkategorie\/aktivitaeten\/\">&lt;aktivitaeten\u00a0<\/a><\/p>\n<p>Unterbringung f\u00fcr 2 N\u00e4chte im geteilten Premium Zimmer mit Bademantel, Slipper, Kaffeemaschine, Minibar und Kerstin Florian Produkten inkl. Fr\u00fchst\u00fccksbuffet und 2-Gang-Abendessen (Vor- und Hauptgang) an beiden Tagen.<br \/>\nEintritt in die Entspannungsabteilung an beiden Tagen.<\/p>\n","protected":false},"excerpt":{"rendered":"<p>Willkommen zu einer kulinarischen Reise in Mora und Dalarna. Eine Karte f\u00fcr Besuche bei verschiedenen Produzenten wird in der Umgebung pr\u00e4sentiert oder wir organisieren einen F\u00fchrer (im Voraus gebucht).<\/p>\n","protected":false},"featured_media":14563,"comment_status":"closed","ping_status":"closed","template":"","meta":{"_acf_changed":false},"product_brand":[],"product_cat":[72],"product_tag":[189],"class_list":{"0":"post-3299","1":"product","2":"type-product","3":"status-publish","4":"has-post-thumbnail","6":"product_cat-pauschalangebote","7":"product_tag-foerfraagningsprodukt","9":"first","10":"instock","11":"virtual","12":"taxable","13":"purchasable","14":"product-type-simple"},"acf":[],"yoast_head":"<!-- This site is optimized with the Yoast SEO plugin v26.5 - https:\/\/yoast.com\/wordpress\/plugins\/seo\/ -->\n<title>Matsafari in Mora - Mora Hotell &amp; Spa<\/title>\n<meta name=\"description\" content=\"Willkommen zu einer kulinarischen Reise in Mora und Dalarna. Eintritt in die Entspannungsabteilung an beiden Tagen.\" \/>\n<meta name=\"robots\" content=\"index, follow, max-snippet:-1, max-image-preview:large, max-video-preview:-1\" \/>\n<link rel=\"canonical\" href=\"https:\/\/morahotell.se\/de\/produkt\/pauschalangebote\/matsafari-in-mora\/\" \/>\n<meta property=\"og:locale\" content=\"de_DE\" \/>\n<meta property=\"og:type\" content=\"article\" \/>\n<meta property=\"og:title\" content=\"Matsafari in Mora - Mora Hotell &amp; Spa\" \/>\n<meta property=\"og:description\" content=\"Willkommen zu einer kulinarischen Reise in Mora und Dalarna. Eintritt in die Entspannungsabteilung an beiden Tagen.\" \/>\n<meta property=\"og:url\" content=\"https:\/\/morahotell.se\/de\/produkt\/pauschalangebote\/matsafari-in-mora\/\" \/>\n<meta property=\"og:site_name\" content=\"Mora Hotell &amp; Spa\" \/>\n<meta property=\"article:modified_time\" content=\"2023-04-19T08:27:00+00:00\" \/>\n<meta property=\"og:image\" content=\"https:\/\/morahotell.se\/wp-content\/uploads\/2023\/03\/lz9a9049_hansjo_mejeri.jpg\" \/>\n\t<meta property=\"og:image:width\" content=\"1920\" \/>\n\t<meta property=\"og:image:height\" content=\"1080\" \/>\n\t<meta property=\"og:image:type\" content=\"image\/jpeg\" \/>\n<meta name=\"twitter:card\" content=\"summary_large_image\" \/>\n<script type=\"application\/ld+json\" class=\"yoast-schema-graph\">{\"@context\":\"https:\/\/schema.org\",\"@graph\":[{\"@type\":\"WebPage\",\"@id\":\"https:\/\/morahotell.se\/de\/produkt\/pauschalangebote\/matsafari-in-mora\/\",\"url\":\"https:\/\/morahotell.se\/de\/produkt\/pauschalangebote\/matsafari-in-mora\/\",\"name\":\"Matsafari in Mora - Mora Hotell &amp; Spa\",\"isPartOf\":{\"@id\":\"https:\/\/morahotell.se\/de\/#website\"},\"primaryImageOfPage\":{\"@id\":\"https:\/\/morahotell.se\/de\/produkt\/pauschalangebote\/matsafari-in-mora\/#primaryimage\"},\"image\":{\"@id\":\"https:\/\/morahotell.se\/de\/produkt\/pauschalangebote\/matsafari-in-mora\/#primaryimage\"},\"thumbnailUrl\":\"https:\/\/morahotell.se\/wp-content\/uploads\/2023\/03\/lz9a9049_hansjo_mejeri.jpg\",\"datePublished\":\"2022-04-29T06:53:37+00:00\",\"dateModified\":\"2023-04-19T08:27:00+00:00\",\"description\":\"Willkommen zu einer kulinarischen Reise in Mora und Dalarna. Eintritt in die Entspannungsabteilung an beiden Tagen.\",\"breadcrumb\":{\"@id\":\"https:\/\/morahotell.se\/de\/produkt\/pauschalangebote\/matsafari-in-mora\/#breadcrumb\"},\"inLanguage\":\"de\",\"potentialAction\":[{\"@type\":\"ReadAction\",\"target\":[\"https:\/\/morahotell.se\/de\/produkt\/pauschalangebote\/matsafari-in-mora\/\"]}]},{\"@type\":\"ImageObject\",\"inLanguage\":\"de\",\"@id\":\"https:\/\/morahotell.se\/de\/produkt\/pauschalangebote\/matsafari-in-mora\/#primaryimage\",\"url\":\"https:\/\/morahotell.se\/wp-content\/uploads\/2023\/03\/lz9a9049_hansjo_mejeri.jpg\",\"contentUrl\":\"https:\/\/morahotell.se\/wp-content\/uploads\/2023\/03\/lz9a9049_hansjo_mejeri.jpg\",\"width\":1920,\"height\":1080,\"caption\":\"hansj\u00f6 mejeri fantastisk god smak\"},{\"@type\":\"BreadcrumbList\",\"@id\":\"https:\/\/morahotell.se\/de\/produkt\/pauschalangebote\/matsafari-in-mora\/#breadcrumb\",\"itemListElement\":[{\"@type\":\"ListItem\",\"position\":1,\"name\":\"Mora hotell\",\"item\":\"https:\/\/morahotell.se\/de\/\"},{\"@type\":\"ListItem\",\"position\":2,\"name\":\"Reservierung\",\"item\":\"https:\/\/morahotell.se\/de\/reservierung\/\"},{\"@type\":\"ListItem\",\"position\":3,\"name\":\"Pauschalangebote\",\"item\":\"https:\/\/morahotell.se\/de\/produkt-kategori\/pauschalangebote\/\"},{\"@type\":\"ListItem\",\"position\":4,\"name\":\"Matsafari in Mora\"}]},{\"@type\":\"WebSite\",\"@id\":\"https:\/\/morahotell.se\/de\/#website\",\"url\":\"https:\/\/morahotell.se\/de\/\",\"name\":\"Mora Hotell &amp; Spa\",\"description\":\"Fyrstj\u00e4rnigt hotell i Mora, n\u00e4ra Siljan\",\"potentialAction\":[{\"@type\":\"SearchAction\",\"target\":{\"@type\":\"EntryPoint\",\"urlTemplate\":\"https:\/\/morahotell.se\/de\/?s={search_term_string}\"},\"query-input\":{\"@type\":\"PropertyValueSpecification\",\"valueRequired\":true,\"valueName\":\"search_term_string\"}}],\"inLanguage\":\"de\"}]}<\/script>\n<!-- \/ Yoast SEO plugin. -->","yoast_head_json":{"title":"Matsafari in Mora - Mora Hotell &amp; Spa","description":"Willkommen zu einer kulinarischen Reise in Mora und Dalarna. Eintritt in die Entspannungsabteilung an beiden Tagen.","robots":{"index":"index","follow":"follow","max-snippet":"max-snippet:-1","max-image-preview":"max-image-preview:large","max-video-preview":"max-video-preview:-1"},"canonical":"https:\/\/morahotell.se\/de\/produkt\/pauschalangebote\/matsafari-in-mora\/","og_locale":"de_DE","og_type":"article","og_title":"Matsafari in Mora - Mora Hotell &amp; Spa","og_description":"Willkommen zu einer kulinarischen Reise in Mora und Dalarna. Eintritt in die Entspannungsabteilung an beiden Tagen.","og_url":"https:\/\/morahotell.se\/de\/produkt\/pauschalangebote\/matsafari-in-mora\/","og_site_name":"Mora Hotell &amp; Spa","article_modified_time":"2023-04-19T08:27:00+00:00","og_image":[{"width":1920,"height":1080,"url":"https:\/\/morahotell.se\/wp-content\/uploads\/2023\/03\/lz9a9049_hansjo_mejeri.jpg","type":"image\/jpeg"}],"twitter_card":"summary_large_image","schema":{"@context":"https:\/\/schema.org","@graph":[{"@type":"WebPage","@id":"https:\/\/morahotell.se\/de\/produkt\/pauschalangebote\/matsafari-in-mora\/","url":"https:\/\/morahotell.se\/de\/produkt\/pauschalangebote\/matsafari-in-mora\/","name":"Matsafari in Mora - Mora Hotell &amp; Spa","isPartOf":{"@id":"https:\/\/morahotell.se\/de\/#website"},"primaryImageOfPage":{"@id":"https:\/\/morahotell.se\/de\/produkt\/pauschalangebote\/matsafari-in-mora\/#primaryimage"},"image":{"@id":"https:\/\/morahotell.se\/de\/produkt\/pauschalangebote\/matsafari-in-mora\/#primaryimage"},"thumbnailUrl":"https:\/\/morahotell.se\/wp-content\/uploads\/2023\/03\/lz9a9049_hansjo_mejeri.jpg","datePublished":"2022-04-29T06:53:37+00:00","dateModified":"2023-04-19T08:27:00+00:00","description":"Willkommen zu einer kulinarischen Reise in Mora und Dalarna. Eintritt in die Entspannungsabteilung an beiden Tagen.","breadcrumb":{"@id":"https:\/\/morahotell.se\/de\/produkt\/pauschalangebote\/matsafari-in-mora\/#breadcrumb"},"inLanguage":"de","potentialAction":[{"@type":"ReadAction","target":["https:\/\/morahotell.se\/de\/produkt\/pauschalangebote\/matsafari-in-mora\/"]}]},{"@type":"ImageObject","inLanguage":"de","@id":"https:\/\/morahotell.se\/de\/produkt\/pauschalangebote\/matsafari-in-mora\/#primaryimage","url":"https:\/\/morahotell.se\/wp-content\/uploads\/2023\/03\/lz9a9049_hansjo_mejeri.jpg","contentUrl":"https:\/\/morahotell.se\/wp-content\/uploads\/2023\/03\/lz9a9049_hansjo_mejeri.jpg","width":1920,"height":1080,"caption":"hansj\u00f6 mejeri fantastisk god smak"},{"@type":"BreadcrumbList","@id":"https:\/\/morahotell.se\/de\/produkt\/pauschalangebote\/matsafari-in-mora\/#breadcrumb","itemListElement":[{"@type":"ListItem","position":1,"name":"Mora hotell","item":"https:\/\/morahotell.se\/de\/"},{"@type":"ListItem","position":2,"name":"Reservierung","item":"https:\/\/morahotell.se\/de\/reservierung\/"},{"@type":"ListItem","position":3,"name":"Pauschalangebote","item":"https:\/\/morahotell.se\/de\/produkt-kategori\/pauschalangebote\/"},{"@type":"ListItem","position":4,"name":"Matsafari in Mora"}]},{"@type":"WebSite","@id":"https:\/\/morahotell.se\/de\/#website","url":"https:\/\/morahotell.se\/de\/","name":"Mora Hotell &amp; Spa","description":"Fyrstj\u00e4rnigt hotell i Mora, n\u00e4ra Siljan","potentialAction":[{"@type":"SearchAction","target":{"@type":"EntryPoint","urlTemplate":"https:\/\/morahotell.se\/de\/?s={search_term_string}"},"query-input":{"@type":"PropertyValueSpecification","valueRequired":true,"valueName":"search_term_string"}}],"inLanguage":"de"}]}},"_links":{"self":[{"href":"https:\/\/morahotell.se\/de\/wp-json\/wp\/v2\/product\/3299","targetHints":{"allow":["GET"]}}],"collection":[{"href":"https:\/\/morahotell.se\/de\/wp-json\/wp\/v2\/product"}],"about":[{"href":"https:\/\/morahotell.se\/de\/wp-json\/wp\/v2\/types\/product"}],"replies":[{"embeddable":true,"href":"https:\/\/morahotell.se\/de\/wp-json\/wp\/v2\/comments?post=3299"}],"wp:featuredmedia":[{"embeddable":true,"href":"https:\/\/morahotell.se\/de\/wp-json\/wp\/v2\/media\/14563"}],"wp:attachment":[{"href":"https:\/\/morahotell.se\/de\/wp-json\/wp\/v2\/media?parent=3299"}],"wp:term":[{"taxonomy":"product_brand","embeddable":true,"href":"https:\/\/morahotell.se\/de\/wp-json\/wp\/v2\/product_brand?post=3299"},{"taxonomy":"product_cat","embeddable":true,"href":"https:\/\/morahotell.se\/de\/wp-json\/wp\/v2\/product_cat?post=3299"},{"taxonomy":"product_tag","embeddable":true,"href":"https:\/\/morahotell.se\/de\/wp-json\/wp\/v2\/product_tag?post=3299"}],"curies":[{"name":"wp","href":"https:\/\/api.w.org\/{rel}","templated":true}]}}