{"id":3247,"date":"2022-04-29T09:42:25","date_gmt":"2022-04-29T07:42:25","guid":{"rendered":"https:\/\/morahotell.se\/produkt\/unkategorisiert\/mora-paket\/"},"modified":"2025-10-16T13:41:34","modified_gmt":"2025-10-16T11:41:34","slug":"das-mora-paket","status":"publish","type":"product","link":"https:\/\/morahotell.se\/de\/produkt\/pauschalangebote\/das-mora-paket\/","title":{"rendered":"Das Mora-Paket"},"content":{"rendered":"<p>Eintritt in den Ruhebereich an beiden Tagen.<\/p>\n<p>Beispiele f\u00fcr Aktivit\u00e4ten:<\/p>\n<p>Gustav Vasa Abendessen: nach Rezepten und Kochen auf mittelalterliche Art<\/p>\n<p>Zorn-Dinner: Wir haben Rezepte aus der Zeit, als Anders Zorn Einladungen in unserem Haus hatte.<\/p>\n<p>Getr\u00e4nkeverkostungen: alles von heimischen Bieren bis hin zu edlen Drinks aus wei\u00dfen und roten Trauben, Kr\u00e4utern und Beeren.<\/p>\n<p>Verschiedene Geschmackserlebnisse k\u00f6nnen gebucht werden, klicken Sie hier.<\/p>\n<p>Ausflugstipps: Zornmuseet, Nils Olssons Dalah\u00e4star, Vasaloppsmuseet, Morakniv Concept Store, Porfyrmuseet, Wasamonumentet (der Keller, in dem sich Gustav Vasa versteckte), Vattn\u00e4s Konzertscheune, Storstupet, Helvetesfallet und Slipstensmuseet.<\/p>\n<p>Nicht buchbar \u00fcber Weihnachten, Silvester und den Vasaloppet-Winter<\/p>\n","protected":false},"excerpt":{"rendered":"<p>Unterkunft f\u00fcr 2 N\u00e4chte in einem geteilten Standard-Doppelzimmer inkl. Fr\u00fchst\u00fccksbuffet Fr\u00fchst\u00fccksbuffet<br \/>\n2-Gang-Abendessen (Vor- und Hauptgang) an beiden Tagen, unsere renommierte K\u00fcche mit ausgewiesenen K\u00f6chen sorgt f\u00fcr ein Geschmackserlebnis mit regionalen Zutaten als Basis. Willkommen zu einer kulinarischen Reise in Mora und Dalarna. Diplom-Sommelier assistiert. Besuchen Sie die Dalapferdemanufaktur in Nusn\u00e4s.<\/p>\n","protected":false},"featured_media":2430,"comment_status":"closed","ping_status":"closed","template":"","meta":{"_acf_changed":false},"product_brand":[],"product_cat":[72],"product_tag":[189,183],"class_list":{"0":"post-3247","1":"product","2":"type-product","3":"status-publish","4":"has-post-thumbnail","6":"product_cat-pauschalangebote","7":"product_tag-foerfraagningsprodukt","8":"product_tag-paket-startsida-de","10":"first","11":"instock","12":"virtual","13":"taxable","14":"product-type-simple"},"acf":[],"_links":{"self":[{"href":"https:\/\/morahotell.se\/de\/wp-json\/wp\/v2\/product\/3247","targetHints":{"allow":["GET"]}}],"collection":[{"href":"https:\/\/morahotell.se\/de\/wp-json\/wp\/v2\/product"}],"about":[{"href":"https:\/\/morahotell.se\/de\/wp-json\/wp\/v2\/types\/product"}],"replies":[{"embeddable":true,"href":"https:\/\/morahotell.se\/de\/wp-json\/wp\/v2\/comments?post=3247"}],"wp:featuredmedia":[{"embeddable":true,"href":"https:\/\/morahotell.se\/de\/wp-json\/wp\/v2\/media\/2430"}],"wp:attachment":[{"href":"https:\/\/morahotell.se\/de\/wp-json\/wp\/v2\/media?parent=3247"}],"wp:term":[{"taxonomy":"product_brand","embeddable":true,"href":"https:\/\/morahotell.se\/de\/wp-json\/wp\/v2\/product_brand?post=3247"},{"taxonomy":"product_cat","embeddable":true,"href":"https:\/\/morahotell.se\/de\/wp-json\/wp\/v2\/product_cat?post=3247"},{"taxonomy":"product_tag","embeddable":true,"href":"https:\/\/morahotell.se\/de\/wp-json\/wp\/v2\/product_tag?post=3247"}],"curies":[{"name":"wp","href":"https:\/\/api.w.org\/{rel}","templated":true}]}}