{"id":3240,"date":"2022-04-29T10:06:04","date_gmt":"2022-04-29T08:06:04","guid":{"rendered":"https:\/\/morahotell.se\/produkt\/unkategorisiert\/lilla-spa-lyx-paketet-boka-behandling-direkt-pa-var-spa-sida\/"},"modified":"2025-10-16T13:20:52","modified_gmt":"2025-10-16T11:20:52","slug":"kleines-luxus-spa-paket","status":"publish","type":"product","link":"https:\/\/morahotell.se\/de\/produkt\/pauschalangebote\/spa-paket\/kleines-luxus-spa-paket\/","title":{"rendered":"Kleines Luxus-Spa-Paket"},"content":{"rendered":"<p>Das ist im kleinen Wellness-Verw\u00f6hnpaket enthalten:<\/p>\n<p>Unterkunft, 1 Nacht im Mehrbettzimmer Superior inkl. Fr\u00fchst\u00fccksbuffet gro\u00dfes Fr\u00fchst\u00fccksbuffet mit regionalen Zutaten<br \/>\n1 optionale 25-min\u00fctige Spa-Behandlung<br \/>\nFreier Zugang zum Entspannungsbereich mit Pool, Whirlpools, Dampfbad &amp; amp; torrbastu<br \/>\nVerleih von Bademantel und Hausschuhen<br \/>\nFrisches Obstbuffet und Smoothie<br \/>\n3-G\u00e4nge-Spa-Dinner, das die Dalarna-Saison widerspiegelt<br \/>\nGilt nicht w\u00e4hrend der Vasaloppet-Wochen &#8211; Sommer &amp; Winter<\/p>\n","protected":false},"excerpt":{"rendered":"<p>Das ist im kleinen Wellness-Verw\u00f6hnpaket enthalten: Unterkunft, 1 Nacht im Mehrbettzimmer Superior inkl. Fr\u00fchst\u00fccksbuffet gro\u00dfes Fr\u00fchst\u00fccksbuffet mit regionalen Zutaten 1 optionale 25-min\u00fctige Spa-Behandlung Freier Zugang zum Entspannungsbereich mit Pool, Whirlpools, Dampfbad &amp; amp; torrbastu Verleih von Bademantel und Hausschuhen Frisches Obstbuffet und Smoothie 3-G\u00e4nge-Spa-Dinner, das die Dalarna-Saison widerspiegelt Gilt nicht w\u00e4hrend der Vasaloppet-Wochen &#8211; Sommer&hellip;<\/p>\n","protected":false},"featured_media":1911,"comment_status":"closed","ping_status":"closed","template":"","meta":{"_acf_changed":false},"product_brand":[],"product_cat":[72,104],"product_tag":[189,183],"class_list":{"0":"post-3240","1":"product","2":"type-product","3":"status-publish","4":"has-post-thumbnail","6":"product_cat-pauschalangebote","7":"product_cat-spa-paket","8":"product_tag-foerfraagningsprodukt","9":"product_tag-paket-startsida-de","11":"first","12":"instock","13":"virtual","14":"taxable","15":"product-type-simple"},"acf":[],"yoast_head":"<!-- This site is optimized with the Yoast SEO plugin v26.5 - https:\/\/yoast.com\/wordpress\/plugins\/seo\/ -->\n<title>Kleines Luxus-Spa-Paket - Mora Hotell &amp; Spa<\/title>\n<meta name=\"description\" content=\"Das Kleines Luxus Spa Paket beinhaltet: 1 \u00dcbernachtung mit reichhaltigem Fr\u00fchst\u00fccksbuffet, 25 Minuten optionale Spa-Behandlung und vieles mehr\" \/>\n<meta name=\"robots\" content=\"index, follow, max-snippet:-1, max-image-preview:large, max-video-preview:-1\" \/>\n<link rel=\"canonical\" href=\"https:\/\/morahotell.se\/de\/produkt\/pauschalangebote\/spa-paket\/kleines-luxus-spa-paket\/\" \/>\n<meta property=\"og:locale\" content=\"de_DE\" \/>\n<meta property=\"og:type\" content=\"article\" \/>\n<meta property=\"og:title\" content=\"Kleines Luxus-Spa-Paket - Mora Hotell &amp; Spa\" \/>\n<meta property=\"og:description\" content=\"Das Kleines Luxus Spa Paket beinhaltet: 1 \u00dcbernachtung mit reichhaltigem Fr\u00fchst\u00fccksbuffet, 25 Minuten optionale Spa-Behandlung und vieles mehr\" \/>\n<meta property=\"og:url\" content=\"https:\/\/morahotell.se\/de\/produkt\/pauschalangebote\/spa-paket\/kleines-luxus-spa-paket\/\" \/>\n<meta property=\"og:site_name\" content=\"Mora Hotell &amp; Spa\" \/>\n<meta property=\"article:modified_time\" content=\"2025-10-16T11:20:52+00:00\" \/>\n<meta property=\"og:image\" content=\"https:\/\/morahotell.se\/wp-content\/uploads\/2022\/04\/5363-41-neroli_sm_4-1.jpg\" \/>\n\t<meta property=\"og:image:width\" content=\"576\" \/>\n\t<meta property=\"og:image:height\" content=\"576\" \/>\n\t<meta property=\"og:image:type\" content=\"image\/jpeg\" \/>\n<meta name=\"twitter:card\" content=\"summary_large_image\" \/>\n<script type=\"application\/ld+json\" class=\"yoast-schema-graph\">{\"@context\":\"https:\/\/schema.org\",\"@graph\":[{\"@type\":\"WebPage\",\"@id\":\"https:\/\/morahotell.se\/de\/produkt\/pauschalangebote\/spa-paket\/kleines-luxus-spa-paket\/\",\"url\":\"https:\/\/morahotell.se\/de\/produkt\/pauschalangebote\/spa-paket\/kleines-luxus-spa-paket\/\",\"name\":\"Kleines Luxus-Spa-Paket - Mora Hotell &amp; Spa\",\"isPartOf\":{\"@id\":\"https:\/\/morahotell.se\/de\/#website\"},\"primaryImageOfPage\":{\"@id\":\"https:\/\/morahotell.se\/de\/produkt\/pauschalangebote\/spa-paket\/kleines-luxus-spa-paket\/#primaryimage\"},\"image\":{\"@id\":\"https:\/\/morahotell.se\/de\/produkt\/pauschalangebote\/spa-paket\/kleines-luxus-spa-paket\/#primaryimage\"},\"thumbnailUrl\":\"https:\/\/morahotell.se\/wp-content\/uploads\/2022\/04\/5363-41-neroli_sm_4-1.jpg\",\"datePublished\":\"2022-04-29T08:06:04+00:00\",\"dateModified\":\"2025-10-16T11:20:52+00:00\",\"description\":\"Das Kleines Luxus Spa Paket beinhaltet: 1 \u00dcbernachtung mit reichhaltigem Fr\u00fchst\u00fccksbuffet, 25 Minuten optionale Spa-Behandlung und vieles mehr\",\"breadcrumb\":{\"@id\":\"https:\/\/morahotell.se\/de\/produkt\/pauschalangebote\/spa-paket\/kleines-luxus-spa-paket\/#breadcrumb\"},\"inLanguage\":\"de\",\"potentialAction\":[{\"@type\":\"ReadAction\",\"target\":[\"https:\/\/morahotell.se\/de\/produkt\/pauschalangebote\/spa-paket\/kleines-luxus-spa-paket\/\"]}]},{\"@type\":\"ImageObject\",\"inLanguage\":\"de\",\"@id\":\"https:\/\/morahotell.se\/de\/produkt\/pauschalangebote\/spa-paket\/kleines-luxus-spa-paket\/#primaryimage\",\"url\":\"https:\/\/morahotell.se\/wp-content\/uploads\/2022\/04\/5363-41-neroli_sm_4-1.jpg\",\"contentUrl\":\"https:\/\/morahotell.se\/wp-content\/uploads\/2022\/04\/5363-41-neroli_sm_4-1.jpg\",\"width\":576,\"height\":576},{\"@type\":\"BreadcrumbList\",\"@id\":\"https:\/\/morahotell.se\/de\/produkt\/pauschalangebote\/spa-paket\/kleines-luxus-spa-paket\/#breadcrumb\",\"itemListElement\":[{\"@type\":\"ListItem\",\"position\":1,\"name\":\"Mora hotell\",\"item\":\"https:\/\/morahotell.se\/de\/\"},{\"@type\":\"ListItem\",\"position\":2,\"name\":\"Reservierung\",\"item\":\"https:\/\/morahotell.se\/de\/reservierung\/\"},{\"@type\":\"ListItem\",\"position\":3,\"name\":\"Pauschalangebote\",\"item\":\"https:\/\/morahotell.se\/de\/produkt-kategori\/pauschalangebote\/\"},{\"@type\":\"ListItem\",\"position\":4,\"name\":\"Kleines Luxus-Spa-Paket\"}]},{\"@type\":\"WebSite\",\"@id\":\"https:\/\/morahotell.se\/de\/#website\",\"url\":\"https:\/\/morahotell.se\/de\/\",\"name\":\"Mora Hotell &amp; Spa\",\"description\":\"Fyrstj\u00e4rnigt hotell i Mora, n\u00e4ra Siljan\",\"potentialAction\":[{\"@type\":\"SearchAction\",\"target\":{\"@type\":\"EntryPoint\",\"urlTemplate\":\"https:\/\/morahotell.se\/de\/?s={search_term_string}\"},\"query-input\":{\"@type\":\"PropertyValueSpecification\",\"valueRequired\":true,\"valueName\":\"search_term_string\"}}],\"inLanguage\":\"de\"}]}<\/script>\n<!-- \/ Yoast SEO plugin. -->","yoast_head_json":{"title":"Kleines Luxus-Spa-Paket - Mora Hotell &amp; Spa","description":"Das Kleines Luxus Spa Paket beinhaltet: 1 \u00dcbernachtung mit reichhaltigem Fr\u00fchst\u00fccksbuffet, 25 Minuten optionale Spa-Behandlung und vieles mehr","robots":{"index":"index","follow":"follow","max-snippet":"max-snippet:-1","max-image-preview":"max-image-preview:large","max-video-preview":"max-video-preview:-1"},"canonical":"https:\/\/morahotell.se\/de\/produkt\/pauschalangebote\/spa-paket\/kleines-luxus-spa-paket\/","og_locale":"de_DE","og_type":"article","og_title":"Kleines Luxus-Spa-Paket - Mora Hotell &amp; Spa","og_description":"Das Kleines Luxus Spa Paket beinhaltet: 1 \u00dcbernachtung mit reichhaltigem Fr\u00fchst\u00fccksbuffet, 25 Minuten optionale Spa-Behandlung und vieles mehr","og_url":"https:\/\/morahotell.se\/de\/produkt\/pauschalangebote\/spa-paket\/kleines-luxus-spa-paket\/","og_site_name":"Mora Hotell &amp; Spa","article_modified_time":"2025-10-16T11:20:52+00:00","og_image":[{"width":576,"height":576,"url":"https:\/\/morahotell.se\/wp-content\/uploads\/2022\/04\/5363-41-neroli_sm_4-1.jpg","type":"image\/jpeg"}],"twitter_card":"summary_large_image","schema":{"@context":"https:\/\/schema.org","@graph":[{"@type":"WebPage","@id":"https:\/\/morahotell.se\/de\/produkt\/pauschalangebote\/spa-paket\/kleines-luxus-spa-paket\/","url":"https:\/\/morahotell.se\/de\/produkt\/pauschalangebote\/spa-paket\/kleines-luxus-spa-paket\/","name":"Kleines Luxus-Spa-Paket - Mora Hotell &amp; Spa","isPartOf":{"@id":"https:\/\/morahotell.se\/de\/#website"},"primaryImageOfPage":{"@id":"https:\/\/morahotell.se\/de\/produkt\/pauschalangebote\/spa-paket\/kleines-luxus-spa-paket\/#primaryimage"},"image":{"@id":"https:\/\/morahotell.se\/de\/produkt\/pauschalangebote\/spa-paket\/kleines-luxus-spa-paket\/#primaryimage"},"thumbnailUrl":"https:\/\/morahotell.se\/wp-content\/uploads\/2022\/04\/5363-41-neroli_sm_4-1.jpg","datePublished":"2022-04-29T08:06:04+00:00","dateModified":"2025-10-16T11:20:52+00:00","description":"Das Kleines Luxus Spa Paket beinhaltet: 1 \u00dcbernachtung mit reichhaltigem Fr\u00fchst\u00fccksbuffet, 25 Minuten optionale Spa-Behandlung und vieles mehr","breadcrumb":{"@id":"https:\/\/morahotell.se\/de\/produkt\/pauschalangebote\/spa-paket\/kleines-luxus-spa-paket\/#breadcrumb"},"inLanguage":"de","potentialAction":[{"@type":"ReadAction","target":["https:\/\/morahotell.se\/de\/produkt\/pauschalangebote\/spa-paket\/kleines-luxus-spa-paket\/"]}]},{"@type":"ImageObject","inLanguage":"de","@id":"https:\/\/morahotell.se\/de\/produkt\/pauschalangebote\/spa-paket\/kleines-luxus-spa-paket\/#primaryimage","url":"https:\/\/morahotell.se\/wp-content\/uploads\/2022\/04\/5363-41-neroli_sm_4-1.jpg","contentUrl":"https:\/\/morahotell.se\/wp-content\/uploads\/2022\/04\/5363-41-neroli_sm_4-1.jpg","width":576,"height":576},{"@type":"BreadcrumbList","@id":"https:\/\/morahotell.se\/de\/produkt\/pauschalangebote\/spa-paket\/kleines-luxus-spa-paket\/#breadcrumb","itemListElement":[{"@type":"ListItem","position":1,"name":"Mora hotell","item":"https:\/\/morahotell.se\/de\/"},{"@type":"ListItem","position":2,"name":"Reservierung","item":"https:\/\/morahotell.se\/de\/reservierung\/"},{"@type":"ListItem","position":3,"name":"Pauschalangebote","item":"https:\/\/morahotell.se\/de\/produkt-kategori\/pauschalangebote\/"},{"@type":"ListItem","position":4,"name":"Kleines Luxus-Spa-Paket"}]},{"@type":"WebSite","@id":"https:\/\/morahotell.se\/de\/#website","url":"https:\/\/morahotell.se\/de\/","name":"Mora Hotell &amp; Spa","description":"Fyrstj\u00e4rnigt hotell i Mora, n\u00e4ra Siljan","potentialAction":[{"@type":"SearchAction","target":{"@type":"EntryPoint","urlTemplate":"https:\/\/morahotell.se\/de\/?s={search_term_string}"},"query-input":{"@type":"PropertyValueSpecification","valueRequired":true,"valueName":"search_term_string"}}],"inLanguage":"de"}]}},"_links":{"self":[{"href":"https:\/\/morahotell.se\/de\/wp-json\/wp\/v2\/product\/3240","targetHints":{"allow":["GET"]}}],"collection":[{"href":"https:\/\/morahotell.se\/de\/wp-json\/wp\/v2\/product"}],"about":[{"href":"https:\/\/morahotell.se\/de\/wp-json\/wp\/v2\/types\/product"}],"replies":[{"embeddable":true,"href":"https:\/\/morahotell.se\/de\/wp-json\/wp\/v2\/comments?post=3240"}],"wp:featuredmedia":[{"embeddable":true,"href":"https:\/\/morahotell.se\/de\/wp-json\/wp\/v2\/media\/1911"}],"wp:attachment":[{"href":"https:\/\/morahotell.se\/de\/wp-json\/wp\/v2\/media?parent=3240"}],"wp:term":[{"taxonomy":"product_brand","embeddable":true,"href":"https:\/\/morahotell.se\/de\/wp-json\/wp\/v2\/product_brand?post=3240"},{"taxonomy":"product_cat","embeddable":true,"href":"https:\/\/morahotell.se\/de\/wp-json\/wp\/v2\/product_cat?post=3240"},{"taxonomy":"product_tag","embeddable":true,"href":"https:\/\/morahotell.se\/de\/wp-json\/wp\/v2\/product_tag?post=3240"}],"curies":[{"name":"wp","href":"https:\/\/api.w.org\/{rel}","templated":true}]}}