{"id":3238,"date":"2022-04-29T10:07:55","date_gmt":"2022-04-29T08:07:55","guid":{"rendered":"https:\/\/morahotell.se\/produkt\/unkategorisiert\/early-weekend-spa-lyx-paket-torsdag-lordag\/"},"modified":"2022-06-10T15:55:20","modified_gmt":"2022-06-10T13:55:20","slug":"early-weekend-luxus-spa-paket","status":"publish","type":"product","link":"https:\/\/morahotell.se\/de\/produkt\/pauschalangebote\/spa-paket\/early-weekend-luxus-spa-paket\/","title":{"rendered":"Early Weekend &#8211; Luxus Spa Paket"},"content":{"rendered":"<p>Das beinhaltet:<\/p>\n<p>Unterkunft, 2 N\u00e4chte im Mehrbettzimmer Superior inkl. Halbpension gro\u00dfes Fr\u00fchst\u00fccksbuffet mit regionalen Zutaten<br \/>\n1 optionale 25-min\u00fctige Spa-Behandlung<br \/>\nFreier Zugang zum Entspannungsbereich mit Pool, Whirlpools, Dampfbad &amp; amp; torrbastu<br \/>\nVerleih von Bademantel und Hausschuhen<br \/>\nFrisches Obstbuffet und Smoothie<br \/>\n2-Gang-Spa-Dinner am ersten Abend<br \/>\n1 Glas prickelnde und saisonale Canap\u00e9s<br \/>\n2-Gang-Spa-Dinner am zweiten Abend<br \/>\nGilt nicht w\u00e4hrend der Vasaloppet-Wochen &#8211; Sommer &amp; winter<\/p>\n","protected":false},"excerpt":{"rendered":"<p>Das beinhaltet: Unterkunft, 2 N\u00e4chte im Mehrbettzimmer Superior inkl. Halbpension gro\u00dfes Fr\u00fchst\u00fccksbuffet mit regionalen Zutaten 1 optionale 25-min\u00fctige Spa-Behandlung Freier Zugang zum Entspannungsbereich mit Pool, Whirlpools, Dampfbad &amp; amp; torrbastu Verleih von Bademantel und Hausschuhen Frisches Obstbuffet und Smoothie 2-Gang-Spa-Dinner am ersten Abend 1 Glas prickelnde und saisonale Canap\u00e9s 2-Gang-Spa-Dinner am zweiten Abend Gilt nicht&hellip;<\/p>\n","protected":false},"featured_media":4298,"comment_status":"closed","ping_status":"closed","template":"","meta":{"_acf_changed":false},"product_brand":[],"product_cat":[72,104],"product_tag":[189],"class_list":{"0":"post-3238","1":"product","2":"type-product","3":"status-publish","4":"has-post-thumbnail","6":"product_cat-pauschalangebote","7":"product_cat-spa-paket","8":"product_tag-foerfraagningsprodukt","10":"first","11":"instock","12":"virtual","13":"taxable","14":"purchasable","15":"product-type-simple"},"acf":[],"yoast_head":"<!-- This site is optimized with the Yoast SEO plugin v26.5 - https:\/\/yoast.com\/wordpress\/plugins\/seo\/ -->\n<title>Early Weekend - Luxus Spa Paket - Mora Hotell &amp; Spa<\/title>\n<meta name=\"description\" content=\"Dieses Paket beinhaltet 2 \u00dcbernachtungen in einem unserer Superior Zimmer, Fr\u00fchst\u00fccksbuffet inkl. Eine 25-min\u00fctige optionale Spa-Behandlung.\" \/>\n<meta name=\"robots\" content=\"index, follow, max-snippet:-1, max-image-preview:large, max-video-preview:-1\" \/>\n<link rel=\"canonical\" href=\"https:\/\/morahotell.se\/de\/produkt\/pauschalangebote\/spa-paket\/early-weekend-luxus-spa-paket\/\" \/>\n<meta property=\"og:locale\" content=\"de_DE\" \/>\n<meta property=\"og:type\" content=\"article\" \/>\n<meta property=\"og:title\" content=\"Early Weekend - Luxus Spa Paket - Mora Hotell &amp; Spa\" \/>\n<meta property=\"og:description\" content=\"Dieses Paket beinhaltet 2 \u00dcbernachtungen in einem unserer Superior Zimmer, Fr\u00fchst\u00fccksbuffet inkl. Eine 25-min\u00fctige optionale Spa-Behandlung.\" \/>\n<meta property=\"og:url\" content=\"https:\/\/morahotell.se\/de\/produkt\/pauschalangebote\/spa-paket\/early-weekend-luxus-spa-paket\/\" \/>\n<meta property=\"og:site_name\" content=\"Mora Hotell &amp; Spa\" \/>\n<meta property=\"article:modified_time\" content=\"2022-06-10T13:55:20+00:00\" \/>\n<meta property=\"og:image\" content=\"https:\/\/morahotell.se\/wp-content\/uploads\/2022\/05\/massage7.jpg\" \/>\n\t<meta property=\"og:image:width\" content=\"1360\" \/>\n\t<meta property=\"og:image:height\" content=\"1360\" \/>\n\t<meta property=\"og:image:type\" content=\"image\/jpeg\" \/>\n<meta name=\"twitter:card\" content=\"summary_large_image\" \/>\n<script type=\"application\/ld+json\" class=\"yoast-schema-graph\">{\"@context\":\"https:\/\/schema.org\",\"@graph\":[{\"@type\":\"WebPage\",\"@id\":\"https:\/\/morahotell.se\/de\/produkt\/pauschalangebote\/spa-paket\/early-weekend-luxus-spa-paket\/\",\"url\":\"https:\/\/morahotell.se\/de\/produkt\/pauschalangebote\/spa-paket\/early-weekend-luxus-spa-paket\/\",\"name\":\"Early Weekend - Luxus Spa Paket - Mora Hotell &amp; Spa\",\"isPartOf\":{\"@id\":\"https:\/\/morahotell.se\/de\/#website\"},\"primaryImageOfPage\":{\"@id\":\"https:\/\/morahotell.se\/de\/produkt\/pauschalangebote\/spa-paket\/early-weekend-luxus-spa-paket\/#primaryimage\"},\"image\":{\"@id\":\"https:\/\/morahotell.se\/de\/produkt\/pauschalangebote\/spa-paket\/early-weekend-luxus-spa-paket\/#primaryimage\"},\"thumbnailUrl\":\"https:\/\/morahotell.se\/wp-content\/uploads\/2022\/05\/massage7.jpg\",\"datePublished\":\"2022-04-29T08:07:55+00:00\",\"dateModified\":\"2022-06-10T13:55:20+00:00\",\"description\":\"Dieses Paket beinhaltet 2 \u00dcbernachtungen in einem unserer Superior Zimmer, Fr\u00fchst\u00fccksbuffet inkl. Eine 25-min\u00fctige optionale Spa-Behandlung.\",\"breadcrumb\":{\"@id\":\"https:\/\/morahotell.se\/de\/produkt\/pauschalangebote\/spa-paket\/early-weekend-luxus-spa-paket\/#breadcrumb\"},\"inLanguage\":\"de\",\"potentialAction\":[{\"@type\":\"ReadAction\",\"target\":[\"https:\/\/morahotell.se\/de\/produkt\/pauschalangebote\/spa-paket\/early-weekend-luxus-spa-paket\/\"]}]},{\"@type\":\"ImageObject\",\"inLanguage\":\"de\",\"@id\":\"https:\/\/morahotell.se\/de\/produkt\/pauschalangebote\/spa-paket\/early-weekend-luxus-spa-paket\/#primaryimage\",\"url\":\"https:\/\/morahotell.se\/wp-content\/uploads\/2022\/05\/massage7.jpg\",\"contentUrl\":\"https:\/\/morahotell.se\/wp-content\/uploads\/2022\/05\/massage7.jpg\",\"width\":1360,\"height\":1360,\"caption\":\"massage p\u00e5 mora hotell\"},{\"@type\":\"BreadcrumbList\",\"@id\":\"https:\/\/morahotell.se\/de\/produkt\/pauschalangebote\/spa-paket\/early-weekend-luxus-spa-paket\/#breadcrumb\",\"itemListElement\":[{\"@type\":\"ListItem\",\"position\":1,\"name\":\"Mora hotell\",\"item\":\"https:\/\/morahotell.se\/de\/\"},{\"@type\":\"ListItem\",\"position\":2,\"name\":\"Reservierung\",\"item\":\"https:\/\/morahotell.se\/de\/reservierung\/\"},{\"@type\":\"ListItem\",\"position\":3,\"name\":\"Pauschalangebote\",\"item\":\"https:\/\/morahotell.se\/de\/produkt-kategori\/pauschalangebote\/\"},{\"@type\":\"ListItem\",\"position\":4,\"name\":\"Early Weekend &#8211; Luxus Spa Paket\"}]},{\"@type\":\"WebSite\",\"@id\":\"https:\/\/morahotell.se\/de\/#website\",\"url\":\"https:\/\/morahotell.se\/de\/\",\"name\":\"Mora Hotell &amp; Spa\",\"description\":\"Fyrstj\u00e4rnigt hotell i Mora, n\u00e4ra Siljan\",\"potentialAction\":[{\"@type\":\"SearchAction\",\"target\":{\"@type\":\"EntryPoint\",\"urlTemplate\":\"https:\/\/morahotell.se\/de\/?s={search_term_string}\"},\"query-input\":{\"@type\":\"PropertyValueSpecification\",\"valueRequired\":true,\"valueName\":\"search_term_string\"}}],\"inLanguage\":\"de\"}]}<\/script>\n<!-- \/ Yoast SEO plugin. -->","yoast_head_json":{"title":"Early Weekend - Luxus Spa Paket - Mora Hotell &amp; Spa","description":"Dieses Paket beinhaltet 2 \u00dcbernachtungen in einem unserer Superior Zimmer, Fr\u00fchst\u00fccksbuffet inkl. Eine 25-min\u00fctige optionale Spa-Behandlung.","robots":{"index":"index","follow":"follow","max-snippet":"max-snippet:-1","max-image-preview":"max-image-preview:large","max-video-preview":"max-video-preview:-1"},"canonical":"https:\/\/morahotell.se\/de\/produkt\/pauschalangebote\/spa-paket\/early-weekend-luxus-spa-paket\/","og_locale":"de_DE","og_type":"article","og_title":"Early Weekend - Luxus Spa Paket - Mora Hotell &amp; Spa","og_description":"Dieses Paket beinhaltet 2 \u00dcbernachtungen in einem unserer Superior Zimmer, Fr\u00fchst\u00fccksbuffet inkl. Eine 25-min\u00fctige optionale Spa-Behandlung.","og_url":"https:\/\/morahotell.se\/de\/produkt\/pauschalangebote\/spa-paket\/early-weekend-luxus-spa-paket\/","og_site_name":"Mora Hotell &amp; Spa","article_modified_time":"2022-06-10T13:55:20+00:00","og_image":[{"width":1360,"height":1360,"url":"https:\/\/morahotell.se\/wp-content\/uploads\/2022\/05\/massage7.jpg","type":"image\/jpeg"}],"twitter_card":"summary_large_image","schema":{"@context":"https:\/\/schema.org","@graph":[{"@type":"WebPage","@id":"https:\/\/morahotell.se\/de\/produkt\/pauschalangebote\/spa-paket\/early-weekend-luxus-spa-paket\/","url":"https:\/\/morahotell.se\/de\/produkt\/pauschalangebote\/spa-paket\/early-weekend-luxus-spa-paket\/","name":"Early Weekend - Luxus Spa Paket - Mora Hotell &amp; Spa","isPartOf":{"@id":"https:\/\/morahotell.se\/de\/#website"},"primaryImageOfPage":{"@id":"https:\/\/morahotell.se\/de\/produkt\/pauschalangebote\/spa-paket\/early-weekend-luxus-spa-paket\/#primaryimage"},"image":{"@id":"https:\/\/morahotell.se\/de\/produkt\/pauschalangebote\/spa-paket\/early-weekend-luxus-spa-paket\/#primaryimage"},"thumbnailUrl":"https:\/\/morahotell.se\/wp-content\/uploads\/2022\/05\/massage7.jpg","datePublished":"2022-04-29T08:07:55+00:00","dateModified":"2022-06-10T13:55:20+00:00","description":"Dieses Paket beinhaltet 2 \u00dcbernachtungen in einem unserer Superior Zimmer, Fr\u00fchst\u00fccksbuffet inkl. Eine 25-min\u00fctige optionale Spa-Behandlung.","breadcrumb":{"@id":"https:\/\/morahotell.se\/de\/produkt\/pauschalangebote\/spa-paket\/early-weekend-luxus-spa-paket\/#breadcrumb"},"inLanguage":"de","potentialAction":[{"@type":"ReadAction","target":["https:\/\/morahotell.se\/de\/produkt\/pauschalangebote\/spa-paket\/early-weekend-luxus-spa-paket\/"]}]},{"@type":"ImageObject","inLanguage":"de","@id":"https:\/\/morahotell.se\/de\/produkt\/pauschalangebote\/spa-paket\/early-weekend-luxus-spa-paket\/#primaryimage","url":"https:\/\/morahotell.se\/wp-content\/uploads\/2022\/05\/massage7.jpg","contentUrl":"https:\/\/morahotell.se\/wp-content\/uploads\/2022\/05\/massage7.jpg","width":1360,"height":1360,"caption":"massage p\u00e5 mora hotell"},{"@type":"BreadcrumbList","@id":"https:\/\/morahotell.se\/de\/produkt\/pauschalangebote\/spa-paket\/early-weekend-luxus-spa-paket\/#breadcrumb","itemListElement":[{"@type":"ListItem","position":1,"name":"Mora hotell","item":"https:\/\/morahotell.se\/de\/"},{"@type":"ListItem","position":2,"name":"Reservierung","item":"https:\/\/morahotell.se\/de\/reservierung\/"},{"@type":"ListItem","position":3,"name":"Pauschalangebote","item":"https:\/\/morahotell.se\/de\/produkt-kategori\/pauschalangebote\/"},{"@type":"ListItem","position":4,"name":"Early Weekend &#8211; Luxus Spa Paket"}]},{"@type":"WebSite","@id":"https:\/\/morahotell.se\/de\/#website","url":"https:\/\/morahotell.se\/de\/","name":"Mora Hotell &amp; Spa","description":"Fyrstj\u00e4rnigt hotell i Mora, n\u00e4ra Siljan","potentialAction":[{"@type":"SearchAction","target":{"@type":"EntryPoint","urlTemplate":"https:\/\/morahotell.se\/de\/?s={search_term_string}"},"query-input":{"@type":"PropertyValueSpecification","valueRequired":true,"valueName":"search_term_string"}}],"inLanguage":"de"}]}},"_links":{"self":[{"href":"https:\/\/morahotell.se\/de\/wp-json\/wp\/v2\/product\/3238","targetHints":{"allow":["GET"]}}],"collection":[{"href":"https:\/\/morahotell.se\/de\/wp-json\/wp\/v2\/product"}],"about":[{"href":"https:\/\/morahotell.se\/de\/wp-json\/wp\/v2\/types\/product"}],"replies":[{"embeddable":true,"href":"https:\/\/morahotell.se\/de\/wp-json\/wp\/v2\/comments?post=3238"}],"wp:featuredmedia":[{"embeddable":true,"href":"https:\/\/morahotell.se\/de\/wp-json\/wp\/v2\/media\/4298"}],"wp:attachment":[{"href":"https:\/\/morahotell.se\/de\/wp-json\/wp\/v2\/media?parent=3238"}],"wp:term":[{"taxonomy":"product_brand","embeddable":true,"href":"https:\/\/morahotell.se\/de\/wp-json\/wp\/v2\/product_brand?post=3238"},{"taxonomy":"product_cat","embeddable":true,"href":"https:\/\/morahotell.se\/de\/wp-json\/wp\/v2\/product_cat?post=3238"},{"taxonomy":"product_tag","embeddable":true,"href":"https:\/\/morahotell.se\/de\/wp-json\/wp\/v2\/product_tag?post=3238"}],"curies":[{"name":"wp","href":"https:\/\/api.w.org\/{rel}","templated":true}]}}