{"id":3234,"date":"2022-04-29T10:39:14","date_gmt":"2022-04-29T08:39:14","guid":{"rendered":"https:\/\/morahotell.se\/produkt\/unkategorisiert\/fiske-med-guide-heldag\/"},"modified":"2023-06-14T14:38:14","modified_gmt":"2023-06-14T12:38:14","slug":"ganzer-tag-mit-angel-guide","status":"publish","type":"product","link":"https:\/\/morahotell.se\/de\/produkt\/aktivitaeten\/leben-im-freien\/ganzer-tag-mit-angel-guide\/","title":{"rendered":"Ganzer Tag mit Angel guide"},"content":{"rendered":"<p>Diese Seen sind bekannt f\u00fcr ihre feinen Best\u00e4nde an Hechten, Barschen und Forellen. Es braucht seinen Fischer, der wei\u00df, wo und wie in den verschiedenen Jahreszeiten gefischt werden soll.<\/p>\n<p>Wir arrangieren Touren in einem der F\u00fchrungsboote f\u00fcr bis zu 3 Personen. Treffpunkt Bryggan au\u00dferhalb des Mora Hotels<br \/>\nAlles, was Sie zum Angeln brauchen, ist enthalten (Boot, Ruten, K\u00f6der, Schwimmweste)<br \/>\nWir gehen an Land f\u00fcr ein gegrilltes Mittagessen auf einer gem\u00fctlichen Insel Das Mittagessen besteht aus Burgern und Brot sowie Getr\u00e4nken und Kaffee. Teilen Sie uns im Voraus mit, wenn Sie eine Nahrungsmittelunvertr\u00e4glichkeit haben.<\/p>\n<p>Preis 1800:- pro Person f\u00fcr einen ganzen Tag (inkl. Mittagessen) Der Preis basiert auf einer Mindestteilnehmerzahl von 3 Personen.<\/p>\n<p>Wenn die Gruppe weniger als 3 Personen umfasst, k\u00f6nnen wir eine Anfrage stellen, um das Boot mit anderen Kunden zu f\u00fcllen.<br \/>\nAngelschein kostet ca. SEK 50-100 pro Person, kostenlos f\u00fcr Kinder. (separat erh\u00e4ltlich)<\/p>\n","protected":false},"excerpt":{"rendered":"<p>Entdecken Sie die gro\u00dfartigen Seen Orsasj\u00f6n \/ Siljan mit fantastischem Angeln mit einem lokalen F\u00fchrer.<\/p>\n","protected":false},"featured_media":12244,"comment_status":"closed","ping_status":"closed","template":"","meta":{"_acf_changed":false},"product_brand":[],"product_cat":[71,124,123],"product_tag":[189],"class_list":{"0":"post-3234","1":"product","2":"type-product","3":"status-publish","4":"has-post-thumbnail","6":"product_cat-aktivitaeten","7":"product_cat-eis-und-schnee","8":"product_cat-leben-im-freien","9":"product_tag-foerfraagningsprodukt","11":"first","12":"instock","13":"virtual","14":"taxable","15":"purchasable","16":"product-type-simple"},"acf":[],"yoast_head":"<!-- This site is optimized with the Yoast SEO plugin v26.5 - https:\/\/yoast.com\/wordpress\/plugins\/seo\/ -->\n<title>Ganzer Tag mit Angel guide - Mora Hotell &amp; Spa<\/title>\n<meta name=\"description\" content=\"Preis 1800:- pro Person f\u00fcr einen ganzen Tag (inkl. Mittagessen) Der Preis basiert auf einer Mindestteilnehmerzahl von 3 Personen.\" \/>\n<meta name=\"robots\" content=\"index, follow, max-snippet:-1, max-image-preview:large, max-video-preview:-1\" \/>\n<link rel=\"canonical\" href=\"https:\/\/morahotell.se\/de\/produkt\/aktivitaeten\/leben-im-freien\/ganzer-tag-mit-angel-guide\/\" \/>\n<meta property=\"og:locale\" content=\"de_DE\" \/>\n<meta property=\"og:type\" content=\"article\" \/>\n<meta property=\"og:title\" content=\"Ganzer Tag mit Angel guide - Mora Hotell &amp; Spa\" \/>\n<meta property=\"og:description\" content=\"Preis 1800:- pro Person f\u00fcr einen ganzen Tag (inkl. Mittagessen) Der Preis basiert auf einer Mindestteilnehmerzahl von 3 Personen.\" \/>\n<meta property=\"og:url\" content=\"https:\/\/morahotell.se\/de\/produkt\/aktivitaeten\/leben-im-freien\/ganzer-tag-mit-angel-guide\/\" \/>\n<meta property=\"og:site_name\" content=\"Mora Hotell &amp; Spa\" \/>\n<meta property=\"article:modified_time\" content=\"2023-06-14T12:38:14+00:00\" \/>\n<meta property=\"og:image\" content=\"https:\/\/morahotell.se\/wp-content\/uploads\/2022\/04\/pimpling-1.jpg\" \/>\n\t<meta property=\"og:image:width\" content=\"1500\" \/>\n\t<meta property=\"og:image:height\" content=\"1000\" \/>\n\t<meta property=\"og:image:type\" content=\"image\/jpeg\" \/>\n<meta name=\"twitter:card\" content=\"summary_large_image\" \/>\n<meta name=\"twitter:label1\" content=\"Gesch\u00e4tzte Lesezeit\" \/>\n\t<meta name=\"twitter:data1\" content=\"1\u00a0Minute\" \/>\n<script type=\"application\/ld+json\" class=\"yoast-schema-graph\">{\"@context\":\"https:\/\/schema.org\",\"@graph\":[{\"@type\":\"WebPage\",\"@id\":\"https:\/\/morahotell.se\/de\/produkt\/aktivitaeten\/leben-im-freien\/ganzer-tag-mit-angel-guide\/\",\"url\":\"https:\/\/morahotell.se\/de\/produkt\/aktivitaeten\/leben-im-freien\/ganzer-tag-mit-angel-guide\/\",\"name\":\"Ganzer Tag mit Angel guide - Mora Hotell &amp; Spa\",\"isPartOf\":{\"@id\":\"https:\/\/morahotell.se\/de\/#website\"},\"primaryImageOfPage\":{\"@id\":\"https:\/\/morahotell.se\/de\/produkt\/aktivitaeten\/leben-im-freien\/ganzer-tag-mit-angel-guide\/#primaryimage\"},\"image\":{\"@id\":\"https:\/\/morahotell.se\/de\/produkt\/aktivitaeten\/leben-im-freien\/ganzer-tag-mit-angel-guide\/#primaryimage\"},\"thumbnailUrl\":\"https:\/\/morahotell.se\/wp-content\/uploads\/2022\/04\/pimpling-1.jpg\",\"datePublished\":\"2022-04-29T08:39:14+00:00\",\"dateModified\":\"2023-06-14T12:38:14+00:00\",\"description\":\"Preis 1800:- pro Person f\u00fcr einen ganzen Tag (inkl. Mittagessen) Der Preis basiert auf einer Mindestteilnehmerzahl von 3 Personen.\",\"breadcrumb\":{\"@id\":\"https:\/\/morahotell.se\/de\/produkt\/aktivitaeten\/leben-im-freien\/ganzer-tag-mit-angel-guide\/#breadcrumb\"},\"inLanguage\":\"de\",\"potentialAction\":[{\"@type\":\"ReadAction\",\"target\":[\"https:\/\/morahotell.se\/de\/produkt\/aktivitaeten\/leben-im-freien\/ganzer-tag-mit-angel-guide\/\"]}]},{\"@type\":\"ImageObject\",\"inLanguage\":\"de\",\"@id\":\"https:\/\/morahotell.se\/de\/produkt\/aktivitaeten\/leben-im-freien\/ganzer-tag-mit-angel-guide\/#primaryimage\",\"url\":\"https:\/\/morahotell.se\/wp-content\/uploads\/2022\/04\/pimpling-1.jpg\",\"contentUrl\":\"https:\/\/morahotell.se\/wp-content\/uploads\/2022\/04\/pimpling-1.jpg\",\"width\":1500,\"height\":1000},{\"@type\":\"BreadcrumbList\",\"@id\":\"https:\/\/morahotell.se\/de\/produkt\/aktivitaeten\/leben-im-freien\/ganzer-tag-mit-angel-guide\/#breadcrumb\",\"itemListElement\":[{\"@type\":\"ListItem\",\"position\":1,\"name\":\"Mora hotell\",\"item\":\"https:\/\/morahotell.se\/de\/\"},{\"@type\":\"ListItem\",\"position\":2,\"name\":\"Reservierung\",\"item\":\"https:\/\/morahotell.se\/de\/reservierung\/\"},{\"@type\":\"ListItem\",\"position\":3,\"name\":\"Aktivit\u00e4ten\",\"item\":\"https:\/\/morahotell.se\/de\/produkt-kategori\/aktivitaeten\/\"},{\"@type\":\"ListItem\",\"position\":4,\"name\":\"Leben im Freien\",\"item\":\"https:\/\/morahotell.se\/de\/produkt-kategori\/aktivitaeten\/leben-im-freien\/\"},{\"@type\":\"ListItem\",\"position\":5,\"name\":\"Ganzer Tag mit Angel guide\"}]},{\"@type\":\"WebSite\",\"@id\":\"https:\/\/morahotell.se\/de\/#website\",\"url\":\"https:\/\/morahotell.se\/de\/\",\"name\":\"Mora Hotell &amp; Spa\",\"description\":\"Fyrstj\u00e4rnigt hotell i Mora, n\u00e4ra Siljan\",\"potentialAction\":[{\"@type\":\"SearchAction\",\"target\":{\"@type\":\"EntryPoint\",\"urlTemplate\":\"https:\/\/morahotell.se\/de\/?s={search_term_string}\"},\"query-input\":{\"@type\":\"PropertyValueSpecification\",\"valueRequired\":true,\"valueName\":\"search_term_string\"}}],\"inLanguage\":\"de\"}]}<\/script>\n<!-- \/ Yoast SEO plugin. -->","yoast_head_json":{"title":"Ganzer Tag mit Angel guide - Mora Hotell &amp; Spa","description":"Preis 1800:- pro Person f\u00fcr einen ganzen Tag (inkl. Mittagessen) Der Preis basiert auf einer Mindestteilnehmerzahl von 3 Personen.","robots":{"index":"index","follow":"follow","max-snippet":"max-snippet:-1","max-image-preview":"max-image-preview:large","max-video-preview":"max-video-preview:-1"},"canonical":"https:\/\/morahotell.se\/de\/produkt\/aktivitaeten\/leben-im-freien\/ganzer-tag-mit-angel-guide\/","og_locale":"de_DE","og_type":"article","og_title":"Ganzer Tag mit Angel guide - Mora Hotell &amp; Spa","og_description":"Preis 1800:- pro Person f\u00fcr einen ganzen Tag (inkl. Mittagessen) Der Preis basiert auf einer Mindestteilnehmerzahl von 3 Personen.","og_url":"https:\/\/morahotell.se\/de\/produkt\/aktivitaeten\/leben-im-freien\/ganzer-tag-mit-angel-guide\/","og_site_name":"Mora Hotell &amp; Spa","article_modified_time":"2023-06-14T12:38:14+00:00","og_image":[{"width":1500,"height":1000,"url":"https:\/\/morahotell.se\/wp-content\/uploads\/2022\/04\/pimpling-1.jpg","type":"image\/jpeg"}],"twitter_card":"summary_large_image","twitter_misc":{"Gesch\u00e4tzte Lesezeit":"1\u00a0Minute"},"schema":{"@context":"https:\/\/schema.org","@graph":[{"@type":"WebPage","@id":"https:\/\/morahotell.se\/de\/produkt\/aktivitaeten\/leben-im-freien\/ganzer-tag-mit-angel-guide\/","url":"https:\/\/morahotell.se\/de\/produkt\/aktivitaeten\/leben-im-freien\/ganzer-tag-mit-angel-guide\/","name":"Ganzer Tag mit Angel guide - Mora Hotell &amp; Spa","isPartOf":{"@id":"https:\/\/morahotell.se\/de\/#website"},"primaryImageOfPage":{"@id":"https:\/\/morahotell.se\/de\/produkt\/aktivitaeten\/leben-im-freien\/ganzer-tag-mit-angel-guide\/#primaryimage"},"image":{"@id":"https:\/\/morahotell.se\/de\/produkt\/aktivitaeten\/leben-im-freien\/ganzer-tag-mit-angel-guide\/#primaryimage"},"thumbnailUrl":"https:\/\/morahotell.se\/wp-content\/uploads\/2022\/04\/pimpling-1.jpg","datePublished":"2022-04-29T08:39:14+00:00","dateModified":"2023-06-14T12:38:14+00:00","description":"Preis 1800:- pro Person f\u00fcr einen ganzen Tag (inkl. Mittagessen) Der Preis basiert auf einer Mindestteilnehmerzahl von 3 Personen.","breadcrumb":{"@id":"https:\/\/morahotell.se\/de\/produkt\/aktivitaeten\/leben-im-freien\/ganzer-tag-mit-angel-guide\/#breadcrumb"},"inLanguage":"de","potentialAction":[{"@type":"ReadAction","target":["https:\/\/morahotell.se\/de\/produkt\/aktivitaeten\/leben-im-freien\/ganzer-tag-mit-angel-guide\/"]}]},{"@type":"ImageObject","inLanguage":"de","@id":"https:\/\/morahotell.se\/de\/produkt\/aktivitaeten\/leben-im-freien\/ganzer-tag-mit-angel-guide\/#primaryimage","url":"https:\/\/morahotell.se\/wp-content\/uploads\/2022\/04\/pimpling-1.jpg","contentUrl":"https:\/\/morahotell.se\/wp-content\/uploads\/2022\/04\/pimpling-1.jpg","width":1500,"height":1000},{"@type":"BreadcrumbList","@id":"https:\/\/morahotell.se\/de\/produkt\/aktivitaeten\/leben-im-freien\/ganzer-tag-mit-angel-guide\/#breadcrumb","itemListElement":[{"@type":"ListItem","position":1,"name":"Mora hotell","item":"https:\/\/morahotell.se\/de\/"},{"@type":"ListItem","position":2,"name":"Reservierung","item":"https:\/\/morahotell.se\/de\/reservierung\/"},{"@type":"ListItem","position":3,"name":"Aktivit\u00e4ten","item":"https:\/\/morahotell.se\/de\/produkt-kategori\/aktivitaeten\/"},{"@type":"ListItem","position":4,"name":"Leben im Freien","item":"https:\/\/morahotell.se\/de\/produkt-kategori\/aktivitaeten\/leben-im-freien\/"},{"@type":"ListItem","position":5,"name":"Ganzer Tag mit Angel guide"}]},{"@type":"WebSite","@id":"https:\/\/morahotell.se\/de\/#website","url":"https:\/\/morahotell.se\/de\/","name":"Mora Hotell &amp; Spa","description":"Fyrstj\u00e4rnigt hotell i Mora, n\u00e4ra Siljan","potentialAction":[{"@type":"SearchAction","target":{"@type":"EntryPoint","urlTemplate":"https:\/\/morahotell.se\/de\/?s={search_term_string}"},"query-input":{"@type":"PropertyValueSpecification","valueRequired":true,"valueName":"search_term_string"}}],"inLanguage":"de"}]}},"_links":{"self":[{"href":"https:\/\/morahotell.se\/de\/wp-json\/wp\/v2\/product\/3234","targetHints":{"allow":["GET"]}}],"collection":[{"href":"https:\/\/morahotell.se\/de\/wp-json\/wp\/v2\/product"}],"about":[{"href":"https:\/\/morahotell.se\/de\/wp-json\/wp\/v2\/types\/product"}],"replies":[{"embeddable":true,"href":"https:\/\/morahotell.se\/de\/wp-json\/wp\/v2\/comments?post=3234"}],"wp:featuredmedia":[{"embeddable":true,"href":"https:\/\/morahotell.se\/de\/wp-json\/wp\/v2\/media\/12244"}],"wp:attachment":[{"href":"https:\/\/morahotell.se\/de\/wp-json\/wp\/v2\/media?parent=3234"}],"wp:term":[{"taxonomy":"product_brand","embeddable":true,"href":"https:\/\/morahotell.se\/de\/wp-json\/wp\/v2\/product_brand?post=3234"},{"taxonomy":"product_cat","embeddable":true,"href":"https:\/\/morahotell.se\/de\/wp-json\/wp\/v2\/product_cat?post=3234"},{"taxonomy":"product_tag","embeddable":true,"href":"https:\/\/morahotell.se\/de\/wp-json\/wp\/v2\/product_tag?post=3234"}],"curies":[{"name":"wp","href":"https:\/\/api.w.org\/{rel}","templated":true}]}}