{"id":3229,"date":"2022-04-29T10:44:18","date_gmt":"2022-04-29T08:44:18","guid":{"rendered":"https:\/\/morahotell.se\/produkt\/unkategorisiert\/siljan-geopark-siljansringen\/"},"modified":"2022-06-10T14:41:25","modified_gmt":"2022-06-10T12:41:25","slug":"siljan-geopark","status":"publish","type":"product","link":"https:\/\/morahotell.se\/de\/produkt\/aktivitaeten\/leben-im-freien\/siljan-geopark\/","title":{"rendered":"Siljan Geopark"},"content":{"rendered":"<p>Siljan GEOpark hat damit begonnen, verschiedene interessante geologische Ziele zu schaffen: Lesen Sie mehr unter Besuchen Sie Dalarna die verschiedenen Orte.<\/p>\n<p>Genie\u00dfen Sie die sch\u00f6ne Umgebung, Wasserl\u00e4ufe und Geologie rund um Silja<\/p>\n","protected":false},"excerpt":{"rendered":"<p>Eine fantastische landschaftliche Aktivit\u00e4t f\u00fcr den Wanderer. Erleben Sie den Siljan Ring vom Mora Hotell<\/p>\n","protected":false},"featured_media":1899,"comment_status":"closed","ping_status":"closed","template":"","meta":{"_acf_changed":false},"product_brand":[],"product_cat":[71,123,125],"product_tag":[],"class_list":{"0":"post-3229","1":"product","2":"type-product","3":"status-publish","4":"has-post-thumbnail","6":"product_cat-aktivitaeten","7":"product_cat-leben-im-freien","8":"product_cat-ruhige-aktivitaeten","10":"first","11":"instock","12":"virtual","13":"taxable","14":"purchasable","15":"product-type-simple"},"acf":[],"yoast_head":"<!-- This site is optimized with the Yoast SEO plugin v26.5 - https:\/\/yoast.com\/wordpress\/plugins\/seo\/ -->\n<title>Siljan Geopark - Mora Hotell &amp; Spa<\/title>\n<meta name=\"description\" content=\"Eine fantastische landschaftliche Aktivit\u00e4t f\u00fcr den Wanderer. Erleben Sie den Siljan Ring vom Mora Hotell. Genie\u00dfen Sie die sch\u00f6ne Umgebung, Wasserl\u00e4ufe und Geologie rund um Siljan\" \/>\n<meta name=\"robots\" content=\"index, follow, max-snippet:-1, max-image-preview:large, max-video-preview:-1\" \/>\n<link rel=\"canonical\" href=\"https:\/\/morahotell.se\/de\/produkt\/aktivitaeten\/leben-im-freien\/siljan-geopark\/\" \/>\n<meta property=\"og:locale\" content=\"de_DE\" \/>\n<meta property=\"og:type\" content=\"article\" \/>\n<meta property=\"og:title\" content=\"Siljan Geopark - Mora Hotell &amp; Spa\" \/>\n<meta property=\"og:description\" content=\"Eine fantastische landschaftliche Aktivit\u00e4t f\u00fcr den Wanderer. Erleben Sie den Siljan Ring vom Mora Hotell. Genie\u00dfen Sie die sch\u00f6ne Umgebung, Wasserl\u00e4ufe und Geologie rund um Siljan\" \/>\n<meta property=\"og:url\" content=\"https:\/\/morahotell.se\/de\/produkt\/aktivitaeten\/leben-im-freien\/siljan-geopark\/\" \/>\n<meta property=\"og:site_name\" content=\"Mora Hotell &amp; Spa\" \/>\n<meta property=\"article:modified_time\" content=\"2022-06-10T12:41:25+00:00\" \/>\n<meta property=\"og:image\" content=\"https:\/\/morahotell.se\/wp-content\/uploads\/2022\/04\/1259_100_5282-1.jpg\" \/>\n\t<meta property=\"og:image:width\" content=\"1654\" \/>\n\t<meta property=\"og:image:height\" content=\"1103\" \/>\n\t<meta property=\"og:image:type\" content=\"image\/jpeg\" \/>\n<meta name=\"twitter:card\" content=\"summary_large_image\" \/>\n<script type=\"application\/ld+json\" class=\"yoast-schema-graph\">{\"@context\":\"https:\/\/schema.org\",\"@graph\":[{\"@type\":\"WebPage\",\"@id\":\"https:\/\/morahotell.se\/de\/produkt\/aktivitaeten\/leben-im-freien\/siljan-geopark\/\",\"url\":\"https:\/\/morahotell.se\/de\/produkt\/aktivitaeten\/leben-im-freien\/siljan-geopark\/\",\"name\":\"Siljan Geopark - Mora Hotell &amp; Spa\",\"isPartOf\":{\"@id\":\"https:\/\/morahotell.se\/de\/#website\"},\"primaryImageOfPage\":{\"@id\":\"https:\/\/morahotell.se\/de\/produkt\/aktivitaeten\/leben-im-freien\/siljan-geopark\/#primaryimage\"},\"image\":{\"@id\":\"https:\/\/morahotell.se\/de\/produkt\/aktivitaeten\/leben-im-freien\/siljan-geopark\/#primaryimage\"},\"thumbnailUrl\":\"https:\/\/morahotell.se\/wp-content\/uploads\/2022\/04\/1259_100_5282-1.jpg\",\"datePublished\":\"2022-04-29T08:44:18+00:00\",\"dateModified\":\"2022-06-10T12:41:25+00:00\",\"description\":\"Eine fantastische landschaftliche Aktivit\u00e4t f\u00fcr den Wanderer. Erleben Sie den Siljan Ring vom Mora Hotell. Genie\u00dfen Sie die sch\u00f6ne Umgebung, Wasserl\u00e4ufe und Geologie rund um Siljan\",\"breadcrumb\":{\"@id\":\"https:\/\/morahotell.se\/de\/produkt\/aktivitaeten\/leben-im-freien\/siljan-geopark\/#breadcrumb\"},\"inLanguage\":\"de\",\"potentialAction\":[{\"@type\":\"ReadAction\",\"target\":[\"https:\/\/morahotell.se\/de\/produkt\/aktivitaeten\/leben-im-freien\/siljan-geopark\/\"]}]},{\"@type\":\"ImageObject\",\"inLanguage\":\"de\",\"@id\":\"https:\/\/morahotell.se\/de\/produkt\/aktivitaeten\/leben-im-freien\/siljan-geopark\/#primaryimage\",\"url\":\"https:\/\/morahotell.se\/wp-content\/uploads\/2022\/04\/1259_100_5282-1.jpg\",\"contentUrl\":\"https:\/\/morahotell.se\/wp-content\/uploads\/2022\/04\/1259_100_5282-1.jpg\",\"width\":1654,\"height\":1103},{\"@type\":\"BreadcrumbList\",\"@id\":\"https:\/\/morahotell.se\/de\/produkt\/aktivitaeten\/leben-im-freien\/siljan-geopark\/#breadcrumb\",\"itemListElement\":[{\"@type\":\"ListItem\",\"position\":1,\"name\":\"Mora hotell\",\"item\":\"https:\/\/morahotell.se\/de\/\"},{\"@type\":\"ListItem\",\"position\":2,\"name\":\"Reservierung\",\"item\":\"https:\/\/morahotell.se\/de\/reservierung\/\"},{\"@type\":\"ListItem\",\"position\":3,\"name\":\"Aktivit\u00e4ten\",\"item\":\"https:\/\/morahotell.se\/de\/produkt-kategori\/aktivitaeten\/\"},{\"@type\":\"ListItem\",\"position\":4,\"name\":\"Siljan Geopark\"}]},{\"@type\":\"WebSite\",\"@id\":\"https:\/\/morahotell.se\/de\/#website\",\"url\":\"https:\/\/morahotell.se\/de\/\",\"name\":\"Mora Hotell &amp; Spa\",\"description\":\"Fyrstj\u00e4rnigt hotell i Mora, n\u00e4ra Siljan\",\"potentialAction\":[{\"@type\":\"SearchAction\",\"target\":{\"@type\":\"EntryPoint\",\"urlTemplate\":\"https:\/\/morahotell.se\/de\/?s={search_term_string}\"},\"query-input\":{\"@type\":\"PropertyValueSpecification\",\"valueRequired\":true,\"valueName\":\"search_term_string\"}}],\"inLanguage\":\"de\"}]}<\/script>\n<!-- \/ Yoast SEO plugin. -->","yoast_head_json":{"title":"Siljan Geopark - Mora Hotell &amp; Spa","description":"Eine fantastische landschaftliche Aktivit\u00e4t f\u00fcr den Wanderer. Erleben Sie den Siljan Ring vom Mora Hotell. Genie\u00dfen Sie die sch\u00f6ne Umgebung, Wasserl\u00e4ufe und Geologie rund um Siljan","robots":{"index":"index","follow":"follow","max-snippet":"max-snippet:-1","max-image-preview":"max-image-preview:large","max-video-preview":"max-video-preview:-1"},"canonical":"https:\/\/morahotell.se\/de\/produkt\/aktivitaeten\/leben-im-freien\/siljan-geopark\/","og_locale":"de_DE","og_type":"article","og_title":"Siljan Geopark - Mora Hotell &amp; Spa","og_description":"Eine fantastische landschaftliche Aktivit\u00e4t f\u00fcr den Wanderer. Erleben Sie den Siljan Ring vom Mora Hotell. Genie\u00dfen Sie die sch\u00f6ne Umgebung, Wasserl\u00e4ufe und Geologie rund um Siljan","og_url":"https:\/\/morahotell.se\/de\/produkt\/aktivitaeten\/leben-im-freien\/siljan-geopark\/","og_site_name":"Mora Hotell &amp; Spa","article_modified_time":"2022-06-10T12:41:25+00:00","og_image":[{"width":1654,"height":1103,"url":"https:\/\/morahotell.se\/wp-content\/uploads\/2022\/04\/1259_100_5282-1.jpg","type":"image\/jpeg"}],"twitter_card":"summary_large_image","schema":{"@context":"https:\/\/schema.org","@graph":[{"@type":"WebPage","@id":"https:\/\/morahotell.se\/de\/produkt\/aktivitaeten\/leben-im-freien\/siljan-geopark\/","url":"https:\/\/morahotell.se\/de\/produkt\/aktivitaeten\/leben-im-freien\/siljan-geopark\/","name":"Siljan Geopark - Mora Hotell &amp; Spa","isPartOf":{"@id":"https:\/\/morahotell.se\/de\/#website"},"primaryImageOfPage":{"@id":"https:\/\/morahotell.se\/de\/produkt\/aktivitaeten\/leben-im-freien\/siljan-geopark\/#primaryimage"},"image":{"@id":"https:\/\/morahotell.se\/de\/produkt\/aktivitaeten\/leben-im-freien\/siljan-geopark\/#primaryimage"},"thumbnailUrl":"https:\/\/morahotell.se\/wp-content\/uploads\/2022\/04\/1259_100_5282-1.jpg","datePublished":"2022-04-29T08:44:18+00:00","dateModified":"2022-06-10T12:41:25+00:00","description":"Eine fantastische landschaftliche Aktivit\u00e4t f\u00fcr den Wanderer. Erleben Sie den Siljan Ring vom Mora Hotell. Genie\u00dfen Sie die sch\u00f6ne Umgebung, Wasserl\u00e4ufe und Geologie rund um Siljan","breadcrumb":{"@id":"https:\/\/morahotell.se\/de\/produkt\/aktivitaeten\/leben-im-freien\/siljan-geopark\/#breadcrumb"},"inLanguage":"de","potentialAction":[{"@type":"ReadAction","target":["https:\/\/morahotell.se\/de\/produkt\/aktivitaeten\/leben-im-freien\/siljan-geopark\/"]}]},{"@type":"ImageObject","inLanguage":"de","@id":"https:\/\/morahotell.se\/de\/produkt\/aktivitaeten\/leben-im-freien\/siljan-geopark\/#primaryimage","url":"https:\/\/morahotell.se\/wp-content\/uploads\/2022\/04\/1259_100_5282-1.jpg","contentUrl":"https:\/\/morahotell.se\/wp-content\/uploads\/2022\/04\/1259_100_5282-1.jpg","width":1654,"height":1103},{"@type":"BreadcrumbList","@id":"https:\/\/morahotell.se\/de\/produkt\/aktivitaeten\/leben-im-freien\/siljan-geopark\/#breadcrumb","itemListElement":[{"@type":"ListItem","position":1,"name":"Mora hotell","item":"https:\/\/morahotell.se\/de\/"},{"@type":"ListItem","position":2,"name":"Reservierung","item":"https:\/\/morahotell.se\/de\/reservierung\/"},{"@type":"ListItem","position":3,"name":"Aktivit\u00e4ten","item":"https:\/\/morahotell.se\/de\/produkt-kategori\/aktivitaeten\/"},{"@type":"ListItem","position":4,"name":"Siljan Geopark"}]},{"@type":"WebSite","@id":"https:\/\/morahotell.se\/de\/#website","url":"https:\/\/morahotell.se\/de\/","name":"Mora Hotell &amp; Spa","description":"Fyrstj\u00e4rnigt hotell i Mora, n\u00e4ra Siljan","potentialAction":[{"@type":"SearchAction","target":{"@type":"EntryPoint","urlTemplate":"https:\/\/morahotell.se\/de\/?s={search_term_string}"},"query-input":{"@type":"PropertyValueSpecification","valueRequired":true,"valueName":"search_term_string"}}],"inLanguage":"de"}]}},"_links":{"self":[{"href":"https:\/\/morahotell.se\/de\/wp-json\/wp\/v2\/product\/3229","targetHints":{"allow":["GET"]}}],"collection":[{"href":"https:\/\/morahotell.se\/de\/wp-json\/wp\/v2\/product"}],"about":[{"href":"https:\/\/morahotell.se\/de\/wp-json\/wp\/v2\/types\/product"}],"replies":[{"embeddable":true,"href":"https:\/\/morahotell.se\/de\/wp-json\/wp\/v2\/comments?post=3229"}],"wp:featuredmedia":[{"embeddable":true,"href":"https:\/\/morahotell.se\/de\/wp-json\/wp\/v2\/media\/1899"}],"wp:attachment":[{"href":"https:\/\/morahotell.se\/de\/wp-json\/wp\/v2\/media?parent=3229"}],"wp:term":[{"taxonomy":"product_brand","embeddable":true,"href":"https:\/\/morahotell.se\/de\/wp-json\/wp\/v2\/product_brand?post=3229"},{"taxonomy":"product_cat","embeddable":true,"href":"https:\/\/morahotell.se\/de\/wp-json\/wp\/v2\/product_cat?post=3229"},{"taxonomy":"product_tag","embeddable":true,"href":"https:\/\/morahotell.se\/de\/wp-json\/wp\/v2\/product_tag?post=3229"}],"curies":[{"name":"wp","href":"https:\/\/api.w.org\/{rel}","templated":true}]}}