{"id":3228,"date":"2022-04-29T10:46:53","date_gmt":"2022-04-29T08:46:53","guid":{"rendered":"https:\/\/morahotell.se\/produkt\/unkategorisiert\/hyr-egen-bat-i-siljan\/"},"modified":"2023-06-14T14:38:52","modified_gmt":"2023-06-14T12:38:52","slug":"mieten-sie-ein-boot-in-siljan","status":"publish","type":"product","link":"https:\/\/morahotell.se\/de\/produkt\/aktivitaeten\/geschwindigkeit-und-aktion\/mieten-sie-ein-boot-in-siljan\/","title":{"rendered":"Mieten Sie ein Boot in Siljan"},"content":{"rendered":"<p>Eine Aktivit\u00e4t f\u00fcr die ganze Familie mit ein bisschen Luxus im Leben<br \/>\nMieten Sie ein Boot und entdecken Sie die wundersch\u00f6nen Gew\u00e4sser des Siljan- und des Orsa-Sees. Sch\u00f6ne Sandstr\u00e4nde, offene Bereiche f\u00fcr Wassersport und feine Angelgew\u00e4sser.<\/p>\n<p>Das Boot wird zum Kai des Hotels geliefert<\/p>\n<p>Informieren Sie sich direkt bei Dalahyrcenter \u00fcber die verschiedenen Boote<\/p>\n","protected":false},"excerpt":{"rendered":"<p>Eine Aktivit\u00e4t f\u00fcr die ganze Familie mit ein bisschen Luxus im Leben Mieten Sie ein Boot und entdecken Sie die wundersch\u00f6nen Gew\u00e4sser des Siljan- und des Orsa-Sees. Sch\u00f6ne Sandstr\u00e4nde, offene Bereiche f\u00fcr Wassersport und feine Angelgew\u00e4sser. Das Boot wird zum Kai des Hotels geliefert Informieren Sie sich direkt bei Dalahyrcenter \u00fcber die verschiedenen Boote<\/p>\n","protected":false},"featured_media":2194,"comment_status":"closed","ping_status":"closed","template":"","meta":{"_acf_changed":false},"product_brand":[],"product_cat":[71,122,123,125],"product_tag":[189],"class_list":{"0":"post-3228","1":"product","2":"type-product","3":"status-publish","4":"has-post-thumbnail","6":"product_cat-aktivitaeten","7":"product_cat-geschwindigkeit-und-aktion","8":"product_cat-leben-im-freien","9":"product_cat-ruhige-aktivitaeten","10":"product_tag-foerfraagningsprodukt","12":"first","13":"instock","14":"virtual","15":"taxable","16":"product-type-simple"},"acf":[],"yoast_head":"<!-- This site is optimized with the Yoast SEO plugin v26.5 - https:\/\/yoast.com\/wordpress\/plugins\/seo\/ -->\n<title>Mieten Sie ein Boot in Siljan - Mora Hotell &amp; Spa<\/title>\n<meta name=\"description\" content=\"Mieten Sie ein Boot und entdecken Sie die wundersch\u00f6nen Gew\u00e4sser des Siljan- und des Orsa-Sees. Sch\u00f6ne Sandstr\u00e4nde.\" \/>\n<meta name=\"robots\" content=\"index, follow, max-snippet:-1, max-image-preview:large, max-video-preview:-1\" \/>\n<link rel=\"canonical\" href=\"https:\/\/morahotell.se\/de\/produkt\/aktivitaeten\/geschwindigkeit-und-aktion\/mieten-sie-ein-boot-in-siljan\/\" \/>\n<meta property=\"og:locale\" content=\"de_DE\" \/>\n<meta property=\"og:type\" content=\"article\" \/>\n<meta property=\"og:title\" content=\"Mieten Sie ein Boot in Siljan - Mora Hotell &amp; Spa\" \/>\n<meta property=\"og:description\" content=\"Mieten Sie ein Boot und entdecken Sie die wundersch\u00f6nen Gew\u00e4sser des Siljan- und des Orsa-Sees. Sch\u00f6ne Sandstr\u00e4nde.\" \/>\n<meta property=\"og:url\" content=\"https:\/\/morahotell.se\/de\/produkt\/aktivitaeten\/geschwindigkeit-und-aktion\/mieten-sie-ein-boot-in-siljan\/\" \/>\n<meta property=\"og:site_name\" content=\"Mora Hotell &amp; Spa\" \/>\n<meta property=\"article:modified_time\" content=\"2023-06-14T12:38:52+00:00\" \/>\n<meta property=\"og:image\" content=\"https:\/\/morahotell.se\/wp-content\/uploads\/2022\/04\/fiskefa\u0308nge-1.jpg\" \/>\n\t<meta property=\"og:image:width\" content=\"1760\" \/>\n\t<meta property=\"og:image:height\" content=\"2200\" \/>\n\t<meta property=\"og:image:type\" content=\"image\/jpeg\" \/>\n<meta name=\"twitter:card\" content=\"summary_large_image\" \/>\n<script type=\"application\/ld+json\" class=\"yoast-schema-graph\">{\"@context\":\"https:\/\/schema.org\",\"@graph\":[{\"@type\":\"WebPage\",\"@id\":\"https:\/\/morahotell.se\/de\/produkt\/aktivitaeten\/geschwindigkeit-und-aktion\/mieten-sie-ein-boot-in-siljan\/\",\"url\":\"https:\/\/morahotell.se\/de\/produkt\/aktivitaeten\/geschwindigkeit-und-aktion\/mieten-sie-ein-boot-in-siljan\/\",\"name\":\"Mieten Sie ein Boot in Siljan - Mora Hotell &amp; Spa\",\"isPartOf\":{\"@id\":\"https:\/\/morahotell.se\/de\/#website\"},\"primaryImageOfPage\":{\"@id\":\"https:\/\/morahotell.se\/de\/produkt\/aktivitaeten\/geschwindigkeit-und-aktion\/mieten-sie-ein-boot-in-siljan\/#primaryimage\"},\"image\":{\"@id\":\"https:\/\/morahotell.se\/de\/produkt\/aktivitaeten\/geschwindigkeit-und-aktion\/mieten-sie-ein-boot-in-siljan\/#primaryimage\"},\"thumbnailUrl\":\"https:\/\/morahotell.se\/wp-content\/uploads\/2022\/04\/fiskefa\u0308nge-1.jpg\",\"datePublished\":\"2022-04-29T08:46:53+00:00\",\"dateModified\":\"2023-06-14T12:38:52+00:00\",\"description\":\"Mieten Sie ein Boot und entdecken Sie die wundersch\u00f6nen Gew\u00e4sser des Siljan- und des Orsa-Sees. Sch\u00f6ne Sandstr\u00e4nde.\",\"breadcrumb\":{\"@id\":\"https:\/\/morahotell.se\/de\/produkt\/aktivitaeten\/geschwindigkeit-und-aktion\/mieten-sie-ein-boot-in-siljan\/#breadcrumb\"},\"inLanguage\":\"de\",\"potentialAction\":[{\"@type\":\"ReadAction\",\"target\":[\"https:\/\/morahotell.se\/de\/produkt\/aktivitaeten\/geschwindigkeit-und-aktion\/mieten-sie-ein-boot-in-siljan\/\"]}]},{\"@type\":\"ImageObject\",\"inLanguage\":\"de\",\"@id\":\"https:\/\/morahotell.se\/de\/produkt\/aktivitaeten\/geschwindigkeit-und-aktion\/mieten-sie-ein-boot-in-siljan\/#primaryimage\",\"url\":\"https:\/\/morahotell.se\/wp-content\/uploads\/2022\/04\/fiskefa\u0308nge-1.jpg\",\"contentUrl\":\"https:\/\/morahotell.se\/wp-content\/uploads\/2022\/04\/fiskefa\u0308nge-1.jpg\",\"width\":1760,\"height\":2200,\"caption\":\"fiskeb\u00e5r p\u00e5 saxviken i mora\"},{\"@type\":\"BreadcrumbList\",\"@id\":\"https:\/\/morahotell.se\/de\/produkt\/aktivitaeten\/geschwindigkeit-und-aktion\/mieten-sie-ein-boot-in-siljan\/#breadcrumb\",\"itemListElement\":[{\"@type\":\"ListItem\",\"position\":1,\"name\":\"Mora hotell\",\"item\":\"https:\/\/morahotell.se\/de\/\"},{\"@type\":\"ListItem\",\"position\":2,\"name\":\"Reservierung\",\"item\":\"https:\/\/morahotell.se\/de\/reservierung\/\"},{\"@type\":\"ListItem\",\"position\":3,\"name\":\"Aktivit\u00e4ten\",\"item\":\"https:\/\/morahotell.se\/de\/produkt-kategori\/aktivitaeten\/\"},{\"@type\":\"ListItem\",\"position\":4,\"name\":\"Mieten Sie ein Boot in Siljan\"}]},{\"@type\":\"WebSite\",\"@id\":\"https:\/\/morahotell.se\/de\/#website\",\"url\":\"https:\/\/morahotell.se\/de\/\",\"name\":\"Mora Hotell &amp; Spa\",\"description\":\"Fyrstj\u00e4rnigt hotell i Mora, n\u00e4ra Siljan\",\"potentialAction\":[{\"@type\":\"SearchAction\",\"target\":{\"@type\":\"EntryPoint\",\"urlTemplate\":\"https:\/\/morahotell.se\/de\/?s={search_term_string}\"},\"query-input\":{\"@type\":\"PropertyValueSpecification\",\"valueRequired\":true,\"valueName\":\"search_term_string\"}}],\"inLanguage\":\"de\"}]}<\/script>\n<!-- \/ Yoast SEO plugin. -->","yoast_head_json":{"title":"Mieten Sie ein Boot in Siljan - Mora Hotell &amp; Spa","description":"Mieten Sie ein Boot und entdecken Sie die wundersch\u00f6nen Gew\u00e4sser des Siljan- und des Orsa-Sees. Sch\u00f6ne Sandstr\u00e4nde.","robots":{"index":"index","follow":"follow","max-snippet":"max-snippet:-1","max-image-preview":"max-image-preview:large","max-video-preview":"max-video-preview:-1"},"canonical":"https:\/\/morahotell.se\/de\/produkt\/aktivitaeten\/geschwindigkeit-und-aktion\/mieten-sie-ein-boot-in-siljan\/","og_locale":"de_DE","og_type":"article","og_title":"Mieten Sie ein Boot in Siljan - Mora Hotell &amp; Spa","og_description":"Mieten Sie ein Boot und entdecken Sie die wundersch\u00f6nen Gew\u00e4sser des Siljan- und des Orsa-Sees. Sch\u00f6ne Sandstr\u00e4nde.","og_url":"https:\/\/morahotell.se\/de\/produkt\/aktivitaeten\/geschwindigkeit-und-aktion\/mieten-sie-ein-boot-in-siljan\/","og_site_name":"Mora Hotell &amp; Spa","article_modified_time":"2023-06-14T12:38:52+00:00","og_image":[{"width":1760,"height":2200,"url":"https:\/\/morahotell.se\/wp-content\/uploads\/2022\/04\/fiskefa\u0308nge-1.jpg","type":"image\/jpeg"}],"twitter_card":"summary_large_image","schema":{"@context":"https:\/\/schema.org","@graph":[{"@type":"WebPage","@id":"https:\/\/morahotell.se\/de\/produkt\/aktivitaeten\/geschwindigkeit-und-aktion\/mieten-sie-ein-boot-in-siljan\/","url":"https:\/\/morahotell.se\/de\/produkt\/aktivitaeten\/geschwindigkeit-und-aktion\/mieten-sie-ein-boot-in-siljan\/","name":"Mieten Sie ein Boot in Siljan - Mora Hotell &amp; Spa","isPartOf":{"@id":"https:\/\/morahotell.se\/de\/#website"},"primaryImageOfPage":{"@id":"https:\/\/morahotell.se\/de\/produkt\/aktivitaeten\/geschwindigkeit-und-aktion\/mieten-sie-ein-boot-in-siljan\/#primaryimage"},"image":{"@id":"https:\/\/morahotell.se\/de\/produkt\/aktivitaeten\/geschwindigkeit-und-aktion\/mieten-sie-ein-boot-in-siljan\/#primaryimage"},"thumbnailUrl":"https:\/\/morahotell.se\/wp-content\/uploads\/2022\/04\/fiskefa\u0308nge-1.jpg","datePublished":"2022-04-29T08:46:53+00:00","dateModified":"2023-06-14T12:38:52+00:00","description":"Mieten Sie ein Boot und entdecken Sie die wundersch\u00f6nen Gew\u00e4sser des Siljan- und des Orsa-Sees. Sch\u00f6ne Sandstr\u00e4nde.","breadcrumb":{"@id":"https:\/\/morahotell.se\/de\/produkt\/aktivitaeten\/geschwindigkeit-und-aktion\/mieten-sie-ein-boot-in-siljan\/#breadcrumb"},"inLanguage":"de","potentialAction":[{"@type":"ReadAction","target":["https:\/\/morahotell.se\/de\/produkt\/aktivitaeten\/geschwindigkeit-und-aktion\/mieten-sie-ein-boot-in-siljan\/"]}]},{"@type":"ImageObject","inLanguage":"de","@id":"https:\/\/morahotell.se\/de\/produkt\/aktivitaeten\/geschwindigkeit-und-aktion\/mieten-sie-ein-boot-in-siljan\/#primaryimage","url":"https:\/\/morahotell.se\/wp-content\/uploads\/2022\/04\/fiskefa\u0308nge-1.jpg","contentUrl":"https:\/\/morahotell.se\/wp-content\/uploads\/2022\/04\/fiskefa\u0308nge-1.jpg","width":1760,"height":2200,"caption":"fiskeb\u00e5r p\u00e5 saxviken i mora"},{"@type":"BreadcrumbList","@id":"https:\/\/morahotell.se\/de\/produkt\/aktivitaeten\/geschwindigkeit-und-aktion\/mieten-sie-ein-boot-in-siljan\/#breadcrumb","itemListElement":[{"@type":"ListItem","position":1,"name":"Mora hotell","item":"https:\/\/morahotell.se\/de\/"},{"@type":"ListItem","position":2,"name":"Reservierung","item":"https:\/\/morahotell.se\/de\/reservierung\/"},{"@type":"ListItem","position":3,"name":"Aktivit\u00e4ten","item":"https:\/\/morahotell.se\/de\/produkt-kategori\/aktivitaeten\/"},{"@type":"ListItem","position":4,"name":"Mieten Sie ein Boot in Siljan"}]},{"@type":"WebSite","@id":"https:\/\/morahotell.se\/de\/#website","url":"https:\/\/morahotell.se\/de\/","name":"Mora Hotell &amp; Spa","description":"Fyrstj\u00e4rnigt hotell i Mora, n\u00e4ra Siljan","potentialAction":[{"@type":"SearchAction","target":{"@type":"EntryPoint","urlTemplate":"https:\/\/morahotell.se\/de\/?s={search_term_string}"},"query-input":{"@type":"PropertyValueSpecification","valueRequired":true,"valueName":"search_term_string"}}],"inLanguage":"de"}]}},"_links":{"self":[{"href":"https:\/\/morahotell.se\/de\/wp-json\/wp\/v2\/product\/3228","targetHints":{"allow":["GET"]}}],"collection":[{"href":"https:\/\/morahotell.se\/de\/wp-json\/wp\/v2\/product"}],"about":[{"href":"https:\/\/morahotell.se\/de\/wp-json\/wp\/v2\/types\/product"}],"replies":[{"embeddable":true,"href":"https:\/\/morahotell.se\/de\/wp-json\/wp\/v2\/comments?post=3228"}],"wp:featuredmedia":[{"embeddable":true,"href":"https:\/\/morahotell.se\/de\/wp-json\/wp\/v2\/media\/2194"}],"wp:attachment":[{"href":"https:\/\/morahotell.se\/de\/wp-json\/wp\/v2\/media?parent=3228"}],"wp:term":[{"taxonomy":"product_brand","embeddable":true,"href":"https:\/\/morahotell.se\/de\/wp-json\/wp\/v2\/product_brand?post=3228"},{"taxonomy":"product_cat","embeddable":true,"href":"https:\/\/morahotell.se\/de\/wp-json\/wp\/v2\/product_cat?post=3228"},{"taxonomy":"product_tag","embeddable":true,"href":"https:\/\/morahotell.se\/de\/wp-json\/wp\/v2\/product_tag?post=3228"}],"curies":[{"name":"wp","href":"https:\/\/api.w.org\/{rel}","templated":true}]}}