{"id":3225,"date":"2022-04-29T10:56:57","date_gmt":"2022-04-29T08:56:57","guid":{"rendered":"https:\/\/morahotell.se\/produkt\/unkategorisiert\/klattringskurs\/"},"modified":"2023-06-14T14:37:49","modified_gmt":"2023-06-14T12:37:49","slug":"kletterkurs","status":"publish","type":"product","link":"https:\/\/morahotell.se\/de\/produkt\/aktivitaeten\/geschwindigkeit-und-aktion\/kletterkurs\/","title":{"rendered":"Kletterkurs"},"content":{"rendered":"","protected":false},"excerpt":{"rendered":"<p>In Mora und Umgebung gibt es viele sch\u00f6ne Kletterpfade und Klettert\u00fcrme. Kletterkurs kann f\u00fcr Gruppen von mindestens 5 Personen arrangiert werden.<\/p>\n","protected":false},"featured_media":2622,"comment_status":"closed","ping_status":"closed","template":"","meta":{"_acf_changed":false},"product_brand":[],"product_cat":[71,122,123],"product_tag":[186,189],"class_list":{"0":"post-3225","1":"product","2":"type-product","3":"status-publish","4":"has-post-thumbnail","6":"product_cat-aktivitaeten","7":"product_cat-geschwindigkeit-und-aktion","8":"product_cat-leben-im-freien","9":"product_tag-aktiviteter-startsidan-de","10":"product_tag-foerfraagningsprodukt","12":"first","13":"instock","14":"virtual","15":"taxable","16":"purchasable","17":"product-type-simple"},"acf":[],"yoast_head":"<!-- This site is optimized with the Yoast SEO plugin v26.5 - https:\/\/yoast.com\/wordpress\/plugins\/seo\/ -->\n<title>Kletterkurs - Mora Hotell &amp; Spa<\/title>\n<meta name=\"description\" content=\"In Mora und Umgebung gibt es viele sch\u00f6ne Kletterpfade und Klettert\u00fcrme. Gruppen von mindestens 5 Personen arrangiert werden.\" \/>\n<meta name=\"robots\" content=\"index, follow, max-snippet:-1, max-image-preview:large, max-video-preview:-1\" \/>\n<link rel=\"canonical\" href=\"https:\/\/morahotell.se\/de\/produkt\/aktivitaeten\/geschwindigkeit-und-aktion\/kletterkurs\/\" \/>\n<meta property=\"og:locale\" content=\"de_DE\" \/>\n<meta property=\"og:type\" content=\"article\" \/>\n<meta property=\"og:title\" content=\"Kletterkurs - Mora Hotell &amp; Spa\" \/>\n<meta property=\"og:description\" content=\"In Mora und Umgebung gibt es viele sch\u00f6ne Kletterpfade und Klettert\u00fcrme. Gruppen von mindestens 5 Personen arrangiert werden.\" \/>\n<meta property=\"og:url\" content=\"https:\/\/morahotell.se\/de\/produkt\/aktivitaeten\/geschwindigkeit-und-aktion\/kletterkurs\/\" \/>\n<meta property=\"og:site_name\" content=\"Mora Hotell &amp; Spa\" \/>\n<meta property=\"article:modified_time\" content=\"2023-06-14T12:37:49+00:00\" \/>\n<meta property=\"og:image\" content=\"https:\/\/morahotell.se\/wp-content\/uploads\/2022\/04\/shutterstock_435336265-1-scaled.jpg\" \/>\n\t<meta property=\"og:image:width\" content=\"2560\" \/>\n\t<meta property=\"og:image:height\" content=\"1703\" \/>\n\t<meta property=\"og:image:type\" content=\"image\/jpeg\" \/>\n<meta name=\"twitter:card\" content=\"summary_large_image\" \/>\n<script type=\"application\/ld+json\" class=\"yoast-schema-graph\">{\"@context\":\"https:\/\/schema.org\",\"@graph\":[{\"@type\":\"WebPage\",\"@id\":\"https:\/\/morahotell.se\/de\/produkt\/aktivitaeten\/geschwindigkeit-und-aktion\/kletterkurs\/\",\"url\":\"https:\/\/morahotell.se\/de\/produkt\/aktivitaeten\/geschwindigkeit-und-aktion\/kletterkurs\/\",\"name\":\"Kletterkurs - Mora Hotell &amp; Spa\",\"isPartOf\":{\"@id\":\"https:\/\/morahotell.se\/de\/#website\"},\"primaryImageOfPage\":{\"@id\":\"https:\/\/morahotell.se\/de\/produkt\/aktivitaeten\/geschwindigkeit-und-aktion\/kletterkurs\/#primaryimage\"},\"image\":{\"@id\":\"https:\/\/morahotell.se\/de\/produkt\/aktivitaeten\/geschwindigkeit-und-aktion\/kletterkurs\/#primaryimage\"},\"thumbnailUrl\":\"https:\/\/morahotell.se\/wp-content\/uploads\/2022\/04\/shutterstock_435336265-1-scaled.jpg\",\"datePublished\":\"2022-04-29T08:56:57+00:00\",\"dateModified\":\"2023-06-14T12:37:49+00:00\",\"description\":\"In Mora und Umgebung gibt es viele sch\u00f6ne Kletterpfade und Klettert\u00fcrme. Gruppen von mindestens 5 Personen arrangiert werden.\",\"breadcrumb\":{\"@id\":\"https:\/\/morahotell.se\/de\/produkt\/aktivitaeten\/geschwindigkeit-und-aktion\/kletterkurs\/#breadcrumb\"},\"inLanguage\":\"de\",\"potentialAction\":[{\"@type\":\"ReadAction\",\"target\":[\"https:\/\/morahotell.se\/de\/produkt\/aktivitaeten\/geschwindigkeit-und-aktion\/kletterkurs\/\"]}]},{\"@type\":\"ImageObject\",\"inLanguage\":\"de\",\"@id\":\"https:\/\/morahotell.se\/de\/produkt\/aktivitaeten\/geschwindigkeit-und-aktion\/kletterkurs\/#primaryimage\",\"url\":\"https:\/\/morahotell.se\/wp-content\/uploads\/2022\/04\/shutterstock_435336265-1-scaled.jpg\",\"contentUrl\":\"https:\/\/morahotell.se\/wp-content\/uploads\/2022\/04\/shutterstock_435336265-1-scaled.jpg\",\"width\":2560,\"height\":1703},{\"@type\":\"BreadcrumbList\",\"@id\":\"https:\/\/morahotell.se\/de\/produkt\/aktivitaeten\/geschwindigkeit-und-aktion\/kletterkurs\/#breadcrumb\",\"itemListElement\":[{\"@type\":\"ListItem\",\"position\":1,\"name\":\"Mora hotell\",\"item\":\"https:\/\/morahotell.se\/de\/\"},{\"@type\":\"ListItem\",\"position\":2,\"name\":\"Reservierung\",\"item\":\"https:\/\/morahotell.se\/de\/reservierung\/\"},{\"@type\":\"ListItem\",\"position\":3,\"name\":\"Aktivit\u00e4ten\",\"item\":\"https:\/\/morahotell.se\/de\/produkt-kategori\/aktivitaeten\/\"},{\"@type\":\"ListItem\",\"position\":4,\"name\":\"Kletterkurs\"}]},{\"@type\":\"WebSite\",\"@id\":\"https:\/\/morahotell.se\/de\/#website\",\"url\":\"https:\/\/morahotell.se\/de\/\",\"name\":\"Mora Hotell &amp; Spa\",\"description\":\"Fyrstj\u00e4rnigt hotell i Mora, n\u00e4ra Siljan\",\"potentialAction\":[{\"@type\":\"SearchAction\",\"target\":{\"@type\":\"EntryPoint\",\"urlTemplate\":\"https:\/\/morahotell.se\/de\/?s={search_term_string}\"},\"query-input\":{\"@type\":\"PropertyValueSpecification\",\"valueRequired\":true,\"valueName\":\"search_term_string\"}}],\"inLanguage\":\"de\"}]}<\/script>\n<!-- \/ Yoast SEO plugin. -->","yoast_head_json":{"title":"Kletterkurs - Mora Hotell &amp; Spa","description":"In Mora und Umgebung gibt es viele sch\u00f6ne Kletterpfade und Klettert\u00fcrme. Gruppen von mindestens 5 Personen arrangiert werden.","robots":{"index":"index","follow":"follow","max-snippet":"max-snippet:-1","max-image-preview":"max-image-preview:large","max-video-preview":"max-video-preview:-1"},"canonical":"https:\/\/morahotell.se\/de\/produkt\/aktivitaeten\/geschwindigkeit-und-aktion\/kletterkurs\/","og_locale":"de_DE","og_type":"article","og_title":"Kletterkurs - Mora Hotell &amp; Spa","og_description":"In Mora und Umgebung gibt es viele sch\u00f6ne Kletterpfade und Klettert\u00fcrme. Gruppen von mindestens 5 Personen arrangiert werden.","og_url":"https:\/\/morahotell.se\/de\/produkt\/aktivitaeten\/geschwindigkeit-und-aktion\/kletterkurs\/","og_site_name":"Mora Hotell &amp; Spa","article_modified_time":"2023-06-14T12:37:49+00:00","og_image":[{"width":2560,"height":1703,"url":"https:\/\/morahotell.se\/wp-content\/uploads\/2022\/04\/shutterstock_435336265-1-scaled.jpg","type":"image\/jpeg"}],"twitter_card":"summary_large_image","schema":{"@context":"https:\/\/schema.org","@graph":[{"@type":"WebPage","@id":"https:\/\/morahotell.se\/de\/produkt\/aktivitaeten\/geschwindigkeit-und-aktion\/kletterkurs\/","url":"https:\/\/morahotell.se\/de\/produkt\/aktivitaeten\/geschwindigkeit-und-aktion\/kletterkurs\/","name":"Kletterkurs - Mora Hotell &amp; Spa","isPartOf":{"@id":"https:\/\/morahotell.se\/de\/#website"},"primaryImageOfPage":{"@id":"https:\/\/morahotell.se\/de\/produkt\/aktivitaeten\/geschwindigkeit-und-aktion\/kletterkurs\/#primaryimage"},"image":{"@id":"https:\/\/morahotell.se\/de\/produkt\/aktivitaeten\/geschwindigkeit-und-aktion\/kletterkurs\/#primaryimage"},"thumbnailUrl":"https:\/\/morahotell.se\/wp-content\/uploads\/2022\/04\/shutterstock_435336265-1-scaled.jpg","datePublished":"2022-04-29T08:56:57+00:00","dateModified":"2023-06-14T12:37:49+00:00","description":"In Mora und Umgebung gibt es viele sch\u00f6ne Kletterpfade und Klettert\u00fcrme. Gruppen von mindestens 5 Personen arrangiert werden.","breadcrumb":{"@id":"https:\/\/morahotell.se\/de\/produkt\/aktivitaeten\/geschwindigkeit-und-aktion\/kletterkurs\/#breadcrumb"},"inLanguage":"de","potentialAction":[{"@type":"ReadAction","target":["https:\/\/morahotell.se\/de\/produkt\/aktivitaeten\/geschwindigkeit-und-aktion\/kletterkurs\/"]}]},{"@type":"ImageObject","inLanguage":"de","@id":"https:\/\/morahotell.se\/de\/produkt\/aktivitaeten\/geschwindigkeit-und-aktion\/kletterkurs\/#primaryimage","url":"https:\/\/morahotell.se\/wp-content\/uploads\/2022\/04\/shutterstock_435336265-1-scaled.jpg","contentUrl":"https:\/\/morahotell.se\/wp-content\/uploads\/2022\/04\/shutterstock_435336265-1-scaled.jpg","width":2560,"height":1703},{"@type":"BreadcrumbList","@id":"https:\/\/morahotell.se\/de\/produkt\/aktivitaeten\/geschwindigkeit-und-aktion\/kletterkurs\/#breadcrumb","itemListElement":[{"@type":"ListItem","position":1,"name":"Mora hotell","item":"https:\/\/morahotell.se\/de\/"},{"@type":"ListItem","position":2,"name":"Reservierung","item":"https:\/\/morahotell.se\/de\/reservierung\/"},{"@type":"ListItem","position":3,"name":"Aktivit\u00e4ten","item":"https:\/\/morahotell.se\/de\/produkt-kategori\/aktivitaeten\/"},{"@type":"ListItem","position":4,"name":"Kletterkurs"}]},{"@type":"WebSite","@id":"https:\/\/morahotell.se\/de\/#website","url":"https:\/\/morahotell.se\/de\/","name":"Mora Hotell &amp; Spa","description":"Fyrstj\u00e4rnigt hotell i Mora, n\u00e4ra Siljan","potentialAction":[{"@type":"SearchAction","target":{"@type":"EntryPoint","urlTemplate":"https:\/\/morahotell.se\/de\/?s={search_term_string}"},"query-input":{"@type":"PropertyValueSpecification","valueRequired":true,"valueName":"search_term_string"}}],"inLanguage":"de"}]}},"_links":{"self":[{"href":"https:\/\/morahotell.se\/de\/wp-json\/wp\/v2\/product\/3225","targetHints":{"allow":["GET"]}}],"collection":[{"href":"https:\/\/morahotell.se\/de\/wp-json\/wp\/v2\/product"}],"about":[{"href":"https:\/\/morahotell.se\/de\/wp-json\/wp\/v2\/types\/product"}],"replies":[{"embeddable":true,"href":"https:\/\/morahotell.se\/de\/wp-json\/wp\/v2\/comments?post=3225"}],"wp:featuredmedia":[{"embeddable":true,"href":"https:\/\/morahotell.se\/de\/wp-json\/wp\/v2\/media\/2622"}],"wp:attachment":[{"href":"https:\/\/morahotell.se\/de\/wp-json\/wp\/v2\/media?parent=3225"}],"wp:term":[{"taxonomy":"product_brand","embeddable":true,"href":"https:\/\/morahotell.se\/de\/wp-json\/wp\/v2\/product_brand?post=3225"},{"taxonomy":"product_cat","embeddable":true,"href":"https:\/\/morahotell.se\/de\/wp-json\/wp\/v2\/product_cat?post=3225"},{"taxonomy":"product_tag","embeddable":true,"href":"https:\/\/morahotell.se\/de\/wp-json\/wp\/v2\/product_tag?post=3225"}],"curies":[{"name":"wp","href":"https:\/\/api.w.org\/{rel}","templated":true}]}}