{"id":3221,"date":"2022-04-29T10:59:56","date_gmt":"2022-04-29T08:59:56","guid":{"rendered":"https:\/\/morahotell.se\/produkt\/unkategorisiert\/spaklubb\/"},"modified":"2023-06-14T14:37:45","modified_gmt":"2023-06-14T12:37:45","slug":"spa-club","status":"publish","type":"product","link":"https:\/\/morahotell.se\/de\/produkt\/aktivitaeten\/spa-club\/","title":{"rendered":"Spa-Club"},"content":{"rendered":"<p>Jeden Donnerstag freier Eintritt in die Spa-Abteilung mit Bademantel, Slipper, Handtuch<br \/>\n995: &#8211; \/ f\u00fcr Herbst- \/ Fr\u00fchjahrssemester<br \/>\nKommen Sie jeden Donnerstag ins Spa und genie\u00dfen Sie einen Mitgliederrabatt auf Produkte und Dienstleistungen.<\/p>\n<p>Entspannende Umgebung mit Dampfsauna, Pool, Whirlpools und Trockensauna<\/p>\n<p>In den Herbst-\/Sportferien sowie Weihnachten-Neujahr ist der Club geschlossen,<br \/>\n________________________________________________________________________________<\/p>\n<p>M\u00f6chten Sie Spa and Relax f\u00fcr einen ganzen Tag f\u00fcr 1-8 Personen mieten? Preis 2800: &#8211; inkl. Bademantel, Handtuch, Hausschuhe und Spa-Ritual, Sonntag-Mittwoch<\/p>\n","protected":false},"excerpt":{"rendered":"<p>Werden Sie Mitglied in unserem Spa-Club<\/p>\n<p>Rabatt auf Spa-Produkte und Behandlungen (20 %)<\/p>\n","protected":false},"featured_media":2748,"comment_status":"closed","ping_status":"closed","template":"","meta":{"_acf_changed":false},"product_brand":[],"product_cat":[71,125],"product_tag":[189],"class_list":{"0":"post-3221","1":"product","2":"type-product","3":"status-publish","4":"has-post-thumbnail","6":"product_cat-aktivitaeten","7":"product_cat-ruhige-aktivitaeten","8":"product_tag-foerfraagningsprodukt","10":"first","11":"instock","12":"virtual","13":"taxable","14":"purchasable","15":"product-type-simple"},"acf":[],"_links":{"self":[{"href":"https:\/\/morahotell.se\/de\/wp-json\/wp\/v2\/product\/3221","targetHints":{"allow":["GET"]}}],"collection":[{"href":"https:\/\/morahotell.se\/de\/wp-json\/wp\/v2\/product"}],"about":[{"href":"https:\/\/morahotell.se\/de\/wp-json\/wp\/v2\/types\/product"}],"replies":[{"embeddable":true,"href":"https:\/\/morahotell.se\/de\/wp-json\/wp\/v2\/comments?post=3221"}],"wp:featuredmedia":[{"embeddable":true,"href":"https:\/\/morahotell.se\/de\/wp-json\/wp\/v2\/media\/2748"}],"wp:attachment":[{"href":"https:\/\/morahotell.se\/de\/wp-json\/wp\/v2\/media?parent=3221"}],"wp:term":[{"taxonomy":"product_brand","embeddable":true,"href":"https:\/\/morahotell.se\/de\/wp-json\/wp\/v2\/product_brand?post=3221"},{"taxonomy":"product_cat","embeddable":true,"href":"https:\/\/morahotell.se\/de\/wp-json\/wp\/v2\/product_cat?post=3221"},{"taxonomy":"product_tag","embeddable":true,"href":"https:\/\/morahotell.se\/de\/wp-json\/wp\/v2\/product_tag?post=3221"}],"curies":[{"name":"wp","href":"https:\/\/api.w.org\/{rel}","templated":true}]}}