{"id":3217,"date":"2022-04-29T11:05:00","date_gmt":"2022-04-29T09:05:00","guid":{"rendered":"https:\/\/morahotell.se\/produkt\/unkategorisiert\/zorn-middag\/"},"modified":"2025-11-11T10:09:13","modified_gmt":"2025-11-11T09:09:13","slug":"zorn-abendessen","status":"publish","type":"product","link":"https:\/\/morahotell.se\/de\/produkt\/aktivitaeten\/trinken-schmecken\/zorn-abendessen\/","title":{"rendered":"Zorn-Abendessen"},"content":{"rendered":"<p>Diese Dinnerparty ist inspiriert vom Abendessen des 19. Jahrhunderts mit Rezepten aus der K\u00fcche von Zorng\u00e5rden. Die Einladung findet in unserem Raum namens The Artist statt. Es ist derselbe Raum, den Anders und Emma Zorn nutzten, als Besucher wie Karin und Carl Larsson, Selma Lagerl\u00f6f, Prins Eugen, August Strindberg, Erik Axel Karlfeldt, Albert Engstr\u00f6m und Bruno Liljefors Mora besuchten. Sp\u00fcren Sie die Fl\u00fcgel der Geschichte, w\u00e4hrend Sie essen.<\/p>\n<p>Zorn Men\u00fc 3 Gerichte<\/p>\n<p>Vichyssoise<\/p>\n<p>Sautierte Zwiebeln, Wurzelgem\u00fcsechips und Sauerrahm<\/p>\n<p>Dala-schwein<\/p>\n<p>Apfelkompott, Wurzelgem\u00fcse, Schweinefleisch<\/p>\n<p>Birnenkuchen<\/p>\n<p>Preiselbeercreme, ger\u00f6stete Mandeln, in Cognac marinierte Beeren<\/p>\n<p>Nicht buchbar zwischen v.48-v.9 und v.26-32 sowie abends und an Feiertagen.<\/p>\n<p>F\u00dcR GRUPPEN VON VIER ODER MEHR<br \/>\nSO FINDEN SIE TREFFER<\/p>\n<p>Pries: 545 SEK<\/p>\n","protected":false},"excerpt":{"rendered":"<p>Abendessen beim K\u00fcnstlerehepaar Anders und Emma Zorn. Das Abendessen ist vom 19. Jahrhundert inspiriert und etwas Au\u00dfergew\u00f6hnliches. Sitzpl\u00e4tze werden ab vier Personen gebucht.<\/p>\n","protected":false},"featured_media":2931,"comment_status":"closed","ping_status":"closed","template":"","meta":{"_acf_changed":false},"product_brand":[],"product_cat":[71,125,58],"product_tag":[186,189],"class_list":{"0":"post-3217","1":"product","2":"type-product","3":"status-publish","4":"has-post-thumbnail","6":"product_cat-aktivitaeten","7":"product_cat-ruhige-aktivitaeten","8":"product_cat-trinken-schmecken","9":"product_tag-aktiviteter-startsidan-de","10":"product_tag-foerfraagningsprodukt","12":"first","13":"instock","14":"virtual","15":"taxable","16":"purchasable","17":"product-type-simple"},"acf":[],"yoast_head":"<!-- This site is optimized with the Yoast SEO plugin v26.5 - https:\/\/yoast.com\/wordpress\/plugins\/seo\/ -->\n<title>Zorn-Abendessen - Mora Hotell &amp; Spa<\/title>\n<meta name=\"description\" content=\"Speisen Sie wie die K\u00fcnstler Anders und Emma Zorn. Das Men\u00fc ist vom 19. Jahrhundert inspiriert und ist etwas ganz Besonderes.\" \/>\n<meta name=\"robots\" content=\"index, follow, max-snippet:-1, max-image-preview:large, max-video-preview:-1\" \/>\n<link rel=\"canonical\" href=\"https:\/\/morahotell.se\/de\/produkt\/aktivitaeten\/trinken-schmecken\/zorn-abendessen\/\" \/>\n<meta property=\"og:locale\" content=\"de_DE\" \/>\n<meta property=\"og:type\" content=\"article\" \/>\n<meta property=\"og:title\" content=\"Zorn-Abendessen - Mora Hotell &amp; Spa\" \/>\n<meta property=\"og:description\" content=\"Speisen Sie wie die K\u00fcnstler Anders und Emma Zorn. Das Men\u00fc ist vom 19. Jahrhundert inspiriert und ist etwas ganz Besonderes.\" \/>\n<meta property=\"og:url\" content=\"https:\/\/morahotell.se\/de\/produkt\/aktivitaeten\/trinken-schmecken\/zorn-abendessen\/\" \/>\n<meta property=\"og:site_name\" content=\"Mora Hotell &amp; Spa\" \/>\n<meta property=\"article:modified_time\" content=\"2025-11-11T09:09:13+00:00\" \/>\n<meta property=\"og:image\" content=\"https:\/\/morahotell.se\/wp-content\/uploads\/2022\/04\/zorn-e1653298871928.png\" \/>\n\t<meta property=\"og:image:width\" content=\"1000\" \/>\n\t<meta property=\"og:image:height\" content=\"1000\" \/>\n\t<meta property=\"og:image:type\" content=\"image\/png\" \/>\n<meta name=\"twitter:card\" content=\"summary_large_image\" \/>\n<meta name=\"twitter:label1\" content=\"Gesch\u00e4tzte Lesezeit\" \/>\n\t<meta name=\"twitter:data1\" content=\"1\u00a0Minute\" \/>\n<script type=\"application\/ld+json\" class=\"yoast-schema-graph\">{\"@context\":\"https:\/\/schema.org\",\"@graph\":[{\"@type\":\"WebPage\",\"@id\":\"https:\/\/morahotell.se\/de\/produkt\/aktivitaeten\/trinken-schmecken\/zorn-abendessen\/\",\"url\":\"https:\/\/morahotell.se\/de\/produkt\/aktivitaeten\/trinken-schmecken\/zorn-abendessen\/\",\"name\":\"Zorn-Abendessen - Mora Hotell &amp; Spa\",\"isPartOf\":{\"@id\":\"https:\/\/morahotell.se\/de\/#website\"},\"primaryImageOfPage\":{\"@id\":\"https:\/\/morahotell.se\/de\/produkt\/aktivitaeten\/trinken-schmecken\/zorn-abendessen\/#primaryimage\"},\"image\":{\"@id\":\"https:\/\/morahotell.se\/de\/produkt\/aktivitaeten\/trinken-schmecken\/zorn-abendessen\/#primaryimage\"},\"thumbnailUrl\":\"https:\/\/morahotell.se\/wp-content\/uploads\/2022\/04\/zorn-e1653298871928.png\",\"datePublished\":\"2022-04-29T09:05:00+00:00\",\"dateModified\":\"2025-11-11T09:09:13+00:00\",\"description\":\"Speisen Sie wie die K\u00fcnstler Anders und Emma Zorn. Das Men\u00fc ist vom 19. Jahrhundert inspiriert und ist etwas ganz Besonderes.\",\"breadcrumb\":{\"@id\":\"https:\/\/morahotell.se\/de\/produkt\/aktivitaeten\/trinken-schmecken\/zorn-abendessen\/#breadcrumb\"},\"inLanguage\":\"de\",\"potentialAction\":[{\"@type\":\"ReadAction\",\"target\":[\"https:\/\/morahotell.se\/de\/produkt\/aktivitaeten\/trinken-schmecken\/zorn-abendessen\/\"]}]},{\"@type\":\"ImageObject\",\"inLanguage\":\"de\",\"@id\":\"https:\/\/morahotell.se\/de\/produkt\/aktivitaeten\/trinken-schmecken\/zorn-abendessen\/#primaryimage\",\"url\":\"https:\/\/morahotell.se\/wp-content\/uploads\/2022\/04\/zorn-e1653298871928.png\",\"contentUrl\":\"https:\/\/morahotell.se\/wp-content\/uploads\/2022\/04\/zorn-e1653298871928.png\",\"width\":1000,\"height\":1000},{\"@type\":\"BreadcrumbList\",\"@id\":\"https:\/\/morahotell.se\/de\/produkt\/aktivitaeten\/trinken-schmecken\/zorn-abendessen\/#breadcrumb\",\"itemListElement\":[{\"@type\":\"ListItem\",\"position\":1,\"name\":\"Mora hotell\",\"item\":\"https:\/\/morahotell.se\/de\/\"},{\"@type\":\"ListItem\",\"position\":2,\"name\":\"Reservierung\",\"item\":\"https:\/\/morahotell.se\/de\/reservierung\/\"},{\"@type\":\"ListItem\",\"position\":3,\"name\":\"Aktivit\u00e4ten\",\"item\":\"https:\/\/morahotell.se\/de\/produkt-kategori\/aktivitaeten\/\"},{\"@type\":\"ListItem\",\"position\":4,\"name\":\"Zorn-Abendessen\"}]},{\"@type\":\"WebSite\",\"@id\":\"https:\/\/morahotell.se\/de\/#website\",\"url\":\"https:\/\/morahotell.se\/de\/\",\"name\":\"Mora Hotell &amp; Spa\",\"description\":\"Fyrstj\u00e4rnigt hotell i Mora, n\u00e4ra Siljan\",\"potentialAction\":[{\"@type\":\"SearchAction\",\"target\":{\"@type\":\"EntryPoint\",\"urlTemplate\":\"https:\/\/morahotell.se\/de\/?s={search_term_string}\"},\"query-input\":{\"@type\":\"PropertyValueSpecification\",\"valueRequired\":true,\"valueName\":\"search_term_string\"}}],\"inLanguage\":\"de\"}]}<\/script>\n<!-- \/ Yoast SEO plugin. -->","yoast_head_json":{"title":"Zorn-Abendessen - Mora Hotell &amp; Spa","description":"Speisen Sie wie die K\u00fcnstler Anders und Emma Zorn. Das Men\u00fc ist vom 19. Jahrhundert inspiriert und ist etwas ganz Besonderes.","robots":{"index":"index","follow":"follow","max-snippet":"max-snippet:-1","max-image-preview":"max-image-preview:large","max-video-preview":"max-video-preview:-1"},"canonical":"https:\/\/morahotell.se\/de\/produkt\/aktivitaeten\/trinken-schmecken\/zorn-abendessen\/","og_locale":"de_DE","og_type":"article","og_title":"Zorn-Abendessen - Mora Hotell &amp; Spa","og_description":"Speisen Sie wie die K\u00fcnstler Anders und Emma Zorn. Das Men\u00fc ist vom 19. Jahrhundert inspiriert und ist etwas ganz Besonderes.","og_url":"https:\/\/morahotell.se\/de\/produkt\/aktivitaeten\/trinken-schmecken\/zorn-abendessen\/","og_site_name":"Mora Hotell &amp; Spa","article_modified_time":"2025-11-11T09:09:13+00:00","og_image":[{"width":1000,"height":1000,"url":"https:\/\/morahotell.se\/wp-content\/uploads\/2022\/04\/zorn-e1653298871928.png","type":"image\/png"}],"twitter_card":"summary_large_image","twitter_misc":{"Gesch\u00e4tzte Lesezeit":"1\u00a0Minute"},"schema":{"@context":"https:\/\/schema.org","@graph":[{"@type":"WebPage","@id":"https:\/\/morahotell.se\/de\/produkt\/aktivitaeten\/trinken-schmecken\/zorn-abendessen\/","url":"https:\/\/morahotell.se\/de\/produkt\/aktivitaeten\/trinken-schmecken\/zorn-abendessen\/","name":"Zorn-Abendessen - Mora Hotell &amp; Spa","isPartOf":{"@id":"https:\/\/morahotell.se\/de\/#website"},"primaryImageOfPage":{"@id":"https:\/\/morahotell.se\/de\/produkt\/aktivitaeten\/trinken-schmecken\/zorn-abendessen\/#primaryimage"},"image":{"@id":"https:\/\/morahotell.se\/de\/produkt\/aktivitaeten\/trinken-schmecken\/zorn-abendessen\/#primaryimage"},"thumbnailUrl":"https:\/\/morahotell.se\/wp-content\/uploads\/2022\/04\/zorn-e1653298871928.png","datePublished":"2022-04-29T09:05:00+00:00","dateModified":"2025-11-11T09:09:13+00:00","description":"Speisen Sie wie die K\u00fcnstler Anders und Emma Zorn. Das Men\u00fc ist vom 19. Jahrhundert inspiriert und ist etwas ganz Besonderes.","breadcrumb":{"@id":"https:\/\/morahotell.se\/de\/produkt\/aktivitaeten\/trinken-schmecken\/zorn-abendessen\/#breadcrumb"},"inLanguage":"de","potentialAction":[{"@type":"ReadAction","target":["https:\/\/morahotell.se\/de\/produkt\/aktivitaeten\/trinken-schmecken\/zorn-abendessen\/"]}]},{"@type":"ImageObject","inLanguage":"de","@id":"https:\/\/morahotell.se\/de\/produkt\/aktivitaeten\/trinken-schmecken\/zorn-abendessen\/#primaryimage","url":"https:\/\/morahotell.se\/wp-content\/uploads\/2022\/04\/zorn-e1653298871928.png","contentUrl":"https:\/\/morahotell.se\/wp-content\/uploads\/2022\/04\/zorn-e1653298871928.png","width":1000,"height":1000},{"@type":"BreadcrumbList","@id":"https:\/\/morahotell.se\/de\/produkt\/aktivitaeten\/trinken-schmecken\/zorn-abendessen\/#breadcrumb","itemListElement":[{"@type":"ListItem","position":1,"name":"Mora hotell","item":"https:\/\/morahotell.se\/de\/"},{"@type":"ListItem","position":2,"name":"Reservierung","item":"https:\/\/morahotell.se\/de\/reservierung\/"},{"@type":"ListItem","position":3,"name":"Aktivit\u00e4ten","item":"https:\/\/morahotell.se\/de\/produkt-kategori\/aktivitaeten\/"},{"@type":"ListItem","position":4,"name":"Zorn-Abendessen"}]},{"@type":"WebSite","@id":"https:\/\/morahotell.se\/de\/#website","url":"https:\/\/morahotell.se\/de\/","name":"Mora Hotell &amp; Spa","description":"Fyrstj\u00e4rnigt hotell i Mora, n\u00e4ra Siljan","potentialAction":[{"@type":"SearchAction","target":{"@type":"EntryPoint","urlTemplate":"https:\/\/morahotell.se\/de\/?s={search_term_string}"},"query-input":{"@type":"PropertyValueSpecification","valueRequired":true,"valueName":"search_term_string"}}],"inLanguage":"de"}]}},"_links":{"self":[{"href":"https:\/\/morahotell.se\/de\/wp-json\/wp\/v2\/product\/3217","targetHints":{"allow":["GET"]}}],"collection":[{"href":"https:\/\/morahotell.se\/de\/wp-json\/wp\/v2\/product"}],"about":[{"href":"https:\/\/morahotell.se\/de\/wp-json\/wp\/v2\/types\/product"}],"replies":[{"embeddable":true,"href":"https:\/\/morahotell.se\/de\/wp-json\/wp\/v2\/comments?post=3217"}],"wp:featuredmedia":[{"embeddable":true,"href":"https:\/\/morahotell.se\/de\/wp-json\/wp\/v2\/media\/2931"}],"wp:attachment":[{"href":"https:\/\/morahotell.se\/de\/wp-json\/wp\/v2\/media?parent=3217"}],"wp:term":[{"taxonomy":"product_brand","embeddable":true,"href":"https:\/\/morahotell.se\/de\/wp-json\/wp\/v2\/product_brand?post=3217"},{"taxonomy":"product_cat","embeddable":true,"href":"https:\/\/morahotell.se\/de\/wp-json\/wp\/v2\/product_cat?post=3217"},{"taxonomy":"product_tag","embeddable":true,"href":"https:\/\/morahotell.se\/de\/wp-json\/wp\/v2\/product_tag?post=3217"}],"curies":[{"name":"wp","href":"https:\/\/api.w.org\/{rel}","templated":true}]}}