{"id":3172,"date":"2022-04-29T11:44:01","date_gmt":"2022-04-29T09:44:01","guid":{"rendered":"https:\/\/morahotell.se\/produkt\/unkategorisiert\/whiskeyprovning\/"},"modified":"2022-06-10T15:21:53","modified_gmt":"2022-06-10T13:21:53","slug":"whisky-verkostung","status":"publish","type":"product","link":"https:\/\/morahotell.se\/de\/produkt\/aktivitaeten\/trinken-schmecken\/whisky-verkostung\/","title":{"rendered":"Whisky-Verkostung"},"content":{"rendered":"<p>Das Sortiment repr\u00e4sentiert Indien, Irland, Japan, Schottland, Schweden und die USA. Sie probieren eine Auswahl aus Teilen Schottlands und dem Rest der Welt<\/p>\n","protected":false},"excerpt":{"rendered":"<p>Probieren Sie edle Getr\u00e4nke und erfahren Sie mehr dar\u00fcber. Wir haben zwei talentierte Sommeliers im Hotel, die die Getr\u00e4nke pr\u00e4sentieren. Sie m\u00fcssen mindestens vier Personen sein, um eine Getr\u00e4nkeprobe zu buchen. Buchen Sie hier eine Getr\u00e4nkeverkostung im Voraus.<\/p>\n","protected":false},"featured_media":1877,"comment_status":"closed","ping_status":"closed","template":"","meta":{"_acf_changed":false},"product_brand":[],"product_cat":[58],"product_tag":[189],"class_list":{"0":"post-3172","1":"product","2":"type-product","3":"status-publish","4":"has-post-thumbnail","6":"product_cat-trinken-schmecken","7":"product_tag-foerfraagningsprodukt","9":"first","10":"instock","11":"virtual","12":"taxable","13":"purchasable","14":"product-type-simple"},"acf":[],"yoast_head":"<!-- This site is optimized with the Yoast SEO plugin v26.5 - https:\/\/yoast.com\/wordpress\/plugins\/seo\/ -->\n<title>Whisky-Verkostung - Mora Hotell &amp; Spa<\/title>\n<meta name=\"description\" content=\"Kam zur Whisky verkostung. Wir haben eine gro\u00dfe Auswahl an Aromen aus der ganzen Welt. Erfahren Sie mehr \u00fcber Whisky und seine Aromen.\" \/>\n<meta name=\"robots\" content=\"index, follow, max-snippet:-1, max-image-preview:large, max-video-preview:-1\" \/>\n<link rel=\"canonical\" href=\"https:\/\/morahotell.se\/de\/produkt\/aktivitaeten\/trinken-schmecken\/whisky-verkostung\/\" \/>\n<meta property=\"og:locale\" content=\"de_DE\" \/>\n<meta property=\"og:type\" content=\"article\" \/>\n<meta property=\"og:title\" content=\"Whisky-Verkostung - Mora Hotell &amp; Spa\" \/>\n<meta property=\"og:description\" content=\"Kam zur Whisky verkostung. Wir haben eine gro\u00dfe Auswahl an Aromen aus der ganzen Welt. Erfahren Sie mehr \u00fcber Whisky und seine Aromen.\" \/>\n<meta property=\"og:url\" content=\"https:\/\/morahotell.se\/de\/produkt\/aktivitaeten\/trinken-schmecken\/whisky-verkostung\/\" \/>\n<meta property=\"og:site_name\" content=\"Mora Hotell &amp; Spa\" \/>\n<meta property=\"article:modified_time\" content=\"2022-06-10T13:21:53+00:00\" \/>\n<meta property=\"og:image\" content=\"https:\/\/morahotell.se\/wp-content\/uploads\/2022\/04\/dryckesprovning-1.jpg\" \/>\n\t<meta property=\"og:image:width\" content=\"1000\" \/>\n\t<meta property=\"og:image:height\" content=\"667\" \/>\n\t<meta property=\"og:image:type\" content=\"image\/jpeg\" \/>\n<meta name=\"twitter:card\" content=\"summary_large_image\" \/>\n<script type=\"application\/ld+json\" class=\"yoast-schema-graph\">{\"@context\":\"https:\/\/schema.org\",\"@graph\":[{\"@type\":\"WebPage\",\"@id\":\"https:\/\/morahotell.se\/de\/produkt\/aktivitaeten\/trinken-schmecken\/whisky-verkostung\/\",\"url\":\"https:\/\/morahotell.se\/de\/produkt\/aktivitaeten\/trinken-schmecken\/whisky-verkostung\/\",\"name\":\"Whisky-Verkostung - Mora Hotell &amp; Spa\",\"isPartOf\":{\"@id\":\"https:\/\/morahotell.se\/de\/#website\"},\"primaryImageOfPage\":{\"@id\":\"https:\/\/morahotell.se\/de\/produkt\/aktivitaeten\/trinken-schmecken\/whisky-verkostung\/#primaryimage\"},\"image\":{\"@id\":\"https:\/\/morahotell.se\/de\/produkt\/aktivitaeten\/trinken-schmecken\/whisky-verkostung\/#primaryimage\"},\"thumbnailUrl\":\"https:\/\/morahotell.se\/wp-content\/uploads\/2022\/04\/dryckesprovning-1.jpg\",\"datePublished\":\"2022-04-29T09:44:01+00:00\",\"dateModified\":\"2022-06-10T13:21:53+00:00\",\"description\":\"Kam zur Whisky verkostung. Wir haben eine gro\u00dfe Auswahl an Aromen aus der ganzen Welt. Erfahren Sie mehr \u00fcber Whisky und seine Aromen.\",\"breadcrumb\":{\"@id\":\"https:\/\/morahotell.se\/de\/produkt\/aktivitaeten\/trinken-schmecken\/whisky-verkostung\/#breadcrumb\"},\"inLanguage\":\"de\",\"potentialAction\":[{\"@type\":\"ReadAction\",\"target\":[\"https:\/\/morahotell.se\/de\/produkt\/aktivitaeten\/trinken-schmecken\/whisky-verkostung\/\"]}]},{\"@type\":\"ImageObject\",\"inLanguage\":\"de\",\"@id\":\"https:\/\/morahotell.se\/de\/produkt\/aktivitaeten\/trinken-schmecken\/whisky-verkostung\/#primaryimage\",\"url\":\"https:\/\/morahotell.se\/wp-content\/uploads\/2022\/04\/dryckesprovning-1.jpg\",\"contentUrl\":\"https:\/\/morahotell.se\/wp-content\/uploads\/2022\/04\/dryckesprovning-1.jpg\",\"width\":1000,\"height\":667},{\"@type\":\"BreadcrumbList\",\"@id\":\"https:\/\/morahotell.se\/de\/produkt\/aktivitaeten\/trinken-schmecken\/whisky-verkostung\/#breadcrumb\",\"itemListElement\":[{\"@type\":\"ListItem\",\"position\":1,\"name\":\"Mora hotell\",\"item\":\"https:\/\/morahotell.se\/de\/\"},{\"@type\":\"ListItem\",\"position\":2,\"name\":\"Reservierung\",\"item\":\"https:\/\/morahotell.se\/de\/reservierung\/\"},{\"@type\":\"ListItem\",\"position\":3,\"name\":\"Aktivit\u00e4ten\",\"item\":\"https:\/\/morahotell.se\/de\/produkt-kategori\/aktivitaeten\/\"},{\"@type\":\"ListItem\",\"position\":4,\"name\":\"Trinken &amp; schmecken\",\"item\":\"https:\/\/morahotell.se\/de\/produkt-kategori\/aktivitaeten\/trinken-schmecken\/\"},{\"@type\":\"ListItem\",\"position\":5,\"name\":\"Whisky-Verkostung\"}]},{\"@type\":\"WebSite\",\"@id\":\"https:\/\/morahotell.se\/de\/#website\",\"url\":\"https:\/\/morahotell.se\/de\/\",\"name\":\"Mora Hotell &amp; Spa\",\"description\":\"Fyrstj\u00e4rnigt hotell i Mora, n\u00e4ra Siljan\",\"potentialAction\":[{\"@type\":\"SearchAction\",\"target\":{\"@type\":\"EntryPoint\",\"urlTemplate\":\"https:\/\/morahotell.se\/de\/?s={search_term_string}\"},\"query-input\":{\"@type\":\"PropertyValueSpecification\",\"valueRequired\":true,\"valueName\":\"search_term_string\"}}],\"inLanguage\":\"de\"}]}<\/script>\n<!-- \/ Yoast SEO plugin. -->","yoast_head_json":{"title":"Whisky-Verkostung - Mora Hotell &amp; Spa","description":"Kam zur Whisky verkostung. Wir haben eine gro\u00dfe Auswahl an Aromen aus der ganzen Welt. Erfahren Sie mehr \u00fcber Whisky und seine Aromen.","robots":{"index":"index","follow":"follow","max-snippet":"max-snippet:-1","max-image-preview":"max-image-preview:large","max-video-preview":"max-video-preview:-1"},"canonical":"https:\/\/morahotell.se\/de\/produkt\/aktivitaeten\/trinken-schmecken\/whisky-verkostung\/","og_locale":"de_DE","og_type":"article","og_title":"Whisky-Verkostung - Mora Hotell &amp; Spa","og_description":"Kam zur Whisky verkostung. Wir haben eine gro\u00dfe Auswahl an Aromen aus der ganzen Welt. Erfahren Sie mehr \u00fcber Whisky und seine Aromen.","og_url":"https:\/\/morahotell.se\/de\/produkt\/aktivitaeten\/trinken-schmecken\/whisky-verkostung\/","og_site_name":"Mora Hotell &amp; Spa","article_modified_time":"2022-06-10T13:21:53+00:00","og_image":[{"width":1000,"height":667,"url":"https:\/\/morahotell.se\/wp-content\/uploads\/2022\/04\/dryckesprovning-1.jpg","type":"image\/jpeg"}],"twitter_card":"summary_large_image","schema":{"@context":"https:\/\/schema.org","@graph":[{"@type":"WebPage","@id":"https:\/\/morahotell.se\/de\/produkt\/aktivitaeten\/trinken-schmecken\/whisky-verkostung\/","url":"https:\/\/morahotell.se\/de\/produkt\/aktivitaeten\/trinken-schmecken\/whisky-verkostung\/","name":"Whisky-Verkostung - Mora Hotell &amp; Spa","isPartOf":{"@id":"https:\/\/morahotell.se\/de\/#website"},"primaryImageOfPage":{"@id":"https:\/\/morahotell.se\/de\/produkt\/aktivitaeten\/trinken-schmecken\/whisky-verkostung\/#primaryimage"},"image":{"@id":"https:\/\/morahotell.se\/de\/produkt\/aktivitaeten\/trinken-schmecken\/whisky-verkostung\/#primaryimage"},"thumbnailUrl":"https:\/\/morahotell.se\/wp-content\/uploads\/2022\/04\/dryckesprovning-1.jpg","datePublished":"2022-04-29T09:44:01+00:00","dateModified":"2022-06-10T13:21:53+00:00","description":"Kam zur Whisky verkostung. Wir haben eine gro\u00dfe Auswahl an Aromen aus der ganzen Welt. Erfahren Sie mehr \u00fcber Whisky und seine Aromen.","breadcrumb":{"@id":"https:\/\/morahotell.se\/de\/produkt\/aktivitaeten\/trinken-schmecken\/whisky-verkostung\/#breadcrumb"},"inLanguage":"de","potentialAction":[{"@type":"ReadAction","target":["https:\/\/morahotell.se\/de\/produkt\/aktivitaeten\/trinken-schmecken\/whisky-verkostung\/"]}]},{"@type":"ImageObject","inLanguage":"de","@id":"https:\/\/morahotell.se\/de\/produkt\/aktivitaeten\/trinken-schmecken\/whisky-verkostung\/#primaryimage","url":"https:\/\/morahotell.se\/wp-content\/uploads\/2022\/04\/dryckesprovning-1.jpg","contentUrl":"https:\/\/morahotell.se\/wp-content\/uploads\/2022\/04\/dryckesprovning-1.jpg","width":1000,"height":667},{"@type":"BreadcrumbList","@id":"https:\/\/morahotell.se\/de\/produkt\/aktivitaeten\/trinken-schmecken\/whisky-verkostung\/#breadcrumb","itemListElement":[{"@type":"ListItem","position":1,"name":"Mora hotell","item":"https:\/\/morahotell.se\/de\/"},{"@type":"ListItem","position":2,"name":"Reservierung","item":"https:\/\/morahotell.se\/de\/reservierung\/"},{"@type":"ListItem","position":3,"name":"Aktivit\u00e4ten","item":"https:\/\/morahotell.se\/de\/produkt-kategori\/aktivitaeten\/"},{"@type":"ListItem","position":4,"name":"Trinken &amp; schmecken","item":"https:\/\/morahotell.se\/de\/produkt-kategori\/aktivitaeten\/trinken-schmecken\/"},{"@type":"ListItem","position":5,"name":"Whisky-Verkostung"}]},{"@type":"WebSite","@id":"https:\/\/morahotell.se\/de\/#website","url":"https:\/\/morahotell.se\/de\/","name":"Mora Hotell &amp; Spa","description":"Fyrstj\u00e4rnigt hotell i Mora, n\u00e4ra Siljan","potentialAction":[{"@type":"SearchAction","target":{"@type":"EntryPoint","urlTemplate":"https:\/\/morahotell.se\/de\/?s={search_term_string}"},"query-input":{"@type":"PropertyValueSpecification","valueRequired":true,"valueName":"search_term_string"}}],"inLanguage":"de"}]}},"_links":{"self":[{"href":"https:\/\/morahotell.se\/de\/wp-json\/wp\/v2\/product\/3172","targetHints":{"allow":["GET"]}}],"collection":[{"href":"https:\/\/morahotell.se\/de\/wp-json\/wp\/v2\/product"}],"about":[{"href":"https:\/\/morahotell.se\/de\/wp-json\/wp\/v2\/types\/product"}],"replies":[{"embeddable":true,"href":"https:\/\/morahotell.se\/de\/wp-json\/wp\/v2\/comments?post=3172"}],"wp:featuredmedia":[{"embeddable":true,"href":"https:\/\/morahotell.se\/de\/wp-json\/wp\/v2\/media\/1877"}],"wp:attachment":[{"href":"https:\/\/morahotell.se\/de\/wp-json\/wp\/v2\/media?parent=3172"}],"wp:term":[{"taxonomy":"product_brand","embeddable":true,"href":"https:\/\/morahotell.se\/de\/wp-json\/wp\/v2\/product_brand?post=3172"},{"taxonomy":"product_cat","embeddable":true,"href":"https:\/\/morahotell.se\/de\/wp-json\/wp\/v2\/product_cat?post=3172"},{"taxonomy":"product_tag","embeddable":true,"href":"https:\/\/morahotell.se\/de\/wp-json\/wp\/v2\/product_tag?post=3172"}],"curies":[{"name":"wp","href":"https:\/\/api.w.org\/{rel}","templated":true}]}}