{"id":3168,"date":"2022-04-29T11:42:55","date_gmt":"2022-04-29T09:42:55","guid":{"rendered":"https:\/\/morahotell.se\/produkt\/unkategorisiert\/ginprovning\/"},"modified":"2022-08-17T16:22:58","modified_gmt":"2022-08-17T14:22:58","slug":"gin-testen","status":"publish","type":"product","link":"https:\/\/morahotell.se\/de\/produkt\/aktivitaeten\/trinken-schmecken\/gin-testen\/","title":{"rendered":"Gin testen"},"content":{"rendered":"<p>Probieren Sie aufregenden Gin. Wir haben ungef\u00e4hr 30 verschiedene Sorten, von denen ein Drittel aus Schweden stammt. Spannende schr\u00e4ge Sorten aus Deutschland, England, Norwegen, Finnland, Italien und Venezuela! ebenfalls im Sortiment. Sie k\u00f6nnen eine Auswahl aus dem Sortiment probieren, die Anzahl der Sorten variiert, da die Liste sehr lebendig ist, da wir eine Leidenschaft f\u00fcr Gin haben!<\/p>\n","protected":false},"excerpt":{"rendered":"<p>Probieren Sie edle Getr\u00e4nke und erfahren Sie mehr dar\u00fcber. Wir haben zwei talentierte Sommeliers im Hotel, die die Getr\u00e4nke pr\u00e4sentieren. Sie m\u00fcssen mindestens vier Personen sein, um eine Getr\u00e4nkeprobe zu buchen. Buchen Sie hier eine Getr\u00e4nkeverkostung im Voraus.<\/p>\n","protected":false},"featured_media":4289,"comment_status":"closed","ping_status":"closed","template":"","meta":{"_acf_changed":false},"product_brand":[],"product_cat":[58],"product_tag":[186,189],"class_list":{"0":"post-3168","1":"product","2":"type-product","3":"status-publish","4":"has-post-thumbnail","6":"product_cat-trinken-schmecken","7":"product_tag-aktiviteter-startsidan-de","8":"product_tag-foerfraagningsprodukt","10":"first","11":"instock","12":"virtual","13":"taxable","14":"purchasable","15":"product-type-simple"},"acf":[],"yoast_head":"<!-- This site is optimized with the Yoast SEO plugin v26.5 - https:\/\/yoast.com\/wordpress\/plugins\/seo\/ -->\n<title>Gin testen - Mora Hotell &amp; Spa<\/title>\n<meta name=\"description\" content=\"Probieren Sie aufregenden Gin. Wir haben ungef\u00e4hr 30 verschiedene Sorten, von denen ein Drittel aus Schweden stammt.\" \/>\n<meta name=\"robots\" content=\"index, follow, max-snippet:-1, max-image-preview:large, max-video-preview:-1\" \/>\n<link rel=\"canonical\" href=\"https:\/\/morahotell.se\/de\/produkt\/aktivitaeten\/trinken-schmecken\/gin-testen\/\" \/>\n<meta property=\"og:locale\" content=\"de_DE\" \/>\n<meta property=\"og:type\" content=\"article\" \/>\n<meta property=\"og:title\" content=\"Gin testen - Mora Hotell &amp; Spa\" \/>\n<meta property=\"og:description\" content=\"Probieren Sie aufregenden Gin. Wir haben ungef\u00e4hr 30 verschiedene Sorten, von denen ein Drittel aus Schweden stammt.\" \/>\n<meta property=\"og:url\" content=\"https:\/\/morahotell.se\/de\/produkt\/aktivitaeten\/trinken-schmecken\/gin-testen\/\" \/>\n<meta property=\"og:site_name\" content=\"Mora Hotell &amp; Spa\" \/>\n<meta property=\"article:modified_time\" content=\"2022-08-17T14:22:58+00:00\" \/>\n<meta property=\"og:image\" content=\"https:\/\/morahotell.se\/wp-content\/uploads\/2022\/05\/Ginsamling.jpg\" \/>\n\t<meta property=\"og:image:width\" content=\"2200\" \/>\n\t<meta property=\"og:image:height\" content=\"1467\" \/>\n\t<meta property=\"og:image:type\" content=\"image\/jpeg\" \/>\n<meta name=\"twitter:card\" content=\"summary_large_image\" \/>\n<script type=\"application\/ld+json\" class=\"yoast-schema-graph\">{\"@context\":\"https:\/\/schema.org\",\"@graph\":[{\"@type\":\"WebPage\",\"@id\":\"https:\/\/morahotell.se\/de\/produkt\/aktivitaeten\/trinken-schmecken\/gin-testen\/\",\"url\":\"https:\/\/morahotell.se\/de\/produkt\/aktivitaeten\/trinken-schmecken\/gin-testen\/\",\"name\":\"Gin testen - Mora Hotell &amp; Spa\",\"isPartOf\":{\"@id\":\"https:\/\/morahotell.se\/de\/#website\"},\"primaryImageOfPage\":{\"@id\":\"https:\/\/morahotell.se\/de\/produkt\/aktivitaeten\/trinken-schmecken\/gin-testen\/#primaryimage\"},\"image\":{\"@id\":\"https:\/\/morahotell.se\/de\/produkt\/aktivitaeten\/trinken-schmecken\/gin-testen\/#primaryimage\"},\"thumbnailUrl\":\"https:\/\/morahotell.se\/wp-content\/uploads\/2022\/05\/Ginsamling.jpg\",\"datePublished\":\"2022-04-29T09:42:55+00:00\",\"dateModified\":\"2022-08-17T14:22:58+00:00\",\"description\":\"Probieren Sie aufregenden Gin. Wir haben ungef\u00e4hr 30 verschiedene Sorten, von denen ein Drittel aus Schweden stammt.\",\"breadcrumb\":{\"@id\":\"https:\/\/morahotell.se\/de\/produkt\/aktivitaeten\/trinken-schmecken\/gin-testen\/#breadcrumb\"},\"inLanguage\":\"de\",\"potentialAction\":[{\"@type\":\"ReadAction\",\"target\":[\"https:\/\/morahotell.se\/de\/produkt\/aktivitaeten\/trinken-schmecken\/gin-testen\/\"]}]},{\"@type\":\"ImageObject\",\"inLanguage\":\"de\",\"@id\":\"https:\/\/morahotell.se\/de\/produkt\/aktivitaeten\/trinken-schmecken\/gin-testen\/#primaryimage\",\"url\":\"https:\/\/morahotell.se\/wp-content\/uploads\/2022\/05\/Ginsamling.jpg\",\"contentUrl\":\"https:\/\/morahotell.se\/wp-content\/uploads\/2022\/05\/Ginsamling.jpg\",\"width\":2200,\"height\":1467,\"caption\":\"ginprovning p\u00e5 mora hotell\"},{\"@type\":\"BreadcrumbList\",\"@id\":\"https:\/\/morahotell.se\/de\/produkt\/aktivitaeten\/trinken-schmecken\/gin-testen\/#breadcrumb\",\"itemListElement\":[{\"@type\":\"ListItem\",\"position\":1,\"name\":\"Mora hotell\",\"item\":\"https:\/\/morahotell.se\/de\/\"},{\"@type\":\"ListItem\",\"position\":2,\"name\":\"Reservierung\",\"item\":\"https:\/\/morahotell.se\/de\/reservierung\/\"},{\"@type\":\"ListItem\",\"position\":3,\"name\":\"Aktivit\u00e4ten\",\"item\":\"https:\/\/morahotell.se\/de\/produkt-kategori\/aktivitaeten\/\"},{\"@type\":\"ListItem\",\"position\":4,\"name\":\"Trinken &amp; schmecken\",\"item\":\"https:\/\/morahotell.se\/de\/produkt-kategori\/aktivitaeten\/trinken-schmecken\/\"},{\"@type\":\"ListItem\",\"position\":5,\"name\":\"Gin testen\"}]},{\"@type\":\"WebSite\",\"@id\":\"https:\/\/morahotell.se\/de\/#website\",\"url\":\"https:\/\/morahotell.se\/de\/\",\"name\":\"Mora Hotell &amp; Spa\",\"description\":\"Fyrstj\u00e4rnigt hotell i Mora, n\u00e4ra Siljan\",\"potentialAction\":[{\"@type\":\"SearchAction\",\"target\":{\"@type\":\"EntryPoint\",\"urlTemplate\":\"https:\/\/morahotell.se\/de\/?s={search_term_string}\"},\"query-input\":{\"@type\":\"PropertyValueSpecification\",\"valueRequired\":true,\"valueName\":\"search_term_string\"}}],\"inLanguage\":\"de\"}]}<\/script>\n<!-- \/ Yoast SEO plugin. -->","yoast_head_json":{"title":"Gin testen - Mora Hotell &amp; Spa","description":"Probieren Sie aufregenden Gin. Wir haben ungef\u00e4hr 30 verschiedene Sorten, von denen ein Drittel aus Schweden stammt.","robots":{"index":"index","follow":"follow","max-snippet":"max-snippet:-1","max-image-preview":"max-image-preview:large","max-video-preview":"max-video-preview:-1"},"canonical":"https:\/\/morahotell.se\/de\/produkt\/aktivitaeten\/trinken-schmecken\/gin-testen\/","og_locale":"de_DE","og_type":"article","og_title":"Gin testen - Mora Hotell &amp; Spa","og_description":"Probieren Sie aufregenden Gin. Wir haben ungef\u00e4hr 30 verschiedene Sorten, von denen ein Drittel aus Schweden stammt.","og_url":"https:\/\/morahotell.se\/de\/produkt\/aktivitaeten\/trinken-schmecken\/gin-testen\/","og_site_name":"Mora Hotell &amp; Spa","article_modified_time":"2022-08-17T14:22:58+00:00","og_image":[{"width":2200,"height":1467,"url":"https:\/\/morahotell.se\/wp-content\/uploads\/2022\/05\/Ginsamling.jpg","type":"image\/jpeg"}],"twitter_card":"summary_large_image","schema":{"@context":"https:\/\/schema.org","@graph":[{"@type":"WebPage","@id":"https:\/\/morahotell.se\/de\/produkt\/aktivitaeten\/trinken-schmecken\/gin-testen\/","url":"https:\/\/morahotell.se\/de\/produkt\/aktivitaeten\/trinken-schmecken\/gin-testen\/","name":"Gin testen - Mora Hotell &amp; Spa","isPartOf":{"@id":"https:\/\/morahotell.se\/de\/#website"},"primaryImageOfPage":{"@id":"https:\/\/morahotell.se\/de\/produkt\/aktivitaeten\/trinken-schmecken\/gin-testen\/#primaryimage"},"image":{"@id":"https:\/\/morahotell.se\/de\/produkt\/aktivitaeten\/trinken-schmecken\/gin-testen\/#primaryimage"},"thumbnailUrl":"https:\/\/morahotell.se\/wp-content\/uploads\/2022\/05\/Ginsamling.jpg","datePublished":"2022-04-29T09:42:55+00:00","dateModified":"2022-08-17T14:22:58+00:00","description":"Probieren Sie aufregenden Gin. Wir haben ungef\u00e4hr 30 verschiedene Sorten, von denen ein Drittel aus Schweden stammt.","breadcrumb":{"@id":"https:\/\/morahotell.se\/de\/produkt\/aktivitaeten\/trinken-schmecken\/gin-testen\/#breadcrumb"},"inLanguage":"de","potentialAction":[{"@type":"ReadAction","target":["https:\/\/morahotell.se\/de\/produkt\/aktivitaeten\/trinken-schmecken\/gin-testen\/"]}]},{"@type":"ImageObject","inLanguage":"de","@id":"https:\/\/morahotell.se\/de\/produkt\/aktivitaeten\/trinken-schmecken\/gin-testen\/#primaryimage","url":"https:\/\/morahotell.se\/wp-content\/uploads\/2022\/05\/Ginsamling.jpg","contentUrl":"https:\/\/morahotell.se\/wp-content\/uploads\/2022\/05\/Ginsamling.jpg","width":2200,"height":1467,"caption":"ginprovning p\u00e5 mora hotell"},{"@type":"BreadcrumbList","@id":"https:\/\/morahotell.se\/de\/produkt\/aktivitaeten\/trinken-schmecken\/gin-testen\/#breadcrumb","itemListElement":[{"@type":"ListItem","position":1,"name":"Mora hotell","item":"https:\/\/morahotell.se\/de\/"},{"@type":"ListItem","position":2,"name":"Reservierung","item":"https:\/\/morahotell.se\/de\/reservierung\/"},{"@type":"ListItem","position":3,"name":"Aktivit\u00e4ten","item":"https:\/\/morahotell.se\/de\/produkt-kategori\/aktivitaeten\/"},{"@type":"ListItem","position":4,"name":"Trinken &amp; schmecken","item":"https:\/\/morahotell.se\/de\/produkt-kategori\/aktivitaeten\/trinken-schmecken\/"},{"@type":"ListItem","position":5,"name":"Gin testen"}]},{"@type":"WebSite","@id":"https:\/\/morahotell.se\/de\/#website","url":"https:\/\/morahotell.se\/de\/","name":"Mora Hotell &amp; Spa","description":"Fyrstj\u00e4rnigt hotell i Mora, n\u00e4ra Siljan","potentialAction":[{"@type":"SearchAction","target":{"@type":"EntryPoint","urlTemplate":"https:\/\/morahotell.se\/de\/?s={search_term_string}"},"query-input":{"@type":"PropertyValueSpecification","valueRequired":true,"valueName":"search_term_string"}}],"inLanguage":"de"}]}},"_links":{"self":[{"href":"https:\/\/morahotell.se\/de\/wp-json\/wp\/v2\/product\/3168","targetHints":{"allow":["GET"]}}],"collection":[{"href":"https:\/\/morahotell.se\/de\/wp-json\/wp\/v2\/product"}],"about":[{"href":"https:\/\/morahotell.se\/de\/wp-json\/wp\/v2\/types\/product"}],"replies":[{"embeddable":true,"href":"https:\/\/morahotell.se\/de\/wp-json\/wp\/v2\/comments?post=3168"}],"wp:featuredmedia":[{"embeddable":true,"href":"https:\/\/morahotell.se\/de\/wp-json\/wp\/v2\/media\/4289"}],"wp:attachment":[{"href":"https:\/\/morahotell.se\/de\/wp-json\/wp\/v2\/media?parent=3168"}],"wp:term":[{"taxonomy":"product_brand","embeddable":true,"href":"https:\/\/morahotell.se\/de\/wp-json\/wp\/v2\/product_brand?post=3168"},{"taxonomy":"product_cat","embeddable":true,"href":"https:\/\/morahotell.se\/de\/wp-json\/wp\/v2\/product_cat?post=3168"},{"taxonomy":"product_tag","embeddable":true,"href":"https:\/\/morahotell.se\/de\/wp-json\/wp\/v2\/product_tag?post=3168"}],"curies":[{"name":"wp","href":"https:\/\/api.w.org\/{rel}","templated":true}]}}