{"id":3164,"date":"2022-04-29T11:41:44","date_gmt":"2022-04-29T09:41:44","guid":{"rendered":"https:\/\/morahotell.se\/produkt\/unkategorisiert\/vinprovning\/"},"modified":"2022-06-10T15:19:08","modified_gmt":"2022-06-10T13:19:08","slug":"weinprobe","status":"publish","type":"product","link":"https:\/\/morahotell.se\/de\/produkt\/aktivitaeten\/trinken-schmecken\/weinprobe\/","title":{"rendered":"Weinprobe"},"content":{"rendered":"<p>Sind Sie ein Weinliebhaber? Wir haben eine gro\u00dfe Weinkarte mit einem Schwerpunkt auf der alten Welt und interessanten Elementen aus der neuen Welt.<\/p>\n","protected":false},"excerpt":{"rendered":"<p>Probieren Sie edle Getr\u00e4nke und erfahren Sie mehr dar\u00fcber. Wir haben zwei talentierte Sommeliers im Hotel, die die Getr\u00e4nke pr\u00e4sentieren. Sie m\u00fcssen mindestens vier Personen sein, um eine Getr\u00e4nkeprobe zu buchen. Buchen Sie hier eine Getr\u00e4nkeverkostung im Voraus.<\/p>\n","protected":false},"featured_media":4304,"comment_status":"closed","ping_status":"closed","template":"","meta":{"_acf_changed":false},"product_brand":[],"product_cat":[58],"product_tag":[186,189],"class_list":{"0":"post-3164","1":"product","2":"type-product","3":"status-publish","4":"has-post-thumbnail","6":"product_cat-trinken-schmecken","7":"product_tag-aktiviteter-startsidan-de","8":"product_tag-foerfraagningsprodukt","10":"first","11":"instock","12":"virtual","13":"taxable","14":"purchasable","15":"product-type-simple"},"acf":[],"yoast_head":"<!-- This site is optimized with the Yoast SEO plugin v26.5 - https:\/\/yoast.com\/wordpress\/plugins\/seo\/ -->\n<title>Weinprobe - Mora Hotell &amp; Spa<\/title>\n<meta name=\"description\" content=\"Weinliebhaber? Wir haben eine gro\u00dfe Weinkarte mit einem Schwerpunkt auf der alten Welt und interessanten Elementen aus der neuen Welt.\" \/>\n<meta name=\"robots\" content=\"index, follow, max-snippet:-1, max-image-preview:large, max-video-preview:-1\" \/>\n<link rel=\"canonical\" href=\"https:\/\/morahotell.se\/de\/produkt\/aktivitaeten\/trinken-schmecken\/weinprobe\/\" \/>\n<meta property=\"og:locale\" content=\"de_DE\" \/>\n<meta property=\"og:type\" content=\"article\" \/>\n<meta property=\"og:title\" content=\"Weinprobe - Mora Hotell &amp; Spa\" \/>\n<meta property=\"og:description\" content=\"Weinliebhaber? Wir haben eine gro\u00dfe Weinkarte mit einem Schwerpunkt auf der alten Welt und interessanten Elementen aus der neuen Welt.\" \/>\n<meta property=\"og:url\" content=\"https:\/\/morahotell.se\/de\/produkt\/aktivitaeten\/trinken-schmecken\/weinprobe\/\" \/>\n<meta property=\"og:site_name\" content=\"Mora Hotell &amp; Spa\" \/>\n<meta property=\"article:modified_time\" content=\"2022-06-10T13:19:08+00:00\" \/>\n<meta property=\"og:image\" content=\"https:\/\/morahotell.se\/wp-content\/uploads\/2022\/05\/vinprov-5.jpg\" \/>\n\t<meta property=\"og:image:width\" content=\"2200\" \/>\n\t<meta property=\"og:image:height\" content=\"1467\" \/>\n\t<meta property=\"og:image:type\" content=\"image\/jpeg\" \/>\n<meta name=\"twitter:card\" content=\"summary_large_image\" \/>\n<script type=\"application\/ld+json\" class=\"yoast-schema-graph\">{\"@context\":\"https:\/\/schema.org\",\"@graph\":[{\"@type\":\"WebPage\",\"@id\":\"https:\/\/morahotell.se\/de\/produkt\/aktivitaeten\/trinken-schmecken\/weinprobe\/\",\"url\":\"https:\/\/morahotell.se\/de\/produkt\/aktivitaeten\/trinken-schmecken\/weinprobe\/\",\"name\":\"Weinprobe - Mora Hotell &amp; Spa\",\"isPartOf\":{\"@id\":\"https:\/\/morahotell.se\/de\/#website\"},\"primaryImageOfPage\":{\"@id\":\"https:\/\/morahotell.se\/de\/produkt\/aktivitaeten\/trinken-schmecken\/weinprobe\/#primaryimage\"},\"image\":{\"@id\":\"https:\/\/morahotell.se\/de\/produkt\/aktivitaeten\/trinken-schmecken\/weinprobe\/#primaryimage\"},\"thumbnailUrl\":\"https:\/\/morahotell.se\/wp-content\/uploads\/2022\/05\/vinprov-5.jpg\",\"datePublished\":\"2022-04-29T09:41:44+00:00\",\"dateModified\":\"2022-06-10T13:19:08+00:00\",\"description\":\"Weinliebhaber? Wir haben eine gro\u00dfe Weinkarte mit einem Schwerpunkt auf der alten Welt und interessanten Elementen aus der neuen Welt.\",\"breadcrumb\":{\"@id\":\"https:\/\/morahotell.se\/de\/produkt\/aktivitaeten\/trinken-schmecken\/weinprobe\/#breadcrumb\"},\"inLanguage\":\"de\",\"potentialAction\":[{\"@type\":\"ReadAction\",\"target\":[\"https:\/\/morahotell.se\/de\/produkt\/aktivitaeten\/trinken-schmecken\/weinprobe\/\"]}]},{\"@type\":\"ImageObject\",\"inLanguage\":\"de\",\"@id\":\"https:\/\/morahotell.se\/de\/produkt\/aktivitaeten\/trinken-schmecken\/weinprobe\/#primaryimage\",\"url\":\"https:\/\/morahotell.se\/wp-content\/uploads\/2022\/05\/vinprov-5.jpg\",\"contentUrl\":\"https:\/\/morahotell.se\/wp-content\/uploads\/2022\/05\/vinprov-5.jpg\",\"width\":2200,\"height\":1467,\"caption\":\"vinprovning\"},{\"@type\":\"BreadcrumbList\",\"@id\":\"https:\/\/morahotell.se\/de\/produkt\/aktivitaeten\/trinken-schmecken\/weinprobe\/#breadcrumb\",\"itemListElement\":[{\"@type\":\"ListItem\",\"position\":1,\"name\":\"Mora hotell\",\"item\":\"https:\/\/morahotell.se\/de\/\"},{\"@type\":\"ListItem\",\"position\":2,\"name\":\"Reservierung\",\"item\":\"https:\/\/morahotell.se\/de\/reservierung\/\"},{\"@type\":\"ListItem\",\"position\":3,\"name\":\"Aktivit\u00e4ten\",\"item\":\"https:\/\/morahotell.se\/de\/produkt-kategori\/aktivitaeten\/\"},{\"@type\":\"ListItem\",\"position\":4,\"name\":\"Trinken &amp; schmecken\",\"item\":\"https:\/\/morahotell.se\/de\/produkt-kategori\/aktivitaeten\/trinken-schmecken\/\"},{\"@type\":\"ListItem\",\"position\":5,\"name\":\"Weinprobe\"}]},{\"@type\":\"WebSite\",\"@id\":\"https:\/\/morahotell.se\/de\/#website\",\"url\":\"https:\/\/morahotell.se\/de\/\",\"name\":\"Mora Hotell &amp; Spa\",\"description\":\"Fyrstj\u00e4rnigt hotell i Mora, n\u00e4ra Siljan\",\"potentialAction\":[{\"@type\":\"SearchAction\",\"target\":{\"@type\":\"EntryPoint\",\"urlTemplate\":\"https:\/\/morahotell.se\/de\/?s={search_term_string}\"},\"query-input\":{\"@type\":\"PropertyValueSpecification\",\"valueRequired\":true,\"valueName\":\"search_term_string\"}}],\"inLanguage\":\"de\"}]}<\/script>\n<!-- \/ Yoast SEO plugin. -->","yoast_head_json":{"title":"Weinprobe - Mora Hotell &amp; Spa","description":"Weinliebhaber? Wir haben eine gro\u00dfe Weinkarte mit einem Schwerpunkt auf der alten Welt und interessanten Elementen aus der neuen Welt.","robots":{"index":"index","follow":"follow","max-snippet":"max-snippet:-1","max-image-preview":"max-image-preview:large","max-video-preview":"max-video-preview:-1"},"canonical":"https:\/\/morahotell.se\/de\/produkt\/aktivitaeten\/trinken-schmecken\/weinprobe\/","og_locale":"de_DE","og_type":"article","og_title":"Weinprobe - Mora Hotell &amp; Spa","og_description":"Weinliebhaber? Wir haben eine gro\u00dfe Weinkarte mit einem Schwerpunkt auf der alten Welt und interessanten Elementen aus der neuen Welt.","og_url":"https:\/\/morahotell.se\/de\/produkt\/aktivitaeten\/trinken-schmecken\/weinprobe\/","og_site_name":"Mora Hotell &amp; Spa","article_modified_time":"2022-06-10T13:19:08+00:00","og_image":[{"width":2200,"height":1467,"url":"https:\/\/morahotell.se\/wp-content\/uploads\/2022\/05\/vinprov-5.jpg","type":"image\/jpeg"}],"twitter_card":"summary_large_image","schema":{"@context":"https:\/\/schema.org","@graph":[{"@type":"WebPage","@id":"https:\/\/morahotell.se\/de\/produkt\/aktivitaeten\/trinken-schmecken\/weinprobe\/","url":"https:\/\/morahotell.se\/de\/produkt\/aktivitaeten\/trinken-schmecken\/weinprobe\/","name":"Weinprobe - Mora Hotell &amp; Spa","isPartOf":{"@id":"https:\/\/morahotell.se\/de\/#website"},"primaryImageOfPage":{"@id":"https:\/\/morahotell.se\/de\/produkt\/aktivitaeten\/trinken-schmecken\/weinprobe\/#primaryimage"},"image":{"@id":"https:\/\/morahotell.se\/de\/produkt\/aktivitaeten\/trinken-schmecken\/weinprobe\/#primaryimage"},"thumbnailUrl":"https:\/\/morahotell.se\/wp-content\/uploads\/2022\/05\/vinprov-5.jpg","datePublished":"2022-04-29T09:41:44+00:00","dateModified":"2022-06-10T13:19:08+00:00","description":"Weinliebhaber? Wir haben eine gro\u00dfe Weinkarte mit einem Schwerpunkt auf der alten Welt und interessanten Elementen aus der neuen Welt.","breadcrumb":{"@id":"https:\/\/morahotell.se\/de\/produkt\/aktivitaeten\/trinken-schmecken\/weinprobe\/#breadcrumb"},"inLanguage":"de","potentialAction":[{"@type":"ReadAction","target":["https:\/\/morahotell.se\/de\/produkt\/aktivitaeten\/trinken-schmecken\/weinprobe\/"]}]},{"@type":"ImageObject","inLanguage":"de","@id":"https:\/\/morahotell.se\/de\/produkt\/aktivitaeten\/trinken-schmecken\/weinprobe\/#primaryimage","url":"https:\/\/morahotell.se\/wp-content\/uploads\/2022\/05\/vinprov-5.jpg","contentUrl":"https:\/\/morahotell.se\/wp-content\/uploads\/2022\/05\/vinprov-5.jpg","width":2200,"height":1467,"caption":"vinprovning"},{"@type":"BreadcrumbList","@id":"https:\/\/morahotell.se\/de\/produkt\/aktivitaeten\/trinken-schmecken\/weinprobe\/#breadcrumb","itemListElement":[{"@type":"ListItem","position":1,"name":"Mora hotell","item":"https:\/\/morahotell.se\/de\/"},{"@type":"ListItem","position":2,"name":"Reservierung","item":"https:\/\/morahotell.se\/de\/reservierung\/"},{"@type":"ListItem","position":3,"name":"Aktivit\u00e4ten","item":"https:\/\/morahotell.se\/de\/produkt-kategori\/aktivitaeten\/"},{"@type":"ListItem","position":4,"name":"Trinken &amp; schmecken","item":"https:\/\/morahotell.se\/de\/produkt-kategori\/aktivitaeten\/trinken-schmecken\/"},{"@type":"ListItem","position":5,"name":"Weinprobe"}]},{"@type":"WebSite","@id":"https:\/\/morahotell.se\/de\/#website","url":"https:\/\/morahotell.se\/de\/","name":"Mora Hotell &amp; Spa","description":"Fyrstj\u00e4rnigt hotell i Mora, n\u00e4ra Siljan","potentialAction":[{"@type":"SearchAction","target":{"@type":"EntryPoint","urlTemplate":"https:\/\/morahotell.se\/de\/?s={search_term_string}"},"query-input":{"@type":"PropertyValueSpecification","valueRequired":true,"valueName":"search_term_string"}}],"inLanguage":"de"}]}},"_links":{"self":[{"href":"https:\/\/morahotell.se\/de\/wp-json\/wp\/v2\/product\/3164","targetHints":{"allow":["GET"]}}],"collection":[{"href":"https:\/\/morahotell.se\/de\/wp-json\/wp\/v2\/product"}],"about":[{"href":"https:\/\/morahotell.se\/de\/wp-json\/wp\/v2\/types\/product"}],"replies":[{"embeddable":true,"href":"https:\/\/morahotell.se\/de\/wp-json\/wp\/v2\/comments?post=3164"}],"wp:featuredmedia":[{"embeddable":true,"href":"https:\/\/morahotell.se\/de\/wp-json\/wp\/v2\/media\/4304"}],"wp:attachment":[{"href":"https:\/\/morahotell.se\/de\/wp-json\/wp\/v2\/media?parent=3164"}],"wp:term":[{"taxonomy":"product_brand","embeddable":true,"href":"https:\/\/morahotell.se\/de\/wp-json\/wp\/v2\/product_brand?post=3164"},{"taxonomy":"product_cat","embeddable":true,"href":"https:\/\/morahotell.se\/de\/wp-json\/wp\/v2\/product_cat?post=3164"},{"taxonomy":"product_tag","embeddable":true,"href":"https:\/\/morahotell.se\/de\/wp-json\/wp\/v2\/product_tag?post=3164"}],"curies":[{"name":"wp","href":"https:\/\/api.w.org\/{rel}","templated":true}]}}