{"id":3158,"date":"2022-04-29T11:35:47","date_gmt":"2022-04-29T09:35:47","guid":{"rendered":"https:\/\/morahotell.se\/produkt\/unkategorisiert\/vagn-sladtur-med-hast\/"},"modified":"2023-06-14T13:29:44","modified_gmt":"2023-06-14T11:29:44","slug":"kutsch-schlittenfahrt-mit-pferd","status":"publish","type":"product","link":"https:\/\/morahotell.se\/de\/produkt\/aktivitaeten\/leben-im-freien\/kutsch-schlittenfahrt-mit-pferd\/","title":{"rendered":"Kutsch-\/Schlittenfahrt mit Pferd"},"content":{"rendered":"<p>Hinter einem Pferd zu reiten ist ein besonderes Gef\u00fchl. So reisten die Talbewohner fr\u00fcher unter anderem zur Kirche und zu M\u00e4rkten und mehr. Der Veranstalter \u00fcbernimmt auch Hochzeitsfahrten und Waldtouren.<\/p>\n<p>Preis f\u00fcr die Tour mit Pferd und Kutsche:<\/p>\n<p>320: &#8211; Erwachsener, 200: &#8211; f\u00fcr 3-13 Jahre und 50: &#8211; f\u00fcr andere<\/p>\n<p>Preis f\u00fcr Pferdeschlittenfahrt:<\/p>\n<p>350: &#8211; f\u00fcr Erwachsene, 300: &#8211; f\u00fcr 3-13 Jahre und 50: &#8211; f\u00fcr andere<\/p>\n<p>Preis f\u00fcr das Ausprobieren des manuellen Fahrens auf traditionelle Weise, Sie erfahren und erfahren, wie das Pferd fr\u00fcher verwendet wurde.<\/p>\n<p>SEK 990 pro Person, maximal 3 Personen f\u00fcr 3 Stunden<\/p>\n","protected":false},"excerpt":{"rendered":"<p>Buchen Sie eine herrliche Fahrt mit Pferd und Kutsche oder Pferd und Schlitten. Versuchen Sie selbst zu fahren oder buchen Sie erstklassiges Fahren in Verbindung mit einer Hochzeit. Buchen Sie hier einen Ausritt im Voraus.<\/p>\n","protected":false},"featured_media":2832,"comment_status":"closed","ping_status":"closed","template":"","meta":{"_acf_changed":false},"product_brand":[],"product_cat":[71,123,125],"product_tag":[189],"class_list":{"0":"post-3158","1":"product","2":"type-product","3":"status-publish","4":"has-post-thumbnail","6":"product_cat-aktivitaeten","7":"product_cat-leben-im-freien","8":"product_cat-ruhige-aktivitaeten","9":"product_tag-foerfraagningsprodukt","11":"first","12":"instock","13":"virtual","14":"taxable","15":"product-type-simple"},"acf":[],"yoast_head":"<!-- This site is optimized with the Yoast SEO plugin v26.5 - https:\/\/yoast.com\/wordpress\/plugins\/seo\/ -->\n<title>Kutsch-\/Schlittenfahrt mit Pferd - Mora Hotell &amp; Spa<\/title>\n<meta name=\"description\" content=\"Buchen Sie eine herrliche Fahrt mit Pferd und Kutsche oder Pferd und Schlitten. Versuchen Sie selbst zu fahren oder buchen Sie erstklassiges Fahren in Verbindung mit einer Hochzeit.\" \/>\n<meta name=\"robots\" content=\"index, follow, max-snippet:-1, max-image-preview:large, max-video-preview:-1\" \/>\n<link rel=\"canonical\" href=\"https:\/\/morahotell.se\/de\/produkt\/aktivitaeten\/leben-im-freien\/kutsch-schlittenfahrt-mit-pferd\/\" \/>\n<meta property=\"og:locale\" content=\"de_DE\" \/>\n<meta property=\"og:type\" content=\"article\" \/>\n<meta property=\"og:title\" content=\"Kutsch-\/Schlittenfahrt mit Pferd - Mora Hotell &amp; Spa\" \/>\n<meta property=\"og:description\" content=\"Buchen Sie eine herrliche Fahrt mit Pferd und Kutsche oder Pferd und Schlitten. Versuchen Sie selbst zu fahren oder buchen Sie erstklassiges Fahren in Verbindung mit einer Hochzeit.\" \/>\n<meta property=\"og:url\" content=\"https:\/\/morahotell.se\/de\/produkt\/aktivitaeten\/leben-im-freien\/kutsch-schlittenfahrt-mit-pferd\/\" \/>\n<meta property=\"og:site_name\" content=\"Mora Hotell &amp; Spa\" \/>\n<meta property=\"article:modified_time\" content=\"2023-06-14T11:29:44+00:00\" \/>\n<meta property=\"og:image\" content=\"https:\/\/morahotell.se\/wp-content\/uploads\/2022\/04\/tur-med-ha\u0308st2-1.jpg\" \/>\n\t<meta property=\"og:image:width\" content=\"1000\" \/>\n\t<meta property=\"og:image:height\" content=\"667\" \/>\n\t<meta property=\"og:image:type\" content=\"image\/jpeg\" \/>\n<meta name=\"twitter:card\" content=\"summary_large_image\" \/>\n<meta name=\"twitter:label1\" content=\"Gesch\u00e4tzte Lesezeit\" \/>\n\t<meta name=\"twitter:data1\" content=\"1\u00a0Minute\" \/>\n<script type=\"application\/ld+json\" class=\"yoast-schema-graph\">{\"@context\":\"https:\/\/schema.org\",\"@graph\":[{\"@type\":\"WebPage\",\"@id\":\"https:\/\/morahotell.se\/de\/produkt\/aktivitaeten\/leben-im-freien\/kutsch-schlittenfahrt-mit-pferd\/\",\"url\":\"https:\/\/morahotell.se\/de\/produkt\/aktivitaeten\/leben-im-freien\/kutsch-schlittenfahrt-mit-pferd\/\",\"name\":\"Kutsch-\/Schlittenfahrt mit Pferd - Mora Hotell &amp; Spa\",\"isPartOf\":{\"@id\":\"https:\/\/morahotell.se\/de\/#website\"},\"primaryImageOfPage\":{\"@id\":\"https:\/\/morahotell.se\/de\/produkt\/aktivitaeten\/leben-im-freien\/kutsch-schlittenfahrt-mit-pferd\/#primaryimage\"},\"image\":{\"@id\":\"https:\/\/morahotell.se\/de\/produkt\/aktivitaeten\/leben-im-freien\/kutsch-schlittenfahrt-mit-pferd\/#primaryimage\"},\"thumbnailUrl\":\"https:\/\/morahotell.se\/wp-content\/uploads\/2022\/04\/tur-med-ha\u0308st2-1.jpg\",\"datePublished\":\"2022-04-29T09:35:47+00:00\",\"dateModified\":\"2023-06-14T11:29:44+00:00\",\"description\":\"Buchen Sie eine herrliche Fahrt mit Pferd und Kutsche oder Pferd und Schlitten. Versuchen Sie selbst zu fahren oder buchen Sie erstklassiges Fahren in Verbindung mit einer Hochzeit.\",\"breadcrumb\":{\"@id\":\"https:\/\/morahotell.se\/de\/produkt\/aktivitaeten\/leben-im-freien\/kutsch-schlittenfahrt-mit-pferd\/#breadcrumb\"},\"inLanguage\":\"de\",\"potentialAction\":[{\"@type\":\"ReadAction\",\"target\":[\"https:\/\/morahotell.se\/de\/produkt\/aktivitaeten\/leben-im-freien\/kutsch-schlittenfahrt-mit-pferd\/\"]}]},{\"@type\":\"ImageObject\",\"inLanguage\":\"de\",\"@id\":\"https:\/\/morahotell.se\/de\/produkt\/aktivitaeten\/leben-im-freien\/kutsch-schlittenfahrt-mit-pferd\/#primaryimage\",\"url\":\"https:\/\/morahotell.se\/wp-content\/uploads\/2022\/04\/tur-med-ha\u0308st2-1.jpg\",\"contentUrl\":\"https:\/\/morahotell.se\/wp-content\/uploads\/2022\/04\/tur-med-ha\u0308st2-1.jpg\",\"width\":1000,\"height\":667,\"caption\":\"tur p\u00e5 h\u00e4st i mora\"},{\"@type\":\"BreadcrumbList\",\"@id\":\"https:\/\/morahotell.se\/de\/produkt\/aktivitaeten\/leben-im-freien\/kutsch-schlittenfahrt-mit-pferd\/#breadcrumb\",\"itemListElement\":[{\"@type\":\"ListItem\",\"position\":1,\"name\":\"Mora hotell\",\"item\":\"https:\/\/morahotell.se\/de\/\"},{\"@type\":\"ListItem\",\"position\":2,\"name\":\"Reservierung\",\"item\":\"https:\/\/morahotell.se\/de\/reservierung\/\"},{\"@type\":\"ListItem\",\"position\":3,\"name\":\"Aktivit\u00e4ten\",\"item\":\"https:\/\/morahotell.se\/de\/produkt-kategori\/aktivitaeten\/\"},{\"@type\":\"ListItem\",\"position\":4,\"name\":\"Kutsch-\/Schlittenfahrt mit Pferd\"}]},{\"@type\":\"WebSite\",\"@id\":\"https:\/\/morahotell.se\/de\/#website\",\"url\":\"https:\/\/morahotell.se\/de\/\",\"name\":\"Mora Hotell &amp; Spa\",\"description\":\"Fyrstj\u00e4rnigt hotell i Mora, n\u00e4ra Siljan\",\"potentialAction\":[{\"@type\":\"SearchAction\",\"target\":{\"@type\":\"EntryPoint\",\"urlTemplate\":\"https:\/\/morahotell.se\/de\/?s={search_term_string}\"},\"query-input\":{\"@type\":\"PropertyValueSpecification\",\"valueRequired\":true,\"valueName\":\"search_term_string\"}}],\"inLanguage\":\"de\"}]}<\/script>\n<!-- \/ Yoast SEO plugin. -->","yoast_head_json":{"title":"Kutsch-\/Schlittenfahrt mit Pferd - Mora Hotell &amp; Spa","description":"Buchen Sie eine herrliche Fahrt mit Pferd und Kutsche oder Pferd und Schlitten. Versuchen Sie selbst zu fahren oder buchen Sie erstklassiges Fahren in Verbindung mit einer Hochzeit.","robots":{"index":"index","follow":"follow","max-snippet":"max-snippet:-1","max-image-preview":"max-image-preview:large","max-video-preview":"max-video-preview:-1"},"canonical":"https:\/\/morahotell.se\/de\/produkt\/aktivitaeten\/leben-im-freien\/kutsch-schlittenfahrt-mit-pferd\/","og_locale":"de_DE","og_type":"article","og_title":"Kutsch-\/Schlittenfahrt mit Pferd - Mora Hotell &amp; Spa","og_description":"Buchen Sie eine herrliche Fahrt mit Pferd und Kutsche oder Pferd und Schlitten. Versuchen Sie selbst zu fahren oder buchen Sie erstklassiges Fahren in Verbindung mit einer Hochzeit.","og_url":"https:\/\/morahotell.se\/de\/produkt\/aktivitaeten\/leben-im-freien\/kutsch-schlittenfahrt-mit-pferd\/","og_site_name":"Mora Hotell &amp; Spa","article_modified_time":"2023-06-14T11:29:44+00:00","og_image":[{"width":1000,"height":667,"url":"https:\/\/morahotell.se\/wp-content\/uploads\/2022\/04\/tur-med-ha\u0308st2-1.jpg","type":"image\/jpeg"}],"twitter_card":"summary_large_image","twitter_misc":{"Gesch\u00e4tzte Lesezeit":"1\u00a0Minute"},"schema":{"@context":"https:\/\/schema.org","@graph":[{"@type":"WebPage","@id":"https:\/\/morahotell.se\/de\/produkt\/aktivitaeten\/leben-im-freien\/kutsch-schlittenfahrt-mit-pferd\/","url":"https:\/\/morahotell.se\/de\/produkt\/aktivitaeten\/leben-im-freien\/kutsch-schlittenfahrt-mit-pferd\/","name":"Kutsch-\/Schlittenfahrt mit Pferd - Mora Hotell &amp; Spa","isPartOf":{"@id":"https:\/\/morahotell.se\/de\/#website"},"primaryImageOfPage":{"@id":"https:\/\/morahotell.se\/de\/produkt\/aktivitaeten\/leben-im-freien\/kutsch-schlittenfahrt-mit-pferd\/#primaryimage"},"image":{"@id":"https:\/\/morahotell.se\/de\/produkt\/aktivitaeten\/leben-im-freien\/kutsch-schlittenfahrt-mit-pferd\/#primaryimage"},"thumbnailUrl":"https:\/\/morahotell.se\/wp-content\/uploads\/2022\/04\/tur-med-ha\u0308st2-1.jpg","datePublished":"2022-04-29T09:35:47+00:00","dateModified":"2023-06-14T11:29:44+00:00","description":"Buchen Sie eine herrliche Fahrt mit Pferd und Kutsche oder Pferd und Schlitten. Versuchen Sie selbst zu fahren oder buchen Sie erstklassiges Fahren in Verbindung mit einer Hochzeit.","breadcrumb":{"@id":"https:\/\/morahotell.se\/de\/produkt\/aktivitaeten\/leben-im-freien\/kutsch-schlittenfahrt-mit-pferd\/#breadcrumb"},"inLanguage":"de","potentialAction":[{"@type":"ReadAction","target":["https:\/\/morahotell.se\/de\/produkt\/aktivitaeten\/leben-im-freien\/kutsch-schlittenfahrt-mit-pferd\/"]}]},{"@type":"ImageObject","inLanguage":"de","@id":"https:\/\/morahotell.se\/de\/produkt\/aktivitaeten\/leben-im-freien\/kutsch-schlittenfahrt-mit-pferd\/#primaryimage","url":"https:\/\/morahotell.se\/wp-content\/uploads\/2022\/04\/tur-med-ha\u0308st2-1.jpg","contentUrl":"https:\/\/morahotell.se\/wp-content\/uploads\/2022\/04\/tur-med-ha\u0308st2-1.jpg","width":1000,"height":667,"caption":"tur p\u00e5 h\u00e4st i mora"},{"@type":"BreadcrumbList","@id":"https:\/\/morahotell.se\/de\/produkt\/aktivitaeten\/leben-im-freien\/kutsch-schlittenfahrt-mit-pferd\/#breadcrumb","itemListElement":[{"@type":"ListItem","position":1,"name":"Mora hotell","item":"https:\/\/morahotell.se\/de\/"},{"@type":"ListItem","position":2,"name":"Reservierung","item":"https:\/\/morahotell.se\/de\/reservierung\/"},{"@type":"ListItem","position":3,"name":"Aktivit\u00e4ten","item":"https:\/\/morahotell.se\/de\/produkt-kategori\/aktivitaeten\/"},{"@type":"ListItem","position":4,"name":"Kutsch-\/Schlittenfahrt mit Pferd"}]},{"@type":"WebSite","@id":"https:\/\/morahotell.se\/de\/#website","url":"https:\/\/morahotell.se\/de\/","name":"Mora Hotell &amp; Spa","description":"Fyrstj\u00e4rnigt hotell i Mora, n\u00e4ra Siljan","potentialAction":[{"@type":"SearchAction","target":{"@type":"EntryPoint","urlTemplate":"https:\/\/morahotell.se\/de\/?s={search_term_string}"},"query-input":{"@type":"PropertyValueSpecification","valueRequired":true,"valueName":"search_term_string"}}],"inLanguage":"de"}]}},"_links":{"self":[{"href":"https:\/\/morahotell.se\/de\/wp-json\/wp\/v2\/product\/3158","targetHints":{"allow":["GET"]}}],"collection":[{"href":"https:\/\/morahotell.se\/de\/wp-json\/wp\/v2\/product"}],"about":[{"href":"https:\/\/morahotell.se\/de\/wp-json\/wp\/v2\/types\/product"}],"replies":[{"embeddable":true,"href":"https:\/\/morahotell.se\/de\/wp-json\/wp\/v2\/comments?post=3158"}],"wp:featuredmedia":[{"embeddable":true,"href":"https:\/\/morahotell.se\/de\/wp-json\/wp\/v2\/media\/2832"}],"wp:attachment":[{"href":"https:\/\/morahotell.se\/de\/wp-json\/wp\/v2\/media?parent=3158"}],"wp:term":[{"taxonomy":"product_brand","embeddable":true,"href":"https:\/\/morahotell.se\/de\/wp-json\/wp\/v2\/product_brand?post=3158"},{"taxonomy":"product_cat","embeddable":true,"href":"https:\/\/morahotell.se\/de\/wp-json\/wp\/v2\/product_cat?post=3158"},{"taxonomy":"product_tag","embeddable":true,"href":"https:\/\/morahotell.se\/de\/wp-json\/wp\/v2\/product_tag?post=3158"}],"curies":[{"name":"wp","href":"https:\/\/api.w.org\/{rel}","templated":true}]}}