{"id":3156,"date":"2022-04-29T11:32:36","date_gmt":"2022-04-29T09:32:36","guid":{"rendered":"https:\/\/morahotell.se\/produkt\/unkategorisiert\/timber-sport-timberland-uppvisning\/"},"modified":"2023-06-14T14:32:07","modified_gmt":"2023-06-14T12:32:07","slug":"timber-sport-timberland-show","status":"publish","type":"product","link":"https:\/\/morahotell.se\/de\/produkt\/aktivitaeten\/geschwindigkeit-und-aktion\/timber-sport-timberland-show\/","title":{"rendered":"Timber Sport \/ Timberland Show"},"content":{"rendered":"<p>STIHL Timbersports startete 1985 in den USA, hat aber seinen Ursprung in Holzf\u00e4llerwettbewerben im 19. Jahrhundert. Timbersports ist eine professionelle Wettkampfserie im Extremsport mit lokalen, regionalen, nationalen und internationalen Wettk\u00e4mpfen sowie Weltmeisterschaften.<\/p>\n<p>Schweden war Gastgeber mehrerer Nordischer Meisterschaften. \u00c4ltere Athleten treten einzeln in sechs Disziplinen gegeneinander an; drei mit einer Axt, zwei mit einer Kettens\u00e4ge und einer mit einer S\u00e4ge.<\/p>\n<p>Die Athleten messen sich in spektakul\u00e4ren Disziplinen wie Springboard, wo es darum geht, zwei Meter \u00fcber dem Boden die Spitze eines Stammes zu spalten. Der Hot Saw-Zweig umfasst eine speziell gebaute Kettens\u00e4ge mit etwa 62 PS und einem Wankelmotor von einem Jetski oder Schneemobil.<\/p>\n<p>Etwa drei Stunden lang kann die Gruppe verschiedene Holzsportarten ausprobieren. Wir k\u00f6nnen es als F\u00fcnfkampf, einzeln oder als Team machen. Jeder kann mitmachen. Das Wichtigste ist, Spa\u00df zu haben.<\/p>\n<p>Schwedischer Kaffee und der Transport nach Orsa sind in dieser Veranstaltung inbegriffen.<\/p>\n","protected":false},"excerpt":{"rendered":"<p>F\u00fcr gr\u00f6\u00dfere Gruppen ist es auch m\u00f6glich, eine Holzsportshow mit der schwedischen Nationalmannschaft zu bekommen. Dieses Arrangement bietet Platz f\u00fcr bis zu 80 Personen.<\/p>\n","protected":false},"featured_media":2806,"comment_status":"closed","ping_status":"closed","template":"","meta":{"_acf_changed":false},"product_brand":[],"product_cat":[71,122],"product_tag":[189],"class_list":{"0":"post-3156","1":"product","2":"type-product","3":"status-publish","4":"has-post-thumbnail","6":"product_cat-aktivitaeten","7":"product_cat-geschwindigkeit-und-aktion","8":"product_tag-foerfraagningsprodukt","10":"first","11":"instock","12":"virtual","13":"taxable","14":"purchasable","15":"product-type-simple"},"acf":[],"yoast_head":"<!-- This site is optimized with the Yoast SEO plugin v26.5 - https:\/\/yoast.com\/wordpress\/plugins\/seo\/ -->\n<title>Timber Sport \/ Timberland Show - Mora Hotell &amp; Spa<\/title>\n<meta name=\"description\" content=\"Dieses Arrangement bietet Platz f\u00fcr bis zu 80 Personen. Schwedischer Kaffee und der Transport nach Orsa sind in dieser Veranstaltung inbegriffen\" \/>\n<meta name=\"robots\" content=\"index, follow, max-snippet:-1, max-image-preview:large, max-video-preview:-1\" \/>\n<link rel=\"canonical\" href=\"https:\/\/morahotell.se\/de\/produkt\/aktivitaeten\/geschwindigkeit-und-aktion\/timber-sport-timberland-show\/\" \/>\n<meta property=\"og:locale\" content=\"de_DE\" \/>\n<meta property=\"og:type\" content=\"article\" \/>\n<meta property=\"og:title\" content=\"Timber Sport \/ Timberland Show - Mora Hotell &amp; Spa\" \/>\n<meta property=\"og:description\" content=\"Dieses Arrangement bietet Platz f\u00fcr bis zu 80 Personen. Schwedischer Kaffee und der Transport nach Orsa sind in dieser Veranstaltung inbegriffen\" \/>\n<meta property=\"og:url\" content=\"https:\/\/morahotell.se\/de\/produkt\/aktivitaeten\/geschwindigkeit-und-aktion\/timber-sport-timberland-show\/\" \/>\n<meta property=\"og:site_name\" content=\"Mora Hotell &amp; Spa\" \/>\n<meta property=\"article:modified_time\" content=\"2023-06-14T12:32:07+00:00\" \/>\n<meta property=\"og:image\" content=\"https:\/\/morahotell.se\/wp-content\/uploads\/2022\/04\/timbersports-1.jpg\" \/>\n\t<meta property=\"og:image:width\" content=\"1000\" \/>\n\t<meta property=\"og:image:height\" content=\"667\" \/>\n\t<meta property=\"og:image:type\" content=\"image\/jpeg\" \/>\n<meta name=\"twitter:card\" content=\"summary_large_image\" \/>\n<meta name=\"twitter:label1\" content=\"Gesch\u00e4tzte Lesezeit\" \/>\n\t<meta name=\"twitter:data1\" content=\"1\u00a0Minute\" \/>\n<script type=\"application\/ld+json\" class=\"yoast-schema-graph\">{\"@context\":\"https:\/\/schema.org\",\"@graph\":[{\"@type\":\"WebPage\",\"@id\":\"https:\/\/morahotell.se\/de\/produkt\/aktivitaeten\/geschwindigkeit-und-aktion\/timber-sport-timberland-show\/\",\"url\":\"https:\/\/morahotell.se\/de\/produkt\/aktivitaeten\/geschwindigkeit-und-aktion\/timber-sport-timberland-show\/\",\"name\":\"Timber Sport \/ Timberland Show - Mora Hotell &amp; Spa\",\"isPartOf\":{\"@id\":\"https:\/\/morahotell.se\/de\/#website\"},\"primaryImageOfPage\":{\"@id\":\"https:\/\/morahotell.se\/de\/produkt\/aktivitaeten\/geschwindigkeit-und-aktion\/timber-sport-timberland-show\/#primaryimage\"},\"image\":{\"@id\":\"https:\/\/morahotell.se\/de\/produkt\/aktivitaeten\/geschwindigkeit-und-aktion\/timber-sport-timberland-show\/#primaryimage\"},\"thumbnailUrl\":\"https:\/\/morahotell.se\/wp-content\/uploads\/2022\/04\/timbersports-1.jpg\",\"datePublished\":\"2022-04-29T09:32:36+00:00\",\"dateModified\":\"2023-06-14T12:32:07+00:00\",\"description\":\"Dieses Arrangement bietet Platz f\u00fcr bis zu 80 Personen. Schwedischer Kaffee und der Transport nach Orsa sind in dieser Veranstaltung inbegriffen\",\"breadcrumb\":{\"@id\":\"https:\/\/morahotell.se\/de\/produkt\/aktivitaeten\/geschwindigkeit-und-aktion\/timber-sport-timberland-show\/#breadcrumb\"},\"inLanguage\":\"de\",\"potentialAction\":[{\"@type\":\"ReadAction\",\"target\":[\"https:\/\/morahotell.se\/de\/produkt\/aktivitaeten\/geschwindigkeit-und-aktion\/timber-sport-timberland-show\/\"]}]},{\"@type\":\"ImageObject\",\"inLanguage\":\"de\",\"@id\":\"https:\/\/morahotell.se\/de\/produkt\/aktivitaeten\/geschwindigkeit-und-aktion\/timber-sport-timberland-show\/#primaryimage\",\"url\":\"https:\/\/morahotell.se\/wp-content\/uploads\/2022\/04\/timbersports-1.jpg\",\"contentUrl\":\"https:\/\/morahotell.se\/wp-content\/uploads\/2022\/04\/timbersports-1.jpg\",\"width\":1000,\"height\":667},{\"@type\":\"BreadcrumbList\",\"@id\":\"https:\/\/morahotell.se\/de\/produkt\/aktivitaeten\/geschwindigkeit-und-aktion\/timber-sport-timberland-show\/#breadcrumb\",\"itemListElement\":[{\"@type\":\"ListItem\",\"position\":1,\"name\":\"Mora hotell\",\"item\":\"https:\/\/morahotell.se\/de\/\"},{\"@type\":\"ListItem\",\"position\":2,\"name\":\"Reservierung\",\"item\":\"https:\/\/morahotell.se\/de\/reservierung\/\"},{\"@type\":\"ListItem\",\"position\":3,\"name\":\"Aktivit\u00e4ten\",\"item\":\"https:\/\/morahotell.se\/de\/produkt-kategori\/aktivitaeten\/\"},{\"@type\":\"ListItem\",\"position\":4,\"name\":\"Timber Sport \/ Timberland Show\"}]},{\"@type\":\"WebSite\",\"@id\":\"https:\/\/morahotell.se\/de\/#website\",\"url\":\"https:\/\/morahotell.se\/de\/\",\"name\":\"Mora Hotell &amp; Spa\",\"description\":\"Fyrstj\u00e4rnigt hotell i Mora, n\u00e4ra Siljan\",\"potentialAction\":[{\"@type\":\"SearchAction\",\"target\":{\"@type\":\"EntryPoint\",\"urlTemplate\":\"https:\/\/morahotell.se\/de\/?s={search_term_string}\"},\"query-input\":{\"@type\":\"PropertyValueSpecification\",\"valueRequired\":true,\"valueName\":\"search_term_string\"}}],\"inLanguage\":\"de\"}]}<\/script>\n<!-- \/ Yoast SEO plugin. -->","yoast_head_json":{"title":"Timber Sport \/ Timberland Show - Mora Hotell &amp; Spa","description":"Dieses Arrangement bietet Platz f\u00fcr bis zu 80 Personen. Schwedischer Kaffee und der Transport nach Orsa sind in dieser Veranstaltung inbegriffen","robots":{"index":"index","follow":"follow","max-snippet":"max-snippet:-1","max-image-preview":"max-image-preview:large","max-video-preview":"max-video-preview:-1"},"canonical":"https:\/\/morahotell.se\/de\/produkt\/aktivitaeten\/geschwindigkeit-und-aktion\/timber-sport-timberland-show\/","og_locale":"de_DE","og_type":"article","og_title":"Timber Sport \/ Timberland Show - Mora Hotell &amp; Spa","og_description":"Dieses Arrangement bietet Platz f\u00fcr bis zu 80 Personen. Schwedischer Kaffee und der Transport nach Orsa sind in dieser Veranstaltung inbegriffen","og_url":"https:\/\/morahotell.se\/de\/produkt\/aktivitaeten\/geschwindigkeit-und-aktion\/timber-sport-timberland-show\/","og_site_name":"Mora Hotell &amp; Spa","article_modified_time":"2023-06-14T12:32:07+00:00","og_image":[{"width":1000,"height":667,"url":"https:\/\/morahotell.se\/wp-content\/uploads\/2022\/04\/timbersports-1.jpg","type":"image\/jpeg"}],"twitter_card":"summary_large_image","twitter_misc":{"Gesch\u00e4tzte Lesezeit":"1\u00a0Minute"},"schema":{"@context":"https:\/\/schema.org","@graph":[{"@type":"WebPage","@id":"https:\/\/morahotell.se\/de\/produkt\/aktivitaeten\/geschwindigkeit-und-aktion\/timber-sport-timberland-show\/","url":"https:\/\/morahotell.se\/de\/produkt\/aktivitaeten\/geschwindigkeit-und-aktion\/timber-sport-timberland-show\/","name":"Timber Sport \/ Timberland Show - Mora Hotell &amp; Spa","isPartOf":{"@id":"https:\/\/morahotell.se\/de\/#website"},"primaryImageOfPage":{"@id":"https:\/\/morahotell.se\/de\/produkt\/aktivitaeten\/geschwindigkeit-und-aktion\/timber-sport-timberland-show\/#primaryimage"},"image":{"@id":"https:\/\/morahotell.se\/de\/produkt\/aktivitaeten\/geschwindigkeit-und-aktion\/timber-sport-timberland-show\/#primaryimage"},"thumbnailUrl":"https:\/\/morahotell.se\/wp-content\/uploads\/2022\/04\/timbersports-1.jpg","datePublished":"2022-04-29T09:32:36+00:00","dateModified":"2023-06-14T12:32:07+00:00","description":"Dieses Arrangement bietet Platz f\u00fcr bis zu 80 Personen. Schwedischer Kaffee und der Transport nach Orsa sind in dieser Veranstaltung inbegriffen","breadcrumb":{"@id":"https:\/\/morahotell.se\/de\/produkt\/aktivitaeten\/geschwindigkeit-und-aktion\/timber-sport-timberland-show\/#breadcrumb"},"inLanguage":"de","potentialAction":[{"@type":"ReadAction","target":["https:\/\/morahotell.se\/de\/produkt\/aktivitaeten\/geschwindigkeit-und-aktion\/timber-sport-timberland-show\/"]}]},{"@type":"ImageObject","inLanguage":"de","@id":"https:\/\/morahotell.se\/de\/produkt\/aktivitaeten\/geschwindigkeit-und-aktion\/timber-sport-timberland-show\/#primaryimage","url":"https:\/\/morahotell.se\/wp-content\/uploads\/2022\/04\/timbersports-1.jpg","contentUrl":"https:\/\/morahotell.se\/wp-content\/uploads\/2022\/04\/timbersports-1.jpg","width":1000,"height":667},{"@type":"BreadcrumbList","@id":"https:\/\/morahotell.se\/de\/produkt\/aktivitaeten\/geschwindigkeit-und-aktion\/timber-sport-timberland-show\/#breadcrumb","itemListElement":[{"@type":"ListItem","position":1,"name":"Mora hotell","item":"https:\/\/morahotell.se\/de\/"},{"@type":"ListItem","position":2,"name":"Reservierung","item":"https:\/\/morahotell.se\/de\/reservierung\/"},{"@type":"ListItem","position":3,"name":"Aktivit\u00e4ten","item":"https:\/\/morahotell.se\/de\/produkt-kategori\/aktivitaeten\/"},{"@type":"ListItem","position":4,"name":"Timber Sport \/ Timberland Show"}]},{"@type":"WebSite","@id":"https:\/\/morahotell.se\/de\/#website","url":"https:\/\/morahotell.se\/de\/","name":"Mora Hotell &amp; Spa","description":"Fyrstj\u00e4rnigt hotell i Mora, n\u00e4ra Siljan","potentialAction":[{"@type":"SearchAction","target":{"@type":"EntryPoint","urlTemplate":"https:\/\/morahotell.se\/de\/?s={search_term_string}"},"query-input":{"@type":"PropertyValueSpecification","valueRequired":true,"valueName":"search_term_string"}}],"inLanguage":"de"}]}},"_links":{"self":[{"href":"https:\/\/morahotell.se\/de\/wp-json\/wp\/v2\/product\/3156","targetHints":{"allow":["GET"]}}],"collection":[{"href":"https:\/\/morahotell.se\/de\/wp-json\/wp\/v2\/product"}],"about":[{"href":"https:\/\/morahotell.se\/de\/wp-json\/wp\/v2\/types\/product"}],"replies":[{"embeddable":true,"href":"https:\/\/morahotell.se\/de\/wp-json\/wp\/v2\/comments?post=3156"}],"wp:featuredmedia":[{"embeddable":true,"href":"https:\/\/morahotell.se\/de\/wp-json\/wp\/v2\/media\/2806"}],"wp:attachment":[{"href":"https:\/\/morahotell.se\/de\/wp-json\/wp\/v2\/media?parent=3156"}],"wp:term":[{"taxonomy":"product_brand","embeddable":true,"href":"https:\/\/morahotell.se\/de\/wp-json\/wp\/v2\/product_brand?post=3156"},{"taxonomy":"product_cat","embeddable":true,"href":"https:\/\/morahotell.se\/de\/wp-json\/wp\/v2\/product_cat?post=3156"},{"taxonomy":"product_tag","embeddable":true,"href":"https:\/\/morahotell.se\/de\/wp-json\/wp\/v2\/product_tag?post=3156"}],"curies":[{"name":"wp","href":"https:\/\/api.w.org\/{rel}","templated":true}]}}