{"id":3145,"date":"2022-04-29T11:17:12","date_gmt":"2022-04-29T09:17:12","guid":{"rendered":"https:\/\/morahotell.se\/produkt\/unkategorisiert\/vildmarksarrangemang\/"},"modified":"2023-06-14T14:35:39","modified_gmt":"2023-06-14T12:35:39","slug":"wildnis-event","status":"publish","type":"product","link":"https:\/\/morahotell.se\/de\/produkt\/aktivitaeten\/leben-im-freien\/wildnis-event\/","title":{"rendered":"Wildnis-Event"},"content":{"rendered":"<p>Dalaskogarna l\u00e4dt alle Naturliebhaber in die Wildnis ein. W\u00e4hrend dieser Veranstaltung nehmen Sie an einer Bildungstour mit Ihrem pers\u00f6nlichen Wildnisf\u00fchrer teil. Sie erfahren, was die Waldspeisekammer zu bieten hat, wie zum Beispiel essbare Flechten. Wir werden auch Gerichte mit einer von drei beliebten Kochmethoden zubereiten, die h\u00e4ufig auf dem Feld verwendet werden. Das Essen zeichnet sich durch lokale Zutaten und die meisten verf\u00fcgbaren Bio-Lebensmittel aus, Wild, Pilze und Beeren.<\/p>\n<p>Kommen Sie und versuchen Sie, \u00fcber offenem Feuer zu kochen, wir gehen durch, wie die Kochgrube und das Laubbeet verwendet werden. Das Essen essen wir dann gemeinsam drau\u00dfen in der Natur. Nat\u00fcrlich beenden wir das Abenteuer mit einer wirklich guten Tasse echten Kaffee!<\/p>\n","protected":false},"excerpt":{"rendered":"<p>Bereiten Sie mit einem pers\u00f6nlichen Wildnisf\u00fchrer &#8222;Feldnahrung\u201c aus der Speisekammer des Waldes zu. Erfahren Sie, welche Pflanzen essbar sind und wie sie angeordnet sind. Ab vier Personen. Buchen Sie hier eine Wildnistour.<\/p>\n","protected":false},"featured_media":2654,"comment_status":"closed","ping_status":"closed","template":"","meta":{"_acf_changed":false},"product_brand":[],"product_cat":[71,123,125],"product_tag":[189],"class_list":{"0":"post-3145","1":"product","2":"type-product","3":"status-publish","4":"has-post-thumbnail","6":"product_cat-aktivitaeten","7":"product_cat-leben-im-freien","8":"product_cat-ruhige-aktivitaeten","9":"product_tag-foerfraagningsprodukt","11":"first","12":"instock","13":"virtual","14":"taxable","15":"product-type-simple"},"acf":[],"yoast_head":"<!-- This site is optimized with the Yoast SEO plugin v26.5 - https:\/\/yoast.com\/wordpress\/plugins\/seo\/ -->\n<title>Wildnis-Event - Mora Hotell &amp; Spa<\/title>\n<meta name=\"description\" content=\"Bereiten Sie mit einem pers\u00f6nlichen Wildnisf\u00fchrer &quot;Feldnahrung\u201c aus der Speisekammer des Waldes zu. Erfahren Sie, welche Pflanzen essbar sind und wie sie angeordnet sind.\" \/>\n<meta name=\"robots\" content=\"index, follow, max-snippet:-1, max-image-preview:large, max-video-preview:-1\" \/>\n<link rel=\"canonical\" href=\"https:\/\/morahotell.se\/de\/produkt\/aktivitaeten\/leben-im-freien\/wildnis-event\/\" \/>\n<meta property=\"og:locale\" content=\"de_DE\" \/>\n<meta property=\"og:type\" content=\"article\" \/>\n<meta property=\"og:title\" content=\"Wildnis-Event - Mora Hotell &amp; Spa\" \/>\n<meta property=\"og:description\" content=\"Bereiten Sie mit einem pers\u00f6nlichen Wildnisf\u00fchrer &quot;Feldnahrung\u201c aus der Speisekammer des Waldes zu. Erfahren Sie, welche Pflanzen essbar sind und wie sie angeordnet sind.\" \/>\n<meta property=\"og:url\" content=\"https:\/\/morahotell.se\/de\/produkt\/aktivitaeten\/leben-im-freien\/wildnis-event\/\" \/>\n<meta property=\"og:site_name\" content=\"Mora Hotell &amp; Spa\" \/>\n<meta property=\"article:modified_time\" content=\"2023-06-14T12:35:39+00:00\" \/>\n<meta property=\"og:image\" content=\"https:\/\/morahotell.se\/wp-content\/uploads\/2022\/04\/shutterstock_1175389690-1.jpg\" \/>\n\t<meta property=\"og:image:width\" content=\"1000\" \/>\n\t<meta property=\"og:image:height\" content=\"667\" \/>\n\t<meta property=\"og:image:type\" content=\"image\/jpeg\" \/>\n<meta name=\"twitter:card\" content=\"summary_large_image\" \/>\n<meta name=\"twitter:label1\" content=\"Gesch\u00e4tzte Lesezeit\" \/>\n\t<meta name=\"twitter:data1\" content=\"1\u00a0Minute\" \/>\n<script type=\"application\/ld+json\" class=\"yoast-schema-graph\">{\"@context\":\"https:\/\/schema.org\",\"@graph\":[{\"@type\":\"WebPage\",\"@id\":\"https:\/\/morahotell.se\/de\/produkt\/aktivitaeten\/leben-im-freien\/wildnis-event\/\",\"url\":\"https:\/\/morahotell.se\/de\/produkt\/aktivitaeten\/leben-im-freien\/wildnis-event\/\",\"name\":\"Wildnis-Event - Mora Hotell &amp; Spa\",\"isPartOf\":{\"@id\":\"https:\/\/morahotell.se\/de\/#website\"},\"primaryImageOfPage\":{\"@id\":\"https:\/\/morahotell.se\/de\/produkt\/aktivitaeten\/leben-im-freien\/wildnis-event\/#primaryimage\"},\"image\":{\"@id\":\"https:\/\/morahotell.se\/de\/produkt\/aktivitaeten\/leben-im-freien\/wildnis-event\/#primaryimage\"},\"thumbnailUrl\":\"https:\/\/morahotell.se\/wp-content\/uploads\/2022\/04\/shutterstock_1175389690-1.jpg\",\"datePublished\":\"2022-04-29T09:17:12+00:00\",\"dateModified\":\"2023-06-14T12:35:39+00:00\",\"description\":\"Bereiten Sie mit einem pers\u00f6nlichen Wildnisf\u00fchrer \\\"Feldnahrung\u201c aus der Speisekammer des Waldes zu. Erfahren Sie, welche Pflanzen essbar sind und wie sie angeordnet sind.\",\"breadcrumb\":{\"@id\":\"https:\/\/morahotell.se\/de\/produkt\/aktivitaeten\/leben-im-freien\/wildnis-event\/#breadcrumb\"},\"inLanguage\":\"de\",\"potentialAction\":[{\"@type\":\"ReadAction\",\"target\":[\"https:\/\/morahotell.se\/de\/produkt\/aktivitaeten\/leben-im-freien\/wildnis-event\/\"]}]},{\"@type\":\"ImageObject\",\"inLanguage\":\"de\",\"@id\":\"https:\/\/morahotell.se\/de\/produkt\/aktivitaeten\/leben-im-freien\/wildnis-event\/#primaryimage\",\"url\":\"https:\/\/morahotell.se\/wp-content\/uploads\/2022\/04\/shutterstock_1175389690-1.jpg\",\"contentUrl\":\"https:\/\/morahotell.se\/wp-content\/uploads\/2022\/04\/shutterstock_1175389690-1.jpg\",\"width\":1000,\"height\":667},{\"@type\":\"BreadcrumbList\",\"@id\":\"https:\/\/morahotell.se\/de\/produkt\/aktivitaeten\/leben-im-freien\/wildnis-event\/#breadcrumb\",\"itemListElement\":[{\"@type\":\"ListItem\",\"position\":1,\"name\":\"Mora hotell\",\"item\":\"https:\/\/morahotell.se\/de\/\"},{\"@type\":\"ListItem\",\"position\":2,\"name\":\"Reservierung\",\"item\":\"https:\/\/morahotell.se\/de\/reservierung\/\"},{\"@type\":\"ListItem\",\"position\":3,\"name\":\"Aktivit\u00e4ten\",\"item\":\"https:\/\/morahotell.se\/de\/produkt-kategori\/aktivitaeten\/\"},{\"@type\":\"ListItem\",\"position\":4,\"name\":\"Wildnis-Event\"}]},{\"@type\":\"WebSite\",\"@id\":\"https:\/\/morahotell.se\/de\/#website\",\"url\":\"https:\/\/morahotell.se\/de\/\",\"name\":\"Mora Hotell &amp; Spa\",\"description\":\"Fyrstj\u00e4rnigt hotell i Mora, n\u00e4ra Siljan\",\"potentialAction\":[{\"@type\":\"SearchAction\",\"target\":{\"@type\":\"EntryPoint\",\"urlTemplate\":\"https:\/\/morahotell.se\/de\/?s={search_term_string}\"},\"query-input\":{\"@type\":\"PropertyValueSpecification\",\"valueRequired\":true,\"valueName\":\"search_term_string\"}}],\"inLanguage\":\"de\"}]}<\/script>\n<!-- \/ Yoast SEO plugin. -->","yoast_head_json":{"title":"Wildnis-Event - Mora Hotell &amp; Spa","description":"Bereiten Sie mit einem pers\u00f6nlichen Wildnisf\u00fchrer \"Feldnahrung\u201c aus der Speisekammer des Waldes zu. Erfahren Sie, welche Pflanzen essbar sind und wie sie angeordnet sind.","robots":{"index":"index","follow":"follow","max-snippet":"max-snippet:-1","max-image-preview":"max-image-preview:large","max-video-preview":"max-video-preview:-1"},"canonical":"https:\/\/morahotell.se\/de\/produkt\/aktivitaeten\/leben-im-freien\/wildnis-event\/","og_locale":"de_DE","og_type":"article","og_title":"Wildnis-Event - Mora Hotell &amp; Spa","og_description":"Bereiten Sie mit einem pers\u00f6nlichen Wildnisf\u00fchrer \"Feldnahrung\u201c aus der Speisekammer des Waldes zu. Erfahren Sie, welche Pflanzen essbar sind und wie sie angeordnet sind.","og_url":"https:\/\/morahotell.se\/de\/produkt\/aktivitaeten\/leben-im-freien\/wildnis-event\/","og_site_name":"Mora Hotell &amp; Spa","article_modified_time":"2023-06-14T12:35:39+00:00","og_image":[{"width":1000,"height":667,"url":"https:\/\/morahotell.se\/wp-content\/uploads\/2022\/04\/shutterstock_1175389690-1.jpg","type":"image\/jpeg"}],"twitter_card":"summary_large_image","twitter_misc":{"Gesch\u00e4tzte Lesezeit":"1\u00a0Minute"},"schema":{"@context":"https:\/\/schema.org","@graph":[{"@type":"WebPage","@id":"https:\/\/morahotell.se\/de\/produkt\/aktivitaeten\/leben-im-freien\/wildnis-event\/","url":"https:\/\/morahotell.se\/de\/produkt\/aktivitaeten\/leben-im-freien\/wildnis-event\/","name":"Wildnis-Event - Mora Hotell &amp; Spa","isPartOf":{"@id":"https:\/\/morahotell.se\/de\/#website"},"primaryImageOfPage":{"@id":"https:\/\/morahotell.se\/de\/produkt\/aktivitaeten\/leben-im-freien\/wildnis-event\/#primaryimage"},"image":{"@id":"https:\/\/morahotell.se\/de\/produkt\/aktivitaeten\/leben-im-freien\/wildnis-event\/#primaryimage"},"thumbnailUrl":"https:\/\/morahotell.se\/wp-content\/uploads\/2022\/04\/shutterstock_1175389690-1.jpg","datePublished":"2022-04-29T09:17:12+00:00","dateModified":"2023-06-14T12:35:39+00:00","description":"Bereiten Sie mit einem pers\u00f6nlichen Wildnisf\u00fchrer \"Feldnahrung\u201c aus der Speisekammer des Waldes zu. Erfahren Sie, welche Pflanzen essbar sind und wie sie angeordnet sind.","breadcrumb":{"@id":"https:\/\/morahotell.se\/de\/produkt\/aktivitaeten\/leben-im-freien\/wildnis-event\/#breadcrumb"},"inLanguage":"de","potentialAction":[{"@type":"ReadAction","target":["https:\/\/morahotell.se\/de\/produkt\/aktivitaeten\/leben-im-freien\/wildnis-event\/"]}]},{"@type":"ImageObject","inLanguage":"de","@id":"https:\/\/morahotell.se\/de\/produkt\/aktivitaeten\/leben-im-freien\/wildnis-event\/#primaryimage","url":"https:\/\/morahotell.se\/wp-content\/uploads\/2022\/04\/shutterstock_1175389690-1.jpg","contentUrl":"https:\/\/morahotell.se\/wp-content\/uploads\/2022\/04\/shutterstock_1175389690-1.jpg","width":1000,"height":667},{"@type":"BreadcrumbList","@id":"https:\/\/morahotell.se\/de\/produkt\/aktivitaeten\/leben-im-freien\/wildnis-event\/#breadcrumb","itemListElement":[{"@type":"ListItem","position":1,"name":"Mora hotell","item":"https:\/\/morahotell.se\/de\/"},{"@type":"ListItem","position":2,"name":"Reservierung","item":"https:\/\/morahotell.se\/de\/reservierung\/"},{"@type":"ListItem","position":3,"name":"Aktivit\u00e4ten","item":"https:\/\/morahotell.se\/de\/produkt-kategori\/aktivitaeten\/"},{"@type":"ListItem","position":4,"name":"Wildnis-Event"}]},{"@type":"WebSite","@id":"https:\/\/morahotell.se\/de\/#website","url":"https:\/\/morahotell.se\/de\/","name":"Mora Hotell &amp; Spa","description":"Fyrstj\u00e4rnigt hotell i Mora, n\u00e4ra Siljan","potentialAction":[{"@type":"SearchAction","target":{"@type":"EntryPoint","urlTemplate":"https:\/\/morahotell.se\/de\/?s={search_term_string}"},"query-input":{"@type":"PropertyValueSpecification","valueRequired":true,"valueName":"search_term_string"}}],"inLanguage":"de"}]}},"_links":{"self":[{"href":"https:\/\/morahotell.se\/de\/wp-json\/wp\/v2\/product\/3145","targetHints":{"allow":["GET"]}}],"collection":[{"href":"https:\/\/morahotell.se\/de\/wp-json\/wp\/v2\/product"}],"about":[{"href":"https:\/\/morahotell.se\/de\/wp-json\/wp\/v2\/types\/product"}],"replies":[{"embeddable":true,"href":"https:\/\/morahotell.se\/de\/wp-json\/wp\/v2\/comments?post=3145"}],"wp:featuredmedia":[{"embeddable":true,"href":"https:\/\/morahotell.se\/de\/wp-json\/wp\/v2\/media\/2654"}],"wp:attachment":[{"href":"https:\/\/morahotell.se\/de\/wp-json\/wp\/v2\/media?parent=3145"}],"wp:term":[{"taxonomy":"product_brand","embeddable":true,"href":"https:\/\/morahotell.se\/de\/wp-json\/wp\/v2\/product_brand?post=3145"},{"taxonomy":"product_cat","embeddable":true,"href":"https:\/\/morahotell.se\/de\/wp-json\/wp\/v2\/product_cat?post=3145"},{"taxonomy":"product_tag","embeddable":true,"href":"https:\/\/morahotell.se\/de\/wp-json\/wp\/v2\/product_tag?post=3145"}],"curies":[{"name":"wp","href":"https:\/\/api.w.org\/{rel}","templated":true}]}}