{"id":30793,"date":"2025-08-01T13:53:19","date_gmt":"2025-08-01T11:53:19","guid":{"rendered":"https:\/\/morahotell.se\/?post_type=product&#038;p=30793"},"modified":"2025-12-15T11:08:02","modified_gmt":"2025-12-15T10:08:02","slug":"erholungsmassage-50-min","status":"publish","type":"product","link":"https:\/\/morahotell.se\/de\/produkt\/spa-de\/ganzer-koerper\/erholungsmassage-50-min\/","title":{"rendered":"Erholungsmassage 50 Min."},"content":{"rendered":"<p>Die Massage f\u00f6rdert die allgemeine Erholung, insbesondere nach dem Sport oder in stressigen Zeiten.<br \/>\nVerspannte Muskeln werden mit W\u00e4rme behandelt, und die kraftvollen Eigenschaften von Magnesium unterst\u00fctzen den k\u00f6rpereigenen Entgiftungsprozess.<br \/>\nK\u00fchlendes Menthol wird auf die Beinmuskulatur aufgetragen, um die Drainage und Durchblutung zu f\u00f6rdern.<\/p>\n<p>Regul\u00e4rer Preis: 995 SEK, Aktionspreis im August: 895 SEK<\/p>\n","protected":false},"excerpt":{"rendered":"<p>Die Massage f\u00f6rdert die allgemeine Erholung, insbesondere nach dem Sport oder in stressigen Zeiten. Verspannte Muskeln werden mit W\u00e4rme behandelt, und die kraftvollen Eigenschaften von Magnesium unterst\u00fctzen den k\u00f6rpereigenen Entgiftungsprozess. K\u00fchlendes Menthol wird auf die Beinmuskulatur aufgetragen, um die Drainage und Durchblutung zu f\u00f6rdern. Regul\u00e4rer Preis: 995 SEK, Aktionspreis im August: 895 SEK<\/p>\n","protected":false},"featured_media":29340,"comment_status":"closed","ping_status":"closed","template":"","meta":{"_acf_changed":false},"product_brand":[],"product_cat":[76,77,75],"product_tag":[],"class_list":{"0":"post-30793","1":"product","2":"type-product","3":"status-publish","4":"has-post-thumbnail","6":"product_cat-ganzer-koerper","7":"product_cat-massage-de","8":"product_cat-spa-de","10":"first","11":"instock","12":"taxable","13":"shipping-taxable","14":"purchasable","15":"product-type-simple"},"acf":[],"yoast_head":"<!-- This site is optimized with the Yoast SEO plugin v26.5 - https:\/\/yoast.com\/wordpress\/plugins\/seo\/ -->\n<title>Erholungsmassage 50 Min. - Mora Hotell &amp; Spa<\/title>\n<meta name=\"robots\" content=\"index, follow, max-snippet:-1, max-image-preview:large, max-video-preview:-1\" \/>\n<link rel=\"canonical\" href=\"https:\/\/morahotell.se\/de\/produkt\/spa-de\/ganzer-koerper\/erholungsmassage-50-min\/\" \/>\n<meta property=\"og:locale\" content=\"de_DE\" \/>\n<meta property=\"og:type\" content=\"article\" \/>\n<meta property=\"og:title\" content=\"Erholungsmassage 50 Min. - Mora Hotell &amp; Spa\" \/>\n<meta property=\"og:description\" content=\"Die Massage f\u00f6rdert die allgemeine Erholung, insbesondere nach dem Sport oder in stressigen Zeiten. Verspannte Muskeln werden mit W\u00e4rme behandelt, und die kraftvollen Eigenschaften von Magnesium unterst\u00fctzen den k\u00f6rpereigenen Entgiftungsprozess. K\u00fchlendes Menthol wird auf die Beinmuskulatur aufgetragen, um die Drainage und Durchblutung zu f\u00f6rdern. Regul\u00e4rer Preis: 995 SEK, Aktionspreis im August: 895 SEK\" \/>\n<meta property=\"og:url\" content=\"https:\/\/morahotell.se\/de\/produkt\/spa-de\/ganzer-koerper\/erholungsmassage-50-min\/\" \/>\n<meta property=\"og:site_name\" content=\"Mora Hotell &amp; Spa\" \/>\n<meta property=\"article:modified_time\" content=\"2025-12-15T10:08:02+00:00\" \/>\n<meta property=\"og:image\" content=\"https:\/\/morahotell.se\/wp-content\/uploads\/2025\/08\/recovery-massage.jpg\" \/>\n\t<meta property=\"og:image:width\" content=\"1080\" \/>\n\t<meta property=\"og:image:height\" content=\"1080\" \/>\n\t<meta property=\"og:image:type\" content=\"image\/jpeg\" \/>\n<meta name=\"twitter:card\" content=\"summary_large_image\" \/>\n<script type=\"application\/ld+json\" class=\"yoast-schema-graph\">{\"@context\":\"https:\/\/schema.org\",\"@graph\":[{\"@type\":\"WebPage\",\"@id\":\"https:\/\/morahotell.se\/de\/produkt\/spa-de\/ganzer-koerper\/erholungsmassage-50-min\/\",\"url\":\"https:\/\/morahotell.se\/de\/produkt\/spa-de\/ganzer-koerper\/erholungsmassage-50-min\/\",\"name\":\"Erholungsmassage 50 Min. - Mora Hotell &amp; Spa\",\"isPartOf\":{\"@id\":\"https:\/\/morahotell.se\/de\/#website\"},\"primaryImageOfPage\":{\"@id\":\"https:\/\/morahotell.se\/de\/produkt\/spa-de\/ganzer-koerper\/erholungsmassage-50-min\/#primaryimage\"},\"image\":{\"@id\":\"https:\/\/morahotell.se\/de\/produkt\/spa-de\/ganzer-koerper\/erholungsmassage-50-min\/#primaryimage\"},\"thumbnailUrl\":\"https:\/\/morahotell.se\/wp-content\/uploads\/2025\/08\/recovery-massage.jpg\",\"datePublished\":\"2025-08-01T11:53:19+00:00\",\"dateModified\":\"2025-12-15T10:08:02+00:00\",\"breadcrumb\":{\"@id\":\"https:\/\/morahotell.se\/de\/produkt\/spa-de\/ganzer-koerper\/erholungsmassage-50-min\/#breadcrumb\"},\"inLanguage\":\"de\",\"potentialAction\":[{\"@type\":\"ReadAction\",\"target\":[\"https:\/\/morahotell.se\/de\/produkt\/spa-de\/ganzer-koerper\/erholungsmassage-50-min\/\"]}]},{\"@type\":\"ImageObject\",\"inLanguage\":\"de\",\"@id\":\"https:\/\/morahotell.se\/de\/produkt\/spa-de\/ganzer-koerper\/erholungsmassage-50-min\/#primaryimage\",\"url\":\"https:\/\/morahotell.se\/wp-content\/uploads\/2025\/08\/recovery-massage.jpg\",\"contentUrl\":\"https:\/\/morahotell.se\/wp-content\/uploads\/2025\/08\/recovery-massage.jpg\",\"width\":1080,\"height\":1080,\"caption\":\"Recovery Massage 50 min\"},{\"@type\":\"BreadcrumbList\",\"@id\":\"https:\/\/morahotell.se\/de\/produkt\/spa-de\/ganzer-koerper\/erholungsmassage-50-min\/#breadcrumb\",\"itemListElement\":[{\"@type\":\"ListItem\",\"position\":1,\"name\":\"Mora hotell\",\"item\":\"https:\/\/morahotell.se\/de\/\"},{\"@type\":\"ListItem\",\"position\":2,\"name\":\"Reservierung\",\"item\":\"https:\/\/morahotell.se\/de\/reservierung\/\"},{\"@type\":\"ListItem\",\"position\":3,\"name\":\"Spa\",\"item\":\"https:\/\/morahotell.se\/de\/produkt-kategori\/spa-de\/\"},{\"@type\":\"ListItem\",\"position\":4,\"name\":\"Ganzer K\u00f6rper\",\"item\":\"https:\/\/morahotell.se\/de\/produkt-kategori\/spa-de\/ganzer-koerper\/\"},{\"@type\":\"ListItem\",\"position\":5,\"name\":\"Erholungsmassage 50 Min.\"}]},{\"@type\":\"WebSite\",\"@id\":\"https:\/\/morahotell.se\/de\/#website\",\"url\":\"https:\/\/morahotell.se\/de\/\",\"name\":\"Mora Hotell &amp; Spa\",\"description\":\"Fyrstj\u00e4rnigt hotell i Mora, n\u00e4ra Siljan\",\"potentialAction\":[{\"@type\":\"SearchAction\",\"target\":{\"@type\":\"EntryPoint\",\"urlTemplate\":\"https:\/\/morahotell.se\/de\/?s={search_term_string}\"},\"query-input\":{\"@type\":\"PropertyValueSpecification\",\"valueRequired\":true,\"valueName\":\"search_term_string\"}}],\"inLanguage\":\"de\"}]}<\/script>\n<!-- \/ Yoast SEO plugin. -->","yoast_head_json":{"title":"Erholungsmassage 50 Min. - Mora Hotell &amp; Spa","robots":{"index":"index","follow":"follow","max-snippet":"max-snippet:-1","max-image-preview":"max-image-preview:large","max-video-preview":"max-video-preview:-1"},"canonical":"https:\/\/morahotell.se\/de\/produkt\/spa-de\/ganzer-koerper\/erholungsmassage-50-min\/","og_locale":"de_DE","og_type":"article","og_title":"Erholungsmassage 50 Min. - Mora Hotell &amp; Spa","og_description":"Die Massage f\u00f6rdert die allgemeine Erholung, insbesondere nach dem Sport oder in stressigen Zeiten. Verspannte Muskeln werden mit W\u00e4rme behandelt, und die kraftvollen Eigenschaften von Magnesium unterst\u00fctzen den k\u00f6rpereigenen Entgiftungsprozess. K\u00fchlendes Menthol wird auf die Beinmuskulatur aufgetragen, um die Drainage und Durchblutung zu f\u00f6rdern. Regul\u00e4rer Preis: 995 SEK, Aktionspreis im August: 895 SEK","og_url":"https:\/\/morahotell.se\/de\/produkt\/spa-de\/ganzer-koerper\/erholungsmassage-50-min\/","og_site_name":"Mora Hotell &amp; Spa","article_modified_time":"2025-12-15T10:08:02+00:00","og_image":[{"width":1080,"height":1080,"url":"https:\/\/morahotell.se\/wp-content\/uploads\/2025\/08\/recovery-massage.jpg","type":"image\/jpeg"}],"twitter_card":"summary_large_image","schema":{"@context":"https:\/\/schema.org","@graph":[{"@type":"WebPage","@id":"https:\/\/morahotell.se\/de\/produkt\/spa-de\/ganzer-koerper\/erholungsmassage-50-min\/","url":"https:\/\/morahotell.se\/de\/produkt\/spa-de\/ganzer-koerper\/erholungsmassage-50-min\/","name":"Erholungsmassage 50 Min. - Mora Hotell &amp; Spa","isPartOf":{"@id":"https:\/\/morahotell.se\/de\/#website"},"primaryImageOfPage":{"@id":"https:\/\/morahotell.se\/de\/produkt\/spa-de\/ganzer-koerper\/erholungsmassage-50-min\/#primaryimage"},"image":{"@id":"https:\/\/morahotell.se\/de\/produkt\/spa-de\/ganzer-koerper\/erholungsmassage-50-min\/#primaryimage"},"thumbnailUrl":"https:\/\/morahotell.se\/wp-content\/uploads\/2025\/08\/recovery-massage.jpg","datePublished":"2025-08-01T11:53:19+00:00","dateModified":"2025-12-15T10:08:02+00:00","breadcrumb":{"@id":"https:\/\/morahotell.se\/de\/produkt\/spa-de\/ganzer-koerper\/erholungsmassage-50-min\/#breadcrumb"},"inLanguage":"de","potentialAction":[{"@type":"ReadAction","target":["https:\/\/morahotell.se\/de\/produkt\/spa-de\/ganzer-koerper\/erholungsmassage-50-min\/"]}]},{"@type":"ImageObject","inLanguage":"de","@id":"https:\/\/morahotell.se\/de\/produkt\/spa-de\/ganzer-koerper\/erholungsmassage-50-min\/#primaryimage","url":"https:\/\/morahotell.se\/wp-content\/uploads\/2025\/08\/recovery-massage.jpg","contentUrl":"https:\/\/morahotell.se\/wp-content\/uploads\/2025\/08\/recovery-massage.jpg","width":1080,"height":1080,"caption":"Recovery Massage 50 min"},{"@type":"BreadcrumbList","@id":"https:\/\/morahotell.se\/de\/produkt\/spa-de\/ganzer-koerper\/erholungsmassage-50-min\/#breadcrumb","itemListElement":[{"@type":"ListItem","position":1,"name":"Mora hotell","item":"https:\/\/morahotell.se\/de\/"},{"@type":"ListItem","position":2,"name":"Reservierung","item":"https:\/\/morahotell.se\/de\/reservierung\/"},{"@type":"ListItem","position":3,"name":"Spa","item":"https:\/\/morahotell.se\/de\/produkt-kategori\/spa-de\/"},{"@type":"ListItem","position":4,"name":"Ganzer K\u00f6rper","item":"https:\/\/morahotell.se\/de\/produkt-kategori\/spa-de\/ganzer-koerper\/"},{"@type":"ListItem","position":5,"name":"Erholungsmassage 50 Min."}]},{"@type":"WebSite","@id":"https:\/\/morahotell.se\/de\/#website","url":"https:\/\/morahotell.se\/de\/","name":"Mora Hotell &amp; Spa","description":"Fyrstj\u00e4rnigt hotell i Mora, n\u00e4ra Siljan","potentialAction":[{"@type":"SearchAction","target":{"@type":"EntryPoint","urlTemplate":"https:\/\/morahotell.se\/de\/?s={search_term_string}"},"query-input":{"@type":"PropertyValueSpecification","valueRequired":true,"valueName":"search_term_string"}}],"inLanguage":"de"}]}},"_links":{"self":[{"href":"https:\/\/morahotell.se\/de\/wp-json\/wp\/v2\/product\/30793","targetHints":{"allow":["GET"]}}],"collection":[{"href":"https:\/\/morahotell.se\/de\/wp-json\/wp\/v2\/product"}],"about":[{"href":"https:\/\/morahotell.se\/de\/wp-json\/wp\/v2\/types\/product"}],"replies":[{"embeddable":true,"href":"https:\/\/morahotell.se\/de\/wp-json\/wp\/v2\/comments?post=30793"}],"wp:featuredmedia":[{"embeddable":true,"href":"https:\/\/morahotell.se\/de\/wp-json\/wp\/v2\/media\/29340"}],"wp:attachment":[{"href":"https:\/\/morahotell.se\/de\/wp-json\/wp\/v2\/media?parent=30793"}],"wp:term":[{"taxonomy":"product_brand","embeddable":true,"href":"https:\/\/morahotell.se\/de\/wp-json\/wp\/v2\/product_brand?post=30793"},{"taxonomy":"product_cat","embeddable":true,"href":"https:\/\/morahotell.se\/de\/wp-json\/wp\/v2\/product_cat?post=30793"},{"taxonomy":"product_tag","embeddable":true,"href":"https:\/\/morahotell.se\/de\/wp-json\/wp\/v2\/product_tag?post=30793"}],"curies":[{"name":"wp","href":"https:\/\/api.w.org\/{rel}","templated":true}]}}