{"id":30630,"date":"2025-12-02T09:01:29","date_gmt":"2025-12-02T08:01:29","guid":{"rendered":"https:\/\/morahotell.se\/?post_type=product&#038;p=30630"},"modified":"2025-12-15T14:15:25","modified_gmt":"2025-12-15T13:15:25","slug":"zahnaufhellung-80-minuten","status":"publish","type":"product","link":"https:\/\/morahotell.se\/de\/produkt\/spa-de\/gesichts\/zahnaufhellung-80-minuten\/","title":{"rendered":"Zahnaufhellung 80 Minuten"},"content":{"rendered":"<p>Zahnaufhellung ist eine kosmetische Behandlung, bei der die Farbe der Z\u00e4hne durch den Einsatz von Bleichmitteln, in der Regel Gele mit Carbamidperoxid oder Wasserstoffperoxid, aufgehellt wird, um Verf\u00e4rbungen im Zahnschmelz und im Dentin aufzubrechen. Durch diesen Prozess werden Flecken entfernt, die durch Lebensmittel, Getr\u00e4nke und Lebensgewohnheiten entstanden sind, was zu einem wei\u00dferen L\u00e4cheln f\u00fchrt. Die Behandlung kann entweder zu Hause mit einem Selbstpflege-Set oder professionell in einer Zahnarztpraxis durchgef\u00fchrt werden.<\/p>\n<h2>So funktioniert die Zahnaufhellung<\/h2>\n<ul>\n<li>Bleichmittel: Es werden Gele verwendet, die Wasserstoffperoxid oder Carbamidperoxid enthalten.<\/li>\n<li>Chemischer Prozess: Das Bleichmittel dringt in den Zahnschmelz ein und baut die farbigen Molek\u00fcle ab, die Verf\u00e4rbungen verursachen.<\/li>\n<li>Sauerstofffreisetzung: Die Chemikalien setzen Sauerstoffradikale frei, die dann Pigmente entfernen und den Zahn aufhellen.<\/li>\n<\/ul>\n<p><strong>Regul\u00e4rer Preis: 3.000 SEK<\/strong><\/p>\n","protected":false},"excerpt":{"rendered":"<p>Zahnaufhellung ist eine kosmetische Behandlung, bei der die Farbe der Z\u00e4hne durch den Einsatz von Bleichmitteln, in der Regel Gele mit Carbamidperoxid oder Wasserstoffperoxid, aufgehellt wird, um Verf\u00e4rbungen im Zahnschmelz und im Dentin aufzubrechen. Durch diesen Prozess werden Flecken entfernt, die durch Lebensmittel, Getr\u00e4nke und Lebensgewohnheiten entstanden sind, was zu einem wei\u00dferen L\u00e4cheln f\u00fchrt. Die&hellip;<\/p>\n","protected":false},"featured_media":30636,"comment_status":"closed","ping_status":"closed","template":"","meta":{"_acf_changed":false},"product_brand":[],"product_cat":[74,75],"product_tag":[],"class_list":{"0":"post-30630","1":"product","2":"type-product","3":"status-publish","4":"has-post-thumbnail","6":"product_cat-gesichts","7":"product_cat-spa-de","9":"first","10":"instock","11":"taxable","12":"shipping-taxable","13":"purchasable","14":"product-type-simple"},"acf":[],"yoast_head":"<!-- This site is optimized with the Yoast SEO plugin v26.5 - https:\/\/yoast.com\/wordpress\/plugins\/seo\/ -->\n<title>Wimpernlifting und Augenbrauenlifting - Mora Hotell &amp; Spa<\/title>\n<meta name=\"description\" content=\"Zahnaufhellung hellt Ihre Z\u00e4hne auf und entfernt Verf\u00e4rbungen mithilfe von Bleichmitteln und Gel. Erhalten Sie ein strahlenderes L\u00e4cheln und buchen Sie eine Zahnaufhellung im Mora Hotell.\" \/>\n<meta name=\"robots\" content=\"index, follow, max-snippet:-1, max-image-preview:large, max-video-preview:-1\" \/>\n<link rel=\"canonical\" href=\"https:\/\/morahotell.se\/de\/produkt\/spa-de\/gesichts\/zahnaufhellung-80-minuten\/\" \/>\n<meta property=\"og:locale\" content=\"de_DE\" \/>\n<meta property=\"og:type\" content=\"article\" \/>\n<meta property=\"og:title\" content=\"Wimpernlifting und Augenbrauenlifting - Mora Hotell &amp; Spa\" \/>\n<meta property=\"og:description\" content=\"Zahnaufhellung hellt Ihre Z\u00e4hne auf und entfernt Verf\u00e4rbungen mithilfe von Bleichmitteln und Gel. Erhalten Sie ein strahlenderes L\u00e4cheln und buchen Sie eine Zahnaufhellung im Mora Hotell.\" \/>\n<meta property=\"og:url\" content=\"https:\/\/morahotell.se\/de\/produkt\/spa-de\/gesichts\/zahnaufhellung-80-minuten\/\" \/>\n<meta property=\"og:site_name\" content=\"Mora Hotell &amp; Spa\" \/>\n<meta property=\"article:modified_time\" content=\"2025-12-15T13:15:25+00:00\" \/>\n<meta property=\"og:image\" content=\"https:\/\/morahotell.se\/wp-content\/uploads\/2025\/12\/Tandblekning-scaled.jpg\" \/>\n\t<meta property=\"og:image:width\" content=\"2560\" \/>\n\t<meta property=\"og:image:height\" content=\"1709\" \/>\n\t<meta property=\"og:image:type\" content=\"image\/jpeg\" \/>\n<meta name=\"twitter:card\" content=\"summary_large_image\" \/>\n<meta name=\"twitter:label1\" content=\"Gesch\u00e4tzte Lesezeit\" \/>\n\t<meta name=\"twitter:data1\" content=\"1\u00a0Minute\" \/>\n<script type=\"application\/ld+json\" class=\"yoast-schema-graph\">{\"@context\":\"https:\/\/schema.org\",\"@graph\":[{\"@type\":\"WebPage\",\"@id\":\"https:\/\/morahotell.se\/de\/produkt\/spa-de\/gesichts\/zahnaufhellung-80-minuten\/\",\"url\":\"https:\/\/morahotell.se\/de\/produkt\/spa-de\/gesichts\/zahnaufhellung-80-minuten\/\",\"name\":\"Wimpernlifting und Augenbrauenlifting - Mora Hotell &amp; Spa\",\"isPartOf\":{\"@id\":\"https:\/\/morahotell.se\/de\/#website\"},\"primaryImageOfPage\":{\"@id\":\"https:\/\/morahotell.se\/de\/produkt\/spa-de\/gesichts\/zahnaufhellung-80-minuten\/#primaryimage\"},\"image\":{\"@id\":\"https:\/\/morahotell.se\/de\/produkt\/spa-de\/gesichts\/zahnaufhellung-80-minuten\/#primaryimage\"},\"thumbnailUrl\":\"https:\/\/morahotell.se\/wp-content\/uploads\/2025\/12\/Tandblekning-scaled.jpg\",\"datePublished\":\"2025-12-02T08:01:29+00:00\",\"dateModified\":\"2025-12-15T13:15:25+00:00\",\"description\":\"Zahnaufhellung hellt Ihre Z\u00e4hne auf und entfernt Verf\u00e4rbungen mithilfe von Bleichmitteln und Gel. Erhalten Sie ein strahlenderes L\u00e4cheln und buchen Sie eine Zahnaufhellung im Mora Hotell.\",\"breadcrumb\":{\"@id\":\"https:\/\/morahotell.se\/de\/produkt\/spa-de\/gesichts\/zahnaufhellung-80-minuten\/#breadcrumb\"},\"inLanguage\":\"de\",\"potentialAction\":[{\"@type\":\"ReadAction\",\"target\":[\"https:\/\/morahotell.se\/de\/produkt\/spa-de\/gesichts\/zahnaufhellung-80-minuten\/\"]}]},{\"@type\":\"ImageObject\",\"inLanguage\":\"de\",\"@id\":\"https:\/\/morahotell.se\/de\/produkt\/spa-de\/gesichts\/zahnaufhellung-80-minuten\/#primaryimage\",\"url\":\"https:\/\/morahotell.se\/wp-content\/uploads\/2025\/12\/Tandblekning-scaled.jpg\",\"contentUrl\":\"https:\/\/morahotell.se\/wp-content\/uploads\/2025\/12\/Tandblekning-scaled.jpg\",\"width\":2560,\"height\":1709},{\"@type\":\"BreadcrumbList\",\"@id\":\"https:\/\/morahotell.se\/de\/produkt\/spa-de\/gesichts\/zahnaufhellung-80-minuten\/#breadcrumb\",\"itemListElement\":[{\"@type\":\"ListItem\",\"position\":1,\"name\":\"Mora hotell\",\"item\":\"https:\/\/morahotell.se\/de\/\"},{\"@type\":\"ListItem\",\"position\":2,\"name\":\"Reservierung\",\"item\":\"https:\/\/morahotell.se\/de\/reservierung\/\"},{\"@type\":\"ListItem\",\"position\":3,\"name\":\"Spa\",\"item\":\"https:\/\/morahotell.se\/de\/produkt-kategori\/spa-de\/\"},{\"@type\":\"ListItem\",\"position\":4,\"name\":\"Zahnaufhellung 80 Minuten\"}]},{\"@type\":\"WebSite\",\"@id\":\"https:\/\/morahotell.se\/de\/#website\",\"url\":\"https:\/\/morahotell.se\/de\/\",\"name\":\"Mora Hotell &amp; Spa\",\"description\":\"Fyrstj\u00e4rnigt hotell i Mora, n\u00e4ra Siljan\",\"potentialAction\":[{\"@type\":\"SearchAction\",\"target\":{\"@type\":\"EntryPoint\",\"urlTemplate\":\"https:\/\/morahotell.se\/de\/?s={search_term_string}\"},\"query-input\":{\"@type\":\"PropertyValueSpecification\",\"valueRequired\":true,\"valueName\":\"search_term_string\"}}],\"inLanguage\":\"de\"}]}<\/script>\n<!-- \/ Yoast SEO plugin. -->","yoast_head_json":{"title":"Wimpernlifting und Augenbrauenlifting - Mora Hotell &amp; Spa","description":"Zahnaufhellung hellt Ihre Z\u00e4hne auf und entfernt Verf\u00e4rbungen mithilfe von Bleichmitteln und Gel. Erhalten Sie ein strahlenderes L\u00e4cheln und buchen Sie eine Zahnaufhellung im Mora Hotell.","robots":{"index":"index","follow":"follow","max-snippet":"max-snippet:-1","max-image-preview":"max-image-preview:large","max-video-preview":"max-video-preview:-1"},"canonical":"https:\/\/morahotell.se\/de\/produkt\/spa-de\/gesichts\/zahnaufhellung-80-minuten\/","og_locale":"de_DE","og_type":"article","og_title":"Wimpernlifting und Augenbrauenlifting - Mora Hotell &amp; Spa","og_description":"Zahnaufhellung hellt Ihre Z\u00e4hne auf und entfernt Verf\u00e4rbungen mithilfe von Bleichmitteln und Gel. Erhalten Sie ein strahlenderes L\u00e4cheln und buchen Sie eine Zahnaufhellung im Mora Hotell.","og_url":"https:\/\/morahotell.se\/de\/produkt\/spa-de\/gesichts\/zahnaufhellung-80-minuten\/","og_site_name":"Mora Hotell &amp; Spa","article_modified_time":"2025-12-15T13:15:25+00:00","og_image":[{"width":2560,"height":1709,"url":"https:\/\/morahotell.se\/wp-content\/uploads\/2025\/12\/Tandblekning-scaled.jpg","type":"image\/jpeg"}],"twitter_card":"summary_large_image","twitter_misc":{"Gesch\u00e4tzte Lesezeit":"1\u00a0Minute"},"schema":{"@context":"https:\/\/schema.org","@graph":[{"@type":"WebPage","@id":"https:\/\/morahotell.se\/de\/produkt\/spa-de\/gesichts\/zahnaufhellung-80-minuten\/","url":"https:\/\/morahotell.se\/de\/produkt\/spa-de\/gesichts\/zahnaufhellung-80-minuten\/","name":"Wimpernlifting und Augenbrauenlifting - Mora Hotell &amp; Spa","isPartOf":{"@id":"https:\/\/morahotell.se\/de\/#website"},"primaryImageOfPage":{"@id":"https:\/\/morahotell.se\/de\/produkt\/spa-de\/gesichts\/zahnaufhellung-80-minuten\/#primaryimage"},"image":{"@id":"https:\/\/morahotell.se\/de\/produkt\/spa-de\/gesichts\/zahnaufhellung-80-minuten\/#primaryimage"},"thumbnailUrl":"https:\/\/morahotell.se\/wp-content\/uploads\/2025\/12\/Tandblekning-scaled.jpg","datePublished":"2025-12-02T08:01:29+00:00","dateModified":"2025-12-15T13:15:25+00:00","description":"Zahnaufhellung hellt Ihre Z\u00e4hne auf und entfernt Verf\u00e4rbungen mithilfe von Bleichmitteln und Gel. Erhalten Sie ein strahlenderes L\u00e4cheln und buchen Sie eine Zahnaufhellung im Mora Hotell.","breadcrumb":{"@id":"https:\/\/morahotell.se\/de\/produkt\/spa-de\/gesichts\/zahnaufhellung-80-minuten\/#breadcrumb"},"inLanguage":"de","potentialAction":[{"@type":"ReadAction","target":["https:\/\/morahotell.se\/de\/produkt\/spa-de\/gesichts\/zahnaufhellung-80-minuten\/"]}]},{"@type":"ImageObject","inLanguage":"de","@id":"https:\/\/morahotell.se\/de\/produkt\/spa-de\/gesichts\/zahnaufhellung-80-minuten\/#primaryimage","url":"https:\/\/morahotell.se\/wp-content\/uploads\/2025\/12\/Tandblekning-scaled.jpg","contentUrl":"https:\/\/morahotell.se\/wp-content\/uploads\/2025\/12\/Tandblekning-scaled.jpg","width":2560,"height":1709},{"@type":"BreadcrumbList","@id":"https:\/\/morahotell.se\/de\/produkt\/spa-de\/gesichts\/zahnaufhellung-80-minuten\/#breadcrumb","itemListElement":[{"@type":"ListItem","position":1,"name":"Mora hotell","item":"https:\/\/morahotell.se\/de\/"},{"@type":"ListItem","position":2,"name":"Reservierung","item":"https:\/\/morahotell.se\/de\/reservierung\/"},{"@type":"ListItem","position":3,"name":"Spa","item":"https:\/\/morahotell.se\/de\/produkt-kategori\/spa-de\/"},{"@type":"ListItem","position":4,"name":"Zahnaufhellung 80 Minuten"}]},{"@type":"WebSite","@id":"https:\/\/morahotell.se\/de\/#website","url":"https:\/\/morahotell.se\/de\/","name":"Mora Hotell &amp; Spa","description":"Fyrstj\u00e4rnigt hotell i Mora, n\u00e4ra Siljan","potentialAction":[{"@type":"SearchAction","target":{"@type":"EntryPoint","urlTemplate":"https:\/\/morahotell.se\/de\/?s={search_term_string}"},"query-input":{"@type":"PropertyValueSpecification","valueRequired":true,"valueName":"search_term_string"}}],"inLanguage":"de"}]}},"_links":{"self":[{"href":"https:\/\/morahotell.se\/de\/wp-json\/wp\/v2\/product\/30630","targetHints":{"allow":["GET"]}}],"collection":[{"href":"https:\/\/morahotell.se\/de\/wp-json\/wp\/v2\/product"}],"about":[{"href":"https:\/\/morahotell.se\/de\/wp-json\/wp\/v2\/types\/product"}],"replies":[{"embeddable":true,"href":"https:\/\/morahotell.se\/de\/wp-json\/wp\/v2\/comments?post=30630"}],"wp:featuredmedia":[{"embeddable":true,"href":"https:\/\/morahotell.se\/de\/wp-json\/wp\/v2\/media\/30636"}],"wp:attachment":[{"href":"https:\/\/morahotell.se\/de\/wp-json\/wp\/v2\/media?parent=30630"}],"wp:term":[{"taxonomy":"product_brand","embeddable":true,"href":"https:\/\/morahotell.se\/de\/wp-json\/wp\/v2\/product_brand?post=30630"},{"taxonomy":"product_cat","embeddable":true,"href":"https:\/\/morahotell.se\/de\/wp-json\/wp\/v2\/product_cat?post=30630"},{"taxonomy":"product_tag","embeddable":true,"href":"https:\/\/morahotell.se\/de\/wp-json\/wp\/v2\/product_tag?post=30630"}],"curies":[{"name":"wp","href":"https:\/\/api.w.org\/{rel}","templated":true}]}}