{"id":30622,"date":"2025-12-02T08:39:00","date_gmt":"2025-12-02T07:39:00","guid":{"rendered":"https:\/\/morahotell.se\/?post_type=product&#038;p=30622"},"modified":"2025-12-15T14:17:21","modified_gmt":"2025-12-15T13:17:21","slug":"wimpernlifting","status":"publish","type":"product","link":"https:\/\/morahotell.se\/de\/produkt\/spa-de\/gesichts\/wimpernlifting\/","title":{"rendered":"Wimpernlifting"},"content":{"rendered":"<p>Das Lash Lift ist eine Wimpernwelle, die den Eindruck l\u00e4ngerer und vollerer Wimpern vermittelt.<\/p>\n<p>Die Behandlung ist semipermanent und h\u00e4lt mehrere Wochen lang.<\/p>\n<ul>\n<li>Wimpern werden von der Wurzel her gewellt.<\/li>\n<li>Verleiht den Eindruck l\u00e4ngerer und vollerer Wimpern.<\/li>\n<li>Ersetzt Wimpernzange und Mascara.<\/li>\n<li>Kann mit einer Wimpernf\u00e4rbung kombiniert werden, um ein noch ausgepr\u00e4gteres Ergebnis zu erzielen.<\/li>\n<li>Das Ergebnis h\u00e4lt etwa 6\u20138 Wochen an.<\/li>\n<\/ul>\n<p><strong>Regul\u00e4rer Preis: 800 SEK<\/strong><\/p>\n","protected":false},"excerpt":{"rendered":"<p>Das Lash Lift ist eine Wimpernwelle, die den Eindruck l\u00e4ngerer und vollerer Wimpern vermittelt. Die Behandlung ist semipermanent und h\u00e4lt mehrere Wochen lang. Wimpern werden von der Wurzel her gewellt. Verleiht den Eindruck l\u00e4ngerer und vollerer Wimpern. Ersetzt Wimpernzange und Mascara. Kann mit einer Wimpernf\u00e4rbung kombiniert werden, um ein noch ausgepr\u00e4gteres Ergebnis zu erzielen. Das&hellip;<\/p>\n","protected":false},"featured_media":30628,"comment_status":"closed","ping_status":"closed","template":"","meta":{"_acf_changed":false},"product_brand":[],"product_cat":[74,75],"product_tag":[],"class_list":{"0":"post-30622","1":"product","2":"type-product","3":"status-publish","4":"has-post-thumbnail","6":"product_cat-gesichts","7":"product_cat-spa-de","9":"first","10":"instock","11":"taxable","12":"shipping-taxable","13":"purchasable","14":"product-type-simple"},"acf":[],"yoast_head":"<!-- This site is optimized with the Yoast SEO plugin v26.5 - https:\/\/yoast.com\/wordpress\/plugins\/seo\/ -->\n<title>Wimpernlifting - Mora Hotell &amp; Spa<\/title>\n<meta name=\"description\" content=\"Das Lash Lift formt Ihre Wimpern und betont Ihre nat\u00fcrlichen Augen. Erhalten Sie l\u00e4ngere, vollere Wimpern, die mehrere Wochen lang halten, im Mora Hotell.\" \/>\n<meta name=\"robots\" content=\"index, follow, max-snippet:-1, max-image-preview:large, max-video-preview:-1\" \/>\n<link rel=\"canonical\" href=\"https:\/\/morahotell.se\/de\/produkt\/spa-de\/gesichts\/wimpernlifting\/\" \/>\n<meta property=\"og:locale\" content=\"de_DE\" \/>\n<meta property=\"og:type\" content=\"article\" \/>\n<meta property=\"og:title\" content=\"Wimpernlifting - Mora Hotell &amp; Spa\" \/>\n<meta property=\"og:description\" content=\"Das Lash Lift formt Ihre Wimpern und betont Ihre nat\u00fcrlichen Augen. Erhalten Sie l\u00e4ngere, vollere Wimpern, die mehrere Wochen lang halten, im Mora Hotell.\" \/>\n<meta property=\"og:url\" content=\"https:\/\/morahotell.se\/de\/produkt\/spa-de\/gesichts\/wimpernlifting\/\" \/>\n<meta property=\"og:site_name\" content=\"Mora Hotell &amp; Spa\" \/>\n<meta property=\"article:modified_time\" content=\"2025-12-15T13:17:21+00:00\" \/>\n<meta property=\"og:image\" content=\"https:\/\/morahotell.se\/wp-content\/uploads\/2025\/12\/Lashlift-scaled.jpg\" \/>\n\t<meta property=\"og:image:width\" content=\"2560\" \/>\n\t<meta property=\"og:image:height\" content=\"1707\" \/>\n\t<meta property=\"og:image:type\" content=\"image\/jpeg\" \/>\n<meta name=\"twitter:card\" content=\"summary_large_image\" \/>\n<script type=\"application\/ld+json\" class=\"yoast-schema-graph\">{\"@context\":\"https:\/\/schema.org\",\"@graph\":[{\"@type\":\"WebPage\",\"@id\":\"https:\/\/morahotell.se\/de\/produkt\/spa-de\/gesichts\/wimpernlifting\/\",\"url\":\"https:\/\/morahotell.se\/de\/produkt\/spa-de\/gesichts\/wimpernlifting\/\",\"name\":\"Wimpernlifting - Mora Hotell &amp; Spa\",\"isPartOf\":{\"@id\":\"https:\/\/morahotell.se\/de\/#website\"},\"primaryImageOfPage\":{\"@id\":\"https:\/\/morahotell.se\/de\/produkt\/spa-de\/gesichts\/wimpernlifting\/#primaryimage\"},\"image\":{\"@id\":\"https:\/\/morahotell.se\/de\/produkt\/spa-de\/gesichts\/wimpernlifting\/#primaryimage\"},\"thumbnailUrl\":\"https:\/\/morahotell.se\/wp-content\/uploads\/2025\/12\/Lashlift-scaled.jpg\",\"datePublished\":\"2025-12-02T07:39:00+00:00\",\"dateModified\":\"2025-12-15T13:17:21+00:00\",\"description\":\"Das Lash Lift formt Ihre Wimpern und betont Ihre nat\u00fcrlichen Augen. Erhalten Sie l\u00e4ngere, vollere Wimpern, die mehrere Wochen lang halten, im Mora Hotell.\",\"breadcrumb\":{\"@id\":\"https:\/\/morahotell.se\/de\/produkt\/spa-de\/gesichts\/wimpernlifting\/#breadcrumb\"},\"inLanguage\":\"de\",\"potentialAction\":[{\"@type\":\"ReadAction\",\"target\":[\"https:\/\/morahotell.se\/de\/produkt\/spa-de\/gesichts\/wimpernlifting\/\"]}]},{\"@type\":\"ImageObject\",\"inLanguage\":\"de\",\"@id\":\"https:\/\/morahotell.se\/de\/produkt\/spa-de\/gesichts\/wimpernlifting\/#primaryimage\",\"url\":\"https:\/\/morahotell.se\/wp-content\/uploads\/2025\/12\/Lashlift-scaled.jpg\",\"contentUrl\":\"https:\/\/morahotell.se\/wp-content\/uploads\/2025\/12\/Lashlift-scaled.jpg\",\"width\":2560,\"height\":1707},{\"@type\":\"BreadcrumbList\",\"@id\":\"https:\/\/morahotell.se\/de\/produkt\/spa-de\/gesichts\/wimpernlifting\/#breadcrumb\",\"itemListElement\":[{\"@type\":\"ListItem\",\"position\":1,\"name\":\"Mora hotell\",\"item\":\"https:\/\/morahotell.se\/de\/\"},{\"@type\":\"ListItem\",\"position\":2,\"name\":\"Reservierung\",\"item\":\"https:\/\/morahotell.se\/de\/reservierung\/\"},{\"@type\":\"ListItem\",\"position\":3,\"name\":\"Spa\",\"item\":\"https:\/\/morahotell.se\/de\/produkt-kategori\/spa-de\/\"},{\"@type\":\"ListItem\",\"position\":4,\"name\":\"Wimpernlifting\"}]},{\"@type\":\"WebSite\",\"@id\":\"https:\/\/morahotell.se\/de\/#website\",\"url\":\"https:\/\/morahotell.se\/de\/\",\"name\":\"Mora Hotell &amp; Spa\",\"description\":\"Fyrstj\u00e4rnigt hotell i Mora, n\u00e4ra Siljan\",\"potentialAction\":[{\"@type\":\"SearchAction\",\"target\":{\"@type\":\"EntryPoint\",\"urlTemplate\":\"https:\/\/morahotell.se\/de\/?s={search_term_string}\"},\"query-input\":{\"@type\":\"PropertyValueSpecification\",\"valueRequired\":true,\"valueName\":\"search_term_string\"}}],\"inLanguage\":\"de\"}]}<\/script>\n<!-- \/ Yoast SEO plugin. -->","yoast_head_json":{"title":"Wimpernlifting - Mora Hotell &amp; Spa","description":"Das Lash Lift formt Ihre Wimpern und betont Ihre nat\u00fcrlichen Augen. Erhalten Sie l\u00e4ngere, vollere Wimpern, die mehrere Wochen lang halten, im Mora Hotell.","robots":{"index":"index","follow":"follow","max-snippet":"max-snippet:-1","max-image-preview":"max-image-preview:large","max-video-preview":"max-video-preview:-1"},"canonical":"https:\/\/morahotell.se\/de\/produkt\/spa-de\/gesichts\/wimpernlifting\/","og_locale":"de_DE","og_type":"article","og_title":"Wimpernlifting - Mora Hotell &amp; Spa","og_description":"Das Lash Lift formt Ihre Wimpern und betont Ihre nat\u00fcrlichen Augen. Erhalten Sie l\u00e4ngere, vollere Wimpern, die mehrere Wochen lang halten, im Mora Hotell.","og_url":"https:\/\/morahotell.se\/de\/produkt\/spa-de\/gesichts\/wimpernlifting\/","og_site_name":"Mora Hotell &amp; Spa","article_modified_time":"2025-12-15T13:17:21+00:00","og_image":[{"width":2560,"height":1707,"url":"https:\/\/morahotell.se\/wp-content\/uploads\/2025\/12\/Lashlift-scaled.jpg","type":"image\/jpeg"}],"twitter_card":"summary_large_image","schema":{"@context":"https:\/\/schema.org","@graph":[{"@type":"WebPage","@id":"https:\/\/morahotell.se\/de\/produkt\/spa-de\/gesichts\/wimpernlifting\/","url":"https:\/\/morahotell.se\/de\/produkt\/spa-de\/gesichts\/wimpernlifting\/","name":"Wimpernlifting - Mora Hotell &amp; Spa","isPartOf":{"@id":"https:\/\/morahotell.se\/de\/#website"},"primaryImageOfPage":{"@id":"https:\/\/morahotell.se\/de\/produkt\/spa-de\/gesichts\/wimpernlifting\/#primaryimage"},"image":{"@id":"https:\/\/morahotell.se\/de\/produkt\/spa-de\/gesichts\/wimpernlifting\/#primaryimage"},"thumbnailUrl":"https:\/\/morahotell.se\/wp-content\/uploads\/2025\/12\/Lashlift-scaled.jpg","datePublished":"2025-12-02T07:39:00+00:00","dateModified":"2025-12-15T13:17:21+00:00","description":"Das Lash Lift formt Ihre Wimpern und betont Ihre nat\u00fcrlichen Augen. Erhalten Sie l\u00e4ngere, vollere Wimpern, die mehrere Wochen lang halten, im Mora Hotell.","breadcrumb":{"@id":"https:\/\/morahotell.se\/de\/produkt\/spa-de\/gesichts\/wimpernlifting\/#breadcrumb"},"inLanguage":"de","potentialAction":[{"@type":"ReadAction","target":["https:\/\/morahotell.se\/de\/produkt\/spa-de\/gesichts\/wimpernlifting\/"]}]},{"@type":"ImageObject","inLanguage":"de","@id":"https:\/\/morahotell.se\/de\/produkt\/spa-de\/gesichts\/wimpernlifting\/#primaryimage","url":"https:\/\/morahotell.se\/wp-content\/uploads\/2025\/12\/Lashlift-scaled.jpg","contentUrl":"https:\/\/morahotell.se\/wp-content\/uploads\/2025\/12\/Lashlift-scaled.jpg","width":2560,"height":1707},{"@type":"BreadcrumbList","@id":"https:\/\/morahotell.se\/de\/produkt\/spa-de\/gesichts\/wimpernlifting\/#breadcrumb","itemListElement":[{"@type":"ListItem","position":1,"name":"Mora hotell","item":"https:\/\/morahotell.se\/de\/"},{"@type":"ListItem","position":2,"name":"Reservierung","item":"https:\/\/morahotell.se\/de\/reservierung\/"},{"@type":"ListItem","position":3,"name":"Spa","item":"https:\/\/morahotell.se\/de\/produkt-kategori\/spa-de\/"},{"@type":"ListItem","position":4,"name":"Wimpernlifting"}]},{"@type":"WebSite","@id":"https:\/\/morahotell.se\/de\/#website","url":"https:\/\/morahotell.se\/de\/","name":"Mora Hotell &amp; Spa","description":"Fyrstj\u00e4rnigt hotell i Mora, n\u00e4ra Siljan","potentialAction":[{"@type":"SearchAction","target":{"@type":"EntryPoint","urlTemplate":"https:\/\/morahotell.se\/de\/?s={search_term_string}"},"query-input":{"@type":"PropertyValueSpecification","valueRequired":true,"valueName":"search_term_string"}}],"inLanguage":"de"}]}},"_links":{"self":[{"href":"https:\/\/morahotell.se\/de\/wp-json\/wp\/v2\/product\/30622","targetHints":{"allow":["GET"]}}],"collection":[{"href":"https:\/\/morahotell.se\/de\/wp-json\/wp\/v2\/product"}],"about":[{"href":"https:\/\/morahotell.se\/de\/wp-json\/wp\/v2\/types\/product"}],"replies":[{"embeddable":true,"href":"https:\/\/morahotell.se\/de\/wp-json\/wp\/v2\/comments?post=30622"}],"wp:featuredmedia":[{"embeddable":true,"href":"https:\/\/morahotell.se\/de\/wp-json\/wp\/v2\/media\/30628"}],"wp:attachment":[{"href":"https:\/\/morahotell.se\/de\/wp-json\/wp\/v2\/media?parent=30622"}],"wp:term":[{"taxonomy":"product_brand","embeddable":true,"href":"https:\/\/morahotell.se\/de\/wp-json\/wp\/v2\/product_brand?post=30622"},{"taxonomy":"product_cat","embeddable":true,"href":"https:\/\/morahotell.se\/de\/wp-json\/wp\/v2\/product_cat?post=30622"},{"taxonomy":"product_tag","embeddable":true,"href":"https:\/\/morahotell.se\/de\/wp-json\/wp\/v2\/product_tag?post=30622"}],"curies":[{"name":"wp","href":"https:\/\/api.w.org\/{rel}","templated":true}]}}