{"id":30614,"date":"2025-12-02T08:27:03","date_gmt":"2025-12-02T07:27:03","guid":{"rendered":"https:\/\/morahotell.se\/?post_type=product&#038;p=30614"},"modified":"2025-12-15T14:21:42","modified_gmt":"2025-12-15T13:21:42","slug":"mikronadelung-60-minuten","status":"publish","type":"product","link":"https:\/\/morahotell.se\/de\/produkt\/spa-de\/gesichts\/mikronadelung-60-minuten\/","title":{"rendered":"Mikronadelung 60 Minuten"},"content":{"rendered":"<p>Microneedling ist eine Hautpflegebehandlung, bei der mit Hilfe d\u00fcnner Nadeln mikroskopisch kleine Kan\u00e4le in der Haut erzeugt werden. Diese kleinen Verletzungen aktivieren den nat\u00fcrlichen Heilungsprozess der Haut, was zu einer erh\u00f6hten Produktion von Kollagen und Elastin f\u00fchrt.<\/p>\n<p>Das Ergebnis ist eine verbesserte Hautstruktur, erh\u00f6hte Festigkeit und ein gleichm\u00e4\u00dfigerer Hautton. Die Behandlung kann zur Reduzierung von Narben, feinen Linien, gro\u00dfen Poren und unebenem Hautton eingesetzt werden.<\/p>\n<p>Regul\u00e4rer Preis: 2.500 SEK<\/p>\n","protected":false},"excerpt":{"rendered":"<p>Microneedling ist eine Hautpflegebehandlung, bei der mit Hilfe d\u00fcnner Nadeln mikroskopisch kleine Kan\u00e4le in der Haut erzeugt werden. Diese kleinen Verletzungen aktivieren den nat\u00fcrlichen Heilungsprozess der Haut, was zu einer erh\u00f6hten Produktion von Kollagen und Elastin f\u00fchrt. Das Ergebnis ist eine verbesserte Hautstruktur, erh\u00f6hte Festigkeit und ein gleichm\u00e4\u00dfigerer Hautton. Die Behandlung kann zur Reduzierung von&hellip;<\/p>\n","protected":false},"featured_media":30620,"comment_status":"closed","ping_status":"closed","template":"","meta":{"_acf_changed":false},"product_brand":[],"product_cat":[74,75],"product_tag":[],"class_list":{"0":"post-30614","1":"product","2":"type-product","3":"status-publish","4":"has-post-thumbnail","6":"product_cat-gesichts","7":"product_cat-spa-de","9":"first","10":"instock","11":"taxable","12":"shipping-taxable","13":"purchasable","14":"product-type-simple"},"acf":[],"yoast_head":"<!-- This site is optimized with the Yoast SEO plugin v26.5 - https:\/\/yoast.com\/wordpress\/plugins\/seo\/ -->\n<title>Mikronadelung 60 Minuten - Mora Hotell &amp; Spa<\/title>\n<meta name=\"robots\" content=\"index, follow, max-snippet:-1, max-image-preview:large, max-video-preview:-1\" \/>\n<link rel=\"canonical\" href=\"https:\/\/morahotell.se\/de\/produkt\/spa-de\/gesichts\/mikronadelung-60-minuten\/\" \/>\n<meta property=\"og:locale\" content=\"de_DE\" \/>\n<meta property=\"og:type\" content=\"article\" \/>\n<meta property=\"og:title\" content=\"Mikronadelung 60 Minuten - Mora Hotell &amp; Spa\" \/>\n<meta property=\"og:description\" content=\"Microneedling ist eine Hautpflegebehandlung, bei der mit Hilfe d\u00fcnner Nadeln mikroskopisch kleine Kan\u00e4le in der Haut erzeugt werden. Diese kleinen Verletzungen aktivieren den nat\u00fcrlichen Heilungsprozess der Haut, was zu einer erh\u00f6hten Produktion von Kollagen und Elastin f\u00fchrt. Das Ergebnis ist eine verbesserte Hautstruktur, erh\u00f6hte Festigkeit und ein gleichm\u00e4\u00dfigerer Hautton. Die Behandlung kann zur Reduzierung von&hellip;\" \/>\n<meta property=\"og:url\" content=\"https:\/\/morahotell.se\/de\/produkt\/spa-de\/gesichts\/mikronadelung-60-minuten\/\" \/>\n<meta property=\"og:site_name\" content=\"Mora Hotell &amp; Spa\" \/>\n<meta property=\"article:modified_time\" content=\"2025-12-15T13:21:42+00:00\" \/>\n<meta property=\"og:image\" content=\"https:\/\/morahotell.se\/wp-content\/uploads\/2025\/12\/microneedling-scaled.jpg\" \/>\n\t<meta property=\"og:image:width\" content=\"2560\" \/>\n\t<meta property=\"og:image:height\" content=\"1350\" \/>\n\t<meta property=\"og:image:type\" content=\"image\/jpeg\" \/>\n<meta name=\"twitter:card\" content=\"summary_large_image\" \/>\n<script type=\"application\/ld+json\" class=\"yoast-schema-graph\">{\"@context\":\"https:\/\/schema.org\",\"@graph\":[{\"@type\":\"WebPage\",\"@id\":\"https:\/\/morahotell.se\/de\/produkt\/spa-de\/gesichts\/mikronadelung-60-minuten\/\",\"url\":\"https:\/\/morahotell.se\/de\/produkt\/spa-de\/gesichts\/mikronadelung-60-minuten\/\",\"name\":\"Mikronadelung 60 Minuten - Mora Hotell &amp; Spa\",\"isPartOf\":{\"@id\":\"https:\/\/morahotell.se\/de\/#website\"},\"primaryImageOfPage\":{\"@id\":\"https:\/\/morahotell.se\/de\/produkt\/spa-de\/gesichts\/mikronadelung-60-minuten\/#primaryimage\"},\"image\":{\"@id\":\"https:\/\/morahotell.se\/de\/produkt\/spa-de\/gesichts\/mikronadelung-60-minuten\/#primaryimage\"},\"thumbnailUrl\":\"https:\/\/morahotell.se\/wp-content\/uploads\/2025\/12\/microneedling-scaled.jpg\",\"datePublished\":\"2025-12-02T07:27:03+00:00\",\"dateModified\":\"2025-12-15T13:21:42+00:00\",\"breadcrumb\":{\"@id\":\"https:\/\/morahotell.se\/de\/produkt\/spa-de\/gesichts\/mikronadelung-60-minuten\/#breadcrumb\"},\"inLanguage\":\"de\",\"potentialAction\":[{\"@type\":\"ReadAction\",\"target\":[\"https:\/\/morahotell.se\/de\/produkt\/spa-de\/gesichts\/mikronadelung-60-minuten\/\"]}]},{\"@type\":\"ImageObject\",\"inLanguage\":\"de\",\"@id\":\"https:\/\/morahotell.se\/de\/produkt\/spa-de\/gesichts\/mikronadelung-60-minuten\/#primaryimage\",\"url\":\"https:\/\/morahotell.se\/wp-content\/uploads\/2025\/12\/microneedling-scaled.jpg\",\"contentUrl\":\"https:\/\/morahotell.se\/wp-content\/uploads\/2025\/12\/microneedling-scaled.jpg\",\"width\":2560,\"height\":1350},{\"@type\":\"BreadcrumbList\",\"@id\":\"https:\/\/morahotell.se\/de\/produkt\/spa-de\/gesichts\/mikronadelung-60-minuten\/#breadcrumb\",\"itemListElement\":[{\"@type\":\"ListItem\",\"position\":1,\"name\":\"Mora hotell\",\"item\":\"https:\/\/morahotell.se\/de\/\"},{\"@type\":\"ListItem\",\"position\":2,\"name\":\"Reservierung\",\"item\":\"https:\/\/morahotell.se\/de\/reservierung\/\"},{\"@type\":\"ListItem\",\"position\":3,\"name\":\"Spa\",\"item\":\"https:\/\/morahotell.se\/de\/produkt-kategori\/spa-de\/\"},{\"@type\":\"ListItem\",\"position\":4,\"name\":\"Mikronadelung 60 Minuten\"}]},{\"@type\":\"WebSite\",\"@id\":\"https:\/\/morahotell.se\/de\/#website\",\"url\":\"https:\/\/morahotell.se\/de\/\",\"name\":\"Mora Hotell &amp; Spa\",\"description\":\"Fyrstj\u00e4rnigt hotell i Mora, n\u00e4ra Siljan\",\"potentialAction\":[{\"@type\":\"SearchAction\",\"target\":{\"@type\":\"EntryPoint\",\"urlTemplate\":\"https:\/\/morahotell.se\/de\/?s={search_term_string}\"},\"query-input\":{\"@type\":\"PropertyValueSpecification\",\"valueRequired\":true,\"valueName\":\"search_term_string\"}}],\"inLanguage\":\"de\"}]}<\/script>\n<!-- \/ Yoast SEO plugin. -->","yoast_head_json":{"title":"Mikronadelung 60 Minuten - Mora Hotell &amp; Spa","robots":{"index":"index","follow":"follow","max-snippet":"max-snippet:-1","max-image-preview":"max-image-preview:large","max-video-preview":"max-video-preview:-1"},"canonical":"https:\/\/morahotell.se\/de\/produkt\/spa-de\/gesichts\/mikronadelung-60-minuten\/","og_locale":"de_DE","og_type":"article","og_title":"Mikronadelung 60 Minuten - Mora Hotell &amp; Spa","og_description":"Microneedling ist eine Hautpflegebehandlung, bei der mit Hilfe d\u00fcnner Nadeln mikroskopisch kleine Kan\u00e4le in der Haut erzeugt werden. Diese kleinen Verletzungen aktivieren den nat\u00fcrlichen Heilungsprozess der Haut, was zu einer erh\u00f6hten Produktion von Kollagen und Elastin f\u00fchrt. Das Ergebnis ist eine verbesserte Hautstruktur, erh\u00f6hte Festigkeit und ein gleichm\u00e4\u00dfigerer Hautton. Die Behandlung kann zur Reduzierung von&hellip;","og_url":"https:\/\/morahotell.se\/de\/produkt\/spa-de\/gesichts\/mikronadelung-60-minuten\/","og_site_name":"Mora Hotell &amp; Spa","article_modified_time":"2025-12-15T13:21:42+00:00","og_image":[{"width":2560,"height":1350,"url":"https:\/\/morahotell.se\/wp-content\/uploads\/2025\/12\/microneedling-scaled.jpg","type":"image\/jpeg"}],"twitter_card":"summary_large_image","schema":{"@context":"https:\/\/schema.org","@graph":[{"@type":"WebPage","@id":"https:\/\/morahotell.se\/de\/produkt\/spa-de\/gesichts\/mikronadelung-60-minuten\/","url":"https:\/\/morahotell.se\/de\/produkt\/spa-de\/gesichts\/mikronadelung-60-minuten\/","name":"Mikronadelung 60 Minuten - Mora Hotell &amp; Spa","isPartOf":{"@id":"https:\/\/morahotell.se\/de\/#website"},"primaryImageOfPage":{"@id":"https:\/\/morahotell.se\/de\/produkt\/spa-de\/gesichts\/mikronadelung-60-minuten\/#primaryimage"},"image":{"@id":"https:\/\/morahotell.se\/de\/produkt\/spa-de\/gesichts\/mikronadelung-60-minuten\/#primaryimage"},"thumbnailUrl":"https:\/\/morahotell.se\/wp-content\/uploads\/2025\/12\/microneedling-scaled.jpg","datePublished":"2025-12-02T07:27:03+00:00","dateModified":"2025-12-15T13:21:42+00:00","breadcrumb":{"@id":"https:\/\/morahotell.se\/de\/produkt\/spa-de\/gesichts\/mikronadelung-60-minuten\/#breadcrumb"},"inLanguage":"de","potentialAction":[{"@type":"ReadAction","target":["https:\/\/morahotell.se\/de\/produkt\/spa-de\/gesichts\/mikronadelung-60-minuten\/"]}]},{"@type":"ImageObject","inLanguage":"de","@id":"https:\/\/morahotell.se\/de\/produkt\/spa-de\/gesichts\/mikronadelung-60-minuten\/#primaryimage","url":"https:\/\/morahotell.se\/wp-content\/uploads\/2025\/12\/microneedling-scaled.jpg","contentUrl":"https:\/\/morahotell.se\/wp-content\/uploads\/2025\/12\/microneedling-scaled.jpg","width":2560,"height":1350},{"@type":"BreadcrumbList","@id":"https:\/\/morahotell.se\/de\/produkt\/spa-de\/gesichts\/mikronadelung-60-minuten\/#breadcrumb","itemListElement":[{"@type":"ListItem","position":1,"name":"Mora hotell","item":"https:\/\/morahotell.se\/de\/"},{"@type":"ListItem","position":2,"name":"Reservierung","item":"https:\/\/morahotell.se\/de\/reservierung\/"},{"@type":"ListItem","position":3,"name":"Spa","item":"https:\/\/morahotell.se\/de\/produkt-kategori\/spa-de\/"},{"@type":"ListItem","position":4,"name":"Mikronadelung 60 Minuten"}]},{"@type":"WebSite","@id":"https:\/\/morahotell.se\/de\/#website","url":"https:\/\/morahotell.se\/de\/","name":"Mora Hotell &amp; Spa","description":"Fyrstj\u00e4rnigt hotell i Mora, n\u00e4ra Siljan","potentialAction":[{"@type":"SearchAction","target":{"@type":"EntryPoint","urlTemplate":"https:\/\/morahotell.se\/de\/?s={search_term_string}"},"query-input":{"@type":"PropertyValueSpecification","valueRequired":true,"valueName":"search_term_string"}}],"inLanguage":"de"}]}},"_links":{"self":[{"href":"https:\/\/morahotell.se\/de\/wp-json\/wp\/v2\/product\/30614","targetHints":{"allow":["GET"]}}],"collection":[{"href":"https:\/\/morahotell.se\/de\/wp-json\/wp\/v2\/product"}],"about":[{"href":"https:\/\/morahotell.se\/de\/wp-json\/wp\/v2\/types\/product"}],"replies":[{"embeddable":true,"href":"https:\/\/morahotell.se\/de\/wp-json\/wp\/v2\/comments?post=30614"}],"wp:featuredmedia":[{"embeddable":true,"href":"https:\/\/morahotell.se\/de\/wp-json\/wp\/v2\/media\/30620"}],"wp:attachment":[{"href":"https:\/\/morahotell.se\/de\/wp-json\/wp\/v2\/media?parent=30614"}],"wp:term":[{"taxonomy":"product_brand","embeddable":true,"href":"https:\/\/morahotell.se\/de\/wp-json\/wp\/v2\/product_brand?post=30614"},{"taxonomy":"product_cat","embeddable":true,"href":"https:\/\/morahotell.se\/de\/wp-json\/wp\/v2\/product_cat?post=30614"},{"taxonomy":"product_tag","embeddable":true,"href":"https:\/\/morahotell.se\/de\/wp-json\/wp\/v2\/product_tag?post=30614"}],"curies":[{"name":"wp","href":"https:\/\/api.w.org\/{rel}","templated":true}]}}