{"id":30612,"date":"2025-12-02T08:13:47","date_gmt":"2025-12-02T07:13:47","guid":{"rendered":"https:\/\/morahotell.se\/?post_type=product&#038;p=30612"},"modified":"2025-12-15T14:19:39","modified_gmt":"2025-12-15T13:19:39","slug":"microblading-3d-120-minuten","status":"publish","type":"product","link":"https:\/\/morahotell.se\/de\/produkt\/spa-de\/gesichts\/microblading-3d-120-minuten\/","title":{"rendered":"Microblading 3D 120 Minuten"},"content":{"rendered":"<p>Microblading ist eine semipermanente kosmetische T\u00e4towierungstechnik, bei der mit einem manuellen Werkzeug einzelne H\u00e4rchen in die oberste Hautschicht geritzt werden, um nat\u00fcrliche und wohlgeformte Augenbrauen zu schaffen.<\/p>\n<p>Die Methode sorgt f\u00fcr einen 3D-Effekt, indem Pigmente in Ihre vorhandenen H\u00e4rchen eingearbeitet werden, und ist eine ideale L\u00f6sung f\u00fcr alle, die sich definierte Augenbrauen w\u00fcnschen, ohne sich jeden Tag schminken zu m\u00fcssen. Das Ergebnis h\u00e4lt in der Regel 1\u20133 Jahre und erfordert eine j\u00e4hrliche Auffrischung, um Farbe und Form zu erhalten.<\/p>\n<p>Regul\u00e4rer Preis: 4.000 SEK<\/p>\n","protected":false},"excerpt":{"rendered":"<p>Microblading ist eine semipermanente kosmetische T\u00e4towierungstechnik, bei der mit einem manuellen Werkzeug einzelne H\u00e4rchen in die oberste Hautschicht geritzt werden, um nat\u00fcrliche und wohlgeformte Augenbrauen zu schaffen. Die Methode sorgt f\u00fcr einen 3D-Effekt, indem Pigmente in Ihre vorhandenen H\u00e4rchen eingearbeitet werden, und ist eine ideale L\u00f6sung f\u00fcr alle, die sich definierte Augenbrauen w\u00fcnschen, ohne sich&hellip;<\/p>\n","protected":false},"featured_media":30609,"comment_status":"closed","ping_status":"closed","template":"","meta":{"_acf_changed":false},"product_brand":[],"product_cat":[74,75],"product_tag":[],"class_list":{"0":"post-30612","1":"product","2":"type-product","3":"status-publish","4":"has-post-thumbnail","6":"product_cat-gesichts","7":"product_cat-spa-de","9":"first","10":"instock","11":"taxable","12":"shipping-taxable","13":"purchasable","14":"product-type-simple"},"acf":[],"yoast_head":"<!-- This site is optimized with the Yoast SEO plugin v26.5 - https:\/\/yoast.com\/wordpress\/plugins\/seo\/ -->\n<title>Microblading 3D 120 Minuten - Mora Hotell &amp; Spa<\/title>\n<meta name=\"robots\" content=\"index, follow, max-snippet:-1, max-image-preview:large, max-video-preview:-1\" \/>\n<link rel=\"canonical\" href=\"https:\/\/morahotell.se\/de\/produkt\/spa-de\/gesichts\/microblading-3d-120-minuten\/\" \/>\n<meta property=\"og:locale\" content=\"de_DE\" \/>\n<meta property=\"og:type\" content=\"article\" \/>\n<meta property=\"og:title\" content=\"Microblading 3D 120 Minuten - Mora Hotell &amp; Spa\" \/>\n<meta property=\"og:description\" content=\"Microblading ist eine semipermanente kosmetische T\u00e4towierungstechnik, bei der mit einem manuellen Werkzeug einzelne H\u00e4rchen in die oberste Hautschicht geritzt werden, um nat\u00fcrliche und wohlgeformte Augenbrauen zu schaffen. Die Methode sorgt f\u00fcr einen 3D-Effekt, indem Pigmente in Ihre vorhandenen H\u00e4rchen eingearbeitet werden, und ist eine ideale L\u00f6sung f\u00fcr alle, die sich definierte Augenbrauen w\u00fcnschen, ohne sich&hellip;\" \/>\n<meta property=\"og:url\" content=\"https:\/\/morahotell.se\/de\/produkt\/spa-de\/gesichts\/microblading-3d-120-minuten\/\" \/>\n<meta property=\"og:site_name\" content=\"Mora Hotell &amp; Spa\" \/>\n<meta property=\"article:modified_time\" content=\"2025-12-15T13:19:39+00:00\" \/>\n<meta property=\"og:image\" content=\"https:\/\/morahotell.se\/wp-content\/uploads\/2025\/12\/Microblading-scaled.jpg\" \/>\n\t<meta property=\"og:image:width\" content=\"2560\" \/>\n\t<meta property=\"og:image:height\" content=\"1707\" \/>\n\t<meta property=\"og:image:type\" content=\"image\/jpeg\" \/>\n<meta name=\"twitter:card\" content=\"summary_large_image\" \/>\n<script type=\"application\/ld+json\" class=\"yoast-schema-graph\">{\"@context\":\"https:\/\/schema.org\",\"@graph\":[{\"@type\":\"WebPage\",\"@id\":\"https:\/\/morahotell.se\/de\/produkt\/spa-de\/gesichts\/microblading-3d-120-minuten\/\",\"url\":\"https:\/\/morahotell.se\/de\/produkt\/spa-de\/gesichts\/microblading-3d-120-minuten\/\",\"name\":\"Microblading 3D 120 Minuten - Mora Hotell &amp; Spa\",\"isPartOf\":{\"@id\":\"https:\/\/morahotell.se\/de\/#website\"},\"primaryImageOfPage\":{\"@id\":\"https:\/\/morahotell.se\/de\/produkt\/spa-de\/gesichts\/microblading-3d-120-minuten\/#primaryimage\"},\"image\":{\"@id\":\"https:\/\/morahotell.se\/de\/produkt\/spa-de\/gesichts\/microblading-3d-120-minuten\/#primaryimage\"},\"thumbnailUrl\":\"https:\/\/morahotell.se\/wp-content\/uploads\/2025\/12\/Microblading-scaled.jpg\",\"datePublished\":\"2025-12-02T07:13:47+00:00\",\"dateModified\":\"2025-12-15T13:19:39+00:00\",\"breadcrumb\":{\"@id\":\"https:\/\/morahotell.se\/de\/produkt\/spa-de\/gesichts\/microblading-3d-120-minuten\/#breadcrumb\"},\"inLanguage\":\"de\",\"potentialAction\":[{\"@type\":\"ReadAction\",\"target\":[\"https:\/\/morahotell.se\/de\/produkt\/spa-de\/gesichts\/microblading-3d-120-minuten\/\"]}]},{\"@type\":\"ImageObject\",\"inLanguage\":\"de\",\"@id\":\"https:\/\/morahotell.se\/de\/produkt\/spa-de\/gesichts\/microblading-3d-120-minuten\/#primaryimage\",\"url\":\"https:\/\/morahotell.se\/wp-content\/uploads\/2025\/12\/Microblading-scaled.jpg\",\"contentUrl\":\"https:\/\/morahotell.se\/wp-content\/uploads\/2025\/12\/Microblading-scaled.jpg\",\"width\":2560,\"height\":1707},{\"@type\":\"BreadcrumbList\",\"@id\":\"https:\/\/morahotell.se\/de\/produkt\/spa-de\/gesichts\/microblading-3d-120-minuten\/#breadcrumb\",\"itemListElement\":[{\"@type\":\"ListItem\",\"position\":1,\"name\":\"Mora hotell\",\"item\":\"https:\/\/morahotell.se\/de\/\"},{\"@type\":\"ListItem\",\"position\":2,\"name\":\"Reservierung\",\"item\":\"https:\/\/morahotell.se\/de\/reservierung\/\"},{\"@type\":\"ListItem\",\"position\":3,\"name\":\"Spa\",\"item\":\"https:\/\/morahotell.se\/de\/produkt-kategori\/spa-de\/\"},{\"@type\":\"ListItem\",\"position\":4,\"name\":\"Microblading 3D 120 Minuten\"}]},{\"@type\":\"WebSite\",\"@id\":\"https:\/\/morahotell.se\/de\/#website\",\"url\":\"https:\/\/morahotell.se\/de\/\",\"name\":\"Mora Hotell &amp; Spa\",\"description\":\"Fyrstj\u00e4rnigt hotell i Mora, n\u00e4ra Siljan\",\"potentialAction\":[{\"@type\":\"SearchAction\",\"target\":{\"@type\":\"EntryPoint\",\"urlTemplate\":\"https:\/\/morahotell.se\/de\/?s={search_term_string}\"},\"query-input\":{\"@type\":\"PropertyValueSpecification\",\"valueRequired\":true,\"valueName\":\"search_term_string\"}}],\"inLanguage\":\"de\"}]}<\/script>\n<!-- \/ Yoast SEO plugin. -->","yoast_head_json":{"title":"Microblading 3D 120 Minuten - Mora Hotell &amp; Spa","robots":{"index":"index","follow":"follow","max-snippet":"max-snippet:-1","max-image-preview":"max-image-preview:large","max-video-preview":"max-video-preview:-1"},"canonical":"https:\/\/morahotell.se\/de\/produkt\/spa-de\/gesichts\/microblading-3d-120-minuten\/","og_locale":"de_DE","og_type":"article","og_title":"Microblading 3D 120 Minuten - Mora Hotell &amp; Spa","og_description":"Microblading ist eine semipermanente kosmetische T\u00e4towierungstechnik, bei der mit einem manuellen Werkzeug einzelne H\u00e4rchen in die oberste Hautschicht geritzt werden, um nat\u00fcrliche und wohlgeformte Augenbrauen zu schaffen. Die Methode sorgt f\u00fcr einen 3D-Effekt, indem Pigmente in Ihre vorhandenen H\u00e4rchen eingearbeitet werden, und ist eine ideale L\u00f6sung f\u00fcr alle, die sich definierte Augenbrauen w\u00fcnschen, ohne sich&hellip;","og_url":"https:\/\/morahotell.se\/de\/produkt\/spa-de\/gesichts\/microblading-3d-120-minuten\/","og_site_name":"Mora Hotell &amp; Spa","article_modified_time":"2025-12-15T13:19:39+00:00","og_image":[{"width":2560,"height":1707,"url":"https:\/\/morahotell.se\/wp-content\/uploads\/2025\/12\/Microblading-scaled.jpg","type":"image\/jpeg"}],"twitter_card":"summary_large_image","schema":{"@context":"https:\/\/schema.org","@graph":[{"@type":"WebPage","@id":"https:\/\/morahotell.se\/de\/produkt\/spa-de\/gesichts\/microblading-3d-120-minuten\/","url":"https:\/\/morahotell.se\/de\/produkt\/spa-de\/gesichts\/microblading-3d-120-minuten\/","name":"Microblading 3D 120 Minuten - Mora Hotell &amp; Spa","isPartOf":{"@id":"https:\/\/morahotell.se\/de\/#website"},"primaryImageOfPage":{"@id":"https:\/\/morahotell.se\/de\/produkt\/spa-de\/gesichts\/microblading-3d-120-minuten\/#primaryimage"},"image":{"@id":"https:\/\/morahotell.se\/de\/produkt\/spa-de\/gesichts\/microblading-3d-120-minuten\/#primaryimage"},"thumbnailUrl":"https:\/\/morahotell.se\/wp-content\/uploads\/2025\/12\/Microblading-scaled.jpg","datePublished":"2025-12-02T07:13:47+00:00","dateModified":"2025-12-15T13:19:39+00:00","breadcrumb":{"@id":"https:\/\/morahotell.se\/de\/produkt\/spa-de\/gesichts\/microblading-3d-120-minuten\/#breadcrumb"},"inLanguage":"de","potentialAction":[{"@type":"ReadAction","target":["https:\/\/morahotell.se\/de\/produkt\/spa-de\/gesichts\/microblading-3d-120-minuten\/"]}]},{"@type":"ImageObject","inLanguage":"de","@id":"https:\/\/morahotell.se\/de\/produkt\/spa-de\/gesichts\/microblading-3d-120-minuten\/#primaryimage","url":"https:\/\/morahotell.se\/wp-content\/uploads\/2025\/12\/Microblading-scaled.jpg","contentUrl":"https:\/\/morahotell.se\/wp-content\/uploads\/2025\/12\/Microblading-scaled.jpg","width":2560,"height":1707},{"@type":"BreadcrumbList","@id":"https:\/\/morahotell.se\/de\/produkt\/spa-de\/gesichts\/microblading-3d-120-minuten\/#breadcrumb","itemListElement":[{"@type":"ListItem","position":1,"name":"Mora hotell","item":"https:\/\/morahotell.se\/de\/"},{"@type":"ListItem","position":2,"name":"Reservierung","item":"https:\/\/morahotell.se\/de\/reservierung\/"},{"@type":"ListItem","position":3,"name":"Spa","item":"https:\/\/morahotell.se\/de\/produkt-kategori\/spa-de\/"},{"@type":"ListItem","position":4,"name":"Microblading 3D 120 Minuten"}]},{"@type":"WebSite","@id":"https:\/\/morahotell.se\/de\/#website","url":"https:\/\/morahotell.se\/de\/","name":"Mora Hotell &amp; Spa","description":"Fyrstj\u00e4rnigt hotell i Mora, n\u00e4ra Siljan","potentialAction":[{"@type":"SearchAction","target":{"@type":"EntryPoint","urlTemplate":"https:\/\/morahotell.se\/de\/?s={search_term_string}"},"query-input":{"@type":"PropertyValueSpecification","valueRequired":true,"valueName":"search_term_string"}}],"inLanguage":"de"}]}},"_links":{"self":[{"href":"https:\/\/morahotell.se\/de\/wp-json\/wp\/v2\/product\/30612","targetHints":{"allow":["GET"]}}],"collection":[{"href":"https:\/\/morahotell.se\/de\/wp-json\/wp\/v2\/product"}],"about":[{"href":"https:\/\/morahotell.se\/de\/wp-json\/wp\/v2\/types\/product"}],"replies":[{"embeddable":true,"href":"https:\/\/morahotell.se\/de\/wp-json\/wp\/v2\/comments?post=30612"}],"wp:featuredmedia":[{"embeddable":true,"href":"https:\/\/morahotell.se\/de\/wp-json\/wp\/v2\/media\/30609"}],"wp:attachment":[{"href":"https:\/\/morahotell.se\/de\/wp-json\/wp\/v2\/media?parent=30612"}],"wp:term":[{"taxonomy":"product_brand","embeddable":true,"href":"https:\/\/morahotell.se\/de\/wp-json\/wp\/v2\/product_brand?post=30612"},{"taxonomy":"product_cat","embeddable":true,"href":"https:\/\/morahotell.se\/de\/wp-json\/wp\/v2\/product_cat?post=30612"},{"taxonomy":"product_tag","embeddable":true,"href":"https:\/\/morahotell.se\/de\/wp-json\/wp\/v2\/product_tag?post=30612"}],"curies":[{"name":"wp","href":"https:\/\/api.w.org\/{rel}","templated":true}]}}