{"id":30344,"date":"2022-11-15T13:57:21","date_gmt":"2022-11-15T12:57:21","guid":{"rendered":"https:\/\/morahotell.se\/?post_type=product&#038;p=30344"},"modified":"2025-11-07T15:58:02","modified_gmt":"2025-11-07T14:58:02","slug":"neujahrsluxus","status":"publish","type":"product","link":"https:\/\/morahotell.se\/de\/produkt\/pauschalangebote\/neujahrsluxus\/","title":{"rendered":"Neujahrsluxus!"},"content":{"rendered":"<p>Feiern Sie Silvester im Zentrum von Mora am Ufer des Siljansees! Begeben Sie sich auf unsere Terrasse oder in unsere Champagner-Lounge und sto\u00dfen Sie mit einem Feuerwerk \u00fcber Saxviken auf das neue Jahr an, wo Sie nach einem 5-G\u00e4nge-Men\u00fc mit regionalen Zutaten Winterbaden, Langstrecken-Eislaufen, Kick-Schlittenfahren oder Skifahren genie\u00dfen k\u00f6nnen.<\/p>\n<p><strong>Im Preis inbegriffen:<\/strong><\/p>\n<ul>\n<li>Nachmittagscocktail zwischen 15:00 und 18:00 Uhr<\/li>\n<li>Ein Glas Sekt vor dem Abendessen<\/li>\n<li>Unterkunft in einem DeLuxe- oder Superior-Zimmer \u2013 das Beste, was das Hotel zu bieten hat<\/li>\n<li>Spa und Entspannung<\/li>\n<li>Sp\u00e4ter Check-out Neujahrsmen\u00fc (siehe unten)<\/li>\n<\/ul>\n<p>In Kombination mit dem Ski Camp erhalten Sie 10 % Rabatt auf das Neujahrs-Luxus-PAKET. Geben Sie bei Ihrer Anfrage den Rabattcode \u201eNew Year&#8217;s Promise\u201d an. SE Ski Camp<\/p>\n<p><strong>5-G\u00e4nge-Men\u00fc: Das Men\u00fc wird in Woche 45 vorgestellt.<\/strong><\/p>\n<p>Der erste Gang des Abends wird um 20:00 Uhr serviert.<\/p>\n<p>Preis: 2995 \u00a3 pro Person<\/p>\n<p>Genie\u00dfen Sie einen \u00fcberraschenden und bezaubernden Abend!<\/p>\n<p>Preis \u00a3 1295 nur f\u00fcr das Neujahrsessen.<\/p>\n<p>Getr\u00e4nkepaket: Ausgew\u00e4hlte Getr\u00e4nke von unserem Sommelier f\u00fcr jeden Gang \u00a3 525 (Sekt, Rot-\/Wei\u00dfwein und Dessertwein)<\/p>\n","protected":false},"excerpt":{"rendered":"<p>Feiern Sie Silvester im Zentrum von Mora am Ufer des Siljansees! Begeben Sie sich auf unsere Terrasse oder in unsere Champagner-Lounge und sto\u00dfen Sie mit einem Feuerwerk \u00fcber Saxviken auf das neue Jahr an, wo Sie nach einem 5-G\u00e4nge-Men\u00fc mit regionalen Zutaten Winterbaden, Langstrecken-Eislaufen, Kick-Schlittenfahren oder Skifahren genie\u00dfen k\u00f6nnen. Im Preis inbegriffen: Nachmittagscocktail zwischen 15:00&hellip;<\/p>\n","protected":false},"featured_media":2214,"comment_status":"closed","ping_status":"closed","template":"","meta":{"_acf_changed":false},"product_brand":[],"product_cat":[72],"product_tag":[189,183],"class_list":{"0":"post-30344","1":"product","2":"type-product","3":"status-publish","4":"has-post-thumbnail","6":"product_cat-pauschalangebote","7":"product_tag-foerfraagningsprodukt","8":"product_tag-paket-startsida-de","10":"first","11":"instock","12":"taxable","13":"shipping-taxable","14":"purchasable","15":"product-type-simple"},"acf":[],"yoast_head":"<!-- This site is optimized with the Yoast SEO plugin v26.5 - https:\/\/yoast.com\/wordpress\/plugins\/seo\/ -->\n<title>Neujahrsluxus! - Mora Hotell &amp; Spa<\/title>\n<meta name=\"robots\" content=\"index, follow, max-snippet:-1, max-image-preview:large, max-video-preview:-1\" \/>\n<link rel=\"canonical\" href=\"https:\/\/morahotell.se\/de\/produkt\/pauschalangebote\/neujahrsluxus\/\" \/>\n<meta property=\"og:locale\" content=\"de_DE\" \/>\n<meta property=\"og:type\" content=\"article\" \/>\n<meta property=\"og:title\" content=\"Neujahrsluxus! - Mora Hotell &amp; Spa\" \/>\n<meta property=\"og:description\" content=\"Feiern Sie Silvester im Zentrum von Mora am Ufer des Siljansees! Begeben Sie sich auf unsere Terrasse oder in unsere Champagner-Lounge und sto\u00dfen Sie mit einem Feuerwerk \u00fcber Saxviken auf das neue Jahr an, wo Sie nach einem 5-G\u00e4nge-Men\u00fc mit regionalen Zutaten Winterbaden, Langstrecken-Eislaufen, Kick-Schlittenfahren oder Skifahren genie\u00dfen k\u00f6nnen. Im Preis inbegriffen: Nachmittagscocktail zwischen 15:00&hellip;\" \/>\n<meta property=\"og:url\" content=\"https:\/\/morahotell.se\/de\/produkt\/pauschalangebote\/neujahrsluxus\/\" \/>\n<meta property=\"og:site_name\" content=\"Mora Hotell &amp; Spa\" \/>\n<meta property=\"article:modified_time\" content=\"2025-11-07T14:58:02+00:00\" \/>\n<meta property=\"og:image\" content=\"https:\/\/morahotell.se\/wp-content\/uploads\/2022\/04\/fyrverkerier2-1.jpg\" \/>\n\t<meta property=\"og:image:width\" content=\"576\" \/>\n\t<meta property=\"og:image:height\" content=\"324\" \/>\n\t<meta property=\"og:image:type\" content=\"image\/jpeg\" \/>\n<meta name=\"twitter:card\" content=\"summary_large_image\" \/>\n<meta name=\"twitter:label1\" content=\"Gesch\u00e4tzte Lesezeit\" \/>\n\t<meta name=\"twitter:data1\" content=\"1\u00a0Minute\" \/>\n<script type=\"application\/ld+json\" class=\"yoast-schema-graph\">{\"@context\":\"https:\/\/schema.org\",\"@graph\":[{\"@type\":\"WebPage\",\"@id\":\"https:\/\/morahotell.se\/de\/produkt\/pauschalangebote\/neujahrsluxus\/\",\"url\":\"https:\/\/morahotell.se\/de\/produkt\/pauschalangebote\/neujahrsluxus\/\",\"name\":\"Neujahrsluxus! - Mora Hotell &amp; Spa\",\"isPartOf\":{\"@id\":\"https:\/\/morahotell.se\/de\/#website\"},\"primaryImageOfPage\":{\"@id\":\"https:\/\/morahotell.se\/de\/produkt\/pauschalangebote\/neujahrsluxus\/#primaryimage\"},\"image\":{\"@id\":\"https:\/\/morahotell.se\/de\/produkt\/pauschalangebote\/neujahrsluxus\/#primaryimage\"},\"thumbnailUrl\":\"https:\/\/morahotell.se\/wp-content\/uploads\/2022\/04\/fyrverkerier2-1.jpg\",\"datePublished\":\"2022-11-15T12:57:21+00:00\",\"dateModified\":\"2025-11-07T14:58:02+00:00\",\"breadcrumb\":{\"@id\":\"https:\/\/morahotell.se\/de\/produkt\/pauschalangebote\/neujahrsluxus\/#breadcrumb\"},\"inLanguage\":\"de\",\"potentialAction\":[{\"@type\":\"ReadAction\",\"target\":[\"https:\/\/morahotell.se\/de\/produkt\/pauschalangebote\/neujahrsluxus\/\"]}]},{\"@type\":\"ImageObject\",\"inLanguage\":\"de\",\"@id\":\"https:\/\/morahotell.se\/de\/produkt\/pauschalangebote\/neujahrsluxus\/#primaryimage\",\"url\":\"https:\/\/morahotell.se\/wp-content\/uploads\/2022\/04\/fyrverkerier2-1.jpg\",\"contentUrl\":\"https:\/\/morahotell.se\/wp-content\/uploads\/2022\/04\/fyrverkerier2-1.jpg\",\"width\":576,\"height\":324,\"caption\":\"ny\u00e5r p\u00e5 Mora Hotell\"},{\"@type\":\"BreadcrumbList\",\"@id\":\"https:\/\/morahotell.se\/de\/produkt\/pauschalangebote\/neujahrsluxus\/#breadcrumb\",\"itemListElement\":[{\"@type\":\"ListItem\",\"position\":1,\"name\":\"Mora hotell\",\"item\":\"https:\/\/morahotell.se\/de\/\"},{\"@type\":\"ListItem\",\"position\":2,\"name\":\"Reservierung\",\"item\":\"https:\/\/morahotell.se\/de\/reservierung\/\"},{\"@type\":\"ListItem\",\"position\":3,\"name\":\"Pauschalangebote\",\"item\":\"https:\/\/morahotell.se\/de\/produkt-kategori\/pauschalangebote\/\"},{\"@type\":\"ListItem\",\"position\":4,\"name\":\"Neujahrsluxus!\"}]},{\"@type\":\"WebSite\",\"@id\":\"https:\/\/morahotell.se\/de\/#website\",\"url\":\"https:\/\/morahotell.se\/de\/\",\"name\":\"Mora Hotell &amp; Spa\",\"description\":\"Fyrstj\u00e4rnigt hotell i Mora, n\u00e4ra Siljan\",\"potentialAction\":[{\"@type\":\"SearchAction\",\"target\":{\"@type\":\"EntryPoint\",\"urlTemplate\":\"https:\/\/morahotell.se\/de\/?s={search_term_string}\"},\"query-input\":{\"@type\":\"PropertyValueSpecification\",\"valueRequired\":true,\"valueName\":\"search_term_string\"}}],\"inLanguage\":\"de\"}]}<\/script>\n<!-- \/ Yoast SEO plugin. -->","yoast_head_json":{"title":"Neujahrsluxus! - Mora Hotell &amp; Spa","robots":{"index":"index","follow":"follow","max-snippet":"max-snippet:-1","max-image-preview":"max-image-preview:large","max-video-preview":"max-video-preview:-1"},"canonical":"https:\/\/morahotell.se\/de\/produkt\/pauschalangebote\/neujahrsluxus\/","og_locale":"de_DE","og_type":"article","og_title":"Neujahrsluxus! - Mora Hotell &amp; Spa","og_description":"Feiern Sie Silvester im Zentrum von Mora am Ufer des Siljansees! Begeben Sie sich auf unsere Terrasse oder in unsere Champagner-Lounge und sto\u00dfen Sie mit einem Feuerwerk \u00fcber Saxviken auf das neue Jahr an, wo Sie nach einem 5-G\u00e4nge-Men\u00fc mit regionalen Zutaten Winterbaden, Langstrecken-Eislaufen, Kick-Schlittenfahren oder Skifahren genie\u00dfen k\u00f6nnen. Im Preis inbegriffen: Nachmittagscocktail zwischen 15:00&hellip;","og_url":"https:\/\/morahotell.se\/de\/produkt\/pauschalangebote\/neujahrsluxus\/","og_site_name":"Mora Hotell &amp; Spa","article_modified_time":"2025-11-07T14:58:02+00:00","og_image":[{"width":576,"height":324,"url":"https:\/\/morahotell.se\/wp-content\/uploads\/2022\/04\/fyrverkerier2-1.jpg","type":"image\/jpeg"}],"twitter_card":"summary_large_image","twitter_misc":{"Gesch\u00e4tzte Lesezeit":"1\u00a0Minute"},"schema":{"@context":"https:\/\/schema.org","@graph":[{"@type":"WebPage","@id":"https:\/\/morahotell.se\/de\/produkt\/pauschalangebote\/neujahrsluxus\/","url":"https:\/\/morahotell.se\/de\/produkt\/pauschalangebote\/neujahrsluxus\/","name":"Neujahrsluxus! - Mora Hotell &amp; Spa","isPartOf":{"@id":"https:\/\/morahotell.se\/de\/#website"},"primaryImageOfPage":{"@id":"https:\/\/morahotell.se\/de\/produkt\/pauschalangebote\/neujahrsluxus\/#primaryimage"},"image":{"@id":"https:\/\/morahotell.se\/de\/produkt\/pauschalangebote\/neujahrsluxus\/#primaryimage"},"thumbnailUrl":"https:\/\/morahotell.se\/wp-content\/uploads\/2022\/04\/fyrverkerier2-1.jpg","datePublished":"2022-11-15T12:57:21+00:00","dateModified":"2025-11-07T14:58:02+00:00","breadcrumb":{"@id":"https:\/\/morahotell.se\/de\/produkt\/pauschalangebote\/neujahrsluxus\/#breadcrumb"},"inLanguage":"de","potentialAction":[{"@type":"ReadAction","target":["https:\/\/morahotell.se\/de\/produkt\/pauschalangebote\/neujahrsluxus\/"]}]},{"@type":"ImageObject","inLanguage":"de","@id":"https:\/\/morahotell.se\/de\/produkt\/pauschalangebote\/neujahrsluxus\/#primaryimage","url":"https:\/\/morahotell.se\/wp-content\/uploads\/2022\/04\/fyrverkerier2-1.jpg","contentUrl":"https:\/\/morahotell.se\/wp-content\/uploads\/2022\/04\/fyrverkerier2-1.jpg","width":576,"height":324,"caption":"ny\u00e5r p\u00e5 Mora Hotell"},{"@type":"BreadcrumbList","@id":"https:\/\/morahotell.se\/de\/produkt\/pauschalangebote\/neujahrsluxus\/#breadcrumb","itemListElement":[{"@type":"ListItem","position":1,"name":"Mora hotell","item":"https:\/\/morahotell.se\/de\/"},{"@type":"ListItem","position":2,"name":"Reservierung","item":"https:\/\/morahotell.se\/de\/reservierung\/"},{"@type":"ListItem","position":3,"name":"Pauschalangebote","item":"https:\/\/morahotell.se\/de\/produkt-kategori\/pauschalangebote\/"},{"@type":"ListItem","position":4,"name":"Neujahrsluxus!"}]},{"@type":"WebSite","@id":"https:\/\/morahotell.se\/de\/#website","url":"https:\/\/morahotell.se\/de\/","name":"Mora Hotell &amp; Spa","description":"Fyrstj\u00e4rnigt hotell i Mora, n\u00e4ra Siljan","potentialAction":[{"@type":"SearchAction","target":{"@type":"EntryPoint","urlTemplate":"https:\/\/morahotell.se\/de\/?s={search_term_string}"},"query-input":{"@type":"PropertyValueSpecification","valueRequired":true,"valueName":"search_term_string"}}],"inLanguage":"de"}]}},"_links":{"self":[{"href":"https:\/\/morahotell.se\/de\/wp-json\/wp\/v2\/product\/30344","targetHints":{"allow":["GET"]}}],"collection":[{"href":"https:\/\/morahotell.se\/de\/wp-json\/wp\/v2\/product"}],"about":[{"href":"https:\/\/morahotell.se\/de\/wp-json\/wp\/v2\/types\/product"}],"replies":[{"embeddable":true,"href":"https:\/\/morahotell.se\/de\/wp-json\/wp\/v2\/comments?post=30344"}],"wp:featuredmedia":[{"embeddable":true,"href":"https:\/\/morahotell.se\/de\/wp-json\/wp\/v2\/media\/2214"}],"wp:attachment":[{"href":"https:\/\/morahotell.se\/de\/wp-json\/wp\/v2\/media?parent=30344"}],"wp:term":[{"taxonomy":"product_brand","embeddable":true,"href":"https:\/\/morahotell.se\/de\/wp-json\/wp\/v2\/product_brand?post=30344"},{"taxonomy":"product_cat","embeddable":true,"href":"https:\/\/morahotell.se\/de\/wp-json\/wp\/v2\/product_cat?post=30344"},{"taxonomy":"product_tag","embeddable":true,"href":"https:\/\/morahotell.se\/de\/wp-json\/wp\/v2\/product_tag?post=30344"}],"curies":[{"name":"wp","href":"https:\/\/api.w.org\/{rel}","templated":true}]}}