{"id":30341,"date":"2022-11-09T14:02:43","date_gmt":"2022-11-09T13:02:43","guid":{"rendered":"https:\/\/morahotell.se\/?post_type=product&#038;p=30341"},"modified":"2025-11-07T15:50:53","modified_gmt":"2025-11-07T14:50:53","slug":"vasaloppet-arena-paket-ski-in-ski-out","status":"publish","type":"product","link":"https:\/\/morahotell.se\/de\/produkt\/aktivitaeten\/leben-im-freien\/vasaloppet-arena-paket-ski-in-ski-out\/","title":{"rendered":"Vasaloppet Arena-Paket \u2013 Ski in &#038; Ski out"},"content":{"rendered":"<p><strong>Bitte beachten Sie: Nicht verf\u00fcgbar w\u00e4hrend der Vasaloppet-Woche!<\/strong><\/p>\n<p>Willkommen zu unserem Ski-in-Ski-out-Paket f\u00fcr alle, die nur 100 Meter vom Hotel entfernt mit dem Langlaufen beginnen m\u00f6chten.<\/p>\n<p>Das Paket beinhaltet:<\/p>\n<p>2 \u00dcbernachtungen im Standard-Doppelzimmer mit Fr\u00fchst\u00fccksbuffet<br \/>\nAn beiden Tagen ein 2-G\u00e4nge-Men\u00fc (Vorspeise und Hauptgericht) nach Empfehlung unseres K\u00fcchenchefs. Reservieren Sie einen Tisch unter matsalen@morahotell.se oder telefonisch unter 0250-59 26 50. Die Speisekarte finden Sie hier.<\/p>\n<p>Zugang zum Spa- und Entspannungsbereich an beiden Tagen \u2013 Massagen und Behandlungen k\u00f6nnen <a href=\"https:\/\/morahotell.se\/de\/produkt-kategori\/spa-de\/?min_date=2024-11-04&#038;max_date=2024-11-04\">Sie hier buchen<\/a>.<br \/>\nZugang zum Au\u00dfenbereich und Wachsraum des Hotels.<\/p>\n<p>Der Einzelzimmerzuschlag betr\u00e4gt 500 SEK\/Nacht. Bitte wenden Sie sich an die <a href=\"https:\/\/morahotell.se\/de\/ueber-uns\/kontaktiere-uns\/\">Rezeption<\/a>.<\/p>\n<p>Erfahren Sie mehr \u00fcber die <a href=\"https:\/\/www.vasaloppet.se\/om-oss\/vasaloppsarenan\/vasaloppssparet\/\">Vasalopp-Strecke<\/a> in Hemus.<br \/>\nDas Hemus Ski Stadium verf\u00fcgt \u00fcber einen Skishop, einen Wachsservice und einen Wachsraum, eine Sauna und ein Caf\u00e9. Sie k\u00f6nnen sich in der Trainingsanlage des IFK Mora umziehen.<\/p>\n<p>Weitere Loipen finden Sie bei <a href=\"https:\/\/www.moraoutdoor.se\/index.php\/leder\/c\/langdskidor\">Mora Outdoor<\/a>. Hier k\u00f6nnen Sie Loipenkarten <a href=\"https:\/\/www.vasaloppet.se\/vinter\/arenakortet\/\">kaufen<\/a>.<\/p>\n<p>Live-Bilder von den Webcams:<br \/>\n<a href=\"http:\/\/www.ifkmora.se\/garberg\/webcam\/NorraGarberg.jpg\">Norra Garberg<\/a><br \/>\n<a href=\"http:\/\/kamera.mora.se\/skidstadion.php\">Mora Ski Stadium<\/a><br \/>\n<a href=\"http:\/\/kamera.mora.se\/kyrkan.php\">Ziellinie des Vasalopp<\/a><\/p>\n","protected":false},"excerpt":{"rendered":"<p>Bitte beachten Sie: Nicht verf\u00fcgbar w\u00e4hrend der Vasaloppet-Woche! Willkommen zu unserem Ski-in-Ski-out-Paket f\u00fcr alle, die nur 100 Meter vom Hotel entfernt mit dem Langlaufen beginnen m\u00f6chten. Das Paket beinhaltet: 2 \u00dcbernachtungen im Standard-Doppelzimmer mit Fr\u00fchst\u00fccksbuffet An beiden Tagen ein 2-G\u00e4nge-Men\u00fc (Vorspeise und Hauptgericht) nach Empfehlung unseres K\u00fcchenchefs. Reservieren Sie einen Tisch unter matsalen@morahotell.se oder telefonisch&hellip;<\/p>\n","protected":false},"featured_media":11219,"comment_status":"closed","ping_status":"closed","template":"","meta":{"_acf_changed":false},"product_brand":[],"product_cat":[123,72],"product_tag":[189,183],"class_list":{"0":"post-30341","1":"product","2":"type-product","3":"status-publish","4":"has-post-thumbnail","6":"product_cat-leben-im-freien","7":"product_cat-pauschalangebote","8":"product_tag-foerfraagningsprodukt","9":"product_tag-paket-startsida-de","11":"first","12":"instock","13":"virtual","14":"taxable","15":"product-type-simple"},"acf":[],"yoast_head":"<!-- This site is optimized with the Yoast SEO plugin v26.5 - https:\/\/yoast.com\/wordpress\/plugins\/seo\/ -->\n<title>Vasaloppet Arena-Paket \u2013 Ski in &amp; Ski out - Mora Hotell &amp; Spa<\/title>\n<meta name=\"robots\" content=\"index, follow, max-snippet:-1, max-image-preview:large, max-video-preview:-1\" \/>\n<link rel=\"canonical\" href=\"https:\/\/morahotell.se\/de\/produkt\/aktivitaeten\/leben-im-freien\/vasaloppet-arena-paket-ski-in-ski-out\/\" \/>\n<meta property=\"og:locale\" content=\"de_DE\" \/>\n<meta property=\"og:type\" content=\"article\" \/>\n<meta property=\"og:title\" content=\"Vasaloppet Arena-Paket \u2013 Ski in &amp; Ski out - Mora Hotell &amp; Spa\" \/>\n<meta property=\"og:description\" content=\"Bitte beachten Sie: Nicht verf\u00fcgbar w\u00e4hrend der Vasaloppet-Woche! Willkommen zu unserem Ski-in-Ski-out-Paket f\u00fcr alle, die nur 100 Meter vom Hotel entfernt mit dem Langlaufen beginnen m\u00f6chten. Das Paket beinhaltet: 2 \u00dcbernachtungen im Standard-Doppelzimmer mit Fr\u00fchst\u00fccksbuffet An beiden Tagen ein 2-G\u00e4nge-Men\u00fc (Vorspeise und Hauptgericht) nach Empfehlung unseres K\u00fcchenchefs. Reservieren Sie einen Tisch unter matsalen@morahotell.se oder telefonisch&hellip;\" \/>\n<meta property=\"og:url\" content=\"https:\/\/morahotell.se\/de\/produkt\/aktivitaeten\/leben-im-freien\/vasaloppet-arena-paket-ski-in-ski-out\/\" \/>\n<meta property=\"og:site_name\" content=\"Mora Hotell &amp; Spa\" \/>\n<meta property=\"article:modified_time\" content=\"2025-11-07T14:50:53+00:00\" \/>\n<meta property=\"og:image\" content=\"https:\/\/morahotell.se\/wp-content\/uploads\/2022\/11\/lopp_vinter_vasaloppssparet_.jpeg\" \/>\n\t<meta property=\"og:image:width\" content=\"1350\" \/>\n\t<meta property=\"og:image:height\" content=\"690\" \/>\n\t<meta property=\"og:image:type\" content=\"image\/jpeg\" \/>\n<meta name=\"twitter:card\" content=\"summary_large_image\" \/>\n<meta name=\"twitter:label1\" content=\"Gesch\u00e4tzte Lesezeit\" \/>\n\t<meta name=\"twitter:data1\" content=\"1\u00a0Minute\" \/>\n<script type=\"application\/ld+json\" class=\"yoast-schema-graph\">{\"@context\":\"https:\/\/schema.org\",\"@graph\":[{\"@type\":\"WebPage\",\"@id\":\"https:\/\/morahotell.se\/de\/produkt\/aktivitaeten\/leben-im-freien\/vasaloppet-arena-paket-ski-in-ski-out\/\",\"url\":\"https:\/\/morahotell.se\/de\/produkt\/aktivitaeten\/leben-im-freien\/vasaloppet-arena-paket-ski-in-ski-out\/\",\"name\":\"Vasaloppet Arena-Paket \u2013 Ski in & Ski out - Mora Hotell &amp; Spa\",\"isPartOf\":{\"@id\":\"https:\/\/morahotell.se\/de\/#website\"},\"primaryImageOfPage\":{\"@id\":\"https:\/\/morahotell.se\/de\/produkt\/aktivitaeten\/leben-im-freien\/vasaloppet-arena-paket-ski-in-ski-out\/#primaryimage\"},\"image\":{\"@id\":\"https:\/\/morahotell.se\/de\/produkt\/aktivitaeten\/leben-im-freien\/vasaloppet-arena-paket-ski-in-ski-out\/#primaryimage\"},\"thumbnailUrl\":\"https:\/\/morahotell.se\/wp-content\/uploads\/2022\/11\/lopp_vinter_vasaloppssparet_.jpeg\",\"datePublished\":\"2022-11-09T13:02:43+00:00\",\"dateModified\":\"2025-11-07T14:50:53+00:00\",\"breadcrumb\":{\"@id\":\"https:\/\/morahotell.se\/de\/produkt\/aktivitaeten\/leben-im-freien\/vasaloppet-arena-paket-ski-in-ski-out\/#breadcrumb\"},\"inLanguage\":\"de\",\"potentialAction\":[{\"@type\":\"ReadAction\",\"target\":[\"https:\/\/morahotell.se\/de\/produkt\/aktivitaeten\/leben-im-freien\/vasaloppet-arena-paket-ski-in-ski-out\/\"]}]},{\"@type\":\"ImageObject\",\"inLanguage\":\"de\",\"@id\":\"https:\/\/morahotell.se\/de\/produkt\/aktivitaeten\/leben-im-freien\/vasaloppet-arena-paket-ski-in-ski-out\/#primaryimage\",\"url\":\"https:\/\/morahotell.se\/wp-content\/uploads\/2022\/11\/lopp_vinter_vasaloppssparet_.jpeg\",\"contentUrl\":\"https:\/\/morahotell.se\/wp-content\/uploads\/2022\/11\/lopp_vinter_vasaloppssparet_.jpeg\",\"width\":1350,\"height\":690,\"caption\":\"Mora hotells arenapaket\"},{\"@type\":\"BreadcrumbList\",\"@id\":\"https:\/\/morahotell.se\/de\/produkt\/aktivitaeten\/leben-im-freien\/vasaloppet-arena-paket-ski-in-ski-out\/#breadcrumb\",\"itemListElement\":[{\"@type\":\"ListItem\",\"position\":1,\"name\":\"Mora hotell\",\"item\":\"https:\/\/morahotell.se\/de\/\"},{\"@type\":\"ListItem\",\"position\":2,\"name\":\"Reservierung\",\"item\":\"https:\/\/morahotell.se\/de\/reservierung\/\"},{\"@type\":\"ListItem\",\"position\":3,\"name\":\"Pauschalangebote\",\"item\":\"https:\/\/morahotell.se\/de\/produkt-kategori\/pauschalangebote\/\"},{\"@type\":\"ListItem\",\"position\":4,\"name\":\"Vasaloppet Arena-Paket \u2013 Ski in &#038; Ski out\"}]},{\"@type\":\"WebSite\",\"@id\":\"https:\/\/morahotell.se\/de\/#website\",\"url\":\"https:\/\/morahotell.se\/de\/\",\"name\":\"Mora Hotell &amp; Spa\",\"description\":\"Fyrstj\u00e4rnigt hotell i Mora, n\u00e4ra Siljan\",\"potentialAction\":[{\"@type\":\"SearchAction\",\"target\":{\"@type\":\"EntryPoint\",\"urlTemplate\":\"https:\/\/morahotell.se\/de\/?s={search_term_string}\"},\"query-input\":{\"@type\":\"PropertyValueSpecification\",\"valueRequired\":true,\"valueName\":\"search_term_string\"}}],\"inLanguage\":\"de\"}]}<\/script>\n<!-- \/ Yoast SEO plugin. -->","yoast_head_json":{"title":"Vasaloppet Arena-Paket \u2013 Ski in & Ski out - Mora Hotell &amp; Spa","robots":{"index":"index","follow":"follow","max-snippet":"max-snippet:-1","max-image-preview":"max-image-preview:large","max-video-preview":"max-video-preview:-1"},"canonical":"https:\/\/morahotell.se\/de\/produkt\/aktivitaeten\/leben-im-freien\/vasaloppet-arena-paket-ski-in-ski-out\/","og_locale":"de_DE","og_type":"article","og_title":"Vasaloppet Arena-Paket \u2013 Ski in & Ski out - Mora Hotell &amp; Spa","og_description":"Bitte beachten Sie: Nicht verf\u00fcgbar w\u00e4hrend der Vasaloppet-Woche! Willkommen zu unserem Ski-in-Ski-out-Paket f\u00fcr alle, die nur 100 Meter vom Hotel entfernt mit dem Langlaufen beginnen m\u00f6chten. Das Paket beinhaltet: 2 \u00dcbernachtungen im Standard-Doppelzimmer mit Fr\u00fchst\u00fccksbuffet An beiden Tagen ein 2-G\u00e4nge-Men\u00fc (Vorspeise und Hauptgericht) nach Empfehlung unseres K\u00fcchenchefs. Reservieren Sie einen Tisch unter matsalen@morahotell.se oder telefonisch&hellip;","og_url":"https:\/\/morahotell.se\/de\/produkt\/aktivitaeten\/leben-im-freien\/vasaloppet-arena-paket-ski-in-ski-out\/","og_site_name":"Mora Hotell &amp; Spa","article_modified_time":"2025-11-07T14:50:53+00:00","og_image":[{"width":1350,"height":690,"url":"https:\/\/morahotell.se\/wp-content\/uploads\/2022\/11\/lopp_vinter_vasaloppssparet_.jpeg","type":"image\/jpeg"}],"twitter_card":"summary_large_image","twitter_misc":{"Gesch\u00e4tzte Lesezeit":"1\u00a0Minute"},"schema":{"@context":"https:\/\/schema.org","@graph":[{"@type":"WebPage","@id":"https:\/\/morahotell.se\/de\/produkt\/aktivitaeten\/leben-im-freien\/vasaloppet-arena-paket-ski-in-ski-out\/","url":"https:\/\/morahotell.se\/de\/produkt\/aktivitaeten\/leben-im-freien\/vasaloppet-arena-paket-ski-in-ski-out\/","name":"Vasaloppet Arena-Paket \u2013 Ski in & Ski out - Mora Hotell &amp; Spa","isPartOf":{"@id":"https:\/\/morahotell.se\/de\/#website"},"primaryImageOfPage":{"@id":"https:\/\/morahotell.se\/de\/produkt\/aktivitaeten\/leben-im-freien\/vasaloppet-arena-paket-ski-in-ski-out\/#primaryimage"},"image":{"@id":"https:\/\/morahotell.se\/de\/produkt\/aktivitaeten\/leben-im-freien\/vasaloppet-arena-paket-ski-in-ski-out\/#primaryimage"},"thumbnailUrl":"https:\/\/morahotell.se\/wp-content\/uploads\/2022\/11\/lopp_vinter_vasaloppssparet_.jpeg","datePublished":"2022-11-09T13:02:43+00:00","dateModified":"2025-11-07T14:50:53+00:00","breadcrumb":{"@id":"https:\/\/morahotell.se\/de\/produkt\/aktivitaeten\/leben-im-freien\/vasaloppet-arena-paket-ski-in-ski-out\/#breadcrumb"},"inLanguage":"de","potentialAction":[{"@type":"ReadAction","target":["https:\/\/morahotell.se\/de\/produkt\/aktivitaeten\/leben-im-freien\/vasaloppet-arena-paket-ski-in-ski-out\/"]}]},{"@type":"ImageObject","inLanguage":"de","@id":"https:\/\/morahotell.se\/de\/produkt\/aktivitaeten\/leben-im-freien\/vasaloppet-arena-paket-ski-in-ski-out\/#primaryimage","url":"https:\/\/morahotell.se\/wp-content\/uploads\/2022\/11\/lopp_vinter_vasaloppssparet_.jpeg","contentUrl":"https:\/\/morahotell.se\/wp-content\/uploads\/2022\/11\/lopp_vinter_vasaloppssparet_.jpeg","width":1350,"height":690,"caption":"Mora hotells arenapaket"},{"@type":"BreadcrumbList","@id":"https:\/\/morahotell.se\/de\/produkt\/aktivitaeten\/leben-im-freien\/vasaloppet-arena-paket-ski-in-ski-out\/#breadcrumb","itemListElement":[{"@type":"ListItem","position":1,"name":"Mora hotell","item":"https:\/\/morahotell.se\/de\/"},{"@type":"ListItem","position":2,"name":"Reservierung","item":"https:\/\/morahotell.se\/de\/reservierung\/"},{"@type":"ListItem","position":3,"name":"Pauschalangebote","item":"https:\/\/morahotell.se\/de\/produkt-kategori\/pauschalangebote\/"},{"@type":"ListItem","position":4,"name":"Vasaloppet Arena-Paket \u2013 Ski in &#038; Ski out"}]},{"@type":"WebSite","@id":"https:\/\/morahotell.se\/de\/#website","url":"https:\/\/morahotell.se\/de\/","name":"Mora Hotell &amp; Spa","description":"Fyrstj\u00e4rnigt hotell i Mora, n\u00e4ra Siljan","potentialAction":[{"@type":"SearchAction","target":{"@type":"EntryPoint","urlTemplate":"https:\/\/morahotell.se\/de\/?s={search_term_string}"},"query-input":{"@type":"PropertyValueSpecification","valueRequired":true,"valueName":"search_term_string"}}],"inLanguage":"de"}]}},"_links":{"self":[{"href":"https:\/\/morahotell.se\/de\/wp-json\/wp\/v2\/product\/30341","targetHints":{"allow":["GET"]}}],"collection":[{"href":"https:\/\/morahotell.se\/de\/wp-json\/wp\/v2\/product"}],"about":[{"href":"https:\/\/morahotell.se\/de\/wp-json\/wp\/v2\/types\/product"}],"replies":[{"embeddable":true,"href":"https:\/\/morahotell.se\/de\/wp-json\/wp\/v2\/comments?post=30341"}],"wp:featuredmedia":[{"embeddable":true,"href":"https:\/\/morahotell.se\/de\/wp-json\/wp\/v2\/media\/11219"}],"wp:attachment":[{"href":"https:\/\/morahotell.se\/de\/wp-json\/wp\/v2\/media?parent=30341"}],"wp:term":[{"taxonomy":"product_brand","embeddable":true,"href":"https:\/\/morahotell.se\/de\/wp-json\/wp\/v2\/product_brand?post=30341"},{"taxonomy":"product_cat","embeddable":true,"href":"https:\/\/morahotell.se\/de\/wp-json\/wp\/v2\/product_cat?post=30341"},{"taxonomy":"product_tag","embeddable":true,"href":"https:\/\/morahotell.se\/de\/wp-json\/wp\/v2\/product_tag?post=30341"}],"curies":[{"name":"wp","href":"https:\/\/api.w.org\/{rel}","templated":true}]}}