{"id":28990,"date":"2025-05-23T12:06:32","date_gmt":"2025-05-23T10:06:32","guid":{"rendered":"https:\/\/morahotell.se\/?post_type=product&#038;p=28990"},"modified":"2025-05-23T13:54:06","modified_gmt":"2025-05-23T11:54:06","slug":"live-musik-mittwochs-ab-2000-uhr","status":"publish","type":"product","link":"https:\/\/morahotell.se\/de\/produkt\/aktivitaeten\/gerade-im-gange\/live-musik-mittwochs-ab-2000-uhr\/","title":{"rendered":"Live-Musik mittwochs ab 20:00 Uhr"},"content":{"rendered":"<p>Erleben Sie die Atmosph\u00e4re mitten in der Woche im Mora Hotell! Jeden Mittwoch ab 20:00 Uhr laden wir Sie zu Live-Musik ein, bei der lokale Talente und swingende Kl\u00e4nge den Abend vergolden. Perfekt f\u00fcr einen Feierabend, ein entspanntes Abendessen oder einfach ein tolles Musikerlebnis in guter Gesellschaft.<\/p>\n","protected":false},"excerpt":{"rendered":"<p>Erleben Sie die Atmosph\u00e4re mitten in der Woche im Mora Hotell! Jeden Mittwoch ab 20:00 Uhr laden wir Sie zu Live-Musik ein, bei der lokale Talente und swingende Kl\u00e4nge den Abend vergolden. Perfekt f\u00fcr einen Feierabend, ein entspanntes Abendessen oder einfach ein tolles Musikerlebnis in guter Gesellschaft.<\/p>\n","protected":false},"featured_media":30488,"comment_status":"closed","ping_status":"closed","template":"","meta":{"_acf_changed":false},"product_brand":[],"product_cat":[117],"product_tag":[131],"class_list":{"0":"post-28990","1":"product","2":"type-product","3":"status-publish","4":"has-post-thumbnail","6":"product_cat-gerade-im-gange","7":"product_tag-was-passiert-gerade","9":"first","10":"instock","11":"taxable","12":"shipping-taxable","13":"product-type-simple"},"acf":[],"yoast_head":"<!-- This site is optimized with the Yoast SEO plugin v26.5 - https:\/\/yoast.com\/wordpress\/plugins\/seo\/ -->\n<title>AW varje fredag i mars p\u00e5 Mora Hotell<\/title>\n<meta name=\"description\" content=\"V\u00e4lkommen p\u00e5 AW varje fredag i mars, fr\u00e5n kl\u00a016.00. Det \u00e4r bara att kliva in och best\u00e4lla det du vill dricka. Varmt v\u00e4lkommen\" \/>\n<meta name=\"robots\" content=\"index, follow, max-snippet:-1, max-image-preview:large, max-video-preview:-1\" \/>\n<link rel=\"canonical\" href=\"https:\/\/morahotell.se\/de\/produkt\/aktivitaeten\/gerade-im-gange\/live-musik-mittwochs-ab-2000-uhr\/\" \/>\n<meta property=\"og:locale\" content=\"de_DE\" \/>\n<meta property=\"og:type\" content=\"article\" \/>\n<meta property=\"og:title\" content=\"AW varje fredag i mars p\u00e5 Mora Hotell\" \/>\n<meta property=\"og:description\" content=\"V\u00e4lkommen p\u00e5 AW varje fredag i mars, fr\u00e5n kl\u00a016.00. Det \u00e4r bara att kliva in och best\u00e4lla det du vill dricka. Varmt v\u00e4lkommen\" \/>\n<meta property=\"og:url\" content=\"https:\/\/morahotell.se\/de\/produkt\/aktivitaeten\/gerade-im-gange\/live-musik-mittwochs-ab-2000-uhr\/\" \/>\n<meta property=\"og:site_name\" content=\"Mora Hotell &amp; Spa\" \/>\n<meta property=\"article:modified_time\" content=\"2025-05-23T11:54:06+00:00\" \/>\n<meta property=\"og:image\" content=\"https:\/\/morahotell.se\/wp-content\/uploads\/2025\/05\/levande_musik_onsdagar.jpg\" \/>\n\t<meta property=\"og:image:width\" content=\"1529\" \/>\n\t<meta property=\"og:image:height\" content=\"2162\" \/>\n\t<meta property=\"og:image:type\" content=\"image\/jpeg\" \/>\n<meta name=\"twitter:card\" content=\"summary_large_image\" \/>\n<script type=\"application\/ld+json\" class=\"yoast-schema-graph\">{\"@context\":\"https:\/\/schema.org\",\"@graph\":[{\"@type\":\"WebPage\",\"@id\":\"https:\/\/morahotell.se\/de\/produkt\/aktivitaeten\/gerade-im-gange\/live-musik-mittwochs-ab-2000-uhr\/\",\"url\":\"https:\/\/morahotell.se\/de\/produkt\/aktivitaeten\/gerade-im-gange\/live-musik-mittwochs-ab-2000-uhr\/\",\"name\":\"AW varje fredag i mars p\u00e5 Mora Hotell\",\"isPartOf\":{\"@id\":\"https:\/\/morahotell.se\/de\/#website\"},\"primaryImageOfPage\":{\"@id\":\"https:\/\/morahotell.se\/de\/produkt\/aktivitaeten\/gerade-im-gange\/live-musik-mittwochs-ab-2000-uhr\/#primaryimage\"},\"image\":{\"@id\":\"https:\/\/morahotell.se\/de\/produkt\/aktivitaeten\/gerade-im-gange\/live-musik-mittwochs-ab-2000-uhr\/#primaryimage\"},\"thumbnailUrl\":\"https:\/\/morahotell.se\/wp-content\/uploads\/2025\/11\/569391030_1412410540885595_4637035728893757755_n.jpg\",\"datePublished\":\"2025-05-23T10:06:32+00:00\",\"dateModified\":\"2025-05-23T11:54:06+00:00\",\"description\":\"V\u00e4lkommen p\u00e5 AW varje fredag i mars, fr\u00e5n kl\u00a016.00. Det \u00e4r bara att kliva in och best\u00e4lla det du vill dricka. Varmt v\u00e4lkommen\",\"breadcrumb\":{\"@id\":\"https:\/\/morahotell.se\/de\/produkt\/aktivitaeten\/gerade-im-gange\/live-musik-mittwochs-ab-2000-uhr\/#breadcrumb\"},\"inLanguage\":\"de\",\"potentialAction\":[{\"@type\":\"ReadAction\",\"target\":[\"https:\/\/morahotell.se\/de\/produkt\/aktivitaeten\/gerade-im-gange\/live-musik-mittwochs-ab-2000-uhr\/\"]}]},{\"@type\":\"ImageObject\",\"inLanguage\":\"de\",\"@id\":\"https:\/\/morahotell.se\/de\/produkt\/aktivitaeten\/gerade-im-gange\/live-musik-mittwochs-ab-2000-uhr\/#primaryimage\",\"url\":\"https:\/\/morahotell.se\/wp-content\/uploads\/2025\/11\/569391030_1412410540885595_4637035728893757755_n.jpg\",\"contentUrl\":\"https:\/\/morahotell.se\/wp-content\/uploads\/2025\/11\/569391030_1412410540885595_4637035728893757755_n.jpg\",\"width\":960,\"height\":1200},{\"@type\":\"BreadcrumbList\",\"@id\":\"https:\/\/morahotell.se\/de\/produkt\/aktivitaeten\/gerade-im-gange\/live-musik-mittwochs-ab-2000-uhr\/#breadcrumb\",\"itemListElement\":[{\"@type\":\"ListItem\",\"position\":1,\"name\":\"Mora hotell\",\"item\":\"https:\/\/morahotell.se\/de\/\"},{\"@type\":\"ListItem\",\"position\":2,\"name\":\"Reservierung\",\"item\":\"https:\/\/morahotell.se\/de\/reservierung\/\"},{\"@type\":\"ListItem\",\"position\":3,\"name\":\"Aktivit\u00e4ten\",\"item\":\"https:\/\/morahotell.se\/de\/produkt-kategori\/aktivitaeten\/\"},{\"@type\":\"ListItem\",\"position\":4,\"name\":\"Gerade im Gange\",\"item\":\"https:\/\/morahotell.se\/de\/produkt-kategori\/aktivitaeten\/gerade-im-gange\/\"},{\"@type\":\"ListItem\",\"position\":5,\"name\":\"Live-Musik mittwochs ab 20:00 Uhr\"}]},{\"@type\":\"WebSite\",\"@id\":\"https:\/\/morahotell.se\/de\/#website\",\"url\":\"https:\/\/morahotell.se\/de\/\",\"name\":\"Mora Hotell &amp; Spa\",\"description\":\"Fyrstj\u00e4rnigt hotell i Mora, n\u00e4ra Siljan\",\"potentialAction\":[{\"@type\":\"SearchAction\",\"target\":{\"@type\":\"EntryPoint\",\"urlTemplate\":\"https:\/\/morahotell.se\/de\/?s={search_term_string}\"},\"query-input\":{\"@type\":\"PropertyValueSpecification\",\"valueRequired\":true,\"valueName\":\"search_term_string\"}}],\"inLanguage\":\"de\"}]}<\/script>\n<!-- \/ Yoast SEO plugin. -->","yoast_head_json":{"title":"AW varje fredag i mars p\u00e5 Mora Hotell","description":"V\u00e4lkommen p\u00e5 AW varje fredag i mars, fr\u00e5n kl\u00a016.00. Det \u00e4r bara att kliva in och best\u00e4lla det du vill dricka. Varmt v\u00e4lkommen","robots":{"index":"index","follow":"follow","max-snippet":"max-snippet:-1","max-image-preview":"max-image-preview:large","max-video-preview":"max-video-preview:-1"},"canonical":"https:\/\/morahotell.se\/de\/produkt\/aktivitaeten\/gerade-im-gange\/live-musik-mittwochs-ab-2000-uhr\/","og_locale":"de_DE","og_type":"article","og_title":"AW varje fredag i mars p\u00e5 Mora Hotell","og_description":"V\u00e4lkommen p\u00e5 AW varje fredag i mars, fr\u00e5n kl\u00a016.00. Det \u00e4r bara att kliva in och best\u00e4lla det du vill dricka. Varmt v\u00e4lkommen","og_url":"https:\/\/morahotell.se\/de\/produkt\/aktivitaeten\/gerade-im-gange\/live-musik-mittwochs-ab-2000-uhr\/","og_site_name":"Mora Hotell &amp; Spa","article_modified_time":"2025-05-23T11:54:06+00:00","og_image":[{"width":1529,"height":2162,"url":"https:\/\/morahotell.se\/wp-content\/uploads\/2025\/05\/levande_musik_onsdagar.jpg","type":"image\/jpeg"}],"twitter_card":"summary_large_image","schema":{"@context":"https:\/\/schema.org","@graph":[{"@type":"WebPage","@id":"https:\/\/morahotell.se\/de\/produkt\/aktivitaeten\/gerade-im-gange\/live-musik-mittwochs-ab-2000-uhr\/","url":"https:\/\/morahotell.se\/de\/produkt\/aktivitaeten\/gerade-im-gange\/live-musik-mittwochs-ab-2000-uhr\/","name":"AW varje fredag i mars p\u00e5 Mora Hotell","isPartOf":{"@id":"https:\/\/morahotell.se\/de\/#website"},"primaryImageOfPage":{"@id":"https:\/\/morahotell.se\/de\/produkt\/aktivitaeten\/gerade-im-gange\/live-musik-mittwochs-ab-2000-uhr\/#primaryimage"},"image":{"@id":"https:\/\/morahotell.se\/de\/produkt\/aktivitaeten\/gerade-im-gange\/live-musik-mittwochs-ab-2000-uhr\/#primaryimage"},"thumbnailUrl":"https:\/\/morahotell.se\/wp-content\/uploads\/2025\/11\/569391030_1412410540885595_4637035728893757755_n.jpg","datePublished":"2025-05-23T10:06:32+00:00","dateModified":"2025-05-23T11:54:06+00:00","description":"V\u00e4lkommen p\u00e5 AW varje fredag i mars, fr\u00e5n kl\u00a016.00. Det \u00e4r bara att kliva in och best\u00e4lla det du vill dricka. Varmt v\u00e4lkommen","breadcrumb":{"@id":"https:\/\/morahotell.se\/de\/produkt\/aktivitaeten\/gerade-im-gange\/live-musik-mittwochs-ab-2000-uhr\/#breadcrumb"},"inLanguage":"de","potentialAction":[{"@type":"ReadAction","target":["https:\/\/morahotell.se\/de\/produkt\/aktivitaeten\/gerade-im-gange\/live-musik-mittwochs-ab-2000-uhr\/"]}]},{"@type":"ImageObject","inLanguage":"de","@id":"https:\/\/morahotell.se\/de\/produkt\/aktivitaeten\/gerade-im-gange\/live-musik-mittwochs-ab-2000-uhr\/#primaryimage","url":"https:\/\/morahotell.se\/wp-content\/uploads\/2025\/11\/569391030_1412410540885595_4637035728893757755_n.jpg","contentUrl":"https:\/\/morahotell.se\/wp-content\/uploads\/2025\/11\/569391030_1412410540885595_4637035728893757755_n.jpg","width":960,"height":1200},{"@type":"BreadcrumbList","@id":"https:\/\/morahotell.se\/de\/produkt\/aktivitaeten\/gerade-im-gange\/live-musik-mittwochs-ab-2000-uhr\/#breadcrumb","itemListElement":[{"@type":"ListItem","position":1,"name":"Mora hotell","item":"https:\/\/morahotell.se\/de\/"},{"@type":"ListItem","position":2,"name":"Reservierung","item":"https:\/\/morahotell.se\/de\/reservierung\/"},{"@type":"ListItem","position":3,"name":"Aktivit\u00e4ten","item":"https:\/\/morahotell.se\/de\/produkt-kategori\/aktivitaeten\/"},{"@type":"ListItem","position":4,"name":"Gerade im Gange","item":"https:\/\/morahotell.se\/de\/produkt-kategori\/aktivitaeten\/gerade-im-gange\/"},{"@type":"ListItem","position":5,"name":"Live-Musik mittwochs ab 20:00 Uhr"}]},{"@type":"WebSite","@id":"https:\/\/morahotell.se\/de\/#website","url":"https:\/\/morahotell.se\/de\/","name":"Mora Hotell &amp; Spa","description":"Fyrstj\u00e4rnigt hotell i Mora, n\u00e4ra Siljan","potentialAction":[{"@type":"SearchAction","target":{"@type":"EntryPoint","urlTemplate":"https:\/\/morahotell.se\/de\/?s={search_term_string}"},"query-input":{"@type":"PropertyValueSpecification","valueRequired":true,"valueName":"search_term_string"}}],"inLanguage":"de"}]}},"_links":{"self":[{"href":"https:\/\/morahotell.se\/de\/wp-json\/wp\/v2\/product\/28990","targetHints":{"allow":["GET"]}}],"collection":[{"href":"https:\/\/morahotell.se\/de\/wp-json\/wp\/v2\/product"}],"about":[{"href":"https:\/\/morahotell.se\/de\/wp-json\/wp\/v2\/types\/product"}],"replies":[{"embeddable":true,"href":"https:\/\/morahotell.se\/de\/wp-json\/wp\/v2\/comments?post=28990"}],"wp:featuredmedia":[{"embeddable":true,"href":"https:\/\/morahotell.se\/de\/wp-json\/wp\/v2\/media\/30488"}],"wp:attachment":[{"href":"https:\/\/morahotell.se\/de\/wp-json\/wp\/v2\/media?parent=28990"}],"wp:term":[{"taxonomy":"product_brand","embeddable":true,"href":"https:\/\/morahotell.se\/de\/wp-json\/wp\/v2\/product_brand?post=28990"},{"taxonomy":"product_cat","embeddable":true,"href":"https:\/\/morahotell.se\/de\/wp-json\/wp\/v2\/product_cat?post=28990"},{"taxonomy":"product_tag","embeddable":true,"href":"https:\/\/morahotell.se\/de\/wp-json\/wp\/v2\/product_tag?post=28990"}],"curies":[{"name":"wp","href":"https:\/\/api.w.org\/{rel}","templated":true}]}}