{"id":23799,"date":"2023-12-19T15:50:07","date_gmt":"2023-12-19T14:50:07","guid":{"rendered":"https:\/\/morahotell.se\/?post_type=product&#038;p=23799"},"modified":"2025-10-16T13:44:17","modified_gmt":"2025-10-16T11:44:17","slug":"das-beste-aus-dalarna-zorn-carl-larsson","status":"publish","type":"product","link":"https:\/\/morahotell.se\/de\/produkt\/pauschalangebote\/das-beste-aus-dalarna-zorn-carl-larsson\/","title":{"rendered":"Das Beste aus Dalarna \u2013 Zorn + Carl Larsson"},"content":{"rendered":"<p>Das Zorn Museum &#8211; die weltweit gr\u00f6\u00dfte Sammlung von Zorn<br \/>\nDas Zorn-Paket beinhaltet:<\/p>\n<p>Unterkunft, 2 N\u00e4chte, im geteilten Standard-Doppelzimmer inkl. Halbpension gro\u00dfes Fr\u00fchst\u00fccksbuffet<br \/>\n2-G\u00e4nge-Abendessen am 1<br \/>\n3-G\u00e4nge-Abendessen am 2<br \/>\nEingang zum Ruhebereich<\/p>\n<p>Die Buchung einer F\u00fchrung durch Zorng\u00e5rden und anderer Tickets erfolgt hier<\/p>\n<blockquote class=\"wp-embedded-content\" data-secret=\"xqkXLQt8sX\"><p><a href=\"https:\/\/zorn.se\/oppettider\/\">\u00d6ppettider<\/a><\/p><\/blockquote>\n<p><iframe loading=\"lazy\" class=\"wp-embedded-content\" sandbox=\"allow-scripts\" security=\"restricted\" style=\"position: absolute; visibility: hidden;\" title=\"\u201d\u00d6ppettider\u201d &ndash; Zornmuseet\" src=\"https:\/\/zorn.se\/oppettider\/embed\/#?secret=yqZrBrJrA8#?secret=xqkXLQt8sX\" data-secret=\"xqkXLQt8sX\" width=\"500\" height=\"282\" frameborder=\"0\" marginwidth=\"0\" marginheight=\"0\" scrolling=\"no\"><\/iframe><\/p>\n","protected":false},"excerpt":{"rendered":"<p>Im Zorn Museum k\u00f6nnen Sie die weltweit gr\u00f6\u00dfte Sammlung von Anders Zorn erleben. Lernen Sie den Jungen aus Mora kennen, der zu Lebzeiten eine erstaunliche internationale Karriere gemacht hat. Zorn trug dazu bei, Schweden, Dalarna und Mora auf dem H\u00f6hepunkt der Nationalromantik bekannt zu machen.<\/p>\n","protected":false},"featured_media":23805,"comment_status":"closed","ping_status":"closed","template":"","meta":{"_acf_changed":false},"product_brand":[],"product_cat":[72],"product_tag":[189,183],"class_list":{"0":"post-23799","1":"product","2":"type-product","3":"status-publish","4":"has-post-thumbnail","6":"product_cat-pauschalangebote","7":"product_tag-foerfraagningsprodukt","8":"product_tag-paket-startsida-de","10":"first","11":"instock","12":"virtual","13":"taxable","14":"purchasable","15":"product-type-simple"},"acf":[],"yoast_head":"<!-- This site is optimized with the Yoast SEO plugin v26.5 - https:\/\/yoast.com\/wordpress\/plugins\/seo\/ -->\n<title>Das Beste aus Dalarna \u2013 Zorn + Carl Larsson - Mora Hotell &amp; Spa<\/title>\n<meta name=\"description\" content=\"Im Zorn Museum k\u00f6nnen Sie die weltweit gr\u00f6\u00dfte Sammlung von Anders Zorn erleben. Erfahren Sie alles \u00fcber den Mann von Mora, der die Welt im Sturm eroberte\" \/>\n<meta name=\"robots\" content=\"index, follow, max-snippet:-1, max-image-preview:large, max-video-preview:-1\" \/>\n<link rel=\"canonical\" href=\"https:\/\/morahotell.se\/de\/produkt\/pauschalangebote\/das-beste-aus-dalarna-zorn-carl-larsson\/\" \/>\n<meta property=\"og:locale\" content=\"de_DE\" \/>\n<meta property=\"og:type\" content=\"article\" \/>\n<meta property=\"og:title\" content=\"Das Beste aus Dalarna \u2013 Zorn + Carl Larsson - Mora Hotell &amp; Spa\" \/>\n<meta property=\"og:description\" content=\"Im Zorn Museum k\u00f6nnen Sie die weltweit gr\u00f6\u00dfte Sammlung von Anders Zorn erleben. Erfahren Sie alles \u00fcber den Mann von Mora, der die Welt im Sturm eroberte\" \/>\n<meta property=\"og:url\" content=\"https:\/\/morahotell.se\/de\/produkt\/pauschalangebote\/das-beste-aus-dalarna-zorn-carl-larsson\/\" \/>\n<meta property=\"og:site_name\" content=\"Mora Hotell &amp; Spa\" \/>\n<meta property=\"article:modified_time\" content=\"2025-10-16T11:44:17+00:00\" \/>\n<meta property=\"og:image\" content=\"https:\/\/morahotell.se\/wp-content\/uploads\/2023\/12\/unnamed.jpg\" \/>\n\t<meta property=\"og:image:width\" content=\"1024\" \/>\n\t<meta property=\"og:image:height\" content=\"631\" \/>\n\t<meta property=\"og:image:type\" content=\"image\/jpeg\" \/>\n<meta name=\"twitter:card\" content=\"summary_large_image\" \/>\n<script type=\"application\/ld+json\" class=\"yoast-schema-graph\">{\"@context\":\"https:\/\/schema.org\",\"@graph\":[{\"@type\":\"WebPage\",\"@id\":\"https:\/\/morahotell.se\/de\/produkt\/pauschalangebote\/das-beste-aus-dalarna-zorn-carl-larsson\/\",\"url\":\"https:\/\/morahotell.se\/de\/produkt\/pauschalangebote\/das-beste-aus-dalarna-zorn-carl-larsson\/\",\"name\":\"Das Beste aus Dalarna \u2013 Zorn + Carl Larsson - Mora Hotell &amp; Spa\",\"isPartOf\":{\"@id\":\"https:\/\/morahotell.se\/de\/#website\"},\"primaryImageOfPage\":{\"@id\":\"https:\/\/morahotell.se\/de\/produkt\/pauschalangebote\/das-beste-aus-dalarna-zorn-carl-larsson\/#primaryimage\"},\"image\":{\"@id\":\"https:\/\/morahotell.se\/de\/produkt\/pauschalangebote\/das-beste-aus-dalarna-zorn-carl-larsson\/#primaryimage\"},\"thumbnailUrl\":\"https:\/\/morahotell.se\/wp-content\/uploads\/2023\/12\/unnamed.jpg\",\"datePublished\":\"2023-12-19T14:50:07+00:00\",\"dateModified\":\"2025-10-16T11:44:17+00:00\",\"description\":\"Im Zorn Museum k\u00f6nnen Sie die weltweit gr\u00f6\u00dfte Sammlung von Anders Zorn erleben. Erfahren Sie alles \u00fcber den Mann von Mora, der die Welt im Sturm eroberte\",\"breadcrumb\":{\"@id\":\"https:\/\/morahotell.se\/de\/produkt\/pauschalangebote\/das-beste-aus-dalarna-zorn-carl-larsson\/#breadcrumb\"},\"inLanguage\":\"de\",\"potentialAction\":[{\"@type\":\"ReadAction\",\"target\":[\"https:\/\/morahotell.se\/de\/produkt\/pauschalangebote\/das-beste-aus-dalarna-zorn-carl-larsson\/\"]}]},{\"@type\":\"ImageObject\",\"inLanguage\":\"de\",\"@id\":\"https:\/\/morahotell.se\/de\/produkt\/pauschalangebote\/das-beste-aus-dalarna-zorn-carl-larsson\/#primaryimage\",\"url\":\"https:\/\/morahotell.se\/wp-content\/uploads\/2023\/12\/unnamed.jpg\",\"contentUrl\":\"https:\/\/morahotell.se\/wp-content\/uploads\/2023\/12\/unnamed.jpg\",\"width\":1024,\"height\":631},{\"@type\":\"BreadcrumbList\",\"@id\":\"https:\/\/morahotell.se\/de\/produkt\/pauschalangebote\/das-beste-aus-dalarna-zorn-carl-larsson\/#breadcrumb\",\"itemListElement\":[{\"@type\":\"ListItem\",\"position\":1,\"name\":\"Mora hotell\",\"item\":\"https:\/\/morahotell.se\/de\/\"},{\"@type\":\"ListItem\",\"position\":2,\"name\":\"Reservierung\",\"item\":\"https:\/\/morahotell.se\/de\/reservierung\/\"},{\"@type\":\"ListItem\",\"position\":3,\"name\":\"Pauschalangebote\",\"item\":\"https:\/\/morahotell.se\/de\/produkt-kategori\/pauschalangebote\/\"},{\"@type\":\"ListItem\",\"position\":4,\"name\":\"Das Beste aus Dalarna \u2013 Zorn + Carl Larsson\"}]},{\"@type\":\"WebSite\",\"@id\":\"https:\/\/morahotell.se\/de\/#website\",\"url\":\"https:\/\/morahotell.se\/de\/\",\"name\":\"Mora Hotell &amp; Spa\",\"description\":\"Fyrstj\u00e4rnigt hotell i Mora, n\u00e4ra Siljan\",\"potentialAction\":[{\"@type\":\"SearchAction\",\"target\":{\"@type\":\"EntryPoint\",\"urlTemplate\":\"https:\/\/morahotell.se\/de\/?s={search_term_string}\"},\"query-input\":{\"@type\":\"PropertyValueSpecification\",\"valueRequired\":true,\"valueName\":\"search_term_string\"}}],\"inLanguage\":\"de\"}]}<\/script>\n<!-- \/ Yoast SEO plugin. -->","yoast_head_json":{"title":"Das Beste aus Dalarna \u2013 Zorn + Carl Larsson - Mora Hotell &amp; Spa","description":"Im Zorn Museum k\u00f6nnen Sie die weltweit gr\u00f6\u00dfte Sammlung von Anders Zorn erleben. Erfahren Sie alles \u00fcber den Mann von Mora, der die Welt im Sturm eroberte","robots":{"index":"index","follow":"follow","max-snippet":"max-snippet:-1","max-image-preview":"max-image-preview:large","max-video-preview":"max-video-preview:-1"},"canonical":"https:\/\/morahotell.se\/de\/produkt\/pauschalangebote\/das-beste-aus-dalarna-zorn-carl-larsson\/","og_locale":"de_DE","og_type":"article","og_title":"Das Beste aus Dalarna \u2013 Zorn + Carl Larsson - Mora Hotell &amp; Spa","og_description":"Im Zorn Museum k\u00f6nnen Sie die weltweit gr\u00f6\u00dfte Sammlung von Anders Zorn erleben. Erfahren Sie alles \u00fcber den Mann von Mora, der die Welt im Sturm eroberte","og_url":"https:\/\/morahotell.se\/de\/produkt\/pauschalangebote\/das-beste-aus-dalarna-zorn-carl-larsson\/","og_site_name":"Mora Hotell &amp; Spa","article_modified_time":"2025-10-16T11:44:17+00:00","og_image":[{"width":1024,"height":631,"url":"https:\/\/morahotell.se\/wp-content\/uploads\/2023\/12\/unnamed.jpg","type":"image\/jpeg"}],"twitter_card":"summary_large_image","schema":{"@context":"https:\/\/schema.org","@graph":[{"@type":"WebPage","@id":"https:\/\/morahotell.se\/de\/produkt\/pauschalangebote\/das-beste-aus-dalarna-zorn-carl-larsson\/","url":"https:\/\/morahotell.se\/de\/produkt\/pauschalangebote\/das-beste-aus-dalarna-zorn-carl-larsson\/","name":"Das Beste aus Dalarna \u2013 Zorn + Carl Larsson - Mora Hotell &amp; Spa","isPartOf":{"@id":"https:\/\/morahotell.se\/de\/#website"},"primaryImageOfPage":{"@id":"https:\/\/morahotell.se\/de\/produkt\/pauschalangebote\/das-beste-aus-dalarna-zorn-carl-larsson\/#primaryimage"},"image":{"@id":"https:\/\/morahotell.se\/de\/produkt\/pauschalangebote\/das-beste-aus-dalarna-zorn-carl-larsson\/#primaryimage"},"thumbnailUrl":"https:\/\/morahotell.se\/wp-content\/uploads\/2023\/12\/unnamed.jpg","datePublished":"2023-12-19T14:50:07+00:00","dateModified":"2025-10-16T11:44:17+00:00","description":"Im Zorn Museum k\u00f6nnen Sie die weltweit gr\u00f6\u00dfte Sammlung von Anders Zorn erleben. Erfahren Sie alles \u00fcber den Mann von Mora, der die Welt im Sturm eroberte","breadcrumb":{"@id":"https:\/\/morahotell.se\/de\/produkt\/pauschalangebote\/das-beste-aus-dalarna-zorn-carl-larsson\/#breadcrumb"},"inLanguage":"de","potentialAction":[{"@type":"ReadAction","target":["https:\/\/morahotell.se\/de\/produkt\/pauschalangebote\/das-beste-aus-dalarna-zorn-carl-larsson\/"]}]},{"@type":"ImageObject","inLanguage":"de","@id":"https:\/\/morahotell.se\/de\/produkt\/pauschalangebote\/das-beste-aus-dalarna-zorn-carl-larsson\/#primaryimage","url":"https:\/\/morahotell.se\/wp-content\/uploads\/2023\/12\/unnamed.jpg","contentUrl":"https:\/\/morahotell.se\/wp-content\/uploads\/2023\/12\/unnamed.jpg","width":1024,"height":631},{"@type":"BreadcrumbList","@id":"https:\/\/morahotell.se\/de\/produkt\/pauschalangebote\/das-beste-aus-dalarna-zorn-carl-larsson\/#breadcrumb","itemListElement":[{"@type":"ListItem","position":1,"name":"Mora hotell","item":"https:\/\/morahotell.se\/de\/"},{"@type":"ListItem","position":2,"name":"Reservierung","item":"https:\/\/morahotell.se\/de\/reservierung\/"},{"@type":"ListItem","position":3,"name":"Pauschalangebote","item":"https:\/\/morahotell.se\/de\/produkt-kategori\/pauschalangebote\/"},{"@type":"ListItem","position":4,"name":"Das Beste aus Dalarna \u2013 Zorn + Carl Larsson"}]},{"@type":"WebSite","@id":"https:\/\/morahotell.se\/de\/#website","url":"https:\/\/morahotell.se\/de\/","name":"Mora Hotell &amp; Spa","description":"Fyrstj\u00e4rnigt hotell i Mora, n\u00e4ra Siljan","potentialAction":[{"@type":"SearchAction","target":{"@type":"EntryPoint","urlTemplate":"https:\/\/morahotell.se\/de\/?s={search_term_string}"},"query-input":{"@type":"PropertyValueSpecification","valueRequired":true,"valueName":"search_term_string"}}],"inLanguage":"de"}]}},"_links":{"self":[{"href":"https:\/\/morahotell.se\/de\/wp-json\/wp\/v2\/product\/23799","targetHints":{"allow":["GET"]}}],"collection":[{"href":"https:\/\/morahotell.se\/de\/wp-json\/wp\/v2\/product"}],"about":[{"href":"https:\/\/morahotell.se\/de\/wp-json\/wp\/v2\/types\/product"}],"replies":[{"embeddable":true,"href":"https:\/\/morahotell.se\/de\/wp-json\/wp\/v2\/comments?post=23799"}],"wp:featuredmedia":[{"embeddable":true,"href":"https:\/\/morahotell.se\/de\/wp-json\/wp\/v2\/media\/23805"}],"wp:attachment":[{"href":"https:\/\/morahotell.se\/de\/wp-json\/wp\/v2\/media?parent=23799"}],"wp:term":[{"taxonomy":"product_brand","embeddable":true,"href":"https:\/\/morahotell.se\/de\/wp-json\/wp\/v2\/product_brand?post=23799"},{"taxonomy":"product_cat","embeddable":true,"href":"https:\/\/morahotell.se\/de\/wp-json\/wp\/v2\/product_cat?post=23799"},{"taxonomy":"product_tag","embeddable":true,"href":"https:\/\/morahotell.se\/de\/wp-json\/wp\/v2\/product_tag?post=23799"}],"curies":[{"name":"wp","href":"https:\/\/api.w.org\/{rel}","templated":true}]}}