{"id":1876,"date":"2022-04-29T11:44:58","date_gmt":"2022-04-29T09:44:58","guid":{"rendered":"https:\/\/morahotell.se\/produkt\/unkategorisiert\/provning-av-champagne-mousserande-vin\/"},"modified":"2022-06-10T15:01:59","modified_gmt":"2022-06-10T13:01:59","slug":"verkostung-von-champagner-und-schaumwein","status":"publish","type":"product","link":"https:\/\/morahotell.se\/de\/produkt\/aktivitaeten\/trinken-schmecken\/verkostung-von-champagner-und-schaumwein\/","title":{"rendered":"Verkostung von Champagner und Schaumwein"},"content":{"rendered":"<p>Probieren Sie edel prickelnde Getr\u00e4nke. Dieser Test beinhaltet einen Vortrag eines Sommeliers und einen leichten Snack. F\u00fcnf verschiedene Getr\u00e4nkesorten werden probiert.<\/p>\n","protected":false},"excerpt":{"rendered":"<p>Probieren Sie edle Getr\u00e4nke und erfahren Sie mehr dar\u00fcber. Wir haben zwei talentierte Sommeliers im Hotel, die die Getr\u00e4nke pr\u00e4sentieren. Sie m\u00fcssen mindestens vier Personen sein, um eine Getr\u00e4nkeprobe zu buchen. Buchen Sie hier eine Getr\u00e4nkeverkostung im Voraus.<\/p>\n","protected":false},"featured_media":3009,"comment_status":"closed","ping_status":"closed","template":"","meta":{"_acf_changed":false},"product_brand":[],"product_cat":[58],"product_tag":[189],"class_list":{"0":"post-1876","1":"product","2":"type-product","3":"status-publish","4":"has-post-thumbnail","6":"product_cat-trinken-schmecken","7":"product_tag-foerfraagningsprodukt","9":"first","10":"instock","11":"virtual","12":"taxable","13":"purchasable","14":"product-type-simple"},"acf":[],"yoast_head":"<!-- This site is optimized with the Yoast SEO plugin v27.5 - https:\/\/yoast.com\/product\/yoast-seo-wordpress\/ -->\n<title>Verkostung von Champagner und Schaumwein - Mora Hotell &amp; Spa<\/title>\n<meta name=\"description\" content=\"Probieren Sie edel prickelnde Getr\u00e4nke. Dieser Test beinhaltet einen Vortrag eines Sommeliers und einen leichten Snack.\" \/>\n<meta name=\"robots\" content=\"index, follow, max-snippet:-1, max-image-preview:large, max-video-preview:-1\" \/>\n<link rel=\"canonical\" href=\"https:\/\/morahotell.se\/de\/produkt\/aktivitaeten\/trinken-schmecken\/verkostung-von-champagner-und-schaumwein\/\" \/>\n<meta property=\"og:locale\" content=\"de_DE\" \/>\n<meta property=\"og:type\" content=\"article\" \/>\n<meta property=\"og:title\" content=\"Verkostung von Champagner und Schaumwein - Mora Hotell &amp; Spa\" \/>\n<meta property=\"og:description\" content=\"Probieren Sie edel prickelnde Getr\u00e4nke. Dieser Test beinhaltet einen Vortrag eines Sommeliers und einen leichten Snack.\" \/>\n<meta property=\"og:url\" content=\"https:\/\/morahotell.se\/de\/produkt\/aktivitaeten\/trinken-schmecken\/verkostung-von-champagner-und-schaumwein\/\" \/>\n<meta property=\"og:site_name\" content=\"Mora Hotell &amp; Spa\" \/>\n<meta property=\"article:modified_time\" content=\"2022-06-10T13:01:59+00:00\" \/>\n<meta property=\"og:image\" content=\"https:\/\/morahotell.se\/wp-content\/uploads\/2022\/04\/Ha\u030all-glaset-ra\u0308tt-vitt-vin.jpg\" \/>\n\t<meta property=\"og:image:width\" content=\"2200\" \/>\n\t<meta property=\"og:image:height\" content=\"1467\" \/>\n\t<meta property=\"og:image:type\" content=\"image\/jpeg\" \/>\n<meta name=\"twitter:card\" content=\"summary_large_image\" \/>\n<script type=\"application\/ld+json\" class=\"yoast-schema-graph\">{\"@context\":\"https:\\\/\\\/schema.org\",\"@graph\":[{\"@type\":\"WebPage\",\"@id\":\"https:\\\/\\\/morahotell.se\\\/de\\\/produkt\\\/aktivitaeten\\\/trinken-schmecken\\\/verkostung-von-champagner-und-schaumwein\\\/\",\"url\":\"https:\\\/\\\/morahotell.se\\\/de\\\/produkt\\\/aktivitaeten\\\/trinken-schmecken\\\/verkostung-von-champagner-und-schaumwein\\\/\",\"name\":\"Verkostung von Champagner und Schaumwein - Mora Hotell &amp; Spa\",\"isPartOf\":{\"@id\":\"https:\\\/\\\/morahotell.se\\\/de\\\/#website\"},\"primaryImageOfPage\":{\"@id\":\"https:\\\/\\\/morahotell.se\\\/de\\\/produkt\\\/aktivitaeten\\\/trinken-schmecken\\\/verkostung-von-champagner-und-schaumwein\\\/#primaryimage\"},\"image\":{\"@id\":\"https:\\\/\\\/morahotell.se\\\/de\\\/produkt\\\/aktivitaeten\\\/trinken-schmecken\\\/verkostung-von-champagner-und-schaumwein\\\/#primaryimage\"},\"thumbnailUrl\":\"https:\\\/\\\/morahotell.se\\\/wp-content\\\/uploads\\\/2022\\\/04\\\/Ha\u030all-glaset-ra\u0308tt-vitt-vin.jpg\",\"datePublished\":\"2022-04-29T09:44:58+00:00\",\"dateModified\":\"2022-06-10T13:01:59+00:00\",\"description\":\"Probieren Sie edel prickelnde Getr\u00e4nke. Dieser Test beinhaltet einen Vortrag eines Sommeliers und einen leichten Snack.\",\"breadcrumb\":{\"@id\":\"https:\\\/\\\/morahotell.se\\\/de\\\/produkt\\\/aktivitaeten\\\/trinken-schmecken\\\/verkostung-von-champagner-und-schaumwein\\\/#breadcrumb\"},\"inLanguage\":\"de\",\"potentialAction\":[{\"@type\":\"ReadAction\",\"target\":[\"https:\\\/\\\/morahotell.se\\\/de\\\/produkt\\\/aktivitaeten\\\/trinken-schmecken\\\/verkostung-von-champagner-und-schaumwein\\\/\"]}]},{\"@type\":\"ImageObject\",\"inLanguage\":\"de\",\"@id\":\"https:\\\/\\\/morahotell.se\\\/de\\\/produkt\\\/aktivitaeten\\\/trinken-schmecken\\\/verkostung-von-champagner-und-schaumwein\\\/#primaryimage\",\"url\":\"https:\\\/\\\/morahotell.se\\\/wp-content\\\/uploads\\\/2022\\\/04\\\/Ha\u030all-glaset-ra\u0308tt-vitt-vin.jpg\",\"contentUrl\":\"https:\\\/\\\/morahotell.se\\\/wp-content\\\/uploads\\\/2022\\\/04\\\/Ha\u030all-glaset-ra\u0308tt-vitt-vin.jpg\",\"width\":2200,\"height\":1467,\"caption\":\"glad tjej p\u00e5 Mora hotell\"},{\"@type\":\"BreadcrumbList\",\"@id\":\"https:\\\/\\\/morahotell.se\\\/de\\\/produkt\\\/aktivitaeten\\\/trinken-schmecken\\\/verkostung-von-champagner-und-schaumwein\\\/#breadcrumb\",\"itemListElement\":[{\"@type\":\"ListItem\",\"position\":1,\"name\":\"Mora hotell\",\"item\":\"https:\\\/\\\/morahotell.se\\\/de\\\/\"},{\"@type\":\"ListItem\",\"position\":2,\"name\":\"Reservierung\",\"item\":\"https:\\\/\\\/morahotell.se\\\/de\\\/reservierung\\\/\"},{\"@type\":\"ListItem\",\"position\":3,\"name\":\"Aktivit\u00e4ten\",\"item\":\"https:\\\/\\\/morahotell.se\\\/de\\\/produkt-kategori\\\/aktivitaeten\\\/\"},{\"@type\":\"ListItem\",\"position\":4,\"name\":\"Trinken &amp; schmecken\",\"item\":\"https:\\\/\\\/morahotell.se\\\/de\\\/produkt-kategori\\\/aktivitaeten\\\/trinken-schmecken\\\/\"},{\"@type\":\"ListItem\",\"position\":5,\"name\":\"Verkostung von Champagner und Schaumwein\"}]},{\"@type\":\"WebSite\",\"@id\":\"https:\\\/\\\/morahotell.se\\\/de\\\/#website\",\"url\":\"https:\\\/\\\/morahotell.se\\\/de\\\/\",\"name\":\"Mora Hotell &amp; Spa\",\"description\":\"Fyrstj\u00e4rnigt hotell i Mora, n\u00e4ra Siljan\",\"potentialAction\":[{\"@type\":\"SearchAction\",\"target\":{\"@type\":\"EntryPoint\",\"urlTemplate\":\"https:\\\/\\\/morahotell.se\\\/de\\\/?s={search_term_string}\"},\"query-input\":{\"@type\":\"PropertyValueSpecification\",\"valueRequired\":true,\"valueName\":\"search_term_string\"}}],\"inLanguage\":\"de\"}]}<\/script>\n<!-- \/ Yoast SEO plugin. -->","yoast_head_json":{"title":"Verkostung von Champagner und Schaumwein - Mora Hotell &amp; Spa","description":"Probieren Sie edel prickelnde Getr\u00e4nke. Dieser Test beinhaltet einen Vortrag eines Sommeliers und einen leichten Snack.","robots":{"index":"index","follow":"follow","max-snippet":"max-snippet:-1","max-image-preview":"max-image-preview:large","max-video-preview":"max-video-preview:-1"},"canonical":"https:\/\/morahotell.se\/de\/produkt\/aktivitaeten\/trinken-schmecken\/verkostung-von-champagner-und-schaumwein\/","og_locale":"de_DE","og_type":"article","og_title":"Verkostung von Champagner und Schaumwein - Mora Hotell &amp; Spa","og_description":"Probieren Sie edel prickelnde Getr\u00e4nke. Dieser Test beinhaltet einen Vortrag eines Sommeliers und einen leichten Snack.","og_url":"https:\/\/morahotell.se\/de\/produkt\/aktivitaeten\/trinken-schmecken\/verkostung-von-champagner-und-schaumwein\/","og_site_name":"Mora Hotell &amp; Spa","article_modified_time":"2022-06-10T13:01:59+00:00","og_image":[{"width":2200,"height":1467,"url":"https:\/\/morahotell.se\/wp-content\/uploads\/2022\/04\/Ha\u030all-glaset-ra\u0308tt-vitt-vin.jpg","type":"image\/jpeg"}],"twitter_card":"summary_large_image","schema":{"@context":"https:\/\/schema.org","@graph":[{"@type":"WebPage","@id":"https:\/\/morahotell.se\/de\/produkt\/aktivitaeten\/trinken-schmecken\/verkostung-von-champagner-und-schaumwein\/","url":"https:\/\/morahotell.se\/de\/produkt\/aktivitaeten\/trinken-schmecken\/verkostung-von-champagner-und-schaumwein\/","name":"Verkostung von Champagner und Schaumwein - Mora Hotell &amp; Spa","isPartOf":{"@id":"https:\/\/morahotell.se\/de\/#website"},"primaryImageOfPage":{"@id":"https:\/\/morahotell.se\/de\/produkt\/aktivitaeten\/trinken-schmecken\/verkostung-von-champagner-und-schaumwein\/#primaryimage"},"image":{"@id":"https:\/\/morahotell.se\/de\/produkt\/aktivitaeten\/trinken-schmecken\/verkostung-von-champagner-und-schaumwein\/#primaryimage"},"thumbnailUrl":"https:\/\/morahotell.se\/wp-content\/uploads\/2022\/04\/Ha\u030all-glaset-ra\u0308tt-vitt-vin.jpg","datePublished":"2022-04-29T09:44:58+00:00","dateModified":"2022-06-10T13:01:59+00:00","description":"Probieren Sie edel prickelnde Getr\u00e4nke. Dieser Test beinhaltet einen Vortrag eines Sommeliers und einen leichten Snack.","breadcrumb":{"@id":"https:\/\/morahotell.se\/de\/produkt\/aktivitaeten\/trinken-schmecken\/verkostung-von-champagner-und-schaumwein\/#breadcrumb"},"inLanguage":"de","potentialAction":[{"@type":"ReadAction","target":["https:\/\/morahotell.se\/de\/produkt\/aktivitaeten\/trinken-schmecken\/verkostung-von-champagner-und-schaumwein\/"]}]},{"@type":"ImageObject","inLanguage":"de","@id":"https:\/\/morahotell.se\/de\/produkt\/aktivitaeten\/trinken-schmecken\/verkostung-von-champagner-und-schaumwein\/#primaryimage","url":"https:\/\/morahotell.se\/wp-content\/uploads\/2022\/04\/Ha\u030all-glaset-ra\u0308tt-vitt-vin.jpg","contentUrl":"https:\/\/morahotell.se\/wp-content\/uploads\/2022\/04\/Ha\u030all-glaset-ra\u0308tt-vitt-vin.jpg","width":2200,"height":1467,"caption":"glad tjej p\u00e5 Mora hotell"},{"@type":"BreadcrumbList","@id":"https:\/\/morahotell.se\/de\/produkt\/aktivitaeten\/trinken-schmecken\/verkostung-von-champagner-und-schaumwein\/#breadcrumb","itemListElement":[{"@type":"ListItem","position":1,"name":"Mora hotell","item":"https:\/\/morahotell.se\/de\/"},{"@type":"ListItem","position":2,"name":"Reservierung","item":"https:\/\/morahotell.se\/de\/reservierung\/"},{"@type":"ListItem","position":3,"name":"Aktivit\u00e4ten","item":"https:\/\/morahotell.se\/de\/produkt-kategori\/aktivitaeten\/"},{"@type":"ListItem","position":4,"name":"Trinken &amp; schmecken","item":"https:\/\/morahotell.se\/de\/produkt-kategori\/aktivitaeten\/trinken-schmecken\/"},{"@type":"ListItem","position":5,"name":"Verkostung von Champagner und Schaumwein"}]},{"@type":"WebSite","@id":"https:\/\/morahotell.se\/de\/#website","url":"https:\/\/morahotell.se\/de\/","name":"Mora Hotell &amp; Spa","description":"Fyrstj\u00e4rnigt hotell i Mora, n\u00e4ra Siljan","potentialAction":[{"@type":"SearchAction","target":{"@type":"EntryPoint","urlTemplate":"https:\/\/morahotell.se\/de\/?s={search_term_string}"},"query-input":{"@type":"PropertyValueSpecification","valueRequired":true,"valueName":"search_term_string"}}],"inLanguage":"de"}]}},"_links":{"self":[{"href":"https:\/\/morahotell.se\/de\/wp-json\/wp\/v2\/product\/1876","targetHints":{"allow":["GET"]}}],"collection":[{"href":"https:\/\/morahotell.se\/de\/wp-json\/wp\/v2\/product"}],"about":[{"href":"https:\/\/morahotell.se\/de\/wp-json\/wp\/v2\/types\/product"}],"replies":[{"embeddable":true,"href":"https:\/\/morahotell.se\/de\/wp-json\/wp\/v2\/comments?post=1876"}],"wp:featuredmedia":[{"embeddable":true,"href":"https:\/\/morahotell.se\/de\/wp-json\/wp\/v2\/media\/3009"}],"wp:attachment":[{"href":"https:\/\/morahotell.se\/de\/wp-json\/wp\/v2\/media?parent=1876"}],"wp:term":[{"taxonomy":"product_brand","embeddable":true,"href":"https:\/\/morahotell.se\/de\/wp-json\/wp\/v2\/product_brand?post=1876"},{"taxonomy":"product_cat","embeddable":true,"href":"https:\/\/morahotell.se\/de\/wp-json\/wp\/v2\/product_cat?post=1876"},{"taxonomy":"product_tag","embeddable":true,"href":"https:\/\/morahotell.se\/de\/wp-json\/wp\/v2\/product_tag?post=1876"}],"curies":[{"name":"wp","href":"https:\/\/api.w.org\/{rel}","templated":true}]}}