{"id":16832,"date":"2023-04-26T15:31:31","date_gmt":"2023-04-26T13:31:31","guid":{"rendered":"https:\/\/morahotell.se\/?post_type=product&#038;p=16832"},"modified":"2025-10-16T13:33:24","modified_gmt":"2025-10-16T11:33:24","slug":"vasaloppets-arenapaket-2","status":"publish","type":"product","link":"https:\/\/morahotell.se\/de\/produkt\/pauschalangebote\/vasaloppets-arenapaket-2\/","title":{"rendered":"Radfahren in Mora \u2013 Freizeitradfahren \u2013 2 Tage"},"content":{"rendered":"<p>Sie erreichen die Einrichtungen \u00fcber https:\/\/www.vasaloppet.se\/om-oss\/vasaloppsarenan\/, das hinter dem Zornmuseet beginnt.<\/p>\n<p>Unter https:\/\/www.moraoutdoor.se\/index.php\/leder\/c\/cykel\/ gibt es weitere Wanderwege<\/p>\n<p>Sehen Sie live von den Webcams:<br \/>\nhttp:\/\/www.ifkmora.se\/garberg\/webcam\/NorraGarberg.jpg<br \/>\nhttp:\/\/kamera.mora.se\/skidstadion<br \/>\nhttp:\/\/kamera.mora.se\/kyrkan<\/p>\n<p>Sie haben Zugang zu Au\u00dfenr\u00e4umen. Ihre Skiroller k\u00f6nnen Sie neben unserem Eingang oder im Kofferraum parken, beides mit 24-Stunden-Sicherheitsdienst. Das neue Vasaloppet-Tor 200 Meter entfernt.<\/p>\n<p>https:\/\/www.dt.se\/2021-11-26\/ny-butik-oppnar-intill-skidsparet-i-mora-ett-lyft<\/p>\n<p>Das Paket enth\u00e4lt:<\/p>\n<p>Unterkunft f\u00fcr 2 N\u00e4chte in einem geteilten Standard-Doppelzimmer inkl. Fr\u00fchst\u00fccksbuffet Fr\u00fchst\u00fccksbuffet<br \/>\n2-Gang-Abendessen (Vorspeise und Hauptgang) an beiden Tagen<br \/>\nEingang zum Spa &amp; amp; Entspannungsabteilung an beiden Tagen.<\/p>\n<p>Zugang zum Au\u00dfenraum<\/p>\n<p>Buchung von Massagen und Behandlungen https:\/\/morahotell.se\/spa\/ hier<\/p>\n","protected":false},"excerpt":{"rendered":"<p>Kommen Sie nach Mora und fahren Sie Rollski!<\/p>\n<p>Lauf- und Radsportparadies am IFK Mora Anlage Hemus und N: a Garberg<\/p>\n","protected":false},"featured_media":16830,"comment_status":"closed","ping_status":"closed","template":"","meta":{"_acf_changed":false},"product_brand":[],"product_cat":[72],"product_tag":[189,183],"class_list":{"0":"post-16832","1":"product","2":"type-product","3":"status-publish","4":"has-post-thumbnail","6":"product_cat-pauschalangebote","7":"product_tag-foerfraagningsprodukt","8":"product_tag-paket-startsida-de","10":"first","11":"instock","12":"virtual","13":"taxable","14":"purchasable","15":"product-type-simple"},"acf":[],"yoast_head":"<!-- This site is optimized with the Yoast SEO plugin v26.5 - https:\/\/yoast.com\/wordpress\/plugins\/seo\/ -->\n<title>Radfahren in Mora \u2013 Freizeitradfahren \u2013 2 Tage - Mora Hotell &amp; Spa<\/title>\n<meta name=\"description\" content=\"Kommen Sie nach Mora und fahren Sie Rollski! Ihre Skiroller k\u00f6nnen Sie neben unserem Eingang oder im Kofferraum parken, beides mit 24-Stunden-Sicherheitsdienst.\" \/>\n<meta name=\"robots\" content=\"index, follow, max-snippet:-1, max-image-preview:large, max-video-preview:-1\" \/>\n<link rel=\"canonical\" href=\"https:\/\/morahotell.se\/de\/produkt\/pauschalangebote\/vasaloppets-arenapaket-2\/\" \/>\n<meta property=\"og:locale\" content=\"de_DE\" \/>\n<meta property=\"og:type\" content=\"article\" \/>\n<meta property=\"og:title\" content=\"Radfahren in Mora \u2013 Freizeitradfahren \u2013 2 Tage - Mora Hotell &amp; Spa\" \/>\n<meta property=\"og:description\" content=\"Kommen Sie nach Mora und fahren Sie Rollski! Ihre Skiroller k\u00f6nnen Sie neben unserem Eingang oder im Kofferraum parken, beides mit 24-Stunden-Sicherheitsdienst.\" \/>\n<meta property=\"og:url\" content=\"https:\/\/morahotell.se\/de\/produkt\/pauschalangebote\/vasaloppets-arenapaket-2\/\" \/>\n<meta property=\"og:site_name\" content=\"Mora Hotell &amp; Spa\" \/>\n<meta property=\"article:modified_time\" content=\"2025-10-16T11:33:24+00:00\" \/>\n<meta property=\"og:image\" content=\"https:\/\/morahotell.se\/wp-content\/uploads\/2023\/04\/DSC4536.jpg\" \/>\n\t<meta property=\"og:image:width\" content=\"2200\" \/>\n\t<meta property=\"og:image:height\" content=\"1467\" \/>\n\t<meta property=\"og:image:type\" content=\"image\/jpeg\" \/>\n<meta name=\"twitter:card\" content=\"summary_large_image\" \/>\n<script type=\"application\/ld+json\" class=\"yoast-schema-graph\">{\"@context\":\"https:\/\/schema.org\",\"@graph\":[{\"@type\":\"WebPage\",\"@id\":\"https:\/\/morahotell.se\/de\/produkt\/pauschalangebote\/vasaloppets-arenapaket-2\/\",\"url\":\"https:\/\/morahotell.se\/de\/produkt\/pauschalangebote\/vasaloppets-arenapaket-2\/\",\"name\":\"Radfahren in Mora \u2013 Freizeitradfahren \u2013 2 Tage - Mora Hotell &amp; Spa\",\"isPartOf\":{\"@id\":\"https:\/\/morahotell.se\/de\/#website\"},\"primaryImageOfPage\":{\"@id\":\"https:\/\/morahotell.se\/de\/produkt\/pauschalangebote\/vasaloppets-arenapaket-2\/#primaryimage\"},\"image\":{\"@id\":\"https:\/\/morahotell.se\/de\/produkt\/pauschalangebote\/vasaloppets-arenapaket-2\/#primaryimage\"},\"thumbnailUrl\":\"https:\/\/morahotell.se\/wp-content\/uploads\/2023\/04\/DSC4536.jpg\",\"datePublished\":\"2023-04-26T13:31:31+00:00\",\"dateModified\":\"2025-10-16T11:33:24+00:00\",\"description\":\"Kommen Sie nach Mora und fahren Sie Rollski! Ihre Skiroller k\u00f6nnen Sie neben unserem Eingang oder im Kofferraum parken, beides mit 24-Stunden-Sicherheitsdienst.\",\"breadcrumb\":{\"@id\":\"https:\/\/morahotell.se\/de\/produkt\/pauschalangebote\/vasaloppets-arenapaket-2\/#breadcrumb\"},\"inLanguage\":\"de\",\"potentialAction\":[{\"@type\":\"ReadAction\",\"target\":[\"https:\/\/morahotell.se\/de\/produkt\/pauschalangebote\/vasaloppets-arenapaket-2\/\"]}]},{\"@type\":\"ImageObject\",\"inLanguage\":\"de\",\"@id\":\"https:\/\/morahotell.se\/de\/produkt\/pauschalangebote\/vasaloppets-arenapaket-2\/#primaryimage\",\"url\":\"https:\/\/morahotell.se\/wp-content\/uploads\/2023\/04\/DSC4536.jpg\",\"contentUrl\":\"https:\/\/morahotell.se\/wp-content\/uploads\/2023\/04\/DSC4536.jpg\",\"width\":2200,\"height\":1467,\"caption\":\"Outdoor i Dalarna - Mora Hotell \u00e4r specialanpassat\"},{\"@type\":\"BreadcrumbList\",\"@id\":\"https:\/\/morahotell.se\/de\/produkt\/pauschalangebote\/vasaloppets-arenapaket-2\/#breadcrumb\",\"itemListElement\":[{\"@type\":\"ListItem\",\"position\":1,\"name\":\"Mora hotell\",\"item\":\"https:\/\/morahotell.se\/de\/\"},{\"@type\":\"ListItem\",\"position\":2,\"name\":\"Reservierung\",\"item\":\"https:\/\/morahotell.se\/de\/reservierung\/\"},{\"@type\":\"ListItem\",\"position\":3,\"name\":\"Pauschalangebote\",\"item\":\"https:\/\/morahotell.se\/de\/produkt-kategori\/pauschalangebote\/\"},{\"@type\":\"ListItem\",\"position\":4,\"name\":\"Radfahren in Mora \u2013 Freizeitradfahren \u2013 2 Tage\"}]},{\"@type\":\"WebSite\",\"@id\":\"https:\/\/morahotell.se\/de\/#website\",\"url\":\"https:\/\/morahotell.se\/de\/\",\"name\":\"Mora Hotell &amp; Spa\",\"description\":\"Fyrstj\u00e4rnigt hotell i Mora, n\u00e4ra Siljan\",\"potentialAction\":[{\"@type\":\"SearchAction\",\"target\":{\"@type\":\"EntryPoint\",\"urlTemplate\":\"https:\/\/morahotell.se\/de\/?s={search_term_string}\"},\"query-input\":{\"@type\":\"PropertyValueSpecification\",\"valueRequired\":true,\"valueName\":\"search_term_string\"}}],\"inLanguage\":\"de\"}]}<\/script>\n<!-- \/ Yoast SEO plugin. -->","yoast_head_json":{"title":"Radfahren in Mora \u2013 Freizeitradfahren \u2013 2 Tage - Mora Hotell &amp; Spa","description":"Kommen Sie nach Mora und fahren Sie Rollski! Ihre Skiroller k\u00f6nnen Sie neben unserem Eingang oder im Kofferraum parken, beides mit 24-Stunden-Sicherheitsdienst.","robots":{"index":"index","follow":"follow","max-snippet":"max-snippet:-1","max-image-preview":"max-image-preview:large","max-video-preview":"max-video-preview:-1"},"canonical":"https:\/\/morahotell.se\/de\/produkt\/pauschalangebote\/vasaloppets-arenapaket-2\/","og_locale":"de_DE","og_type":"article","og_title":"Radfahren in Mora \u2013 Freizeitradfahren \u2013 2 Tage - Mora Hotell &amp; Spa","og_description":"Kommen Sie nach Mora und fahren Sie Rollski! Ihre Skiroller k\u00f6nnen Sie neben unserem Eingang oder im Kofferraum parken, beides mit 24-Stunden-Sicherheitsdienst.","og_url":"https:\/\/morahotell.se\/de\/produkt\/pauschalangebote\/vasaloppets-arenapaket-2\/","og_site_name":"Mora Hotell &amp; Spa","article_modified_time":"2025-10-16T11:33:24+00:00","og_image":[{"width":2200,"height":1467,"url":"https:\/\/morahotell.se\/wp-content\/uploads\/2023\/04\/DSC4536.jpg","type":"image\/jpeg"}],"twitter_card":"summary_large_image","schema":{"@context":"https:\/\/schema.org","@graph":[{"@type":"WebPage","@id":"https:\/\/morahotell.se\/de\/produkt\/pauschalangebote\/vasaloppets-arenapaket-2\/","url":"https:\/\/morahotell.se\/de\/produkt\/pauschalangebote\/vasaloppets-arenapaket-2\/","name":"Radfahren in Mora \u2013 Freizeitradfahren \u2013 2 Tage - Mora Hotell &amp; Spa","isPartOf":{"@id":"https:\/\/morahotell.se\/de\/#website"},"primaryImageOfPage":{"@id":"https:\/\/morahotell.se\/de\/produkt\/pauschalangebote\/vasaloppets-arenapaket-2\/#primaryimage"},"image":{"@id":"https:\/\/morahotell.se\/de\/produkt\/pauschalangebote\/vasaloppets-arenapaket-2\/#primaryimage"},"thumbnailUrl":"https:\/\/morahotell.se\/wp-content\/uploads\/2023\/04\/DSC4536.jpg","datePublished":"2023-04-26T13:31:31+00:00","dateModified":"2025-10-16T11:33:24+00:00","description":"Kommen Sie nach Mora und fahren Sie Rollski! Ihre Skiroller k\u00f6nnen Sie neben unserem Eingang oder im Kofferraum parken, beides mit 24-Stunden-Sicherheitsdienst.","breadcrumb":{"@id":"https:\/\/morahotell.se\/de\/produkt\/pauschalangebote\/vasaloppets-arenapaket-2\/#breadcrumb"},"inLanguage":"de","potentialAction":[{"@type":"ReadAction","target":["https:\/\/morahotell.se\/de\/produkt\/pauschalangebote\/vasaloppets-arenapaket-2\/"]}]},{"@type":"ImageObject","inLanguage":"de","@id":"https:\/\/morahotell.se\/de\/produkt\/pauschalangebote\/vasaloppets-arenapaket-2\/#primaryimage","url":"https:\/\/morahotell.se\/wp-content\/uploads\/2023\/04\/DSC4536.jpg","contentUrl":"https:\/\/morahotell.se\/wp-content\/uploads\/2023\/04\/DSC4536.jpg","width":2200,"height":1467,"caption":"Outdoor i Dalarna - Mora Hotell \u00e4r specialanpassat"},{"@type":"BreadcrumbList","@id":"https:\/\/morahotell.se\/de\/produkt\/pauschalangebote\/vasaloppets-arenapaket-2\/#breadcrumb","itemListElement":[{"@type":"ListItem","position":1,"name":"Mora hotell","item":"https:\/\/morahotell.se\/de\/"},{"@type":"ListItem","position":2,"name":"Reservierung","item":"https:\/\/morahotell.se\/de\/reservierung\/"},{"@type":"ListItem","position":3,"name":"Pauschalangebote","item":"https:\/\/morahotell.se\/de\/produkt-kategori\/pauschalangebote\/"},{"@type":"ListItem","position":4,"name":"Radfahren in Mora \u2013 Freizeitradfahren \u2013 2 Tage"}]},{"@type":"WebSite","@id":"https:\/\/morahotell.se\/de\/#website","url":"https:\/\/morahotell.se\/de\/","name":"Mora Hotell &amp; Spa","description":"Fyrstj\u00e4rnigt hotell i Mora, n\u00e4ra Siljan","potentialAction":[{"@type":"SearchAction","target":{"@type":"EntryPoint","urlTemplate":"https:\/\/morahotell.se\/de\/?s={search_term_string}"},"query-input":{"@type":"PropertyValueSpecification","valueRequired":true,"valueName":"search_term_string"}}],"inLanguage":"de"}]}},"_links":{"self":[{"href":"https:\/\/morahotell.se\/de\/wp-json\/wp\/v2\/product\/16832","targetHints":{"allow":["GET"]}}],"collection":[{"href":"https:\/\/morahotell.se\/de\/wp-json\/wp\/v2\/product"}],"about":[{"href":"https:\/\/morahotell.se\/de\/wp-json\/wp\/v2\/types\/product"}],"replies":[{"embeddable":true,"href":"https:\/\/morahotell.se\/de\/wp-json\/wp\/v2\/comments?post=16832"}],"wp:featuredmedia":[{"embeddable":true,"href":"https:\/\/morahotell.se\/de\/wp-json\/wp\/v2\/media\/16830"}],"wp:attachment":[{"href":"https:\/\/morahotell.se\/de\/wp-json\/wp\/v2\/media?parent=16832"}],"wp:term":[{"taxonomy":"product_brand","embeddable":true,"href":"https:\/\/morahotell.se\/de\/wp-json\/wp\/v2\/product_brand?post=16832"},{"taxonomy":"product_cat","embeddable":true,"href":"https:\/\/morahotell.se\/de\/wp-json\/wp\/v2\/product_cat?post=16832"},{"taxonomy":"product_tag","embeddable":true,"href":"https:\/\/morahotell.se\/de\/wp-json\/wp\/v2\/product_tag?post=16832"}],"curies":[{"name":"wp","href":"https:\/\/api.w.org\/{rel}","templated":true}]}}