{"id":12640,"date":"2022-12-21T09:02:26","date_gmt":"2022-12-21T08:02:26","guid":{"rendered":"https:\/\/morahotell.se\/?post_type=product&#038;p=12640"},"modified":"2025-10-16T10:22:26","modified_gmt":"2025-10-16T08:22:26","slug":"ski-trainingslager-mit-mattias-svahn-kopia","status":"publish","type":"product","link":"https:\/\/morahotell.se\/de\/produkt\/pauschalangebote\/ski-trainingslager-mit-mattias-svahn-kopia\/","title":{"rendered":"Wildnisabenteuer Fulufj\u00e4llet"},"content":{"rendered":"<p class=\"p1\">Ein Ski-Trainingslager, das f\u00fcr alle geeignet ist. Entweder wollen Sie Ihre Technik verbessern oder Sie wollen ganz von vorne anfangen oder Sie trainieren f\u00fcr den Vasaloppet und wollen eine bessere Technik und Fitness erreichen.<\/p>\n<p class=\"p1\">Eine Neuheit ist, dass Sie zwischen Unterricht in Skating-Technik und Unterricht in klassischer Technik w\u00e4hlen k\u00f6nnen.<\/p>\n<p class=\"p1\">Wir haben Gruppen f\u00fcr Anf\u00e4nger, Freizeitsportler und erfahrene Skifahrer.<\/p>\n<p class=\"p1\">W\u00e4hlen Sie zwischen diesen Terminen: 1. bis 4. Dezember, 8. bis 11. Dezember oder 5. bis 8. Januar 2023<\/p>\n<p class=\"p1\">Beginn: Donnerstagabend um 18.30 Uhr<br \/>\nEnde: Sonntagsmittagessen (das Mittagessen wird gegen 12-13.00 Uhr serviert)<\/p>\n<ul class=\"ul1\">\n<li class=\"li2\"><span class=\"s1\">3 Fr\u00fchst\u00fccke im Hotel<\/span><\/li>\n<li class=\"li2\"><span class=\"s1\">3 Mittagessen<\/span><\/li>\n<li class=\"li2\"><span class=\"s1\">3 Abendessen<\/span><\/li>\n<li class=\"li2\"><span class=\"s1\">t\u00e4glicher Zugang zum Entspannungs- und Wellnessbereich<\/span><\/li>\n<li class=\"li2\"><span class=\"s1\">Bahnhof 30 m vom Hotel entfernt<\/span><\/li>\n<li class=\"li2\"><span class=\"s1\">Vasalauf-Strecke 100 m vom Hotel entfernt<\/span><\/li>\n<li class=\"li2\"><span class=\"s1\">Vasalauf-Ziel 150 m vom Hotel entfernt<\/span><\/li>\n<\/ul>\n<p class=\"p1\">Wir legen gro\u00dfen Wert auf das Essen, um ein optimales Trainingsergebnis zu erzielen.<\/p>\n<p class=\"p1\">Preis: 6495 :- (pro Person im Doppelzimmer) (Einzelzimmer 7695:- )<\/p>\n<p class=\"p1\">Sie k\u00f6nnen Ihr Trainingslager in Mora direkt unter <a href=\"https:\/\/vasasvahn.se\/skidlager\/\">vasasvahn.se<\/a> buchen.<\/p>\n","protected":false},"excerpt":{"rendered":"<p>Ein Ski-Trainingslager, das f\u00fcr alle geeignet ist. Entweder wollen Sie Ihre Technik verbessern oder Sie wollen ganz von vorne anfangen oder Sie trainieren f\u00fcr den Vasaloppet und wollen eine bessere Technik und Fitness erreichen. Eine Neuheit ist, dass Sie zwischen Unterricht in Skating-Technik und Unterricht in klassischer Technik w\u00e4hlen k\u00f6nnen. Wir haben Gruppen f\u00fcr Anf\u00e4nger,&hellip;<\/p>\n","protected":false},"featured_media":12647,"comment_status":"closed","ping_status":"closed","template":"","meta":{"_acf_changed":false},"product_brand":[],"product_cat":[72],"product_tag":[189,83],"class_list":{"0":"post-12640","1":"product","2":"type-product","3":"status-publish","4":"has-post-thumbnail","6":"product_cat-pauschalangebote","7":"product_tag-foerfraagningsprodukt","8":"product_tag-vinter-de","10":"first","11":"instock","12":"taxable","13":"shipping-taxable","14":"purchasable","15":"product-type-simple"},"acf":[],"yoast_head":"<!-- This site is optimized with the Yoast SEO plugin v26.5 - https:\/\/yoast.com\/wordpress\/plugins\/seo\/ -->\n<title>Wildnisabenteuer Fulufj\u00e4llet - Mora Hotell &amp; Spa<\/title>\n<meta name=\"robots\" content=\"index, follow, max-snippet:-1, max-image-preview:large, max-video-preview:-1\" \/>\n<link rel=\"canonical\" href=\"https:\/\/morahotell.se\/de\/produkt\/pauschalangebote\/ski-trainingslager-mit-mattias-svahn-kopia\/\" \/>\n<meta property=\"og:locale\" content=\"de_DE\" \/>\n<meta property=\"og:type\" content=\"article\" \/>\n<meta property=\"og:title\" content=\"Wildnisabenteuer Fulufj\u00e4llet - Mora Hotell &amp; Spa\" \/>\n<meta property=\"og:description\" content=\"Ein Ski-Trainingslager, das f\u00fcr alle geeignet ist. Entweder wollen Sie Ihre Technik verbessern oder Sie wollen ganz von vorne anfangen oder Sie trainieren f\u00fcr den Vasaloppet und wollen eine bessere Technik und Fitness erreichen. Eine Neuheit ist, dass Sie zwischen Unterricht in Skating-Technik und Unterricht in klassischer Technik w\u00e4hlen k\u00f6nnen. Wir haben Gruppen f\u00fcr Anf\u00e4nger,&hellip;\" \/>\n<meta property=\"og:url\" content=\"https:\/\/morahotell.se\/de\/produkt\/pauschalangebote\/ski-trainingslager-mit-mattias-svahn-kopia\/\" \/>\n<meta property=\"og:site_name\" content=\"Mora Hotell &amp; Spa\" \/>\n<meta property=\"article:modified_time\" content=\"2025-10-16T08:22:26+00:00\" \/>\n<meta property=\"og:image\" content=\"https:\/\/morahotell.se\/wp-content\/uploads\/2022\/12\/DSC_0355.jpeg\" \/>\n\t<meta property=\"og:image:width\" content=\"2000\" \/>\n\t<meta property=\"og:image:height\" content=\"1333\" \/>\n\t<meta property=\"og:image:type\" content=\"image\/jpeg\" \/>\n<meta name=\"twitter:card\" content=\"summary_large_image\" \/>\n<meta name=\"twitter:label1\" content=\"Gesch\u00e4tzte Lesezeit\" \/>\n\t<meta name=\"twitter:data1\" content=\"1\u00a0Minute\" \/>\n<script type=\"application\/ld+json\" class=\"yoast-schema-graph\">{\"@context\":\"https:\/\/schema.org\",\"@graph\":[{\"@type\":\"WebPage\",\"@id\":\"https:\/\/morahotell.se\/de\/produkt\/pauschalangebote\/ski-trainingslager-mit-mattias-svahn-kopia\/\",\"url\":\"https:\/\/morahotell.se\/de\/produkt\/pauschalangebote\/ski-trainingslager-mit-mattias-svahn-kopia\/\",\"name\":\"Wildnisabenteuer Fulufj\u00e4llet - Mora Hotell &amp; Spa\",\"isPartOf\":{\"@id\":\"https:\/\/morahotell.se\/de\/#website\"},\"primaryImageOfPage\":{\"@id\":\"https:\/\/morahotell.se\/de\/produkt\/pauschalangebote\/ski-trainingslager-mit-mattias-svahn-kopia\/#primaryimage\"},\"image\":{\"@id\":\"https:\/\/morahotell.se\/de\/produkt\/pauschalangebote\/ski-trainingslager-mit-mattias-svahn-kopia\/#primaryimage\"},\"thumbnailUrl\":\"https:\/\/morahotell.se\/wp-content\/uploads\/2022\/12\/DSC_0355.jpeg\",\"datePublished\":\"2022-12-21T08:02:26+00:00\",\"dateModified\":\"2025-10-16T08:22:26+00:00\",\"breadcrumb\":{\"@id\":\"https:\/\/morahotell.se\/de\/produkt\/pauschalangebote\/ski-trainingslager-mit-mattias-svahn-kopia\/#breadcrumb\"},\"inLanguage\":\"de\",\"potentialAction\":[{\"@type\":\"ReadAction\",\"target\":[\"https:\/\/morahotell.se\/de\/produkt\/pauschalangebote\/ski-trainingslager-mit-mattias-svahn-kopia\/\"]}]},{\"@type\":\"ImageObject\",\"inLanguage\":\"de\",\"@id\":\"https:\/\/morahotell.se\/de\/produkt\/pauschalangebote\/ski-trainingslager-mit-mattias-svahn-kopia\/#primaryimage\",\"url\":\"https:\/\/morahotell.se\/wp-content\/uploads\/2022\/12\/DSC_0355.jpeg\",\"contentUrl\":\"https:\/\/morahotell.se\/wp-content\/uploads\/2022\/12\/DSC_0355.jpeg\",\"width\":2000,\"height\":1333,\"caption\":\"sn\u00f6skovandring i fulufj\u00e4llets nationalpark\"},{\"@type\":\"BreadcrumbList\",\"@id\":\"https:\/\/morahotell.se\/de\/produkt\/pauschalangebote\/ski-trainingslager-mit-mattias-svahn-kopia\/#breadcrumb\",\"itemListElement\":[{\"@type\":\"ListItem\",\"position\":1,\"name\":\"Mora hotell\",\"item\":\"https:\/\/morahotell.se\/de\/\"},{\"@type\":\"ListItem\",\"position\":2,\"name\":\"Reservierung\",\"item\":\"https:\/\/morahotell.se\/de\/reservierung\/\"},{\"@type\":\"ListItem\",\"position\":3,\"name\":\"Pauschalangebote\",\"item\":\"https:\/\/morahotell.se\/de\/produkt-kategori\/pauschalangebote\/\"},{\"@type\":\"ListItem\",\"position\":4,\"name\":\"Wildnisabenteuer Fulufj\u00e4llet\"}]},{\"@type\":\"WebSite\",\"@id\":\"https:\/\/morahotell.se\/de\/#website\",\"url\":\"https:\/\/morahotell.se\/de\/\",\"name\":\"Mora Hotell &amp; Spa\",\"description\":\"Fyrstj\u00e4rnigt hotell i Mora, n\u00e4ra Siljan\",\"potentialAction\":[{\"@type\":\"SearchAction\",\"target\":{\"@type\":\"EntryPoint\",\"urlTemplate\":\"https:\/\/morahotell.se\/de\/?s={search_term_string}\"},\"query-input\":{\"@type\":\"PropertyValueSpecification\",\"valueRequired\":true,\"valueName\":\"search_term_string\"}}],\"inLanguage\":\"de\"}]}<\/script>\n<!-- \/ Yoast SEO plugin. -->","yoast_head_json":{"title":"Wildnisabenteuer Fulufj\u00e4llet - Mora Hotell &amp; Spa","robots":{"index":"index","follow":"follow","max-snippet":"max-snippet:-1","max-image-preview":"max-image-preview:large","max-video-preview":"max-video-preview:-1"},"canonical":"https:\/\/morahotell.se\/de\/produkt\/pauschalangebote\/ski-trainingslager-mit-mattias-svahn-kopia\/","og_locale":"de_DE","og_type":"article","og_title":"Wildnisabenteuer Fulufj\u00e4llet - Mora Hotell &amp; Spa","og_description":"Ein Ski-Trainingslager, das f\u00fcr alle geeignet ist. Entweder wollen Sie Ihre Technik verbessern oder Sie wollen ganz von vorne anfangen oder Sie trainieren f\u00fcr den Vasaloppet und wollen eine bessere Technik und Fitness erreichen. Eine Neuheit ist, dass Sie zwischen Unterricht in Skating-Technik und Unterricht in klassischer Technik w\u00e4hlen k\u00f6nnen. Wir haben Gruppen f\u00fcr Anf\u00e4nger,&hellip;","og_url":"https:\/\/morahotell.se\/de\/produkt\/pauschalangebote\/ski-trainingslager-mit-mattias-svahn-kopia\/","og_site_name":"Mora Hotell &amp; Spa","article_modified_time":"2025-10-16T08:22:26+00:00","og_image":[{"width":2000,"height":1333,"url":"https:\/\/morahotell.se\/wp-content\/uploads\/2022\/12\/DSC_0355.jpeg","type":"image\/jpeg"}],"twitter_card":"summary_large_image","twitter_misc":{"Gesch\u00e4tzte Lesezeit":"1\u00a0Minute"},"schema":{"@context":"https:\/\/schema.org","@graph":[{"@type":"WebPage","@id":"https:\/\/morahotell.se\/de\/produkt\/pauschalangebote\/ski-trainingslager-mit-mattias-svahn-kopia\/","url":"https:\/\/morahotell.se\/de\/produkt\/pauschalangebote\/ski-trainingslager-mit-mattias-svahn-kopia\/","name":"Wildnisabenteuer Fulufj\u00e4llet - Mora Hotell &amp; Spa","isPartOf":{"@id":"https:\/\/morahotell.se\/de\/#website"},"primaryImageOfPage":{"@id":"https:\/\/morahotell.se\/de\/produkt\/pauschalangebote\/ski-trainingslager-mit-mattias-svahn-kopia\/#primaryimage"},"image":{"@id":"https:\/\/morahotell.se\/de\/produkt\/pauschalangebote\/ski-trainingslager-mit-mattias-svahn-kopia\/#primaryimage"},"thumbnailUrl":"https:\/\/morahotell.se\/wp-content\/uploads\/2022\/12\/DSC_0355.jpeg","datePublished":"2022-12-21T08:02:26+00:00","dateModified":"2025-10-16T08:22:26+00:00","breadcrumb":{"@id":"https:\/\/morahotell.se\/de\/produkt\/pauschalangebote\/ski-trainingslager-mit-mattias-svahn-kopia\/#breadcrumb"},"inLanguage":"de","potentialAction":[{"@type":"ReadAction","target":["https:\/\/morahotell.se\/de\/produkt\/pauschalangebote\/ski-trainingslager-mit-mattias-svahn-kopia\/"]}]},{"@type":"ImageObject","inLanguage":"de","@id":"https:\/\/morahotell.se\/de\/produkt\/pauschalangebote\/ski-trainingslager-mit-mattias-svahn-kopia\/#primaryimage","url":"https:\/\/morahotell.se\/wp-content\/uploads\/2022\/12\/DSC_0355.jpeg","contentUrl":"https:\/\/morahotell.se\/wp-content\/uploads\/2022\/12\/DSC_0355.jpeg","width":2000,"height":1333,"caption":"sn\u00f6skovandring i fulufj\u00e4llets nationalpark"},{"@type":"BreadcrumbList","@id":"https:\/\/morahotell.se\/de\/produkt\/pauschalangebote\/ski-trainingslager-mit-mattias-svahn-kopia\/#breadcrumb","itemListElement":[{"@type":"ListItem","position":1,"name":"Mora hotell","item":"https:\/\/morahotell.se\/de\/"},{"@type":"ListItem","position":2,"name":"Reservierung","item":"https:\/\/morahotell.se\/de\/reservierung\/"},{"@type":"ListItem","position":3,"name":"Pauschalangebote","item":"https:\/\/morahotell.se\/de\/produkt-kategori\/pauschalangebote\/"},{"@type":"ListItem","position":4,"name":"Wildnisabenteuer Fulufj\u00e4llet"}]},{"@type":"WebSite","@id":"https:\/\/morahotell.se\/de\/#website","url":"https:\/\/morahotell.se\/de\/","name":"Mora Hotell &amp; Spa","description":"Fyrstj\u00e4rnigt hotell i Mora, n\u00e4ra Siljan","potentialAction":[{"@type":"SearchAction","target":{"@type":"EntryPoint","urlTemplate":"https:\/\/morahotell.se\/de\/?s={search_term_string}"},"query-input":{"@type":"PropertyValueSpecification","valueRequired":true,"valueName":"search_term_string"}}],"inLanguage":"de"}]}},"_links":{"self":[{"href":"https:\/\/morahotell.se\/de\/wp-json\/wp\/v2\/product\/12640","targetHints":{"allow":["GET"]}}],"collection":[{"href":"https:\/\/morahotell.se\/de\/wp-json\/wp\/v2\/product"}],"about":[{"href":"https:\/\/morahotell.se\/de\/wp-json\/wp\/v2\/types\/product"}],"replies":[{"embeddable":true,"href":"https:\/\/morahotell.se\/de\/wp-json\/wp\/v2\/comments?post=12640"}],"wp:featuredmedia":[{"embeddable":true,"href":"https:\/\/morahotell.se\/de\/wp-json\/wp\/v2\/media\/12647"}],"wp:attachment":[{"href":"https:\/\/morahotell.se\/de\/wp-json\/wp\/v2\/media?parent=12640"}],"wp:term":[{"taxonomy":"product_brand","embeddable":true,"href":"https:\/\/morahotell.se\/de\/wp-json\/wp\/v2\/product_brand?post=12640"},{"taxonomy":"product_cat","embeddable":true,"href":"https:\/\/morahotell.se\/de\/wp-json\/wp\/v2\/product_cat?post=12640"},{"taxonomy":"product_tag","embeddable":true,"href":"https:\/\/morahotell.se\/de\/wp-json\/wp\/v2\/product_tag?post=12640"}],"curies":[{"name":"wp","href":"https:\/\/api.w.org\/{rel}","templated":true}]}}