{"id":3770,"date":"2022-05-09T16:47:52","date_gmt":"2022-05-09T14:47:52","guid":{"rendered":"https:\/\/morahotell.se\/?page_id=3770"},"modified":"2025-10-16T10:39:28","modified_gmt":"2025-10-16T08:39:28","slug":"konferenz","status":"publish","type":"page","link":"https:\/\/morahotell.se\/de\/konferenz\/","title":{"rendered":"Konferenz"},"content":{"rendered":"\n\n\t<h1>Konferenz<\/h1>\n\t<p>Wir k\u00fcmmern uns um Sie und Ihr Unternehmen!<\/p>\n\t<h2>Konferenz in Dalarna<\/h2>\n<p>Suchen Sie eine Konferenz in Dalarna mit Unterkunft, Restaurant und Spa? Vielleicht ist es eine Outdoor-Konferenz, bei der Sie jetzt nach aktuellen Covid-19-Einschr\u00e4nkungen suchen?<\/p>\n<p>Wenn die Schweden jetzt wieder konferieren, sind Frieden und Gemeinschaft gefragt. Mora Hotell &amp; Spa bietet ein Konferenzprogramm, das den Zusammenhalt st\u00e4rkt und das Meeting auf sichere Weise lohnend macht. Ob Indoor- oder Outdoor-Konferenz, wir m\u00f6chten Ihnen und Ihren Kollegen ein Erlebnis bieten. Wir haben die Technologie, die Kultur, die Natur und das Essen sowie die Unterkunft, die Sie als Gruppe und Unternehmen zusammenbringen. Willkommen in einer modernen Tagungsst\u00e4tte in einem klassischen Kulturviertel.<\/p>\n\t<h2>Start in den Tag f\u00fcr Ihre Konferenz<\/h2>\n<p>Unsere Konferenzen oder Kick-Offs beginnen in der Regel mit einem Fr\u00fchst\u00fccksbuffet und einem leichten Start in den Morgen, dann werden Sie in einen der im Hotel verf\u00fcgbaren Konferenzr\u00e4ume gef\u00fchrt.<\/p>\n<p>Wir haben sowohl gr\u00f6\u00dfere als auch mehrere kleinere R\u00e4ume, so dass Sie Ihre Gruppen in kleinere Breakout-Gruppen f\u00fcr Gruppenarbeiten und \u00e4hnliches aufteilen k\u00f6nnen. Wir haben besonders in die Bel\u00fcftung unserer R\u00e4ume investiert, und diese Bel\u00fcftungsl\u00f6sung ist in allen Konferenzr\u00e4umen vorhanden.<\/p>\n\t<h2>Beenden Sie die Konferenz mit Naturerlebnissen am Siljansee<\/h2>\n<p>Eine Konferenz bei uns endet in der Regel mit einer oder mehreren Aktivit\u00e4ten unten am Siljansee, den Sie vom Hotel aus sehen k\u00f6nnen. Hier haben wir eine kleine Arena f\u00fcr Outdoor-Konferenzen eingerichtet.<\/p>\n<p>Nat\u00fcrlich haben die Teilnehmer auch im Freien Zugang zur neuesten Konferenztechnik. Es gibt einen rollenden Foodtruck oder Essen \u00fcber offenem Feuer mit Kochstelle, wo unser K\u00fcchenchef das Abschlussessen zubereitet. Wir garantieren ein Naturerlebnis der besonderen Art &#8211; mit Blick auf den Siljansee einen erlebnisreichen Konferenztag ausklingen zu lassen.<\/p>\n<p>Zugang zu unserem Spa-Bereich mit Schwimmbad, Dampfbad, verschiedenen Behandlungen und Whirlpool inklusive.<\/p>\n\t<h2>Outdoor und Radfahren Dalarna<\/h2>\n<p>Wir sind Outdoor-zertifiziert und haben einen engagierten Outdoor-Manager, der Ihnen hilft, sich in unseren Einrichtungen zurechtzufinden und sich um Sie und Ihre Ausr\u00fcstung zu k\u00fcmmern (Fahrradwaschanlage, Werkzeug, Kleider-\/Stiefeltrockner, Wellnessbereich, Karten zu Wanderwegen, Pfaden und Naturschutzgebieten (3 innerhalb von 5 Minuten) usw.)<\/p>\n\t<h2>Outdoor-Konferenz: Spaziergang und Gespr\u00e4ch &amp; Waldbad<\/h2>\n<p>Nach dem gemeinsamen Konferenzbeginn im Hotel werden die Teilnehmer in Gruppen f\u00fcr einen \u201eWalk and Talk&#8220; eingeteilt.<\/p>\n<p>In kleinen Gruppen wandern Sie entlang eines sch\u00f6nen Weges und erfahren w\u00e4hrend des Gespr\u00e4chs etwas \u00fcber die Geschichte der Gegend &#8211; Sie wechseln in regelm\u00e4\u00dfigen Abst\u00e4nden und kommen so mit einem Gro\u00dfteil der Gruppe ins Gespr\u00e4ch. Das Endziel ist ein \u201eKonferenzraum&#8220; im Wald. Um ein Lagerfeuer, \u00fcber dem Kaffee k\u00f6chelt, sind Liegest\u00fchle aufgestellt. Falls ein Projektor ben\u00f6tigt wird, kann dieser organisiert werden.<\/p>\n\t<p>Wenn es Zeit f\u00fcr das Mittagessen ist, wird entweder eine mobile Au\u00dfenk\u00fcche oder eine Bratpfanne angeheizt und unser Koch kocht eine k\u00f6stliche und w\u00e4rmende Mahlzeit \u00fcber dem offenen Feuer.<\/p>\n<p>Das Schnitzen eines eigenen Dalapferdes kann eine ruhige und gem\u00fctliche Aktivit\u00e4t mit lokalem Bezug sein.<\/p>\n<p>Eine Aktivit\u00e4t, die sehr im Trend liegt, ist das Waldbaden. Die G\u00e4ste gehen mit einem F\u00fchrer in den Wald und erleben einen friedlichen, von der japanischen Philosophie inspirierten Moment. Die \u00dcbungen f\u00f6rdern sowohl die Kreativit\u00e4t als auch die F\u00e4higkeit zur Teamarbeit.<\/p>\n<p>Lassen Sie uns diese Outdoor-Konferenz individuell gestalten!<\/p>\n\t<h2>Nur eine eint\u00e4gige Konferenz?<\/h2>\n<p>Unsere Tagungspakete k\u00f6nnen f\u00fcr gro\u00dfe oder kleine Gruppen gebucht werden. Sie entscheiden selbst, ob Sie eine Kombination aus Innen- und Au\u00dfenbereich oder nur eine der beiden M\u00f6glichkeiten w\u00e4hlen m\u00f6chten. In unserer gesamten Einrichtung liegt der Schwerpunkt auf den lokalen Lebensmitteln. Lassen Sie sich von unserem Herbstmen\u00fc inspirieren. Wenn Sie ein Thema rund um Moras kulturelle Pers\u00f6nlichkeiten wie Anders Zorn oder Gustav Vasa w\u00fcnschen, k\u00f6nnen wir f\u00fcr die Abenteuerlustigen sowohl ein Zorn-Dinner als auch ein Gustav-Vasa-Dinner zusammenstellen. Lassen Sie uns mehr \u00fcber dieses Erlebnis erz\u00e4hlen. Essen &amp; Kultur zur gleichen Zeit.<\/p>\n\t<p>Mora Hotell verf\u00fcgt \u00fcber 4 helle, gut ausgestattete, moderne Konferenzr\u00e4ume mit einer Kapazit\u00e4t von 12-180 Personen, von denen mehrere einen Blick auf den Siljansee haben. Wir haben etwa: 50 R\u00e4ume f\u00fcr pers\u00f6nliche Gespr\u00e4che (Gesch\u00e4ftsr\u00e4ume), einen Gruppenraum f\u00fcr 4-12 Personen, 2 Gruppenr\u00e4ume f\u00fcr 20-30 Personen und einen gro\u00dfen Saal f\u00fcr 100 Personen. Alle mit modernster Audio- und Videotechnik und eigenem Glasfaseranschluss zum Grundst\u00fcck.<\/p>\n<p>Unsere beliebtesten Aktivit\u00e4ten und Ziele sind: Dala-Pferdemalerei, Besuche im Zorng\u00e5rden und unsere SPA-Behandlungen.<\/p>\n\t\t\t\t\t\t<figure>\n\t\t\t\t\t\t\t<img loading=\"lazy\" decoding=\"async\" src=\"https:\/\/morahotell.se\/wp-content\/uploads\/2022\/04\/Kopia-av-DSC_0317-1536x1024.jpg\" alt=\"\" srcset=\"https:\/\/morahotell.se\/wp-content\/uploads\/2022\/04\/Kopia-av-DSC_0317-1536x1024.jpg 1536w, https:\/\/morahotell.se\/wp-content\/uploads\/2022\/04\/Kopia-av-DSC_0317-300x200.jpg 300w, https:\/\/morahotell.se\/wp-content\/uploads\/2022\/04\/Kopia-av-DSC_0317-1024x683.jpg 1024w, https:\/\/morahotell.se\/wp-content\/uploads\/2022\/04\/Kopia-av-DSC_0317-768x512.jpg 768w, https:\/\/morahotell.se\/wp-content\/uploads\/2022\/04\/Kopia-av-DSC_0317-2048x1366.jpg 2048w, https:\/\/morahotell.se\/wp-content\/uploads\/2022\/04\/Kopia-av-DSC_0317-600x400.jpg 600w\" width=\"1536\" height=\"1024\" \/>\n\t\t\t\t\t\t\t\t\t\t\t\t\t<\/figure>\n\t\t\t\t\t\t<figure>\n\t\t\t\t\t\t\t<img loading=\"lazy\" decoding=\"async\" src=\"https:\/\/morahotell.se\/wp-content\/uploads\/2022\/04\/konferensmacka.jpg\" alt=\"\" srcset=\"https:\/\/morahotell.se\/wp-content\/uploads\/2022\/04\/konferensmacka.jpg 960w, https:\/\/morahotell.se\/wp-content\/uploads\/2022\/04\/konferensmacka-225x300.jpg 225w, https:\/\/morahotell.se\/wp-content\/uploads\/2022\/04\/konferensmacka-768x1024.jpg 768w, https:\/\/morahotell.se\/wp-content\/uploads\/2022\/04\/konferensmacka-600x800.jpg 600w\" width=\"960\" height=\"1280\" \/>\n\t\t\t\t\t\t\t\t\t\t\t\t\t<\/figure>\n\t\t\t\t\t\t<figure>\n\t\t\t\t\t\t\t<img loading=\"lazy\" decoding=\"async\" src=\"https:\/\/morahotell.se\/wp-content\/uploads\/2022\/04\/full-fart-framat-1536x1024.jpg\" alt=\"\" srcset=\"https:\/\/morahotell.se\/wp-content\/uploads\/2022\/04\/full-fart-framat-1536x1024.jpg 1536w, https:\/\/morahotell.se\/wp-content\/uploads\/2022\/04\/full-fart-framat-300x200.jpg 300w, https:\/\/morahotell.se\/wp-content\/uploads\/2022\/04\/full-fart-framat-1024x683.jpg 1024w, https:\/\/morahotell.se\/wp-content\/uploads\/2022\/04\/full-fart-framat-768x512.jpg 768w, https:\/\/morahotell.se\/wp-content\/uploads\/2022\/04\/full-fart-framat-2048x1366.jpg 2048w, https:\/\/morahotell.se\/wp-content\/uploads\/2022\/04\/full-fart-framat-600x400.jpg 600w\" width=\"1536\" height=\"1024\" \/>\n\t\t\t\t\t\t\t\t\t\t\t\t\t<\/figure>\n\t\t\t\t\t\t<figure>\n\t\t\t\t\t\t\t<img loading=\"lazy\" decoding=\"async\" src=\"https:\/\/morahotell.se\/wp-content\/uploads\/2022\/04\/kokkaffe-vid-siljan-1536x1024.jpg\" alt=\"\" srcset=\"https:\/\/morahotell.se\/wp-content\/uploads\/2022\/04\/kokkaffe-vid-siljan-1536x1024.jpg 1536w, https:\/\/morahotell.se\/wp-content\/uploads\/2022\/04\/kokkaffe-vid-siljan-300x200.jpg 300w, https:\/\/morahotell.se\/wp-content\/uploads\/2022\/04\/kokkaffe-vid-siljan-1024x683.jpg 1024w, https:\/\/morahotell.se\/wp-content\/uploads\/2022\/04\/kokkaffe-vid-siljan-768x512.jpg 768w, https:\/\/morahotell.se\/wp-content\/uploads\/2022\/04\/kokkaffe-vid-siljan-2048x1366.jpg 2048w, https:\/\/morahotell.se\/wp-content\/uploads\/2022\/04\/kokkaffe-vid-siljan-600x400.jpg 600w\" width=\"1536\" height=\"1024\" \/>\n\t\t\t\t\t\t\t\t\t\t\t\t\t<\/figure>\n\t\t\t\t\t\t<figure>\n\t\t\t\t\t\t\t<img loading=\"lazy\" decoding=\"async\" src=\"https:\/\/morahotell.se\/wp-content\/uploads\/2022\/04\/vinprovning-1536x864.jpg\" alt=\"\" srcset=\"https:\/\/morahotell.se\/wp-content\/uploads\/2022\/04\/vinprovning-1536x864.jpg 1536w, https:\/\/morahotell.se\/wp-content\/uploads\/2022\/04\/vinprovning-300x169.jpg 300w, https:\/\/morahotell.se\/wp-content\/uploads\/2022\/04\/vinprovning-1024x576.jpg 1024w, https:\/\/morahotell.se\/wp-content\/uploads\/2022\/04\/vinprovning-768x432.jpg 768w, https:\/\/morahotell.se\/wp-content\/uploads\/2022\/04\/vinprovning-600x338.jpg 600w, https:\/\/morahotell.se\/wp-content\/uploads\/2022\/04\/vinprovning.jpg 1920w\" width=\"1536\" height=\"864\" \/>\n\t\t\t\t\t\t\t\t\t\t\t\t\t<\/figure>\n\t\t\t\t\t\t<figure>\n\t\t\t\t\t\t\t<img loading=\"lazy\" decoding=\"async\" src=\"https:\/\/morahotell.se\/wp-content\/uploads\/2022\/04\/vinprov2-1536x1024.jpg\" alt=\"petter h\u00e4ller upp vin\" srcset=\"https:\/\/morahotell.se\/wp-content\/uploads\/2022\/04\/vinprov2-1536x1024.jpg 1536w, https:\/\/morahotell.se\/wp-content\/uploads\/2022\/04\/vinprov2-300x200.jpg 300w, https:\/\/morahotell.se\/wp-content\/uploads\/2022\/04\/vinprov2-1024x683.jpg 1024w, https:\/\/morahotell.se\/wp-content\/uploads\/2022\/04\/vinprov2-768x512.jpg 768w, https:\/\/morahotell.se\/wp-content\/uploads\/2022\/04\/vinprov2-2048x1366.jpg 2048w, https:\/\/morahotell.se\/wp-content\/uploads\/2022\/04\/vinprov2-600x400.jpg 600w\" width=\"1536\" height=\"1024\" \/>\n\t\t\t\t\t\t\t\t\t\t\t\t\t<\/figure>\n\t\t\t\t\t\t<figure>\n\t\t\t\t\t\t\t<img loading=\"lazy\" decoding=\"async\" src=\"https:\/\/morahotell.se\/wp-content\/uploads\/2022\/04\/carpaccio-9-1536x1024.jpg\" alt=\"uppdukat f\u00f6r a la carte\" srcset=\"https:\/\/morahotell.se\/wp-content\/uploads\/2022\/04\/carpaccio-9-1536x1024.jpg 1536w, https:\/\/morahotell.se\/wp-content\/uploads\/2022\/04\/carpaccio-9-300x200.jpg 300w, https:\/\/morahotell.se\/wp-content\/uploads\/2022\/04\/carpaccio-9-1024x683.jpg 1024w, https:\/\/morahotell.se\/wp-content\/uploads\/2022\/04\/carpaccio-9-768x512.jpg 768w, https:\/\/morahotell.se\/wp-content\/uploads\/2022\/04\/carpaccio-9-2048x1366.jpg 2048w, https:\/\/morahotell.se\/wp-content\/uploads\/2022\/04\/carpaccio-9-600x400.jpg 600w\" width=\"1536\" height=\"1024\" \/>\n\t\t\t\t\t\t\t\t\t\t\t\t\t<\/figure>\n\t\t\t\t\t\t<figure>\n\t\t\t\t\t\t\t<img loading=\"lazy\" decoding=\"async\" src=\"https:\/\/morahotell.se\/wp-content\/uploads\/2022\/04\/basic-hast-1024x1536.jpg\" alt=\"\" srcset=\"https:\/\/morahotell.se\/wp-content\/uploads\/2022\/04\/basic-hast-1024x1536.jpg 1024w, https:\/\/morahotell.se\/wp-content\/uploads\/2022\/04\/basic-hast-200x300.jpg 200w, https:\/\/morahotell.se\/wp-content\/uploads\/2022\/04\/basic-hast-683x1024.jpg 683w, https:\/\/morahotell.se\/wp-content\/uploads\/2022\/04\/basic-hast-768x1152.jpg 768w, https:\/\/morahotell.se\/wp-content\/uploads\/2022\/04\/basic-hast-1366x2048.jpg 1366w, https:\/\/morahotell.se\/wp-content\/uploads\/2022\/04\/basic-hast-600x900.jpg 600w, https:\/\/morahotell.se\/wp-content\/uploads\/2022\/04\/basic-hast.jpg 1467w\" width=\"1024\" height=\"1536\" \/>\n\t\t\t\t\t\t\t\t\t\t\t\t\t<\/figure>\n\t\t\t\t\t\t<figure>\n\t\t\t\t\t\t\t<img loading=\"lazy\" decoding=\"async\" src=\"https:\/\/morahotell.se\/wp-content\/uploads\/2022\/04\/Cerials-1024x1536.jpg\" alt=\"\" srcset=\"https:\/\/morahotell.se\/wp-content\/uploads\/2022\/04\/Cerials-1024x1536.jpg 1024w, https:\/\/morahotell.se\/wp-content\/uploads\/2022\/04\/Cerials-200x300.jpg 200w, https:\/\/morahotell.se\/wp-content\/uploads\/2022\/04\/Cerials-683x1024.jpg 683w, https:\/\/morahotell.se\/wp-content\/uploads\/2022\/04\/Cerials-768x1152.jpg 768w, https:\/\/morahotell.se\/wp-content\/uploads\/2022\/04\/Cerials-1366x2048.jpg 1366w, https:\/\/morahotell.se\/wp-content\/uploads\/2022\/04\/Cerials-600x900.jpg 600w, https:\/\/morahotell.se\/wp-content\/uploads\/2022\/04\/Cerials.jpg 1467w\" width=\"1024\" height=\"1536\" \/>\n\t\t\t\t\t\t\t\t\t\t\t\t\t<\/figure>\n\t\t\t\t\t<!-- navigation arrows -->\n\t\t<button aria-label=\"F\u00f6reg\u00e5ende\" role=\"button\" tabindex=\"0\">\n\t\t\t\t\t<\/button>\n\t\t<button aria-label=\"N\u00e4sta\" role=\"button\" tabindex=\"0\">\n\t\t\t\t\t<\/button>\n\t\t\t\t\n","protected":false},"excerpt":{"rendered":"<p>Konferenz Wir k\u00fcmmern uns um Sie und Ihr Unternehmen! Konferenz in Dalarna Suchen Sie eine Konferenz in Dalarna mit Unterkunft, Restaurant und Spa? Vielleicht ist es eine Outdoor-Konferenz, bei der Sie jetzt nach aktuellen Covid-19-Einschr\u00e4nkungen suchen? Wenn die Schweden jetzt wieder konferieren, sind Frieden und Gemeinschaft gefragt. Mora Hotell &amp; Spa bietet ein Konferenzprogramm, das&hellip;<\/p>\n","protected":false},"author":1,"featured_media":0,"parent":0,"menu_order":49,"comment_status":"closed","ping_status":"closed","template":"","meta":{"_acf_changed":false,"footnotes":""},"pa-gang-just-nu":[],"class_list":["post-3770","page","type-page","status-publish","hentry"],"acf":[],"yoast_head":"<!-- This site is optimized with the Yoast SEO plugin v26.5 - https:\/\/yoast.com\/wordpress\/plugins\/seo\/ -->\n<title>Konferenz - Mora Hotell &amp; Spa<\/title>\n<meta name=\"description\" content=\"Das Mora Hotel &amp; Spa bietet ein Konferenzprogramm, das den Zusammenhalt st\u00e4rkt und das Treffen auf eine sichere Art und Weise lohnend macht.\" \/>\n<meta name=\"robots\" content=\"index, follow, max-snippet:-1, max-image-preview:large, max-video-preview:-1\" \/>\n<link rel=\"canonical\" href=\"https:\/\/morahotell.se\/de\/konferenz\/\" \/>\n<meta property=\"og:locale\" content=\"de_DE\" \/>\n<meta property=\"og:type\" content=\"article\" \/>\n<meta property=\"og:title\" content=\"Konferenz - Mora Hotell &amp; Spa\" \/>\n<meta property=\"og:description\" content=\"Das Mora Hotel &amp; Spa bietet ein Konferenzprogramm, das den Zusammenhalt st\u00e4rkt und das Treffen auf eine sichere Art und Weise lohnend macht.\" \/>\n<meta property=\"og:url\" content=\"https:\/\/morahotell.se\/de\/konferenz\/\" \/>\n<meta property=\"og:site_name\" content=\"Mora Hotell &amp; Spa\" \/>\n<meta property=\"article:modified_time\" content=\"2025-10-16T08:39:28+00:00\" \/>\n<meta property=\"og:image\" content=\"https:\/\/morahotell.se\/wp-content\/uploads\/2022\/04\/Kopia-av-DSC_0317-1536x1024.jpg\" \/>\n<meta name=\"twitter:card\" content=\"summary_large_image\" \/>\n<meta name=\"twitter:label1\" content=\"Gesch\u00e4tzte Lesezeit\" \/>\n\t<meta name=\"twitter:data1\" content=\"4\u00a0Minuten\" \/>\n<script type=\"application\/ld+json\" class=\"yoast-schema-graph\">{\"@context\":\"https:\/\/schema.org\",\"@graph\":[{\"@type\":\"WebPage\",\"@id\":\"https:\/\/morahotell.se\/de\/konferenz\/\",\"url\":\"https:\/\/morahotell.se\/de\/konferenz\/\",\"name\":\"Konferenz - Mora Hotell &amp; Spa\",\"isPartOf\":{\"@id\":\"https:\/\/morahotell.se\/de\/#website\"},\"primaryImageOfPage\":{\"@id\":\"https:\/\/morahotell.se\/de\/konferenz\/#primaryimage\"},\"image\":{\"@id\":\"https:\/\/morahotell.se\/de\/konferenz\/#primaryimage\"},\"thumbnailUrl\":\"https:\/\/morahotell.se\/wp-content\/uploads\/2022\/04\/Kopia-av-DSC_0317-1536x1024.jpg\",\"datePublished\":\"2022-05-09T14:47:52+00:00\",\"dateModified\":\"2025-10-16T08:39:28+00:00\",\"description\":\"Das Mora Hotel & Spa bietet ein Konferenzprogramm, das den Zusammenhalt st\u00e4rkt und das Treffen auf eine sichere Art und Weise lohnend macht.\",\"breadcrumb\":{\"@id\":\"https:\/\/morahotell.se\/de\/konferenz\/#breadcrumb\"},\"inLanguage\":\"de\",\"potentialAction\":[{\"@type\":\"ReadAction\",\"target\":[\"https:\/\/morahotell.se\/de\/konferenz\/\"]}]},{\"@type\":\"ImageObject\",\"inLanguage\":\"de\",\"@id\":\"https:\/\/morahotell.se\/de\/konferenz\/#primaryimage\",\"url\":\"https:\/\/morahotell.se\/wp-content\/uploads\/2022\/04\/Kopia-av-DSC_0317-1536x1024.jpg\",\"contentUrl\":\"https:\/\/morahotell.se\/wp-content\/uploads\/2022\/04\/Kopia-av-DSC_0317-1536x1024.jpg\"},{\"@type\":\"BreadcrumbList\",\"@id\":\"https:\/\/morahotell.se\/de\/konferenz\/#breadcrumb\",\"itemListElement\":[{\"@type\":\"ListItem\",\"position\":1,\"name\":\"Mora hotell\",\"item\":\"https:\/\/morahotell.se\/de\/\"},{\"@type\":\"ListItem\",\"position\":2,\"name\":\"Konferenz\"}]},{\"@type\":\"WebSite\",\"@id\":\"https:\/\/morahotell.se\/de\/#website\",\"url\":\"https:\/\/morahotell.se\/de\/\",\"name\":\"Mora Hotell &amp; Spa\",\"description\":\"Fyrstj\u00e4rnigt hotell i Mora, n\u00e4ra Siljan\",\"potentialAction\":[{\"@type\":\"SearchAction\",\"target\":{\"@type\":\"EntryPoint\",\"urlTemplate\":\"https:\/\/morahotell.se\/de\/?s={search_term_string}\"},\"query-input\":{\"@type\":\"PropertyValueSpecification\",\"valueRequired\":true,\"valueName\":\"search_term_string\"}}],\"inLanguage\":\"de\"}]}<\/script>\n<!-- \/ Yoast SEO plugin. -->","yoast_head_json":{"title":"Konferenz - Mora Hotell &amp; Spa","description":"Das Mora Hotel & Spa bietet ein Konferenzprogramm, das den Zusammenhalt st\u00e4rkt und das Treffen auf eine sichere Art und Weise lohnend macht.","robots":{"index":"index","follow":"follow","max-snippet":"max-snippet:-1","max-image-preview":"max-image-preview:large","max-video-preview":"max-video-preview:-1"},"canonical":"https:\/\/morahotell.se\/de\/konferenz\/","og_locale":"de_DE","og_type":"article","og_title":"Konferenz - Mora Hotell &amp; Spa","og_description":"Das Mora Hotel & Spa bietet ein Konferenzprogramm, das den Zusammenhalt st\u00e4rkt und das Treffen auf eine sichere Art und Weise lohnend macht.","og_url":"https:\/\/morahotell.se\/de\/konferenz\/","og_site_name":"Mora Hotell &amp; Spa","article_modified_time":"2025-10-16T08:39:28+00:00","og_image":[{"url":"https:\/\/morahotell.se\/wp-content\/uploads\/2022\/04\/Kopia-av-DSC_0317-1536x1024.jpg","type":"","width":"","height":""}],"twitter_card":"summary_large_image","twitter_misc":{"Gesch\u00e4tzte Lesezeit":"4\u00a0Minuten"},"schema":{"@context":"https:\/\/schema.org","@graph":[{"@type":"WebPage","@id":"https:\/\/morahotell.se\/de\/konferenz\/","url":"https:\/\/morahotell.se\/de\/konferenz\/","name":"Konferenz - Mora Hotell &amp; Spa","isPartOf":{"@id":"https:\/\/morahotell.se\/de\/#website"},"primaryImageOfPage":{"@id":"https:\/\/morahotell.se\/de\/konferenz\/#primaryimage"},"image":{"@id":"https:\/\/morahotell.se\/de\/konferenz\/#primaryimage"},"thumbnailUrl":"https:\/\/morahotell.se\/wp-content\/uploads\/2022\/04\/Kopia-av-DSC_0317-1536x1024.jpg","datePublished":"2022-05-09T14:47:52+00:00","dateModified":"2025-10-16T08:39:28+00:00","description":"Das Mora Hotel & Spa bietet ein Konferenzprogramm, das den Zusammenhalt st\u00e4rkt und das Treffen auf eine sichere Art und Weise lohnend macht.","breadcrumb":{"@id":"https:\/\/morahotell.se\/de\/konferenz\/#breadcrumb"},"inLanguage":"de","potentialAction":[{"@type":"ReadAction","target":["https:\/\/morahotell.se\/de\/konferenz\/"]}]},{"@type":"ImageObject","inLanguage":"de","@id":"https:\/\/morahotell.se\/de\/konferenz\/#primaryimage","url":"https:\/\/morahotell.se\/wp-content\/uploads\/2022\/04\/Kopia-av-DSC_0317-1536x1024.jpg","contentUrl":"https:\/\/morahotell.se\/wp-content\/uploads\/2022\/04\/Kopia-av-DSC_0317-1536x1024.jpg"},{"@type":"BreadcrumbList","@id":"https:\/\/morahotell.se\/de\/konferenz\/#breadcrumb","itemListElement":[{"@type":"ListItem","position":1,"name":"Mora hotell","item":"https:\/\/morahotell.se\/de\/"},{"@type":"ListItem","position":2,"name":"Konferenz"}]},{"@type":"WebSite","@id":"https:\/\/morahotell.se\/de\/#website","url":"https:\/\/morahotell.se\/de\/","name":"Mora Hotell &amp; Spa","description":"Fyrstj\u00e4rnigt hotell i Mora, n\u00e4ra Siljan","potentialAction":[{"@type":"SearchAction","target":{"@type":"EntryPoint","urlTemplate":"https:\/\/morahotell.se\/de\/?s={search_term_string}"},"query-input":{"@type":"PropertyValueSpecification","valueRequired":true,"valueName":"search_term_string"}}],"inLanguage":"de"}]}},"_links":{"self":[{"href":"https:\/\/morahotell.se\/de\/wp-json\/wp\/v2\/pages\/3770","targetHints":{"allow":["GET"]}}],"collection":[{"href":"https:\/\/morahotell.se\/de\/wp-json\/wp\/v2\/pages"}],"about":[{"href":"https:\/\/morahotell.se\/de\/wp-json\/wp\/v2\/types\/page"}],"author":[{"embeddable":true,"href":"https:\/\/morahotell.se\/de\/wp-json\/wp\/v2\/users\/1"}],"replies":[{"embeddable":true,"href":"https:\/\/morahotell.se\/de\/wp-json\/wp\/v2\/comments?post=3770"}],"version-history":[{"count":0,"href":"https:\/\/morahotell.se\/de\/wp-json\/wp\/v2\/pages\/3770\/revisions"}],"wp:attachment":[{"href":"https:\/\/morahotell.se\/de\/wp-json\/wp\/v2\/media?parent=3770"}],"wp:term":[{"taxonomy":"pa-gang-just-nu","embeddable":true,"href":"https:\/\/morahotell.se\/de\/wp-json\/wp\/v2\/pa-gang-just-nu?post=3770"}],"curies":[{"name":"wp","href":"https:\/\/api.w.org\/{rel}","templated":true}]}}