{"id":3747,"date":"2022-05-09T16:41:44","date_gmt":"2022-05-09T14:41:44","guid":{"rendered":"https:\/\/morahotell.se\/mora\/"},"modified":"2025-10-09T14:54:25","modified_gmt":"2025-10-09T12:54:25","slug":"mora-erleben","status":"publish","type":"page","link":"https:\/\/morahotell.se\/de\/mora-erleben\/","title":{"rendered":"Mora"},"content":{"rendered":"\n\n\t<h1>Entdecken Sie Mora mit uns!<\/h1>\n\t<h4>Erlebnisse in Mora und Umgebung<\/h4>\n<h2>Aktivit\u00e4ten in Dalarna<\/h2>\n<p>Dalarna ist eine reiche touristische Region und es gibt viele Aktivit\u00e4ten f\u00fcr Familien mit Kindern sowie kulturell interessierte Erwachsene und Sie, die Sportler sind. Nachfolgend schlagen wir unterhaltsame und aufregende Aktivit\u00e4ten in und um Mora vor. Wenden Sie sich gerne an das Hotelpersonal, wenn Sie Tipps ben\u00f6tigen.<\/p>\n\t<meta itemscope itemprop=\"mainEntityOfPage\" itemtype=\"https:\/\/schema.org\/WebPage\" itemid=\"http:\/\/3369\" content=\"Winterschwimmen in Saxviken\" \/><meta itemprop=\"datePublished\" content=\"2022-04-12\" \/><meta itemprop=\"dateModified\" content=\"2022-06-10\" \/><meta itemprop=\"name\" content=\"Mora Hotell &amp; Spa\"\/><meta itemprop=\"url\" content=\"https:\/\/morahotell.se\/de\/author\/_superadmin\/\" \/><meta itemprop=\"name\" content=\"_superadmin\" \/><meta itemprop=\"url\" content=\"https:\/\/morahotell.se\/wp-content\/uploads\/2022\/09\/midvinterblot2025-banner-rcnonsrmh0rh4iqw1hom7lo8q2jftlabcmrk1k2h00.jpg\" \/><meta itemprop=\"width\" content=\"1920\" \/><meta itemprop=\"height\" content=\"680\" \/><meta itemprop=\"interactionType\" content=\"https:\/\/schema.org\/CommentAction\" \/><meta itemprop=\"userInteractionCount\" content=\"0\" \/><a href=\"https:\/\/morahotell.se\/de\/produkt\/aktivitaeten\/gerade-im-gange\/winterschwimmen-in-saxviken\/\">\n   <img width=\"1920\" height=\"680\" src=\"https:\/\/morahotell.se\/wp-content\/uploads\/2022\/09\/midvinterblot2025-banner-rcnonsrmh0rh4iqw1hom7lo8q2jftlabcmrk1k2h00.jpg\" alt=\"\" itemprop=\"image\" decoding=\"async\" loading=\"lazy\" srcset=\"https:\/\/morahotell.se\/wp-content\/uploads\/2022\/09\/midvinterblot2025-banner-rcnonsrmh0rh4iqw1hom7lo8q2jftlabcmrk1k2h00.jpg 1920w, https:\/\/morahotell.se\/wp-content\/uploads\/2022\/09\/midvinterblot2025-banner-rcnonsrmh0rh4iqw1hom7lo8q2jftlabcmrk1k2h00-300x106.jpg 300w, https:\/\/morahotell.se\/wp-content\/uploads\/2022\/09\/midvinterblot2025-banner-rcnonsrmh0rh4iqw1hom7lo8q2jftlabcmrk1k2h00-1024x363.jpg 1024w, https:\/\/morahotell.se\/wp-content\/uploads\/2022\/09\/midvinterblot2025-banner-rcnonsrmh0rh4iqw1hom7lo8q2jftlabcmrk1k2h00-768x272.jpg 768w, https:\/\/morahotell.se\/wp-content\/uploads\/2022\/09\/midvinterblot2025-banner-rcnonsrmh0rh4iqw1hom7lo8q2jftlabcmrk1k2h00-1536x544.jpg 1536w, https:\/\/morahotell.se\/wp-content\/uploads\/2022\/09\/midvinterblot2025-banner-rcnonsrmh0rh4iqw1hom7lo8q2jftlabcmrk1k2h00-600x213.jpg 600w\" sizes=\"auto, (max-width: 1920px) 100vw, 1920px\" \/>\n  <h3>Winterschwimmen in Saxviken<\/h3>\n<\/a>\n\t\t<!-- .pp-content-posts -->\n\t<h2>Bleiben Sie bei uns &#8211; Zugang zu allen Aktivit\u00e4ten in der Umgebung von Siljan<\/h2>\n<p>Im Mora Hotel \u00fcbernachten Sie komfortabel und mit hohem Standard. Alles, was Dalarna zu bieten hat, ist mit einem Tagesausflug mit dem Auto leicht zu erreichen. Die Zug- und Busverbindungen sind gut und der Bahnhof Mora ist zu Fu\u00df erreichbar. Neben Aktivit\u00e4ten empfehlen wir Ihnen gerne die sch\u00f6ne Umgebung, die es in der unmittelbaren Umgebung gibt &#8211; von Almen bis zu Wasserf\u00e4llen. Hier in unmittelbarer N\u00e4he befinden sich das M\u00e4rchenland Tomteland, die Konzertarena Dalhalla, und das geologisch interessante Siljan-Gebiet. Das Dorf ist von Volksmusik durchdrungen, die unter anderem im Bingsj\u00f6-Treffen zum Ausdruck kommt.<\/p>\n\t<h2>Vasaloppet<\/h2>\n<p>Wir haben viele G\u00e4ste, die im Zusammenhang mit den Veranstaltungen von Vasaloppet im Sommer und Winter bei uns bleiben. Im Sommer lockt Cykelvasan und im Winter entscheidet sich das klassische Skirennen, das Wettk\u00e4mpfer aus aller Welt anzieht. Tjejvasan ist eine weitere Veranstaltung, deren Praktizierende gerne bei uns bleiben und bequem mit einem der Busse zum Beginn des Morgens fahren.<\/p>\n\t<h2>Kunst und Kunsterlebnisse<\/h2>\n<p>In Dalarna gibt es mehrere gro\u00dfe K\u00fcnstler. Anders Zorn, bekannt f\u00fcr die Gem\u00e4lde seiner Talh\u00fcgel, hat hier in Mora ein Museum bekommen. Es ist ein beliebtes Ausflugsziel, das sowohl nationale als auch internationale G\u00e4ste anzieht. Etwas weiter entfernt, in Falun, liegt der Carl-Larsson-Hof, auf dem das K\u00fcnstlerehepaar Karin und Carl Larsson lebte. Dies ist auch ein Museum.<\/p>\n\t<h2>Skifahren und Mountainbiken in Gesunda<\/h2>\n<h3>F\u00fcr Sie, die Action m\u00f6gen<\/h3>\n<p>Bringen Sie Slalom-Ski oder Snowboards mit und buchen Sie Skifahren auf den sch\u00f6nen Pisten in Gesunda, die im Sommer auch rasante Abfahrten mit Mountainbikes bieten. Sie k\u00f6nnen auch Skifahren in Gr\u00f6nklitt in Orsa, Romme Alpin in Borl\u00e4nge und ganz S\u00e4len mit mehreren Skigebieten genie\u00dfen.<\/p>\n\n","protected":false},"excerpt":{"rendered":"<p>Entdecken Sie Mora mit uns! Erlebnisse in Mora und Umgebung Aktivit\u00e4ten in Dalarna Dalarna ist eine reiche touristische Region und es gibt viele Aktivit\u00e4ten f\u00fcr Familien mit Kindern sowie kulturell interessierte Erwachsene und Sie, die Sportler sind. Nachfolgend schlagen wir unterhaltsame und aufregende Aktivit\u00e4ten in und um Mora vor. Wenden Sie sich gerne an das&hellip;<\/p>\n","protected":false},"author":1,"featured_media":0,"parent":0,"menu_order":63,"comment_status":"closed","ping_status":"closed","template":"","meta":{"_acf_changed":false,"footnotes":""},"pa-gang-just-nu":[],"class_list":["post-3747","page","type-page","status-publish","hentry"],"acf":[],"yoast_head":"<!-- This site is optimized with the Yoast SEO plugin v26.5 - https:\/\/yoast.com\/wordpress\/plugins\/seo\/ -->\n<title>Aktivit\u00e4ten f\u00fcr Familien - Mora Hotell &amp; Spa<\/title>\n<meta name=\"description\" content=\"Dalarna gibt viele Aktivit\u00e4ten f\u00fcr Familien mit Kindern sowie kulturell interessierte Erwachsene und Sie, die Sportler sind.\" \/>\n<meta name=\"robots\" content=\"index, follow, max-snippet:-1, max-image-preview:large, max-video-preview:-1\" \/>\n<link rel=\"canonical\" href=\"https:\/\/morahotell.se\/de\/mora-erleben\/\" \/>\n<meta property=\"og:locale\" content=\"de_DE\" \/>\n<meta property=\"og:type\" content=\"article\" \/>\n<meta property=\"og:title\" content=\"Aktivit\u00e4ten f\u00fcr Familien - Mora Hotell &amp; Spa\" \/>\n<meta property=\"og:description\" content=\"Dalarna gibt viele Aktivit\u00e4ten f\u00fcr Familien mit Kindern sowie kulturell interessierte Erwachsene und Sie, die Sportler sind.\" \/>\n<meta property=\"og:url\" content=\"https:\/\/morahotell.se\/de\/mora-erleben\/\" \/>\n<meta property=\"og:site_name\" content=\"Mora Hotell &amp; Spa\" \/>\n<meta property=\"article:modified_time\" content=\"2025-10-09T12:54:25+00:00\" \/>\n<meta property=\"og:image\" content=\"https:\/\/morahotell.se\/wp-content\/uploads\/2022\/09\/midvinterblot2025-banner-rcnonsrmh0rh4iqw1hom7lo8q2jftlabcmrk1k2h00.jpg\" \/>\n<meta name=\"twitter:card\" content=\"summary_large_image\" \/>\n<meta name=\"twitter:label1\" content=\"Gesch\u00e4tzte Lesezeit\" \/>\n\t<meta name=\"twitter:data1\" content=\"2\u00a0Minuten\" \/>\n<script type=\"application\/ld+json\" class=\"yoast-schema-graph\">{\"@context\":\"https:\/\/schema.org\",\"@graph\":[{\"@type\":\"WebPage\",\"@id\":\"https:\/\/morahotell.se\/de\/mora-erleben\/\",\"url\":\"https:\/\/morahotell.se\/de\/mora-erleben\/\",\"name\":\"Aktivit\u00e4ten f\u00fcr Familien - Mora Hotell &amp; Spa\",\"isPartOf\":{\"@id\":\"https:\/\/morahotell.se\/de\/#website\"},\"primaryImageOfPage\":{\"@id\":\"https:\/\/morahotell.se\/de\/mora-erleben\/#primaryimage\"},\"image\":{\"@id\":\"https:\/\/morahotell.se\/de\/mora-erleben\/#primaryimage\"},\"thumbnailUrl\":\"https:\/\/morahotell.se\/wp-content\/uploads\/2022\/09\/midvinterblot2025-banner-rcnonsrmh0rh4iqw1hom7lo8q2jftlabcmrk1k2h00.jpg\",\"datePublished\":\"2022-05-09T14:41:44+00:00\",\"dateModified\":\"2025-10-09T12:54:25+00:00\",\"description\":\"Dalarna gibt viele Aktivit\u00e4ten f\u00fcr Familien mit Kindern sowie kulturell interessierte Erwachsene und Sie, die Sportler sind.\",\"breadcrumb\":{\"@id\":\"https:\/\/morahotell.se\/de\/mora-erleben\/#breadcrumb\"},\"inLanguage\":\"de\",\"potentialAction\":[{\"@type\":\"ReadAction\",\"target\":[\"https:\/\/morahotell.se\/de\/mora-erleben\/\"]}]},{\"@type\":\"ImageObject\",\"inLanguage\":\"de\",\"@id\":\"https:\/\/morahotell.se\/de\/mora-erleben\/#primaryimage\",\"url\":\"https:\/\/morahotell.se\/wp-content\/uploads\/2022\/09\/midvinterblot2025-banner-rcnonsrmh0rh4iqw1hom7lo8q2jftlabcmrk1k2h00.jpg\",\"contentUrl\":\"https:\/\/morahotell.se\/wp-content\/uploads\/2022\/09\/midvinterblot2025-banner-rcnonsrmh0rh4iqw1hom7lo8q2jftlabcmrk1k2h00.jpg\"},{\"@type\":\"BreadcrumbList\",\"@id\":\"https:\/\/morahotell.se\/de\/mora-erleben\/#breadcrumb\",\"itemListElement\":[{\"@type\":\"ListItem\",\"position\":1,\"name\":\"Mora hotell\",\"item\":\"https:\/\/morahotell.se\/de\/\"},{\"@type\":\"ListItem\",\"position\":2,\"name\":\"Mora\"}]},{\"@type\":\"WebSite\",\"@id\":\"https:\/\/morahotell.se\/de\/#website\",\"url\":\"https:\/\/morahotell.se\/de\/\",\"name\":\"Mora Hotell &amp; Spa\",\"description\":\"Fyrstj\u00e4rnigt hotell i Mora, n\u00e4ra Siljan\",\"potentialAction\":[{\"@type\":\"SearchAction\",\"target\":{\"@type\":\"EntryPoint\",\"urlTemplate\":\"https:\/\/morahotell.se\/de\/?s={search_term_string}\"},\"query-input\":{\"@type\":\"PropertyValueSpecification\",\"valueRequired\":true,\"valueName\":\"search_term_string\"}}],\"inLanguage\":\"de\"}]}<\/script>\n<!-- \/ Yoast SEO plugin. -->","yoast_head_json":{"title":"Aktivit\u00e4ten f\u00fcr Familien - Mora Hotell &amp; Spa","description":"Dalarna gibt viele Aktivit\u00e4ten f\u00fcr Familien mit Kindern sowie kulturell interessierte Erwachsene und Sie, die Sportler sind.","robots":{"index":"index","follow":"follow","max-snippet":"max-snippet:-1","max-image-preview":"max-image-preview:large","max-video-preview":"max-video-preview:-1"},"canonical":"https:\/\/morahotell.se\/de\/mora-erleben\/","og_locale":"de_DE","og_type":"article","og_title":"Aktivit\u00e4ten f\u00fcr Familien - Mora Hotell &amp; Spa","og_description":"Dalarna gibt viele Aktivit\u00e4ten f\u00fcr Familien mit Kindern sowie kulturell interessierte Erwachsene und Sie, die Sportler sind.","og_url":"https:\/\/morahotell.se\/de\/mora-erleben\/","og_site_name":"Mora Hotell &amp; Spa","article_modified_time":"2025-10-09T12:54:25+00:00","og_image":[{"url":"https:\/\/morahotell.se\/wp-content\/uploads\/2022\/09\/midvinterblot2025-banner-rcnonsrmh0rh4iqw1hom7lo8q2jftlabcmrk1k2h00.jpg","type":"","width":"","height":""}],"twitter_card":"summary_large_image","twitter_misc":{"Gesch\u00e4tzte Lesezeit":"2\u00a0Minuten"},"schema":{"@context":"https:\/\/schema.org","@graph":[{"@type":"WebPage","@id":"https:\/\/morahotell.se\/de\/mora-erleben\/","url":"https:\/\/morahotell.se\/de\/mora-erleben\/","name":"Aktivit\u00e4ten f\u00fcr Familien - Mora Hotell &amp; Spa","isPartOf":{"@id":"https:\/\/morahotell.se\/de\/#website"},"primaryImageOfPage":{"@id":"https:\/\/morahotell.se\/de\/mora-erleben\/#primaryimage"},"image":{"@id":"https:\/\/morahotell.se\/de\/mora-erleben\/#primaryimage"},"thumbnailUrl":"https:\/\/morahotell.se\/wp-content\/uploads\/2022\/09\/midvinterblot2025-banner-rcnonsrmh0rh4iqw1hom7lo8q2jftlabcmrk1k2h00.jpg","datePublished":"2022-05-09T14:41:44+00:00","dateModified":"2025-10-09T12:54:25+00:00","description":"Dalarna gibt viele Aktivit\u00e4ten f\u00fcr Familien mit Kindern sowie kulturell interessierte Erwachsene und Sie, die Sportler sind.","breadcrumb":{"@id":"https:\/\/morahotell.se\/de\/mora-erleben\/#breadcrumb"},"inLanguage":"de","potentialAction":[{"@type":"ReadAction","target":["https:\/\/morahotell.se\/de\/mora-erleben\/"]}]},{"@type":"ImageObject","inLanguage":"de","@id":"https:\/\/morahotell.se\/de\/mora-erleben\/#primaryimage","url":"https:\/\/morahotell.se\/wp-content\/uploads\/2022\/09\/midvinterblot2025-banner-rcnonsrmh0rh4iqw1hom7lo8q2jftlabcmrk1k2h00.jpg","contentUrl":"https:\/\/morahotell.se\/wp-content\/uploads\/2022\/09\/midvinterblot2025-banner-rcnonsrmh0rh4iqw1hom7lo8q2jftlabcmrk1k2h00.jpg"},{"@type":"BreadcrumbList","@id":"https:\/\/morahotell.se\/de\/mora-erleben\/#breadcrumb","itemListElement":[{"@type":"ListItem","position":1,"name":"Mora hotell","item":"https:\/\/morahotell.se\/de\/"},{"@type":"ListItem","position":2,"name":"Mora"}]},{"@type":"WebSite","@id":"https:\/\/morahotell.se\/de\/#website","url":"https:\/\/morahotell.se\/de\/","name":"Mora Hotell &amp; Spa","description":"Fyrstj\u00e4rnigt hotell i Mora, n\u00e4ra Siljan","potentialAction":[{"@type":"SearchAction","target":{"@type":"EntryPoint","urlTemplate":"https:\/\/morahotell.se\/de\/?s={search_term_string}"},"query-input":{"@type":"PropertyValueSpecification","valueRequired":true,"valueName":"search_term_string"}}],"inLanguage":"de"}]}},"_links":{"self":[{"href":"https:\/\/morahotell.se\/de\/wp-json\/wp\/v2\/pages\/3747","targetHints":{"allow":["GET"]}}],"collection":[{"href":"https:\/\/morahotell.se\/de\/wp-json\/wp\/v2\/pages"}],"about":[{"href":"https:\/\/morahotell.se\/de\/wp-json\/wp\/v2\/types\/page"}],"author":[{"embeddable":true,"href":"https:\/\/morahotell.se\/de\/wp-json\/wp\/v2\/users\/1"}],"replies":[{"embeddable":true,"href":"https:\/\/morahotell.se\/de\/wp-json\/wp\/v2\/comments?post=3747"}],"version-history":[{"count":0,"href":"https:\/\/morahotell.se\/de\/wp-json\/wp\/v2\/pages\/3747\/revisions"}],"wp:attachment":[{"href":"https:\/\/morahotell.se\/de\/wp-json\/wp\/v2\/media?parent=3747"}],"wp:term":[{"taxonomy":"pa-gang-just-nu","embeddable":true,"href":"https:\/\/morahotell.se\/de\/wp-json\/wp\/v2\/pa-gang-just-nu?post=3747"}],"curies":[{"name":"wp","href":"https:\/\/api.w.org\/{rel}","templated":true}]}}