{"id":3736,"date":"2022-05-09T16:31:43","date_gmt":"2022-05-09T14:31:43","guid":{"rendered":"https:\/\/morahotell.se\/ueber-uns\/kontakta-oss\/"},"modified":"2025-11-07T15:34:47","modified_gmt":"2025-11-07T14:34:47","slug":"kontaktiere-uns","status":"publish","type":"page","link":"https:\/\/morahotell.se\/de\/ueber-uns\/kontaktiere-uns\/","title":{"rendered":"Kontaktiere uns"},"content":{"rendered":"\n\n\t<h1>Kontaktiere uns<\/h1>\n\t<p>Willkommen!<\/p>\n\t<h2>Kontakt zum Mora Hotel &amp; Spa<\/h2>\n<p>Bitte melden Sie sich, wenn Sie irgendwelche Fragen oder W\u00fcnsche haben. Wir stehen t\u00e4glich 24 Stunden und das ganze Jahr \u00fcber zur Verf\u00fcgung. Wir beantworten alle Fragen zu Reservierungen, Zimmern, Spa und anderen Hotelangelegenheiten. Fragen Sie jedoch auch gerne alles, was Sie \u00fcber Attraktionen und Aktivit\u00e4ten in Mora und Umgebung wissen m\u00f6chten. Herzlich willkommen!<\/p>\n\t<h3>Die Anschrift<\/h3>\nStrandgatan 12<br \/>\n792 30 Mora\n\t<h3>Eine Nachricht schicken<\/h3>\n<p><a href=\"mailto:info@morahotell.se\">info@morahotell.se<\/a><\/p>\n<p>Wir werden so schnell wie m\u00f6glich antworten!<\/p>\n\t<h3>Telefon<\/h3>\n<p><a href=\"tel:0250592650\">0250-59 26 50<\/a><\/p>\n\t<h2>Die Au\u00dfenwelt hat gute Verbindungen zu Mora!<br \/>\nWie komme ich hier hin:<\/h2>\n<h3>Mit Auto<\/h3>\n<p>Es ist einfach, zu uns zu gelangen. Mora liegt wundersch\u00f6n am Rande von Saxviken, dem n\u00f6rdlichen Teil des Siljansees. Das Mora Hotell &amp; Spa befindet sich mitten in der Stadt direkt neben der Kirche und dem Ausflugsziel Vasaloppet.<\/p>\n<p>Wir haben begrenzte Parkpl\u00e4tze, aber die verf\u00fcgbaren sind f\u00fcr unsere G\u00e4ste inklusive, daher bieten wir je nach Verf\u00fcgbarkeit kostenlose Parkpl\u00e4tze an<\/p>\n<p>Wir haben etwa <strong>50 Parkpl\u00e4tze im Freien<\/strong> und <strong>5 Garagenpl\u00e4tze<\/strong>, die vor Ort \u00fcber Pairgo gebucht und bezahlt werden k\u00f6nnen: 90 SEK\/Tag im Freien und 150 SEK\/Tag in der Garage, 60 SEK f\u00fcr Motorr\u00e4der in der Garage. Ihr Fahrzeug wird von Securitas bewacht.<\/p>\n<p>Wir haben auch <strong>34 Ladestationen<\/strong> direkt gegen\u00fcber vom Hotel, wo Sie Ihr Elektroauto ganz einfach aufladen k\u00f6nnen.<\/p>\n<h3>Mit dem Zug<\/h3>\n<p>Es dauert ungef\u00e4hr 4 Stunden von Stockholm. An Wochentagen gibt es sechs t\u00e4gliche Fahrten, am Wochenende etwas weniger.<\/p>\n<h3>Mit dem Flugzeug<\/h3>\n<p>Die Entfernung zum Flughafen Mora betr\u00e4gt 10 km. Von dort gelangen Sie am einfachsten mit dem Taxi zum Hotel, das Sie unter <a href=\"callto:025015000\">0250-15000<\/a> erreichen.<\/p>\n\t<h3>Mit der Binnenbahn<\/h3>\n<p>Sie k\u00f6nnen durch die malerische Umgebung bis nach G\u00e4llivare \u00fcber \u00d6stersund fahren. Wenn Sie stattdessen nach S\u00fcden fahren, kommen Sie nach Kristinehamn, m\u00fcssen dann aber auf dem Abschnitt Mora &#8211; Filipstad einen Bus nehmen.<\/p>\n<h3>Mit dem Bus<\/h3>\nBusverbindungen zwischen Stockholm und Mora sind t\u00e4glich verf\u00fcgbar und die Fahrt dauert 4,5 Stunden.<br \/>\nDer Verkehr wird von Swebus Express und MasExpressen abgewickelt, die vom Bahnhof Mora abfahren.\n<h3>Sonstiges<\/h3>\n<p>IInnerhalb der Gemeinde und zwischen den Gemeinden des Landkreises k\u00fcmmert sich Dalatrafik um die Busverbindungen.<\/p>\n\n","protected":false},"excerpt":{"rendered":"<p>Kontaktiere uns Willkommen! Kontakt zum Mora Hotel &amp; Spa Bitte melden Sie sich, wenn Sie irgendwelche Fragen oder W\u00fcnsche haben. Wir stehen t\u00e4glich 24 Stunden und das ganze Jahr \u00fcber zur Verf\u00fcgung. Wir beantworten alle Fragen zu Reservierungen, Zimmern, Spa und anderen Hotelangelegenheiten. Fragen Sie jedoch auch gerne alles, was Sie \u00fcber Attraktionen und Aktivit\u00e4ten&hellip;<\/p>\n","protected":false},"author":1,"featured_media":0,"parent":3655,"menu_order":50,"comment_status":"closed","ping_status":"closed","template":"","meta":{"_acf_changed":false,"footnotes":""},"pa-gang-just-nu":[],"class_list":["post-3736","page","type-page","status-publish","hentry"],"acf":[],"yoast_head":"<!-- This site is optimized with the Yoast SEO plugin v26.5 - https:\/\/yoast.com\/wordpress\/plugins\/seo\/ -->\n<title>Kontaktiere uns - Mora Hotell &amp; Spa<\/title>\n<meta name=\"description\" content=\"Kontaktieren Sie uns, wenn Sie Fragen oder W\u00fcnsche haben. Wir haben das ganze Jahr \u00fcber t\u00e4glich rund um die Uhr ge\u00f6ffnet. Wir beantworten alles rund um Buchungen.\" \/>\n<meta name=\"robots\" content=\"index, follow, max-snippet:-1, max-image-preview:large, max-video-preview:-1\" \/>\n<link rel=\"canonical\" href=\"https:\/\/morahotell.se\/de\/ueber-uns\/kontaktiere-uns\/\" \/>\n<meta property=\"og:locale\" content=\"de_DE\" \/>\n<meta property=\"og:type\" content=\"article\" \/>\n<meta property=\"og:title\" content=\"Kontaktiere uns - Mora Hotell &amp; Spa\" \/>\n<meta property=\"og:description\" content=\"Kontaktieren Sie uns, wenn Sie Fragen oder W\u00fcnsche haben. Wir haben das ganze Jahr \u00fcber t\u00e4glich rund um die Uhr ge\u00f6ffnet. Wir beantworten alles rund um Buchungen.\" \/>\n<meta property=\"og:url\" content=\"https:\/\/morahotell.se\/de\/ueber-uns\/kontaktiere-uns\/\" \/>\n<meta property=\"og:site_name\" content=\"Mora Hotell &amp; Spa\" \/>\n<meta property=\"article:modified_time\" content=\"2025-11-07T14:34:47+00:00\" \/>\n<meta name=\"twitter:card\" content=\"summary_large_image\" \/>\n<meta name=\"twitter:label1\" content=\"Gesch\u00e4tzte Lesezeit\" \/>\n\t<meta name=\"twitter:data1\" content=\"2\u00a0Minuten\" \/>\n<script type=\"application\/ld+json\" class=\"yoast-schema-graph\">{\"@context\":\"https:\/\/schema.org\",\"@graph\":[{\"@type\":\"WebPage\",\"@id\":\"https:\/\/morahotell.se\/de\/ueber-uns\/kontaktiere-uns\/\",\"url\":\"https:\/\/morahotell.se\/de\/ueber-uns\/kontaktiere-uns\/\",\"name\":\"Kontaktiere uns - Mora Hotell &amp; Spa\",\"isPartOf\":{\"@id\":\"https:\/\/morahotell.se\/de\/#website\"},\"datePublished\":\"2022-05-09T14:31:43+00:00\",\"dateModified\":\"2025-11-07T14:34:47+00:00\",\"description\":\"Kontaktieren Sie uns, wenn Sie Fragen oder W\u00fcnsche haben. Wir haben das ganze Jahr \u00fcber t\u00e4glich rund um die Uhr ge\u00f6ffnet. Wir beantworten alles rund um Buchungen.\",\"breadcrumb\":{\"@id\":\"https:\/\/morahotell.se\/de\/ueber-uns\/kontaktiere-uns\/#breadcrumb\"},\"inLanguage\":\"de\",\"potentialAction\":[{\"@type\":\"ReadAction\",\"target\":[\"https:\/\/morahotell.se\/de\/ueber-uns\/kontaktiere-uns\/\"]}]},{\"@type\":\"BreadcrumbList\",\"@id\":\"https:\/\/morahotell.se\/de\/ueber-uns\/kontaktiere-uns\/#breadcrumb\",\"itemListElement\":[{\"@type\":\"ListItem\",\"position\":1,\"name\":\"Mora hotell\",\"item\":\"https:\/\/morahotell.se\/de\/\"},{\"@type\":\"ListItem\",\"position\":2,\"name\":\"\u00dcber uns\",\"item\":\"https:\/\/morahotell.se\/de\/ueber-uns\/\"},{\"@type\":\"ListItem\",\"position\":3,\"name\":\"Kontaktiere uns\"}]},{\"@type\":\"WebSite\",\"@id\":\"https:\/\/morahotell.se\/de\/#website\",\"url\":\"https:\/\/morahotell.se\/de\/\",\"name\":\"Mora Hotell &amp; Spa\",\"description\":\"Fyrstj\u00e4rnigt hotell i Mora, n\u00e4ra Siljan\",\"potentialAction\":[{\"@type\":\"SearchAction\",\"target\":{\"@type\":\"EntryPoint\",\"urlTemplate\":\"https:\/\/morahotell.se\/de\/?s={search_term_string}\"},\"query-input\":{\"@type\":\"PropertyValueSpecification\",\"valueRequired\":true,\"valueName\":\"search_term_string\"}}],\"inLanguage\":\"de\"}]}<\/script>\n<!-- \/ Yoast SEO plugin. -->","yoast_head_json":{"title":"Kontaktiere uns - Mora Hotell &amp; Spa","description":"Kontaktieren Sie uns, wenn Sie Fragen oder W\u00fcnsche haben. Wir haben das ganze Jahr \u00fcber t\u00e4glich rund um die Uhr ge\u00f6ffnet. Wir beantworten alles rund um Buchungen.","robots":{"index":"index","follow":"follow","max-snippet":"max-snippet:-1","max-image-preview":"max-image-preview:large","max-video-preview":"max-video-preview:-1"},"canonical":"https:\/\/morahotell.se\/de\/ueber-uns\/kontaktiere-uns\/","og_locale":"de_DE","og_type":"article","og_title":"Kontaktiere uns - Mora Hotell &amp; Spa","og_description":"Kontaktieren Sie uns, wenn Sie Fragen oder W\u00fcnsche haben. Wir haben das ganze Jahr \u00fcber t\u00e4glich rund um die Uhr ge\u00f6ffnet. Wir beantworten alles rund um Buchungen.","og_url":"https:\/\/morahotell.se\/de\/ueber-uns\/kontaktiere-uns\/","og_site_name":"Mora Hotell &amp; Spa","article_modified_time":"2025-11-07T14:34:47+00:00","twitter_card":"summary_large_image","twitter_misc":{"Gesch\u00e4tzte Lesezeit":"2\u00a0Minuten"},"schema":{"@context":"https:\/\/schema.org","@graph":[{"@type":"WebPage","@id":"https:\/\/morahotell.se\/de\/ueber-uns\/kontaktiere-uns\/","url":"https:\/\/morahotell.se\/de\/ueber-uns\/kontaktiere-uns\/","name":"Kontaktiere uns - Mora Hotell &amp; Spa","isPartOf":{"@id":"https:\/\/morahotell.se\/de\/#website"},"datePublished":"2022-05-09T14:31:43+00:00","dateModified":"2025-11-07T14:34:47+00:00","description":"Kontaktieren Sie uns, wenn Sie Fragen oder W\u00fcnsche haben. Wir haben das ganze Jahr \u00fcber t\u00e4glich rund um die Uhr ge\u00f6ffnet. Wir beantworten alles rund um Buchungen.","breadcrumb":{"@id":"https:\/\/morahotell.se\/de\/ueber-uns\/kontaktiere-uns\/#breadcrumb"},"inLanguage":"de","potentialAction":[{"@type":"ReadAction","target":["https:\/\/morahotell.se\/de\/ueber-uns\/kontaktiere-uns\/"]}]},{"@type":"BreadcrumbList","@id":"https:\/\/morahotell.se\/de\/ueber-uns\/kontaktiere-uns\/#breadcrumb","itemListElement":[{"@type":"ListItem","position":1,"name":"Mora hotell","item":"https:\/\/morahotell.se\/de\/"},{"@type":"ListItem","position":2,"name":"\u00dcber uns","item":"https:\/\/morahotell.se\/de\/ueber-uns\/"},{"@type":"ListItem","position":3,"name":"Kontaktiere uns"}]},{"@type":"WebSite","@id":"https:\/\/morahotell.se\/de\/#website","url":"https:\/\/morahotell.se\/de\/","name":"Mora Hotell &amp; Spa","description":"Fyrstj\u00e4rnigt hotell i Mora, n\u00e4ra Siljan","potentialAction":[{"@type":"SearchAction","target":{"@type":"EntryPoint","urlTemplate":"https:\/\/morahotell.se\/de\/?s={search_term_string}"},"query-input":{"@type":"PropertyValueSpecification","valueRequired":true,"valueName":"search_term_string"}}],"inLanguage":"de"}]}},"_links":{"self":[{"href":"https:\/\/morahotell.se\/de\/wp-json\/wp\/v2\/pages\/3736","targetHints":{"allow":["GET"]}}],"collection":[{"href":"https:\/\/morahotell.se\/de\/wp-json\/wp\/v2\/pages"}],"about":[{"href":"https:\/\/morahotell.se\/de\/wp-json\/wp\/v2\/types\/page"}],"author":[{"embeddable":true,"href":"https:\/\/morahotell.se\/de\/wp-json\/wp\/v2\/users\/1"}],"replies":[{"embeddable":true,"href":"https:\/\/morahotell.se\/de\/wp-json\/wp\/v2\/comments?post=3736"}],"version-history":[{"count":0,"href":"https:\/\/morahotell.se\/de\/wp-json\/wp\/v2\/pages\/3736\/revisions"}],"up":[{"embeddable":true,"href":"https:\/\/morahotell.se\/de\/wp-json\/wp\/v2\/pages\/3655"}],"wp:attachment":[{"href":"https:\/\/morahotell.se\/de\/wp-json\/wp\/v2\/media?parent=3736"}],"wp:term":[{"taxonomy":"pa-gang-just-nu","embeddable":true,"href":"https:\/\/morahotell.se\/de\/wp-json\/wp\/v2\/pa-gang-just-nu?post=3736"}],"curies":[{"name":"wp","href":"https:\/\/api.w.org\/{rel}","templated":true}]}}