{"id":3728,"date":"2022-05-09T16:31:54","date_gmt":"2022-05-09T14:31:54","guid":{"rendered":"https:\/\/morahotell.se\/ueber-uns\/kop-presentkort\/"},"modified":"2025-10-09T15:28:36","modified_gmt":"2025-10-09T13:28:36","slug":"geschenkkarten-kaufen","status":"publish","type":"page","link":"https:\/\/morahotell.se\/de\/ueber-uns\/geschenkkarten-kaufen\/","title":{"rendered":"Geschenkkarten kaufen"},"content":{"rendered":"\n\n\t<h1>Geschenkkarte f\u00fcr alle Gelegenheiten<\/h1>\n\t<p>Geschenkkarte im Mora Hotell &amp; Spa &#8211; das perfekte Geschenk. Schenken Sie jemandem, der Ihnen wichtig ist, ein luxuri\u00f6ses Erlebnis.<\/p>\n\t<h2>Die Karte gilt f\u00fcr unser gesamtes Sortiment<\/h2>\n<p>Wenn Sie eine Geschenkkarte von Mora Hotell &amp; Spa verschenken, gilt diese f\u00fcr unser gesamtes Angebot &#8211; einschlie\u00dflich Unterkunft, Spa, Restaurant oder einer unserer Aktivit\u00e4ten.Sie m\u00fcssen nicht angeben, was enthalten sein soll. Lassen Sie den Empf\u00e4nger selbst w\u00e4hlen.<\/p>\n\t<h3>Was sind die verschiedenen Stufen von Geschenkkarten?<\/h3>\n<p>Sie entscheiden selbst, welcher Betrag auf der Karte stehen soll.<\/p>\n<p>Notiz! Die Karte kann nicht gegen Bargeld eingetauscht werden.<\/p>\n\t\t\t<a href=\"https:\/\/book.morahotell.se\/voucher?langid=2\" target=\"_self\">\n\t\t\t\t\t\t\tGeschenkgutscheine buchen\n\t\t\t\t\t<\/a>\n\n","protected":false},"excerpt":{"rendered":"<p>Geschenkkarte f\u00fcr alle Gelegenheiten Geschenkkarte im Mora Hotell &amp; Spa &#8211; das perfekte Geschenk. Schenken Sie jemandem, der Ihnen wichtig ist, ein luxuri\u00f6ses Erlebnis. Die Karte gilt f\u00fcr unser gesamtes Sortiment Wenn Sie eine Geschenkkarte von Mora Hotell &amp; Spa verschenken, gilt diese f\u00fcr unser gesamtes Angebot &#8211; einschlie\u00dflich Unterkunft, Spa, Restaurant oder einer unserer&hellip;<\/p>\n","protected":false},"author":1,"featured_media":0,"parent":3655,"menu_order":56,"comment_status":"closed","ping_status":"closed","template":"","meta":{"_acf_changed":false,"footnotes":""},"pa-gang-just-nu":[],"class_list":["post-3728","page","type-page","status-publish","hentry"],"acf":[],"yoast_head":"<!-- This site is optimized with the Yoast SEO plugin v26.5 - https:\/\/yoast.com\/wordpress\/plugins\/seo\/ -->\n<title>Geschenkkarten kaufen - Mora Hotell &amp; Spa<\/title>\n<meta name=\"description\" content=\"Wenn Sie eine Geschenkkarte von Mora Hotell &amp; Spa verschenken, gilt diese f\u00fcr unser gesamtes Angebot, einschlie\u00dflich Unterkunft, Spa und Restaurant.\" \/>\n<meta name=\"robots\" content=\"index, follow, max-snippet:-1, max-image-preview:large, max-video-preview:-1\" \/>\n<link rel=\"canonical\" href=\"https:\/\/morahotell.se\/de\/ueber-uns\/geschenkkarten-kaufen\/\" \/>\n<meta property=\"og:locale\" content=\"de_DE\" \/>\n<meta property=\"og:type\" content=\"article\" \/>\n<meta property=\"og:title\" content=\"Geschenkkarten kaufen - Mora Hotell &amp; Spa\" \/>\n<meta property=\"og:description\" content=\"Wenn Sie eine Geschenkkarte von Mora Hotell &amp; Spa verschenken, gilt diese f\u00fcr unser gesamtes Angebot, einschlie\u00dflich Unterkunft, Spa und Restaurant.\" \/>\n<meta property=\"og:url\" content=\"https:\/\/morahotell.se\/de\/ueber-uns\/geschenkkarten-kaufen\/\" \/>\n<meta property=\"og:site_name\" content=\"Mora Hotell &amp; Spa\" \/>\n<meta property=\"article:modified_time\" content=\"2025-10-09T13:28:36+00:00\" \/>\n<meta name=\"twitter:card\" content=\"summary_large_image\" \/>\n<meta name=\"twitter:label1\" content=\"Gesch\u00e4tzte Lesezeit\" \/>\n\t<meta name=\"twitter:data1\" content=\"1\u00a0Minute\" \/>\n<script type=\"application\/ld+json\" class=\"yoast-schema-graph\">{\"@context\":\"https:\/\/schema.org\",\"@graph\":[{\"@type\":\"WebPage\",\"@id\":\"https:\/\/morahotell.se\/de\/ueber-uns\/geschenkkarten-kaufen\/\",\"url\":\"https:\/\/morahotell.se\/de\/ueber-uns\/geschenkkarten-kaufen\/\",\"name\":\"Geschenkkarten kaufen - Mora Hotell &amp; Spa\",\"isPartOf\":{\"@id\":\"https:\/\/morahotell.se\/de\/#website\"},\"datePublished\":\"2022-05-09T14:31:54+00:00\",\"dateModified\":\"2025-10-09T13:28:36+00:00\",\"description\":\"Wenn Sie eine Geschenkkarte von Mora Hotell & Spa verschenken, gilt diese f\u00fcr unser gesamtes Angebot, einschlie\u00dflich Unterkunft, Spa und Restaurant.\",\"breadcrumb\":{\"@id\":\"https:\/\/morahotell.se\/de\/ueber-uns\/geschenkkarten-kaufen\/#breadcrumb\"},\"inLanguage\":\"de\",\"potentialAction\":[{\"@type\":\"ReadAction\",\"target\":[\"https:\/\/morahotell.se\/de\/ueber-uns\/geschenkkarten-kaufen\/\"]}]},{\"@type\":\"BreadcrumbList\",\"@id\":\"https:\/\/morahotell.se\/de\/ueber-uns\/geschenkkarten-kaufen\/#breadcrumb\",\"itemListElement\":[{\"@type\":\"ListItem\",\"position\":1,\"name\":\"Mora hotell\",\"item\":\"https:\/\/morahotell.se\/de\/\"},{\"@type\":\"ListItem\",\"position\":2,\"name\":\"\u00dcber uns\",\"item\":\"https:\/\/morahotell.se\/de\/ueber-uns\/\"},{\"@type\":\"ListItem\",\"position\":3,\"name\":\"Geschenkkarten kaufen\"}]},{\"@type\":\"WebSite\",\"@id\":\"https:\/\/morahotell.se\/de\/#website\",\"url\":\"https:\/\/morahotell.se\/de\/\",\"name\":\"Mora Hotell &amp; Spa\",\"description\":\"Fyrstj\u00e4rnigt hotell i Mora, n\u00e4ra Siljan\",\"potentialAction\":[{\"@type\":\"SearchAction\",\"target\":{\"@type\":\"EntryPoint\",\"urlTemplate\":\"https:\/\/morahotell.se\/de\/?s={search_term_string}\"},\"query-input\":{\"@type\":\"PropertyValueSpecification\",\"valueRequired\":true,\"valueName\":\"search_term_string\"}}],\"inLanguage\":\"de\"}]}<\/script>\n<!-- \/ Yoast SEO plugin. -->","yoast_head_json":{"title":"Geschenkkarten kaufen - Mora Hotell &amp; Spa","description":"Wenn Sie eine Geschenkkarte von Mora Hotell & Spa verschenken, gilt diese f\u00fcr unser gesamtes Angebot, einschlie\u00dflich Unterkunft, Spa und Restaurant.","robots":{"index":"index","follow":"follow","max-snippet":"max-snippet:-1","max-image-preview":"max-image-preview:large","max-video-preview":"max-video-preview:-1"},"canonical":"https:\/\/morahotell.se\/de\/ueber-uns\/geschenkkarten-kaufen\/","og_locale":"de_DE","og_type":"article","og_title":"Geschenkkarten kaufen - Mora Hotell &amp; Spa","og_description":"Wenn Sie eine Geschenkkarte von Mora Hotell & Spa verschenken, gilt diese f\u00fcr unser gesamtes Angebot, einschlie\u00dflich Unterkunft, Spa und Restaurant.","og_url":"https:\/\/morahotell.se\/de\/ueber-uns\/geschenkkarten-kaufen\/","og_site_name":"Mora Hotell &amp; Spa","article_modified_time":"2025-10-09T13:28:36+00:00","twitter_card":"summary_large_image","twitter_misc":{"Gesch\u00e4tzte Lesezeit":"1\u00a0Minute"},"schema":{"@context":"https:\/\/schema.org","@graph":[{"@type":"WebPage","@id":"https:\/\/morahotell.se\/de\/ueber-uns\/geschenkkarten-kaufen\/","url":"https:\/\/morahotell.se\/de\/ueber-uns\/geschenkkarten-kaufen\/","name":"Geschenkkarten kaufen - Mora Hotell &amp; Spa","isPartOf":{"@id":"https:\/\/morahotell.se\/de\/#website"},"datePublished":"2022-05-09T14:31:54+00:00","dateModified":"2025-10-09T13:28:36+00:00","description":"Wenn Sie eine Geschenkkarte von Mora Hotell & Spa verschenken, gilt diese f\u00fcr unser gesamtes Angebot, einschlie\u00dflich Unterkunft, Spa und Restaurant.","breadcrumb":{"@id":"https:\/\/morahotell.se\/de\/ueber-uns\/geschenkkarten-kaufen\/#breadcrumb"},"inLanguage":"de","potentialAction":[{"@type":"ReadAction","target":["https:\/\/morahotell.se\/de\/ueber-uns\/geschenkkarten-kaufen\/"]}]},{"@type":"BreadcrumbList","@id":"https:\/\/morahotell.se\/de\/ueber-uns\/geschenkkarten-kaufen\/#breadcrumb","itemListElement":[{"@type":"ListItem","position":1,"name":"Mora hotell","item":"https:\/\/morahotell.se\/de\/"},{"@type":"ListItem","position":2,"name":"\u00dcber uns","item":"https:\/\/morahotell.se\/de\/ueber-uns\/"},{"@type":"ListItem","position":3,"name":"Geschenkkarten kaufen"}]},{"@type":"WebSite","@id":"https:\/\/morahotell.se\/de\/#website","url":"https:\/\/morahotell.se\/de\/","name":"Mora Hotell &amp; Spa","description":"Fyrstj\u00e4rnigt hotell i Mora, n\u00e4ra Siljan","potentialAction":[{"@type":"SearchAction","target":{"@type":"EntryPoint","urlTemplate":"https:\/\/morahotell.se\/de\/?s={search_term_string}"},"query-input":{"@type":"PropertyValueSpecification","valueRequired":true,"valueName":"search_term_string"}}],"inLanguage":"de"}]}},"_links":{"self":[{"href":"https:\/\/morahotell.se\/de\/wp-json\/wp\/v2\/pages\/3728","targetHints":{"allow":["GET"]}}],"collection":[{"href":"https:\/\/morahotell.se\/de\/wp-json\/wp\/v2\/pages"}],"about":[{"href":"https:\/\/morahotell.se\/de\/wp-json\/wp\/v2\/types\/page"}],"author":[{"embeddable":true,"href":"https:\/\/morahotell.se\/de\/wp-json\/wp\/v2\/users\/1"}],"replies":[{"embeddable":true,"href":"https:\/\/morahotell.se\/de\/wp-json\/wp\/v2\/comments?post=3728"}],"version-history":[{"count":0,"href":"https:\/\/morahotell.se\/de\/wp-json\/wp\/v2\/pages\/3728\/revisions"}],"up":[{"embeddable":true,"href":"https:\/\/morahotell.se\/de\/wp-json\/wp\/v2\/pages\/3655"}],"wp:attachment":[{"href":"https:\/\/morahotell.se\/de\/wp-json\/wp\/v2\/media?parent=3728"}],"wp:term":[{"taxonomy":"pa-gang-just-nu","embeddable":true,"href":"https:\/\/morahotell.se\/de\/wp-json\/wp\/v2\/pa-gang-just-nu?post=3728"}],"curies":[{"name":"wp","href":"https:\/\/api.w.org\/{rel}","templated":true}]}}