{"id":3720,"date":"2022-05-09T16:32:04","date_gmt":"2022-05-09T14:32:04","guid":{"rendered":"https:\/\/morahotell.se\/ueber-uns\/jobba-hos-oss\/"},"modified":"2025-10-09T15:23:08","modified_gmt":"2025-10-09T13:23:08","slug":"arbeite-mit-uns","status":"publish","type":"page","link":"https:\/\/morahotell.se\/de\/ueber-uns\/arbeite-mit-uns\/","title":{"rendered":"Arbeite mit uns"},"content":{"rendered":"\n\n\t<h1>Arbeite mit uns<\/h1>\n\t<p>Wir sind st\u00e4ndig auf der Suche nach guten Mitarbeitern. F\u00fchlen Sie sich frei uns zu kontaktieren.<\/p>\n\t<h1>Arbeiten Sie im Mora Hotell &amp; Spa<\/h1>\n<h4>K\u00dcCHE MORA HOTEL<\/h4>\n<p>Jetzt suchen wir euch, die Teil unserer Gang werden wollen.<\/p>\n<p>Sie, die sich bewerben, haben keine Angst vor neuen Herausforderungen und bringen bereits Erfahrungen aus \u00e4hnlichen Aufgaben mit. Das Restaurant ist derzeit 6 Tage die Woche zum Mittag- und Abendessen ge\u00f6ffnet. W\u00e4hrend der Hochsaison ist es 7 Tage die Woche ge\u00f6ffnet.<\/p>\n<p>Der Job umfasst die \u00fcblichen Kochaufgaben, wie Men\u00fcplanung und Rohstoffkalkulation, Lagerhaltung und Inventuren. Nachverfolgung von Kennzahlen, Eigenkontrolle und Bestellungen. Sie haben die Budgetverantwortung f\u00fcr die K\u00fcche und der Budgetjob wird f\u00fcr einen Monat im Herbst vergeben. Sie sind hilfreich bei der Personalbeschaffung und sind f\u00fcr die Personal- und Terminplanung entsprechend den Anforderungen des Unternehmens verantwortlich.<\/p>\nDu verf\u00fcgst \u00fcber Kenntnisse und bist es gewohnt, Personal zu f\u00fchren und \u00fcbernimmst gro\u00dfe Verantwortung in der K\u00fcche. Ihre Rolle erfordert<br \/>\nDemut, Mut und gro\u00dfes Engagement sowie eine innovative und l\u00f6sungsorientierte Einstellung. Dar\u00fcber hinaus sind Sie kreativ, engagiert und unpr\u00e4tenti\u00f6s sowie ein sehr guter Teamplayer. Als F\u00fchrungskraft sind Sie klar, pr\u00e4sent und empathisch und haben Freude daran, andere zu inspirieren und weiterzuentwickeln.\n<p>Es handelt sich um eine Festanstellung von 100% und mit 6 Monaten Probeanstellung nach Vereinbarung. Gehalt nach Vereinbarung und Wellnesszulage.<\/p>\n<p>Wir bieten einen spannenden Arbeitsplatz, an dem kein Tag dem anderen gleicht und an dem Sie als Verantwortlicher tolle M\u00f6glichkeiten bekommen, sich einzubringen und das Gesch\u00e4ft zu beeinflussen und weiterzuentwickeln.<\/p>\n<p>Vorstellungsgespr\u00e4che laufen.<\/p>\n<p>Wenn Sie ein Teil dieses familiengef\u00fchrten Hotels und der Angebote von Mora sein m\u00f6chten, k\u00f6nnen Sie sich gerne f\u00fcr diesen Service bewerben!<\/p>\nEmma Wikholm <a href=\"callto:073026620\">073-026 62 04<\/a><br \/>\n<a href=\"mailto:emma.wikholm@morahotell.se\">emma.wikholm@morahotell.se<\/a>\n<h4>Sonstiges:<\/h4>\nWir sind st\u00e4ndig auf der Suche nach guten Mitarbeitern. F\u00fchlen Sie sich frei uns zu kontaktieren.<br \/>\nWillkommen mit Ihrer Bewerbung an emma.wikholm@morahotell.se\n<p>Wir folgen Vereinbarungen und der UN-Agenda 2030: Lesen Sie mehr \u00fcber unsere Werte und was Sie von uns erwarten k\u00f6nnen und umgekehrt: Unsere Werte<\/p>\n<p>Fragen beantwortet Emma zust\u00e4ndig HR\/Finanzen: <a href=\"callto:0730266204\">073-026 62 04<\/a><\/p>\nStandortleiter: <a href=\"mailto:petter.lund@morahotell.se\">petter.lund@morahotell.se<\/a><br \/>\nMarketing &amp; Kommunikation: <a href=\"mailto:patrick.lund@morahotell.se\">patrick.lund@morahotell.se<\/a>\n<p>&nbsp;<\/p>\n\n","protected":false},"excerpt":{"rendered":"<p>Arbeite mit uns Wir sind st\u00e4ndig auf der Suche nach guten Mitarbeitern. F\u00fchlen Sie sich frei uns zu kontaktieren. Arbeiten Sie im Mora Hotell &amp; Spa K\u00dcCHE MORA HOTEL Jetzt suchen wir euch, die Teil unserer Gang werden wollen. Sie, die sich bewerben, haben keine Angst vor neuen Herausforderungen und bringen bereits Erfahrungen aus \u00e4hnlichen&hellip;<\/p>\n","protected":false},"author":1,"featured_media":0,"parent":3655,"menu_order":41,"comment_status":"closed","ping_status":"closed","template":"","meta":{"_acf_changed":false,"footnotes":""},"pa-gang-just-nu":[],"class_list":["post-3720","page","type-page","status-publish","hentry"],"acf":[],"yoast_head":"<!-- This site is optimized with the Yoast SEO plugin v26.5 - https:\/\/yoast.com\/wordpress\/plugins\/seo\/ -->\n<title>Arbeite mit uns - Mora Hotell &amp; Spa<\/title>\n<meta name=\"description\" content=\"Bewerben Sie sich auf eine Stelle und arbeiten Sie mit dem fantastischen Team von Mora Hotell zusammen. Auf dieser Seite sehen Sie unsere Stellenangebote.\" \/>\n<meta name=\"robots\" content=\"index, follow, max-snippet:-1, max-image-preview:large, max-video-preview:-1\" \/>\n<link rel=\"canonical\" href=\"https:\/\/morahotell.se\/de\/ueber-uns\/arbeite-mit-uns\/\" \/>\n<meta property=\"og:locale\" content=\"de_DE\" \/>\n<meta property=\"og:type\" content=\"article\" \/>\n<meta property=\"og:title\" content=\"Arbeite mit uns - Mora Hotell &amp; Spa\" \/>\n<meta property=\"og:description\" content=\"Bewerben Sie sich auf eine Stelle und arbeiten Sie mit dem fantastischen Team von Mora Hotell zusammen. Auf dieser Seite sehen Sie unsere Stellenangebote.\" \/>\n<meta property=\"og:url\" content=\"https:\/\/morahotell.se\/de\/ueber-uns\/arbeite-mit-uns\/\" \/>\n<meta property=\"og:site_name\" content=\"Mora Hotell &amp; Spa\" \/>\n<meta property=\"article:modified_time\" content=\"2025-10-09T13:23:08+00:00\" \/>\n<meta name=\"twitter:card\" content=\"summary_large_image\" \/>\n<meta name=\"twitter:label1\" content=\"Gesch\u00e4tzte Lesezeit\" \/>\n\t<meta name=\"twitter:data1\" content=\"2\u00a0Minuten\" \/>\n<script type=\"application\/ld+json\" class=\"yoast-schema-graph\">{\"@context\":\"https:\/\/schema.org\",\"@graph\":[{\"@type\":\"WebPage\",\"@id\":\"https:\/\/morahotell.se\/de\/ueber-uns\/arbeite-mit-uns\/\",\"url\":\"https:\/\/morahotell.se\/de\/ueber-uns\/arbeite-mit-uns\/\",\"name\":\"Arbeite mit uns - Mora Hotell &amp; Spa\",\"isPartOf\":{\"@id\":\"https:\/\/morahotell.se\/de\/#website\"},\"datePublished\":\"2022-05-09T14:32:04+00:00\",\"dateModified\":\"2025-10-09T13:23:08+00:00\",\"description\":\"Bewerben Sie sich auf eine Stelle und arbeiten Sie mit dem fantastischen Team von Mora Hotell zusammen. Auf dieser Seite sehen Sie unsere Stellenangebote.\",\"breadcrumb\":{\"@id\":\"https:\/\/morahotell.se\/de\/ueber-uns\/arbeite-mit-uns\/#breadcrumb\"},\"inLanguage\":\"de\",\"potentialAction\":[{\"@type\":\"ReadAction\",\"target\":[\"https:\/\/morahotell.se\/de\/ueber-uns\/arbeite-mit-uns\/\"]}]},{\"@type\":\"BreadcrumbList\",\"@id\":\"https:\/\/morahotell.se\/de\/ueber-uns\/arbeite-mit-uns\/#breadcrumb\",\"itemListElement\":[{\"@type\":\"ListItem\",\"position\":1,\"name\":\"Mora hotell\",\"item\":\"https:\/\/morahotell.se\/de\/\"},{\"@type\":\"ListItem\",\"position\":2,\"name\":\"\u00dcber uns\",\"item\":\"https:\/\/morahotell.se\/de\/ueber-uns\/\"},{\"@type\":\"ListItem\",\"position\":3,\"name\":\"Arbeite mit uns\"}]},{\"@type\":\"WebSite\",\"@id\":\"https:\/\/morahotell.se\/de\/#website\",\"url\":\"https:\/\/morahotell.se\/de\/\",\"name\":\"Mora Hotell &amp; Spa\",\"description\":\"Fyrstj\u00e4rnigt hotell i Mora, n\u00e4ra Siljan\",\"potentialAction\":[{\"@type\":\"SearchAction\",\"target\":{\"@type\":\"EntryPoint\",\"urlTemplate\":\"https:\/\/morahotell.se\/de\/?s={search_term_string}\"},\"query-input\":{\"@type\":\"PropertyValueSpecification\",\"valueRequired\":true,\"valueName\":\"search_term_string\"}}],\"inLanguage\":\"de\"}]}<\/script>\n<!-- \/ Yoast SEO plugin. -->","yoast_head_json":{"title":"Arbeite mit uns - Mora Hotell &amp; Spa","description":"Bewerben Sie sich auf eine Stelle und arbeiten Sie mit dem fantastischen Team von Mora Hotell zusammen. Auf dieser Seite sehen Sie unsere Stellenangebote.","robots":{"index":"index","follow":"follow","max-snippet":"max-snippet:-1","max-image-preview":"max-image-preview:large","max-video-preview":"max-video-preview:-1"},"canonical":"https:\/\/morahotell.se\/de\/ueber-uns\/arbeite-mit-uns\/","og_locale":"de_DE","og_type":"article","og_title":"Arbeite mit uns - Mora Hotell &amp; Spa","og_description":"Bewerben Sie sich auf eine Stelle und arbeiten Sie mit dem fantastischen Team von Mora Hotell zusammen. Auf dieser Seite sehen Sie unsere Stellenangebote.","og_url":"https:\/\/morahotell.se\/de\/ueber-uns\/arbeite-mit-uns\/","og_site_name":"Mora Hotell &amp; Spa","article_modified_time":"2025-10-09T13:23:08+00:00","twitter_card":"summary_large_image","twitter_misc":{"Gesch\u00e4tzte Lesezeit":"2\u00a0Minuten"},"schema":{"@context":"https:\/\/schema.org","@graph":[{"@type":"WebPage","@id":"https:\/\/morahotell.se\/de\/ueber-uns\/arbeite-mit-uns\/","url":"https:\/\/morahotell.se\/de\/ueber-uns\/arbeite-mit-uns\/","name":"Arbeite mit uns - Mora Hotell &amp; Spa","isPartOf":{"@id":"https:\/\/morahotell.se\/de\/#website"},"datePublished":"2022-05-09T14:32:04+00:00","dateModified":"2025-10-09T13:23:08+00:00","description":"Bewerben Sie sich auf eine Stelle und arbeiten Sie mit dem fantastischen Team von Mora Hotell zusammen. Auf dieser Seite sehen Sie unsere Stellenangebote.","breadcrumb":{"@id":"https:\/\/morahotell.se\/de\/ueber-uns\/arbeite-mit-uns\/#breadcrumb"},"inLanguage":"de","potentialAction":[{"@type":"ReadAction","target":["https:\/\/morahotell.se\/de\/ueber-uns\/arbeite-mit-uns\/"]}]},{"@type":"BreadcrumbList","@id":"https:\/\/morahotell.se\/de\/ueber-uns\/arbeite-mit-uns\/#breadcrumb","itemListElement":[{"@type":"ListItem","position":1,"name":"Mora hotell","item":"https:\/\/morahotell.se\/de\/"},{"@type":"ListItem","position":2,"name":"\u00dcber uns","item":"https:\/\/morahotell.se\/de\/ueber-uns\/"},{"@type":"ListItem","position":3,"name":"Arbeite mit uns"}]},{"@type":"WebSite","@id":"https:\/\/morahotell.se\/de\/#website","url":"https:\/\/morahotell.se\/de\/","name":"Mora Hotell &amp; Spa","description":"Fyrstj\u00e4rnigt hotell i Mora, n\u00e4ra Siljan","potentialAction":[{"@type":"SearchAction","target":{"@type":"EntryPoint","urlTemplate":"https:\/\/morahotell.se\/de\/?s={search_term_string}"},"query-input":{"@type":"PropertyValueSpecification","valueRequired":true,"valueName":"search_term_string"}}],"inLanguage":"de"}]}},"_links":{"self":[{"href":"https:\/\/morahotell.se\/de\/wp-json\/wp\/v2\/pages\/3720","targetHints":{"allow":["GET"]}}],"collection":[{"href":"https:\/\/morahotell.se\/de\/wp-json\/wp\/v2\/pages"}],"about":[{"href":"https:\/\/morahotell.se\/de\/wp-json\/wp\/v2\/types\/page"}],"author":[{"embeddable":true,"href":"https:\/\/morahotell.se\/de\/wp-json\/wp\/v2\/users\/1"}],"replies":[{"embeddable":true,"href":"https:\/\/morahotell.se\/de\/wp-json\/wp\/v2\/comments?post=3720"}],"version-history":[{"count":0,"href":"https:\/\/morahotell.se\/de\/wp-json\/wp\/v2\/pages\/3720\/revisions"}],"up":[{"embeddable":true,"href":"https:\/\/morahotell.se\/de\/wp-json\/wp\/v2\/pages\/3655"}],"wp:attachment":[{"href":"https:\/\/morahotell.se\/de\/wp-json\/wp\/v2\/media?parent=3720"}],"wp:term":[{"taxonomy":"pa-gang-just-nu","embeddable":true,"href":"https:\/\/morahotell.se\/de\/wp-json\/wp\/v2\/pa-gang-just-nu?post=3720"}],"curies":[{"name":"wp","href":"https:\/\/api.w.org\/{rel}","templated":true}]}}