{"id":3692,"date":"2022-05-09T16:32:31","date_gmt":"2022-05-09T14:32:31","guid":{"rendered":"https:\/\/morahotell.se\/ueber-uns\/green-key\/"},"modified":"2025-10-09T15:18:29","modified_gmt":"2025-10-09T13:18:29","slug":"green-key","status":"publish","type":"page","link":"https:\/\/morahotell.se\/de\/ueber-uns\/green-key\/","title":{"rendered":"Green key"},"content":{"rendered":"\n\n\t<h1>Green Key<\/h1>\n\t<h1>Green Key<\/h1>\n<p>Mora Hotell &amp; Spa ist nach Green Key Kriterien zertifiziert.<\/p>\n<p>Mora Hotell &amp; Spa m\u00f6chte seinen G\u00e4sten ein Erlebnis bieten, bei dem Nachhaltigkeit durchdringt und ein nat\u00fcrlicher Bestandteil der t\u00e4glichen Arbeit ist. Wir verpflichten uns, die Umweltauswirkungen unserer Gesch\u00e4ftst\u00e4tigkeit zu vermeiden und zu reduzieren, und arbeiten aktiv an kontinuierlichen Verbesserungen unserer Nachhaltigkeitsarbeit, z. durch die Formulierung von Jahreszielen. Wir konzentrieren uns darauf, sowohl Mitarbeiter als auch G\u00e4ste im Bereich Umwelt und Nachhaltigkeit zu schulen und zu informieren, um ein gesteigertes Umweltbewusstsein und -engagement zu erreichen.<\/p>\n\t\t\t\t<img decoding=\"async\" src=\"https:\/\/morahotell.se\/wp-content\/uploads\/2022\/04\/Green-Key-certifikat-2021-Mora-Hotell-Spa-1.jpg\" alt=\"Green-Key-certifikat-2021-Mora-Hotell-Spa\" itemprop=\"image\" height=\"842\" width=\"596\" title=\"Green-Key-certifikat-2021-Mora-Hotell-Spa\" onerror=\"this.style.display='none'\" loading=\"lazy\" \/>\n\t<p>Unsere gr\u00f6\u00dften direkten Auswirkungen auf die Umwelt resultieren aus unserem Verbrauch von Ressourcen wie Energie, Wasser und Abfall. Wir streben danach, unseren Energie- und Wasserverbrauch aktiv zu reduzieren und arbeiten mit Abfallminimierung und Quellensortierung. Wir verwenden 100 % erneuerbaren Strom aus Sonne, Wind und Wasser sowie effizientere Technologien f\u00fcr Ressourcen. Wir messen und \u00fcberwachen unsere Umweltleistung regelm\u00e4\u00dfig, z. durch Messung des Wasser-, Strom- und Energieverbrauchs.<\/p>\n<p>Wir haben auch einen gro\u00dfen indirekten Einfluss auf die Umwelt in Form unserer Kaufentscheidungen, z. aktuelle Lebensmittel und Chemikalien. Wir verpflichten uns, in unserem Restaurant so viel wie m\u00f6glich lokal produzierte, mit Umweltzeichen versehene und saisonale Lebensmittel einzukaufen, Lebensmittelabf\u00e4lle zu minimieren und Reinigungsprodukte mit Umweltzeichen zu kaufen.<\/p>\n<p>Dar\u00fcber hinaus werden wir uns gemeinsam mit den Lieferanten f\u00fcr Mitarbeiter und G\u00e4ste f\u00fcr soziale Nachhaltigkeit in unserer unmittelbaren Umgebung einsetzen, wo Lokalit\u00e4t ein zentraler Wert ist.<\/p>\n<p>Wir halten uns an Gesetze, Regeln und Anforderungen durch unser Engagement f\u00fcr Green Key und ermutigen andere Spieler und G\u00e4ste, dasselbe zu tun.<\/p>\n<p>Das Mora Hotell &amp; Spa m\u00f6chte eine nachhaltige Hotellerie schaffen und andere Akteure, Lieferanten, Mitarbeiter und G\u00e4ste dazu inspirieren, sich f\u00fcr Umwelt- und Nachhaltigkeitsthemen zu engagieren.<\/p>\n<p>Green Key ist ein international f\u00fchrendes Umweltzeichen in der Tourismusbranche.<\/p>\n<p>Green Key hilft uns, mit Nachhaltigkeitsthemen zu arbeiten und unsere Umweltauswirkungen mit Tools und Schulungen zur Zertifizierung unseres Unternehmens zu reduzieren.<\/p>\n<p>Lesen Sie mehr \u00fcber Green Key<\/p>\n<p>Mora am 31.3.2021<\/p>\n<p>Seitenverwalter<\/p>\n<p>Peter Lund<\/p>\n\n","protected":false},"excerpt":{"rendered":"<p>Green Key Green Key Mora Hotell &amp; Spa ist nach Green Key Kriterien zertifiziert. Mora Hotell &amp; Spa m\u00f6chte seinen G\u00e4sten ein Erlebnis bieten, bei dem Nachhaltigkeit durchdringt und ein nat\u00fcrlicher Bestandteil der t\u00e4glichen Arbeit ist. Wir verpflichten uns, die Umweltauswirkungen unserer Gesch\u00e4ftst\u00e4tigkeit zu vermeiden und zu reduzieren, und arbeiten aktiv an kontinuierlichen Verbesserungen unserer&hellip;<\/p>\n","protected":false},"author":1,"featured_media":29689,"parent":3655,"menu_order":26,"comment_status":"closed","ping_status":"closed","template":"","meta":{"_acf_changed":false,"footnotes":""},"pa-gang-just-nu":[],"class_list":["post-3692","page","type-page","status-publish","has-post-thumbnail","hentry"],"acf":[],"yoast_head":"<!-- This site is optimized with the Yoast SEO plugin v26.5 - https:\/\/yoast.com\/wordpress\/plugins\/seo\/ -->\n<title>Green key - Mora Hotell &amp; Spa<\/title>\n<meta name=\"description\" content=\"Wir schaffen eine nachhaltige Hotellerie, inspirieren andere Akteure, Lieferanten, Mitarbeiter und G\u00e4ste, sich f\u00fcr Umwelt- und Nachhaltigkeitsthemen zu engagieren.\" \/>\n<meta name=\"robots\" content=\"index, follow, max-snippet:-1, max-image-preview:large, max-video-preview:-1\" \/>\n<link rel=\"canonical\" href=\"https:\/\/morahotell.se\/de\/ueber-uns\/green-key\/\" \/>\n<meta property=\"og:locale\" content=\"de_DE\" \/>\n<meta property=\"og:type\" content=\"article\" \/>\n<meta property=\"og:title\" content=\"Green key - Mora Hotell &amp; Spa\" \/>\n<meta property=\"og:description\" content=\"Wir schaffen eine nachhaltige Hotellerie, inspirieren andere Akteure, Lieferanten, Mitarbeiter und G\u00e4ste, sich f\u00fcr Umwelt- und Nachhaltigkeitsthemen zu engagieren.\" \/>\n<meta property=\"og:url\" content=\"https:\/\/morahotell.se\/de\/ueber-uns\/green-key\/\" \/>\n<meta property=\"og:site_name\" content=\"Mora Hotell &amp; Spa\" \/>\n<meta property=\"article:modified_time\" content=\"2025-10-09T13:18:29+00:00\" \/>\n<meta name=\"twitter:card\" content=\"summary_large_image\" \/>\n<meta name=\"twitter:label1\" content=\"Gesch\u00e4tzte Lesezeit\" \/>\n\t<meta name=\"twitter:data1\" content=\"2\u00a0Minuten\" \/>\n<script type=\"application\/ld+json\" class=\"yoast-schema-graph\">{\"@context\":\"https:\/\/schema.org\",\"@graph\":[{\"@type\":\"WebPage\",\"@id\":\"https:\/\/morahotell.se\/de\/ueber-uns\/green-key\/\",\"url\":\"https:\/\/morahotell.se\/de\/ueber-uns\/green-key\/\",\"name\":\"Green key - Mora Hotell &amp; Spa\",\"isPartOf\":{\"@id\":\"https:\/\/morahotell.se\/de\/#website\"},\"primaryImageOfPage\":{\"@id\":\"https:\/\/morahotell.se\/de\/ueber-uns\/green-key\/#primaryimage\"},\"image\":{\"@id\":\"https:\/\/morahotell.se\/de\/ueber-uns\/green-key\/#primaryimage\"},\"thumbnailUrl\":\"https:\/\/morahotell.se\/wp-content\/uploads\/2025\/09\/GK-certifikat-2024-Mora-Hotell-SPA-2-pdf.jpg\",\"datePublished\":\"2022-05-09T14:32:31+00:00\",\"dateModified\":\"2025-10-09T13:18:29+00:00\",\"description\":\"Wir schaffen eine nachhaltige Hotellerie, inspirieren andere Akteure, Lieferanten, Mitarbeiter und G\u00e4ste, sich f\u00fcr Umwelt- und Nachhaltigkeitsthemen zu engagieren.\",\"breadcrumb\":{\"@id\":\"https:\/\/morahotell.se\/de\/ueber-uns\/green-key\/#breadcrumb\"},\"inLanguage\":\"de\",\"potentialAction\":[{\"@type\":\"ReadAction\",\"target\":[\"https:\/\/morahotell.se\/de\/ueber-uns\/green-key\/\"]}]},{\"@type\":\"ImageObject\",\"inLanguage\":\"de\",\"@id\":\"https:\/\/morahotell.se\/de\/ueber-uns\/green-key\/#primaryimage\",\"url\":\"https:\/\/morahotell.se\/wp-content\/uploads\/2025\/09\/GK-certifikat-2024-Mora-Hotell-SPA-2-pdf.jpg\",\"contentUrl\":\"https:\/\/morahotell.se\/wp-content\/uploads\/2025\/09\/GK-certifikat-2024-Mora-Hotell-SPA-2-pdf.jpg\"},{\"@type\":\"BreadcrumbList\",\"@id\":\"https:\/\/morahotell.se\/de\/ueber-uns\/green-key\/#breadcrumb\",\"itemListElement\":[{\"@type\":\"ListItem\",\"position\":1,\"name\":\"Mora hotell\",\"item\":\"https:\/\/morahotell.se\/de\/\"},{\"@type\":\"ListItem\",\"position\":2,\"name\":\"\u00dcber uns\",\"item\":\"https:\/\/morahotell.se\/de\/ueber-uns\/\"},{\"@type\":\"ListItem\",\"position\":3,\"name\":\"Green key\"}]},{\"@type\":\"WebSite\",\"@id\":\"https:\/\/morahotell.se\/de\/#website\",\"url\":\"https:\/\/morahotell.se\/de\/\",\"name\":\"Mora Hotell &amp; Spa\",\"description\":\"Fyrstj\u00e4rnigt hotell i Mora, n\u00e4ra Siljan\",\"potentialAction\":[{\"@type\":\"SearchAction\",\"target\":{\"@type\":\"EntryPoint\",\"urlTemplate\":\"https:\/\/morahotell.se\/de\/?s={search_term_string}\"},\"query-input\":{\"@type\":\"PropertyValueSpecification\",\"valueRequired\":true,\"valueName\":\"search_term_string\"}}],\"inLanguage\":\"de\"}]}<\/script>\n<!-- \/ Yoast SEO plugin. -->","yoast_head_json":{"title":"Green key - Mora Hotell &amp; Spa","description":"Wir schaffen eine nachhaltige Hotellerie, inspirieren andere Akteure, Lieferanten, Mitarbeiter und G\u00e4ste, sich f\u00fcr Umwelt- und Nachhaltigkeitsthemen zu engagieren.","robots":{"index":"index","follow":"follow","max-snippet":"max-snippet:-1","max-image-preview":"max-image-preview:large","max-video-preview":"max-video-preview:-1"},"canonical":"https:\/\/morahotell.se\/de\/ueber-uns\/green-key\/","og_locale":"de_DE","og_type":"article","og_title":"Green key - Mora Hotell &amp; Spa","og_description":"Wir schaffen eine nachhaltige Hotellerie, inspirieren andere Akteure, Lieferanten, Mitarbeiter und G\u00e4ste, sich f\u00fcr Umwelt- und Nachhaltigkeitsthemen zu engagieren.","og_url":"https:\/\/morahotell.se\/de\/ueber-uns\/green-key\/","og_site_name":"Mora Hotell &amp; Spa","article_modified_time":"2025-10-09T13:18:29+00:00","twitter_card":"summary_large_image","twitter_misc":{"Gesch\u00e4tzte Lesezeit":"2\u00a0Minuten"},"schema":{"@context":"https:\/\/schema.org","@graph":[{"@type":"WebPage","@id":"https:\/\/morahotell.se\/de\/ueber-uns\/green-key\/","url":"https:\/\/morahotell.se\/de\/ueber-uns\/green-key\/","name":"Green key - Mora Hotell &amp; Spa","isPartOf":{"@id":"https:\/\/morahotell.se\/de\/#website"},"primaryImageOfPage":{"@id":"https:\/\/morahotell.se\/de\/ueber-uns\/green-key\/#primaryimage"},"image":{"@id":"https:\/\/morahotell.se\/de\/ueber-uns\/green-key\/#primaryimage"},"thumbnailUrl":"https:\/\/morahotell.se\/wp-content\/uploads\/2025\/09\/GK-certifikat-2024-Mora-Hotell-SPA-2-pdf.jpg","datePublished":"2022-05-09T14:32:31+00:00","dateModified":"2025-10-09T13:18:29+00:00","description":"Wir schaffen eine nachhaltige Hotellerie, inspirieren andere Akteure, Lieferanten, Mitarbeiter und G\u00e4ste, sich f\u00fcr Umwelt- und Nachhaltigkeitsthemen zu engagieren.","breadcrumb":{"@id":"https:\/\/morahotell.se\/de\/ueber-uns\/green-key\/#breadcrumb"},"inLanguage":"de","potentialAction":[{"@type":"ReadAction","target":["https:\/\/morahotell.se\/de\/ueber-uns\/green-key\/"]}]},{"@type":"ImageObject","inLanguage":"de","@id":"https:\/\/morahotell.se\/de\/ueber-uns\/green-key\/#primaryimage","url":"https:\/\/morahotell.se\/wp-content\/uploads\/2025\/09\/GK-certifikat-2024-Mora-Hotell-SPA-2-pdf.jpg","contentUrl":"https:\/\/morahotell.se\/wp-content\/uploads\/2025\/09\/GK-certifikat-2024-Mora-Hotell-SPA-2-pdf.jpg"},{"@type":"BreadcrumbList","@id":"https:\/\/morahotell.se\/de\/ueber-uns\/green-key\/#breadcrumb","itemListElement":[{"@type":"ListItem","position":1,"name":"Mora hotell","item":"https:\/\/morahotell.se\/de\/"},{"@type":"ListItem","position":2,"name":"\u00dcber uns","item":"https:\/\/morahotell.se\/de\/ueber-uns\/"},{"@type":"ListItem","position":3,"name":"Green key"}]},{"@type":"WebSite","@id":"https:\/\/morahotell.se\/de\/#website","url":"https:\/\/morahotell.se\/de\/","name":"Mora Hotell &amp; Spa","description":"Fyrstj\u00e4rnigt hotell i Mora, n\u00e4ra Siljan","potentialAction":[{"@type":"SearchAction","target":{"@type":"EntryPoint","urlTemplate":"https:\/\/morahotell.se\/de\/?s={search_term_string}"},"query-input":{"@type":"PropertyValueSpecification","valueRequired":true,"valueName":"search_term_string"}}],"inLanguage":"de"}]}},"_links":{"self":[{"href":"https:\/\/morahotell.se\/de\/wp-json\/wp\/v2\/pages\/3692","targetHints":{"allow":["GET"]}}],"collection":[{"href":"https:\/\/morahotell.se\/de\/wp-json\/wp\/v2\/pages"}],"about":[{"href":"https:\/\/morahotell.se\/de\/wp-json\/wp\/v2\/types\/page"}],"author":[{"embeddable":true,"href":"https:\/\/morahotell.se\/de\/wp-json\/wp\/v2\/users\/1"}],"replies":[{"embeddable":true,"href":"https:\/\/morahotell.se\/de\/wp-json\/wp\/v2\/comments?post=3692"}],"version-history":[{"count":0,"href":"https:\/\/morahotell.se\/de\/wp-json\/wp\/v2\/pages\/3692\/revisions"}],"up":[{"embeddable":true,"href":"https:\/\/morahotell.se\/de\/wp-json\/wp\/v2\/pages\/3655"}],"wp:featuredmedia":[{"embeddable":true,"href":"https:\/\/morahotell.se\/de\/wp-json\/wp\/v2\/media\/29689"}],"wp:attachment":[{"href":"https:\/\/morahotell.se\/de\/wp-json\/wp\/v2\/media?parent=3692"}],"wp:term":[{"taxonomy":"pa-gang-just-nu","embeddable":true,"href":"https:\/\/morahotell.se\/de\/wp-json\/wp\/v2\/pa-gang-just-nu?post=3692"}],"curies":[{"name":"wp","href":"https:\/\/api.w.org\/{rel}","templated":true}]}}