{"id":3684,"date":"2022-05-09T16:32:39","date_gmt":"2022-05-09T14:32:39","guid":{"rendered":"https:\/\/morahotell.se\/ueber-uns\/bildgalleri\/"},"modified":"2025-10-09T15:14:10","modified_gmt":"2025-10-09T13:14:10","slug":"bildergalerie","status":"publish","type":"page","link":"https:\/\/morahotell.se\/de\/ueber-uns\/bildergalerie\/","title":{"rendered":"Bildergalerie"},"content":{"rendered":"\n\n\t<h1>Bildergalerie<\/h1>\n\t<p>Hier eine Auswahl an Fotos von unserem Hotel!<\/p>\n\n","protected":false},"excerpt":{"rendered":"<p>Bildergalerie Hier eine Auswahl an Fotos von unserem Hotel!<\/p>\n","protected":false},"author":1,"featured_media":0,"parent":3655,"menu_order":12,"comment_status":"closed","ping_status":"closed","template":"","meta":{"_acf_changed":false,"footnotes":""},"pa-gang-just-nu":[],"class_list":["post-3684","page","type-page","status-publish","hentry"],"acf":[],"yoast_head":"<!-- This site is optimized with the Yoast SEO plugin v26.5 - https:\/\/yoast.com\/wordpress\/plugins\/seo\/ -->\n<title>Bildergalerie - Mora Hotell &amp; Spa<\/title>\n<meta name=\"description\" content=\"Hier eine Auswahl an Fotos von unserem Hotel! Genie\u00dfen Sie die wundersch\u00f6ne Natur, fotogenes Essen und beobachten Sie unsere Aktivit\u00e4ten.\" \/>\n<meta name=\"robots\" content=\"index, follow, max-snippet:-1, max-image-preview:large, max-video-preview:-1\" \/>\n<link rel=\"canonical\" href=\"https:\/\/morahotell.se\/de\/ueber-uns\/bildergalerie\/\" \/>\n<meta property=\"og:locale\" content=\"de_DE\" \/>\n<meta property=\"og:type\" content=\"article\" \/>\n<meta property=\"og:title\" content=\"Bildergalerie - Mora Hotell &amp; Spa\" \/>\n<meta property=\"og:description\" content=\"Hier eine Auswahl an Fotos von unserem Hotel! Genie\u00dfen Sie die wundersch\u00f6ne Natur, fotogenes Essen und beobachten Sie unsere Aktivit\u00e4ten.\" \/>\n<meta property=\"og:url\" content=\"https:\/\/morahotell.se\/de\/ueber-uns\/bildergalerie\/\" \/>\n<meta property=\"og:site_name\" content=\"Mora Hotell &amp; Spa\" \/>\n<meta property=\"article:modified_time\" content=\"2025-10-09T13:14:10+00:00\" \/>\n<meta name=\"twitter:card\" content=\"summary_large_image\" \/>\n<script type=\"application\/ld+json\" class=\"yoast-schema-graph\">{\"@context\":\"https:\/\/schema.org\",\"@graph\":[{\"@type\":\"WebPage\",\"@id\":\"https:\/\/morahotell.se\/de\/ueber-uns\/bildergalerie\/\",\"url\":\"https:\/\/morahotell.se\/de\/ueber-uns\/bildergalerie\/\",\"name\":\"Bildergalerie - Mora Hotell &amp; Spa\",\"isPartOf\":{\"@id\":\"https:\/\/morahotell.se\/de\/#website\"},\"datePublished\":\"2022-05-09T14:32:39+00:00\",\"dateModified\":\"2025-10-09T13:14:10+00:00\",\"description\":\"Hier eine Auswahl an Fotos von unserem Hotel! Genie\u00dfen Sie die wundersch\u00f6ne Natur, fotogenes Essen und beobachten Sie unsere Aktivit\u00e4ten.\",\"breadcrumb\":{\"@id\":\"https:\/\/morahotell.se\/de\/ueber-uns\/bildergalerie\/#breadcrumb\"},\"inLanguage\":\"de\",\"potentialAction\":[{\"@type\":\"ReadAction\",\"target\":[\"https:\/\/morahotell.se\/de\/ueber-uns\/bildergalerie\/\"]}]},{\"@type\":\"BreadcrumbList\",\"@id\":\"https:\/\/morahotell.se\/de\/ueber-uns\/bildergalerie\/#breadcrumb\",\"itemListElement\":[{\"@type\":\"ListItem\",\"position\":1,\"name\":\"Mora hotell\",\"item\":\"https:\/\/morahotell.se\/de\/\"},{\"@type\":\"ListItem\",\"position\":2,\"name\":\"\u00dcber uns\",\"item\":\"https:\/\/morahotell.se\/de\/ueber-uns\/\"},{\"@type\":\"ListItem\",\"position\":3,\"name\":\"Bildergalerie\"}]},{\"@type\":\"WebSite\",\"@id\":\"https:\/\/morahotell.se\/de\/#website\",\"url\":\"https:\/\/morahotell.se\/de\/\",\"name\":\"Mora Hotell &amp; Spa\",\"description\":\"Fyrstj\u00e4rnigt hotell i Mora, n\u00e4ra Siljan\",\"potentialAction\":[{\"@type\":\"SearchAction\",\"target\":{\"@type\":\"EntryPoint\",\"urlTemplate\":\"https:\/\/morahotell.se\/de\/?s={search_term_string}\"},\"query-input\":{\"@type\":\"PropertyValueSpecification\",\"valueRequired\":true,\"valueName\":\"search_term_string\"}}],\"inLanguage\":\"de\"}]}<\/script>\n<!-- \/ Yoast SEO plugin. -->","yoast_head_json":{"title":"Bildergalerie - Mora Hotell &amp; Spa","description":"Hier eine Auswahl an Fotos von unserem Hotel! Genie\u00dfen Sie die wundersch\u00f6ne Natur, fotogenes Essen und beobachten Sie unsere Aktivit\u00e4ten.","robots":{"index":"index","follow":"follow","max-snippet":"max-snippet:-1","max-image-preview":"max-image-preview:large","max-video-preview":"max-video-preview:-1"},"canonical":"https:\/\/morahotell.se\/de\/ueber-uns\/bildergalerie\/","og_locale":"de_DE","og_type":"article","og_title":"Bildergalerie - Mora Hotell &amp; Spa","og_description":"Hier eine Auswahl an Fotos von unserem Hotel! Genie\u00dfen Sie die wundersch\u00f6ne Natur, fotogenes Essen und beobachten Sie unsere Aktivit\u00e4ten.","og_url":"https:\/\/morahotell.se\/de\/ueber-uns\/bildergalerie\/","og_site_name":"Mora Hotell &amp; Spa","article_modified_time":"2025-10-09T13:14:10+00:00","twitter_card":"summary_large_image","schema":{"@context":"https:\/\/schema.org","@graph":[{"@type":"WebPage","@id":"https:\/\/morahotell.se\/de\/ueber-uns\/bildergalerie\/","url":"https:\/\/morahotell.se\/de\/ueber-uns\/bildergalerie\/","name":"Bildergalerie - Mora Hotell &amp; Spa","isPartOf":{"@id":"https:\/\/morahotell.se\/de\/#website"},"datePublished":"2022-05-09T14:32:39+00:00","dateModified":"2025-10-09T13:14:10+00:00","description":"Hier eine Auswahl an Fotos von unserem Hotel! Genie\u00dfen Sie die wundersch\u00f6ne Natur, fotogenes Essen und beobachten Sie unsere Aktivit\u00e4ten.","breadcrumb":{"@id":"https:\/\/morahotell.se\/de\/ueber-uns\/bildergalerie\/#breadcrumb"},"inLanguage":"de","potentialAction":[{"@type":"ReadAction","target":["https:\/\/morahotell.se\/de\/ueber-uns\/bildergalerie\/"]}]},{"@type":"BreadcrumbList","@id":"https:\/\/morahotell.se\/de\/ueber-uns\/bildergalerie\/#breadcrumb","itemListElement":[{"@type":"ListItem","position":1,"name":"Mora hotell","item":"https:\/\/morahotell.se\/de\/"},{"@type":"ListItem","position":2,"name":"\u00dcber uns","item":"https:\/\/morahotell.se\/de\/ueber-uns\/"},{"@type":"ListItem","position":3,"name":"Bildergalerie"}]},{"@type":"WebSite","@id":"https:\/\/morahotell.se\/de\/#website","url":"https:\/\/morahotell.se\/de\/","name":"Mora Hotell &amp; Spa","description":"Fyrstj\u00e4rnigt hotell i Mora, n\u00e4ra Siljan","potentialAction":[{"@type":"SearchAction","target":{"@type":"EntryPoint","urlTemplate":"https:\/\/morahotell.se\/de\/?s={search_term_string}"},"query-input":{"@type":"PropertyValueSpecification","valueRequired":true,"valueName":"search_term_string"}}],"inLanguage":"de"}]}},"_links":{"self":[{"href":"https:\/\/morahotell.se\/de\/wp-json\/wp\/v2\/pages\/3684","targetHints":{"allow":["GET"]}}],"collection":[{"href":"https:\/\/morahotell.se\/de\/wp-json\/wp\/v2\/pages"}],"about":[{"href":"https:\/\/morahotell.se\/de\/wp-json\/wp\/v2\/types\/page"}],"author":[{"embeddable":true,"href":"https:\/\/morahotell.se\/de\/wp-json\/wp\/v2\/users\/1"}],"replies":[{"embeddable":true,"href":"https:\/\/morahotell.se\/de\/wp-json\/wp\/v2\/comments?post=3684"}],"version-history":[{"count":0,"href":"https:\/\/morahotell.se\/de\/wp-json\/wp\/v2\/pages\/3684\/revisions"}],"up":[{"embeddable":true,"href":"https:\/\/morahotell.se\/de\/wp-json\/wp\/v2\/pages\/3655"}],"wp:attachment":[{"href":"https:\/\/morahotell.se\/de\/wp-json\/wp\/v2\/media?parent=3684"}],"wp:term":[{"taxonomy":"pa-gang-just-nu","embeddable":true,"href":"https:\/\/morahotell.se\/de\/wp-json\/wp\/v2\/pa-gang-just-nu?post=3684"}],"curies":[{"name":"wp","href":"https:\/\/api.w.org\/{rel}","templated":true}]}}