{"id":3655,"date":"2022-05-09T16:28:10","date_gmt":"2022-05-09T14:28:10","guid":{"rendered":"https:\/\/morahotell.se\/om-oss\/"},"modified":"2025-10-09T14:33:05","modified_gmt":"2025-10-09T12:33:05","slug":"ueber-uns","status":"publish","type":"page","link":"https:\/\/morahotell.se\/de\/ueber-uns\/","title":{"rendered":"\u00dcber uns"},"content":{"rendered":"\n\n\t<h1>\u00dcber Mora Hotell &amp; Spa<\/h1>\n\t<h2>\u00dcber uns<\/h2>\n<p>Mora Hotell &amp; Spa wird seit 2018 von der Familie Lund gef\u00fchrt. Am Ende haben wir unser Zuhause in Mora gefunden, nachdem wir in ganz Europa gelebt und gearbeitet haben, aber Mora und Dalarna sind magisch!. Jetzt haben wir all die Liebe zu Essen, Wein und Lebensfreude mit nach Mora gebracht, denn dies ist der sch\u00f6nste Ort der Welt.<\/p>\n<p>Die Anlage ist f\u00fcr G\u00e4ste, die Mora besuchen und dann \u00fcbernachten und vier Sterne essen m\u00f6chten. Dabei wird gro\u00dfer Wert auf das Wohl der Region und ihrer Bewohner gelegt. Die Einheimischen von Mora sollten stolz auf das Mora Hotell &amp; Spa mit seiner alten und charmanten Umgebung sein.<\/p>\n<p>Wir haben eine begrenzte Anzahl an Parkpl\u00e4tzen am Hotel, stellen diese aber unseren G\u00e4sten kostenlos zur Verf\u00fcgung. Wir haben auch Innenr\u00e4ume in unserer Garage mit direktem Zugang zu den Zimmern und Einrichtungen des Hotels.<\/p>\n\t<h2>Die Geschichte des Hotel<\/h2>\n<p>Das Anwesen wurde erstmals 1830 erbaut, als Herr Sedwallsson Mora G\u00e4stgiveri bauen lie\u00df, ein Gasthaus mit f\u00fcnf gro\u00dfen Zimmern, einem Speisesaal, einer Lounge und zwei Hotelzimmern mit Betten. Neben der Stallstube, mit Leiden f\u00fcr Pferdekutschen, gab es auch ein Spirituosengesch\u00e4ft. Aus dem Gasthof wurde sp\u00e4ter Mora Hotell mit 17 Zimmern. Im Laufe der Jahre wurde das Hotel erweitert und mehrfach renoviert. Heute ist das Hotel ein komplett renoviertes First-Class-Stadthotel mit 141 Zimmern.<\/p>\n<p>Das urspr\u00fcngliche Geb\u00e4ude verbleibt im aktuellen Komplex. Herr Sedwallsson war Kaufmann und lie\u00df sich sp\u00e4ter in \u00c4lvdalen nieder. Bekannt wurde er durch die Organisation des Transports des Sarkophags, der 1844 f\u00fcr die Beerdigung von Karl XIV. Johan in \u00c4lvdalens Porphyr bestellt wurde.<\/p>\n<p>Der ber\u00fchmteste Gastwirt war Julius Blomberg, Vater des nicht minder ber\u00fchmten Kapit\u00e4ns Carl Hugo Blomberg, der w\u00e4hrend des Spanisch-Amerikanischen Krieges 1898 in der US Navy diente. Der Ern\u00e4hrer Anders Zorn und seine Frau Emma, \u200b\u200bsowie Freunde wie z wie Carl Larsson, Selma Lagerl\u00f6f, Prinz Eugen und August Strindberg waren oft G\u00e4ste im Mora Hotell.<\/p>\n<p>Foto aus dem Archiv des Distrikts Mora.<\/p>\n\t<h2>Unsere Verte<\/h2>\n<p>Lesen Sie mehr \u00fcber unsere Werte in unserer Brosch\u00fcre.<\/p>\n\t\t\t<a href=\"https:\/\/morahotell.se\/wp-content\/uploads\/2022\/04\/Vara_varderingar_A5_220321-komprimerad_ny.pdf\" target=\"_blank\" rel=\"noopener\">\n\t\t\t\t\t\t\tLaden Sie sich unsere Werte als PDF herunter\n\t\t\t\t\t<\/a>\n\t\t\t\t\t\t\t\t\t\t\t\t\t\t\t\t\t<a href=\"https:\/\/morahotell.se\/wp-content\/uploads\/2022\/04\/Patrick_Petter_IMG_2024-kopia-1024x682.jpg\" target=\"_self\" data-caption=\"Patrick &amp; Petter Lund\" aria-label=\"Patrick &amp; Petter Lund\">\n\t\t\t\t\t\t<figure>\n\t\t\t\t\t\t\t<img loading=\"lazy\" decoding=\"async\" src=\"https:\/\/morahotell.se\/wp-content\/uploads\/2022\/04\/Patrick_Petter_IMG_2024-kopia-1024x682.jpg\" alt=\"patrick och Petter\" srcset=\"https:\/\/morahotell.se\/wp-content\/uploads\/2022\/04\/Patrick_Petter_IMG_2024-kopia-1024x682.jpg 1024w, https:\/\/morahotell.se\/wp-content\/uploads\/2022\/04\/Patrick_Petter_IMG_2024-kopia-300x200.jpg 300w, https:\/\/morahotell.se\/wp-content\/uploads\/2022\/04\/Patrick_Petter_IMG_2024-kopia-768x512.jpg 768w, https:\/\/morahotell.se\/wp-content\/uploads\/2022\/04\/Patrick_Petter_IMG_2024-kopia-1536x1023.jpg 1536w, https:\/\/morahotell.se\/wp-content\/uploads\/2022\/04\/Patrick_Petter_IMG_2024-kopia-600x400.jpg 600w, https:\/\/morahotell.se\/wp-content\/uploads\/2022\/04\/Patrick_Petter_IMG_2024-kopia.jpg 1600w\" width=\"1024\" height=\"682\" \/>\n\t\t\t\t\t\t\t\t\t\t\t\t\t<\/figure>\n\t\t\t\t\t\t\t\t\t\t<\/a>\n\t\t\t\t\t\t\t\t\t\t\t\t\t\t\t\t\t<a href=\"https:\/\/morahotell.se\/wp-content\/uploads\/2022\/04\/Marit--1024x683.jpg\" target=\"_self\" data-caption=\"marit p\u00e5 spa\" aria-label=\"marit p\u00e5 spa\">\n\t\t\t\t\t\t<figure>\n\t\t\t\t\t\t\t<img loading=\"lazy\" decoding=\"async\" src=\"https:\/\/morahotell.se\/wp-content\/uploads\/2022\/04\/Marit--1024x683.jpg\" alt=\"\" srcset=\"https:\/\/morahotell.se\/wp-content\/uploads\/2022\/04\/Marit--1024x683.jpg 1024w, https:\/\/morahotell.se\/wp-content\/uploads\/2022\/04\/Marit--300x200.jpg 300w, https:\/\/morahotell.se\/wp-content\/uploads\/2022\/04\/Marit--768x512.jpg 768w, https:\/\/morahotell.se\/wp-content\/uploads\/2022\/04\/Marit--1536x1024.jpg 1536w, https:\/\/morahotell.se\/wp-content\/uploads\/2022\/04\/Marit--2048x1366.jpg 2048w, https:\/\/morahotell.se\/wp-content\/uploads\/2022\/04\/Marit--600x400.jpg 600w\" width=\"1024\" height=\"683\" \/>\n\t\t\t\t\t\t\t\t\t\t\t\t\t<\/figure>\n\t\t\t\t\t\t\t\t\t\t<\/a>\n\t\t\t\t\t\t\t\t\t\t\t\t\t\t\t\t\t<a href=\"https:\/\/morahotell.se\/wp-content\/uploads\/2022\/04\/Glad-Kung--1024x683.jpg\" target=\"_self\" data-caption=\"vakm\u00e4stare\" aria-label=\"vakm\u00e4stare\">\n\t\t\t\t\t\t<figure>\n\t\t\t\t\t\t\t<img loading=\"lazy\" decoding=\"async\" src=\"https:\/\/morahotell.se\/wp-content\/uploads\/2022\/04\/Glad-Kung--1024x683.jpg\" alt=\"\" srcset=\"https:\/\/morahotell.se\/wp-content\/uploads\/2022\/04\/Glad-Kung--1024x683.jpg 1024w, https:\/\/morahotell.se\/wp-content\/uploads\/2022\/04\/Glad-Kung--300x200.jpg 300w, https:\/\/morahotell.se\/wp-content\/uploads\/2022\/04\/Glad-Kung--768x512.jpg 768w, https:\/\/morahotell.se\/wp-content\/uploads\/2022\/04\/Glad-Kung--1536x1024.jpg 1536w, https:\/\/morahotell.se\/wp-content\/uploads\/2022\/04\/Glad-Kung--2048x1366.jpg 2048w, https:\/\/morahotell.se\/wp-content\/uploads\/2022\/04\/Glad-Kung--600x400.jpg 600w\" width=\"1024\" height=\"683\" \/>\n\t\t\t\t\t\t\t\t\t\t\t\t\t<\/figure>\n\t\t\t\t\t\t\t\t\t\t<\/a>\n\t\t\t\t\t\t\t\t\t\t\t\t\t\t\t\t\t<a href=\"https:\/\/morahotell.se\/wp-content\/uploads\/2022\/04\/Proffsiga-Jenny-1024x683.jpg\" target=\"_self\" data-caption=\"g\u00f6r fint p\u00e5 rummen\" aria-label=\"g\u00f6r fint p\u00e5 rummen\">\n\t\t\t\t\t\t<figure>\n\t\t\t\t\t\t\t<img loading=\"lazy\" decoding=\"async\" src=\"https:\/\/morahotell.se\/wp-content\/uploads\/2022\/04\/Proffsiga-Jenny-1024x683.jpg\" alt=\"\" srcset=\"https:\/\/morahotell.se\/wp-content\/uploads\/2022\/04\/Proffsiga-Jenny-1024x683.jpg 1024w, https:\/\/morahotell.se\/wp-content\/uploads\/2022\/04\/Proffsiga-Jenny-300x200.jpg 300w, https:\/\/morahotell.se\/wp-content\/uploads\/2022\/04\/Proffsiga-Jenny-768x512.jpg 768w, https:\/\/morahotell.se\/wp-content\/uploads\/2022\/04\/Proffsiga-Jenny-1536x1024.jpg 1536w, https:\/\/morahotell.se\/wp-content\/uploads\/2022\/04\/Proffsiga-Jenny-2048x1366.jpg 2048w, https:\/\/morahotell.se\/wp-content\/uploads\/2022\/04\/Proffsiga-Jenny-600x400.jpg 600w\" width=\"1024\" height=\"683\" \/>\n\t\t\t\t\t\t\t\t\t\t\t\t\t<\/figure>\n\t\t\t\t\t\t\t\t\t\t<\/a>\n\t\t\t\t\t\t\t\t\t\t\t\t\t\t\t\t\t<a href=\"https:\/\/morahotell.se\/wp-content\/uploads\/2022\/04\/Ha\u030all-glaset-ra\u0308tt-vitt-vin-1024x683.jpg\" target=\"_self\" data-caption=\"glad tjej p\u00e5 Mora hotell\" aria-label=\"glad tjej p\u00e5 Mora hotell\">\n\t\t\t\t\t\t<figure>\n\t\t\t\t\t\t\t<img loading=\"lazy\" decoding=\"async\" src=\"https:\/\/morahotell.se\/wp-content\/uploads\/2022\/04\/Ha\u030all-glaset-ra\u0308tt-vitt-vin-1024x683.jpg\" alt=\"glad-tjej\" srcset=\"https:\/\/morahotell.se\/wp-content\/uploads\/2022\/04\/Ha\u030all-glaset-ra\u0308tt-vitt-vin-1024x683.jpg 1024w, https:\/\/morahotell.se\/wp-content\/uploads\/2022\/04\/Ha\u030all-glaset-ra\u0308tt-vitt-vin-300x200.jpg 300w, https:\/\/morahotell.se\/wp-content\/uploads\/2022\/04\/Ha\u030all-glaset-ra\u0308tt-vitt-vin-768x512.jpg 768w, https:\/\/morahotell.se\/wp-content\/uploads\/2022\/04\/Ha\u030all-glaset-ra\u0308tt-vitt-vin-1536x1024.jpg 1536w, https:\/\/morahotell.se\/wp-content\/uploads\/2022\/04\/Ha\u030all-glaset-ra\u0308tt-vitt-vin-2048x1366.jpg 2048w, https:\/\/morahotell.se\/wp-content\/uploads\/2022\/04\/Ha\u030all-glaset-ra\u0308tt-vitt-vin-600x400.jpg 600w\" width=\"1024\" height=\"683\" \/>\n\t\t\t\t\t\t\t\t\t\t\t\t\t<\/figure>\n\t\t\t\t\t\t\t\t\t\t<\/a>\n\t\t\t\t\t\t\t\t\t\t\t\t\t\t\t\t\t<a href=\"https:\/\/morahotell.se\/wp-content\/uploads\/2022\/04\/olle3-1024x683.jpg\" target=\"_self\" data-caption=\"olle som serverar maten\" aria-label=\"olle som serverar maten\">\n\t\t\t\t\t\t<figure>\n\t\t\t\t\t\t\t<img loading=\"lazy\" decoding=\"async\" src=\"https:\/\/morahotell.se\/wp-content\/uploads\/2022\/04\/olle3-1024x683.jpg\" alt=\"\" srcset=\"https:\/\/morahotell.se\/wp-content\/uploads\/2022\/04\/olle3-1024x683.jpg 1024w, https:\/\/morahotell.se\/wp-content\/uploads\/2022\/04\/olle3-300x200.jpg 300w, https:\/\/morahotell.se\/wp-content\/uploads\/2022\/04\/olle3-768x512.jpg 768w, https:\/\/morahotell.se\/wp-content\/uploads\/2022\/04\/olle3-1536x1024.jpg 1536w, https:\/\/morahotell.se\/wp-content\/uploads\/2022\/04\/olle3-2048x1366.jpg 2048w, https:\/\/morahotell.se\/wp-content\/uploads\/2022\/04\/olle3-600x400.jpg 600w\" width=\"1024\" height=\"683\" \/>\n\t\t\t\t\t\t\t\t\t\t\t\t\t<\/figure>\n\t\t\t\t\t\t\t\t\t\t<\/a>\n\t\t\t\t\t\t\t\t\t\t\t\t\t\t\t\t\t<a href=\"https:\/\/morahotell.se\/wp-content\/uploads\/2022\/04\/FR-2-1024x683.jpg\" target=\"_self\" data-caption=\"receptionist p\u00e5 Mora hotell\" aria-label=\"receptionist p\u00e5 Mora hotell\">\n\t\t\t\t\t\t<figure>\n\t\t\t\t\t\t\t<img loading=\"lazy\" decoding=\"async\" src=\"https:\/\/morahotell.se\/wp-content\/uploads\/2022\/04\/FR-2-1024x683.jpg\" alt=\"receptionist\" srcset=\"https:\/\/morahotell.se\/wp-content\/uploads\/2022\/04\/FR-2-1024x683.jpg 1024w, https:\/\/morahotell.se\/wp-content\/uploads\/2022\/04\/FR-2-300x200.jpg 300w, https:\/\/morahotell.se\/wp-content\/uploads\/2022\/04\/FR-2-768x512.jpg 768w, https:\/\/morahotell.se\/wp-content\/uploads\/2022\/04\/FR-2-1536x1024.jpg 1536w, https:\/\/morahotell.se\/wp-content\/uploads\/2022\/04\/FR-2-2048x1366.jpg 2048w, https:\/\/morahotell.se\/wp-content\/uploads\/2022\/04\/FR-2-600x400.jpg 600w\" width=\"1024\" height=\"683\" \/>\n\t\t\t\t\t\t\t\t\t\t\t\t\t<\/figure>\n\t\t\t\t\t\t\t\t\t\t<\/a>\n\t\t\t\t\t\t\t\t\t\t\t\t\t\t\t\t\t<a href=\"https:\/\/morahotell.se\/wp-content\/uploads\/2022\/04\/nightmare-1024x683.jpg\" target=\"_self\" data-caption=\"drink i baren\" aria-label=\"drink i baren\">\n\t\t\t\t\t\t<figure>\n\t\t\t\t\t\t\t<img loading=\"lazy\" decoding=\"async\" src=\"https:\/\/morahotell.se\/wp-content\/uploads\/2022\/04\/nightmare-1024x683.jpg\" alt=\"\" srcset=\"https:\/\/morahotell.se\/wp-content\/uploads\/2022\/04\/nightmare-1024x683.jpg 1024w, https:\/\/morahotell.se\/wp-content\/uploads\/2022\/04\/nightmare-300x200.jpg 300w, https:\/\/morahotell.se\/wp-content\/uploads\/2022\/04\/nightmare-768x512.jpg 768w, https:\/\/morahotell.se\/wp-content\/uploads\/2022\/04\/nightmare-1536x1024.jpg 1536w, https:\/\/morahotell.se\/wp-content\/uploads\/2022\/04\/nightmare-2048x1366.jpg 2048w, https:\/\/morahotell.se\/wp-content\/uploads\/2022\/04\/nightmare-600x400.jpg 600w\" width=\"1024\" height=\"683\" \/>\n\t\t\t\t\t\t\t\t\t\t\t\t\t<\/figure>\n\t\t\t\t\t\t\t\t\t\t<\/a>\n\t\t\t\t\t\t\t\t\t\t\t\t\t\t\t\t\t<a href=\"https:\/\/morahotell.se\/wp-content\/uploads\/2022\/04\/bar-2-1-1024x682.jpg\" target=\"_self\" data-caption=\"petter serverar en \u00f6l\" aria-label=\"petter serverar en \u00f6l\">\n\t\t\t\t\t\t<figure>\n\t\t\t\t\t\t\t<img loading=\"lazy\" decoding=\"async\" src=\"https:\/\/morahotell.se\/wp-content\/uploads\/2022\/04\/bar-2-1-1024x682.jpg\" alt=\"petter severar\" srcset=\"https:\/\/morahotell.se\/wp-content\/uploads\/2022\/04\/bar-2-1-1024x682.jpg 1024w, https:\/\/morahotell.se\/wp-content\/uploads\/2022\/04\/bar-2-1-300x200.jpg 300w, https:\/\/morahotell.se\/wp-content\/uploads\/2022\/04\/bar-2-1-768x512.jpg 768w, https:\/\/morahotell.se\/wp-content\/uploads\/2022\/04\/bar-2-1-1536x1024.jpg 1536w, https:\/\/morahotell.se\/wp-content\/uploads\/2022\/04\/bar-2-1-600x400.jpg 600w, https:\/\/morahotell.se\/wp-content\/uploads\/2022\/04\/bar-2-1.jpg 2000w\" width=\"1024\" height=\"682\" \/>\n\t\t\t\t\t\t\t\t\t\t\t\t\t<\/figure>\n\t\t\t\t\t\t\t\t\t\t<\/a>\n\t\t\t\t\t<!-- navigation arrows -->\n\t\t<button aria-label=\"F\u00f6reg\u00e5ende\" role=\"button\" tabindex=\"0\">\n\t\t\t\t\t<\/button>\n\t\t<button aria-label=\"N\u00e4sta\" role=\"button\" tabindex=\"0\">\n\t\t\t\t\t<\/button>\n\t\t\t\t\n","protected":false},"excerpt":{"rendered":"<p>\u00dcber Mora Hotell &amp; Spa \u00dcber uns Mora Hotell &amp; Spa wird seit 2018 von der Familie Lund gef\u00fchrt. Am Ende haben wir unser Zuhause in Mora gefunden, nachdem wir in ganz Europa gelebt und gearbeitet haben, aber Mora und Dalarna sind magisch!. Jetzt haben wir all die Liebe zu Essen, Wein und Lebensfreude mit&hellip;<\/p>\n","protected":false},"author":1,"featured_media":0,"parent":0,"menu_order":65,"comment_status":"closed","ping_status":"closed","template":"","meta":{"_acf_changed":false,"footnotes":""},"pa-gang-just-nu":[],"class_list":["post-3655","page","type-page","status-publish","hentry"],"acf":[],"yoast_head":"<!-- This site is optimized with the Yoast SEO plugin v26.5 - https:\/\/yoast.com\/wordpress\/plugins\/seo\/ -->\n<title>\u00dcber uns - Mora Hotell &amp; Spa<\/title>\n<meta name=\"description\" content=\"Die Anlage ist f\u00fcr G\u00e4ste, die Mora besuchen und dann \u00fcbernachten und vier Sterne essen m\u00f6chten. Dabei wird gro\u00dfer Wert auf das Wohl der Region und ihrer Bewohner gelegt.\" \/>\n<meta name=\"robots\" content=\"index, follow, max-snippet:-1, max-image-preview:large, max-video-preview:-1\" \/>\n<link rel=\"canonical\" href=\"https:\/\/morahotell.se\/de\/ueber-uns\/\" \/>\n<meta property=\"og:locale\" content=\"de_DE\" \/>\n<meta property=\"og:type\" content=\"article\" \/>\n<meta property=\"og:title\" content=\"\u00dcber uns - Mora Hotell &amp; Spa\" \/>\n<meta property=\"og:description\" content=\"Die Anlage ist f\u00fcr G\u00e4ste, die Mora besuchen und dann \u00fcbernachten und vier Sterne essen m\u00f6chten. Dabei wird gro\u00dfer Wert auf das Wohl der Region und ihrer Bewohner gelegt.\" \/>\n<meta property=\"og:url\" content=\"https:\/\/morahotell.se\/de\/ueber-uns\/\" \/>\n<meta property=\"og:site_name\" content=\"Mora Hotell &amp; Spa\" \/>\n<meta property=\"article:modified_time\" content=\"2025-10-09T12:33:05+00:00\" \/>\n<meta property=\"og:image\" content=\"https:\/\/morahotell.se\/wp-content\/uploads\/2022\/04\/Patrick_Petter_IMG_2024-kopia-1024x682.jpg\" \/>\n<meta name=\"twitter:card\" content=\"summary_large_image\" \/>\n<meta name=\"twitter:label1\" content=\"Gesch\u00e4tzte Lesezeit\" \/>\n\t<meta name=\"twitter:data1\" content=\"2\u00a0Minuten\" \/>\n<script type=\"application\/ld+json\" class=\"yoast-schema-graph\">{\"@context\":\"https:\/\/schema.org\",\"@graph\":[{\"@type\":\"WebPage\",\"@id\":\"https:\/\/morahotell.se\/de\/ueber-uns\/\",\"url\":\"https:\/\/morahotell.se\/de\/ueber-uns\/\",\"name\":\"\u00dcber uns - Mora Hotell &amp; Spa\",\"isPartOf\":{\"@id\":\"https:\/\/morahotell.se\/de\/#website\"},\"primaryImageOfPage\":{\"@id\":\"https:\/\/morahotell.se\/de\/ueber-uns\/#primaryimage\"},\"image\":{\"@id\":\"https:\/\/morahotell.se\/de\/ueber-uns\/#primaryimage\"},\"thumbnailUrl\":\"https:\/\/morahotell.se\/wp-content\/uploads\/2022\/04\/Patrick_Petter_IMG_2024-kopia-1024x682.jpg\",\"datePublished\":\"2022-05-09T14:28:10+00:00\",\"dateModified\":\"2025-10-09T12:33:05+00:00\",\"description\":\"Die Anlage ist f\u00fcr G\u00e4ste, die Mora besuchen und dann \u00fcbernachten und vier Sterne essen m\u00f6chten. Dabei wird gro\u00dfer Wert auf das Wohl der Region und ihrer Bewohner gelegt.\",\"breadcrumb\":{\"@id\":\"https:\/\/morahotell.se\/de\/ueber-uns\/#breadcrumb\"},\"inLanguage\":\"de\",\"potentialAction\":[{\"@type\":\"ReadAction\",\"target\":[\"https:\/\/morahotell.se\/de\/ueber-uns\/\"]}]},{\"@type\":\"ImageObject\",\"inLanguage\":\"de\",\"@id\":\"https:\/\/morahotell.se\/de\/ueber-uns\/#primaryimage\",\"url\":\"https:\/\/morahotell.se\/wp-content\/uploads\/2022\/04\/Patrick_Petter_IMG_2024-kopia-1024x682.jpg\",\"contentUrl\":\"https:\/\/morahotell.se\/wp-content\/uploads\/2022\/04\/Patrick_Petter_IMG_2024-kopia-1024x682.jpg\"},{\"@type\":\"BreadcrumbList\",\"@id\":\"https:\/\/morahotell.se\/de\/ueber-uns\/#breadcrumb\",\"itemListElement\":[{\"@type\":\"ListItem\",\"position\":1,\"name\":\"Mora hotell\",\"item\":\"https:\/\/morahotell.se\/de\/\"},{\"@type\":\"ListItem\",\"position\":2,\"name\":\"\u00dcber uns\"}]},{\"@type\":\"WebSite\",\"@id\":\"https:\/\/morahotell.se\/de\/#website\",\"url\":\"https:\/\/morahotell.se\/de\/\",\"name\":\"Mora Hotell &amp; Spa\",\"description\":\"Fyrstj\u00e4rnigt hotell i Mora, n\u00e4ra Siljan\",\"potentialAction\":[{\"@type\":\"SearchAction\",\"target\":{\"@type\":\"EntryPoint\",\"urlTemplate\":\"https:\/\/morahotell.se\/de\/?s={search_term_string}\"},\"query-input\":{\"@type\":\"PropertyValueSpecification\",\"valueRequired\":true,\"valueName\":\"search_term_string\"}}],\"inLanguage\":\"de\"}]}<\/script>\n<!-- \/ Yoast SEO plugin. -->","yoast_head_json":{"title":"\u00dcber uns - Mora Hotell &amp; Spa","description":"Die Anlage ist f\u00fcr G\u00e4ste, die Mora besuchen und dann \u00fcbernachten und vier Sterne essen m\u00f6chten. Dabei wird gro\u00dfer Wert auf das Wohl der Region und ihrer Bewohner gelegt.","robots":{"index":"index","follow":"follow","max-snippet":"max-snippet:-1","max-image-preview":"max-image-preview:large","max-video-preview":"max-video-preview:-1"},"canonical":"https:\/\/morahotell.se\/de\/ueber-uns\/","og_locale":"de_DE","og_type":"article","og_title":"\u00dcber uns - Mora Hotell &amp; Spa","og_description":"Die Anlage ist f\u00fcr G\u00e4ste, die Mora besuchen und dann \u00fcbernachten und vier Sterne essen m\u00f6chten. Dabei wird gro\u00dfer Wert auf das Wohl der Region und ihrer Bewohner gelegt.","og_url":"https:\/\/morahotell.se\/de\/ueber-uns\/","og_site_name":"Mora Hotell &amp; Spa","article_modified_time":"2025-10-09T12:33:05+00:00","og_image":[{"url":"https:\/\/morahotell.se\/wp-content\/uploads\/2022\/04\/Patrick_Petter_IMG_2024-kopia-1024x682.jpg","type":"","width":"","height":""}],"twitter_card":"summary_large_image","twitter_misc":{"Gesch\u00e4tzte Lesezeit":"2\u00a0Minuten"},"schema":{"@context":"https:\/\/schema.org","@graph":[{"@type":"WebPage","@id":"https:\/\/morahotell.se\/de\/ueber-uns\/","url":"https:\/\/morahotell.se\/de\/ueber-uns\/","name":"\u00dcber uns - Mora Hotell &amp; Spa","isPartOf":{"@id":"https:\/\/morahotell.se\/de\/#website"},"primaryImageOfPage":{"@id":"https:\/\/morahotell.se\/de\/ueber-uns\/#primaryimage"},"image":{"@id":"https:\/\/morahotell.se\/de\/ueber-uns\/#primaryimage"},"thumbnailUrl":"https:\/\/morahotell.se\/wp-content\/uploads\/2022\/04\/Patrick_Petter_IMG_2024-kopia-1024x682.jpg","datePublished":"2022-05-09T14:28:10+00:00","dateModified":"2025-10-09T12:33:05+00:00","description":"Die Anlage ist f\u00fcr G\u00e4ste, die Mora besuchen und dann \u00fcbernachten und vier Sterne essen m\u00f6chten. Dabei wird gro\u00dfer Wert auf das Wohl der Region und ihrer Bewohner gelegt.","breadcrumb":{"@id":"https:\/\/morahotell.se\/de\/ueber-uns\/#breadcrumb"},"inLanguage":"de","potentialAction":[{"@type":"ReadAction","target":["https:\/\/morahotell.se\/de\/ueber-uns\/"]}]},{"@type":"ImageObject","inLanguage":"de","@id":"https:\/\/morahotell.se\/de\/ueber-uns\/#primaryimage","url":"https:\/\/morahotell.se\/wp-content\/uploads\/2022\/04\/Patrick_Petter_IMG_2024-kopia-1024x682.jpg","contentUrl":"https:\/\/morahotell.se\/wp-content\/uploads\/2022\/04\/Patrick_Petter_IMG_2024-kopia-1024x682.jpg"},{"@type":"BreadcrumbList","@id":"https:\/\/morahotell.se\/de\/ueber-uns\/#breadcrumb","itemListElement":[{"@type":"ListItem","position":1,"name":"Mora hotell","item":"https:\/\/morahotell.se\/de\/"},{"@type":"ListItem","position":2,"name":"\u00dcber uns"}]},{"@type":"WebSite","@id":"https:\/\/morahotell.se\/de\/#website","url":"https:\/\/morahotell.se\/de\/","name":"Mora Hotell &amp; Spa","description":"Fyrstj\u00e4rnigt hotell i Mora, n\u00e4ra Siljan","potentialAction":[{"@type":"SearchAction","target":{"@type":"EntryPoint","urlTemplate":"https:\/\/morahotell.se\/de\/?s={search_term_string}"},"query-input":{"@type":"PropertyValueSpecification","valueRequired":true,"valueName":"search_term_string"}}],"inLanguage":"de"}]}},"_links":{"self":[{"href":"https:\/\/morahotell.se\/de\/wp-json\/wp\/v2\/pages\/3655","targetHints":{"allow":["GET"]}}],"collection":[{"href":"https:\/\/morahotell.se\/de\/wp-json\/wp\/v2\/pages"}],"about":[{"href":"https:\/\/morahotell.se\/de\/wp-json\/wp\/v2\/types\/page"}],"author":[{"embeddable":true,"href":"https:\/\/morahotell.se\/de\/wp-json\/wp\/v2\/users\/1"}],"replies":[{"embeddable":true,"href":"https:\/\/morahotell.se\/de\/wp-json\/wp\/v2\/comments?post=3655"}],"version-history":[{"count":0,"href":"https:\/\/morahotell.se\/de\/wp-json\/wp\/v2\/pages\/3655\/revisions"}],"wp:attachment":[{"href":"https:\/\/morahotell.se\/de\/wp-json\/wp\/v2\/media?parent=3655"}],"wp:term":[{"taxonomy":"pa-gang-just-nu","embeddable":true,"href":"https:\/\/morahotell.se\/de\/wp-json\/wp\/v2\/pa-gang-just-nu?post=3655"}],"curies":[{"name":"wp","href":"https:\/\/api.w.org\/{rel}","templated":true}]}}