{"id":3643,"date":"2022-05-09T16:25:12","date_gmt":"2022-05-09T14:25:12","guid":{"rendered":"https:\/\/morahotell.se\/restaurang\/"},"modified":"2026-05-03T17:03:11","modified_gmt":"2026-05-03T15:03:11","slug":"restaurant","status":"publish","type":"page","link":"https:\/\/morahotell.se\/de\/restaurant\/","title":{"rendered":"Restaurant"},"content":{"rendered":"\n\n\t<h1>Restaurant in Mora &#8211; Willkommen im Terassen<\/h1>\n\t<p>Suchen Sie ein Restaurant in Mora? Kommen Sie zu uns, wenn Sie ein luxuri\u00f6ses Hotelfr\u00fchst\u00fcck, ein Tagesmen\u00fc oder ein k\u00f6stliches Abendessen aus regionalen Zutaten genie\u00dfen m\u00f6chten. Im Restaurant Terrassen genie\u00dfen Sie erstklassige Speisen in ruhiger und harmonischer Atmosph\u00e4re mit Blick auf den Siljan.<\/p>\n<button id=\"table-reservation-en\">Table reservation<\/button>\n\t<p>Tische k\u00f6nnen auch \u00fcber <a href=\"mailto:matsalen@morahotell.se\"><strong>matsalen@morahotell.se<\/strong><\/a> oder telefonisch unter <a href=\"tel:0250592650\">0250-59 26 50<\/a> reserviert werden.<\/p>\n<p>Sie k\u00f6nnen uns auch besuchen und direkt mit dem Oberkellner im Restaurant sprechen.<\/p>\n\t\t\t<a href=\"https:\/\/morahotell.se\/wp-content\/uploads\/2026\/05\/Kopia-av-Lunchmeny-v19.pdf\" target=\"_blank\" rel=\"noopener\">\n\t\t\t\t\t\t\tMittagsmen\u00fc\n\t\t\t\t\t<\/a>\n\t\t\t<a href=\"https:\/\/morahotell.se\/wp-content\/uploads\/2026\/01\/dryckeslista.pdf\" target=\"_blank\" rel=\"noopener\">\n\t\t\t\t\t\t\tGetr\u00e4nkekarte\n\t\t\t\t\t<\/a>\n\t\t\t<a href=\"https:\/\/morahotell.se\/wp-content\/uploads\/2026\/03\/Meny-webb-mars-1.pdf\" target=\"_blank\" rel=\"noopener\">\n\t\t\t\t\t\t\t\u00c1 la carte\n\t\t\t\t\t<\/a>\n\t\t\t<a href=\"https:\/\/morahotell.se\/wp-content\/uploads\/2025\/11\/Avsmakningsmeny-Mora-H-1.pdf\" target=\"_blank\" rel=\"noopener\">\n\t\t\t\t\t\t\tDegustationsmen\u00fc\n\t\t\t\t\t<\/a>\n\t\t\t<a href=\"https:\/\/morahotell.se\/wp-content\/uploads\/2026\/01\/drinkmeny-a5.pdf\" target=\"_blank\" rel=\"noopener\">\n\t\t\t\t\t\t\tCocktails\n\t\t\t\t\t<\/a>\n\t\t\t<a href=\"https:\/\/morahotell.se\/wp-content\/uploads\/2026\/03\/a5-paketmeny.pdf\" target=\"_blank\" rel=\"noopener\">\n\t\t\t\t\t\t\tPaketmen\u00fc\n\t\t\t\t\t<\/a>\n\t<h2>Wild und lokal produziert von unserem Restaurant in Mora<\/h2>\n<p>Die K\u00fcche ist skandinavisch mit Elementen aus Frankreich und Italien. Es bietet ein angenehmes Erlebnis f\u00fcr die Geschmacksknospen, auch f\u00fcr diejenigen, die keine Lebensmittelexperten sind. Der K\u00fcchenchef arbeitet gerne mit Wild aus der Umgebung, darunter Rentiere und Elche. Hier k\u00f6nnen Sie auch Forelle und Saibling probieren.<\/p>\n<p>Diejenigen, die nach vegetarischen Alternativen suchen, k\u00f6nnen die schmackhaften Ernten der Saison genie\u00dfen, die hier in Dalarna auf den Feldern gewachsen sind. Zu den Gerichten werden sorgf\u00e4ltig ausgew\u00e4hlte und von uns empfohlene Getr\u00e4nke serviert.<\/p>\n<button id=\"table-reservation-en\">Table reservation<\/button>\n<h3>\n\t\t\tEine Reservierung machen\t<\/h3>\n\t\t\t<ul>\n\t\t\t\t<li id=\"woopack-product-3304\"  data-product-id=\"3304\">\n\t<a href=\"https:\/\/morahotell.se\/de\/produkt\/bordsbokning-de\/tischreservierung-zum-mittagessen\/\">\n   <img width=\"2000\" height=\"1333\" src=\"https:\/\/morahotell.se\/wp-content\/uploads\/2022\/04\/mat-3-1.jpg\" alt=\"lunch i mora\" itemprop=\"image\" decoding=\"async\" loading=\"lazy\" srcset=\"https:\/\/morahotell.se\/wp-content\/uploads\/2022\/04\/mat-3-1.jpg 2000w, https:\/\/morahotell.se\/wp-content\/uploads\/2022\/04\/mat-3-1-300x200.jpg 300w, https:\/\/morahotell.se\/wp-content\/uploads\/2022\/04\/mat-3-1-1024x682.jpg 1024w, https:\/\/morahotell.se\/wp-content\/uploads\/2022\/04\/mat-3-1-768x512.jpg 768w, https:\/\/morahotell.se\/wp-content\/uploads\/2022\/04\/mat-3-1-1536x1024.jpg 1536w, https:\/\/morahotell.se\/wp-content\/uploads\/2022\/04\/mat-3-1-600x400.jpg 600w\" sizes=\"auto, (max-width: 2000px) 100vw, 2000px\" \/>\n  <h3>Tischreservierung zum Mittagessen<\/h3>\n<\/a>\n<\/li><li id=\"woopack-product-3307\"  data-product-id=\"3307\">\n\t<a href=\"https:\/\/morahotell.se\/de\/produkt\/bordsbokning-de\/tischreservierung-a-la-carte\/\">\n   <img width=\"2200\" height=\"1467\" src=\"https:\/\/morahotell.se\/wp-content\/uploads\/2022\/04\/carpaccio-9.jpg\" alt=\"uppdukat f\u00f6r a la carte\" itemprop=\"image\" decoding=\"async\" loading=\"lazy\" srcset=\"https:\/\/morahotell.se\/wp-content\/uploads\/2022\/04\/carpaccio-9.jpg 2200w, https:\/\/morahotell.se\/wp-content\/uploads\/2022\/04\/carpaccio-9-300x200.jpg 300w, https:\/\/morahotell.se\/wp-content\/uploads\/2022\/04\/carpaccio-9-1024x683.jpg 1024w, https:\/\/morahotell.se\/wp-content\/uploads\/2022\/04\/carpaccio-9-768x512.jpg 768w, https:\/\/morahotell.se\/wp-content\/uploads\/2022\/04\/carpaccio-9-1536x1024.jpg 1536w, https:\/\/morahotell.se\/wp-content\/uploads\/2022\/04\/carpaccio-9-2048x1366.jpg 2048w, https:\/\/morahotell.se\/wp-content\/uploads\/2022\/04\/carpaccio-9-600x400.jpg 600w\" sizes=\"auto, (max-width: 2200px) 100vw, 2200px\" \/>\n  <h3>Tischreservierung \u00e0 la carte<\/h3>\n<\/a>\n<\/li>\t\t\t\t\n\t\t\t<\/ul>\n\t<h3>\n\t\t\tUnsere Restaurantpauschalen\t<\/h3>\n\t\t\t<ul>\n\t\t\t\t<li id=\"woopack-product-3217\"  data-product-id=\"3217\">\n\t<a href=\"https:\/\/morahotell.se\/de\/produkt\/aktivitaeten\/trinken-schmecken\/zorn-abendessen\/\">\n   <img width=\"1000\" height=\"1000\" src=\"https:\/\/morahotell.se\/wp-content\/uploads\/2022\/04\/zorn-e1653298871928.png\" alt=\"\" itemprop=\"image\" decoding=\"async\" loading=\"lazy\" \/>\n  <h3>Zorn-Abendessen<\/h3>\n<\/a>\n<\/li>\t\t\t\t\n\t\t\t<\/ul>\n\t<h2>Tisch reservieren<\/h2>\n<p>Um einen Platz zu garantieren, sollten Sie einen Tisch reservieren, da das Restaurant an Wochenenden und in der Hochsaison sowohl bei Hotelg\u00e4sten und Einheimischen als auch bei Passanten sehr beliebt ist.<\/p>\n<button id=\"table-reservation-en\">Table reservation<\/button>\n\t<h3>\u00d6ffnungszeiten<\/h3>\n<p>Restaurant Terrassen mit Seeblick drinnen, drau\u00dfen oder dazwischen (Dach\/Infrarotheizung)<\/p>\n<p><strong>Fr\u00fchst\u00fcck<\/strong><\/p>\n<p>Montag bis Freitag 06.30-09-00<\/p>\n<p>Samstag und Sonntag 07.00-10.00<\/p>\n<p><strong>Mittagessen<\/strong><\/p>\n<p>Montag bis Freitag 11.30-14-00<\/p>\n<p>Samstag und Sonntag 12.00-15.00<\/p>\n<p><strong>Abendessen<\/strong> ab 17:00 Uhr<\/p>\n<p>Montag bis Freitag, k\u00fbche geschlossen 21.00<\/p>\n<p>Samstag am 22.00<\/p>\n<ul>\n<li>\n<ul>\n\n<\/ul>\n<\/li>\n<\/ul>\n\t<p>Die Rezeption ist rund um die Uhr f\u00fcr leichte Snacks und Getr\u00e4nke ge\u00f6ffnet. Das Hotelfr\u00fchst\u00fcck wird t\u00e4glich serviert.<\/p>\n<p>&nbsp;<\/p>\n\t\t\t\t\t\t<figure>\n\t\t\t\t\t\t\t<img loading=\"lazy\" decoding=\"async\" src=\"https:\/\/morahotell.se\/wp-content\/uploads\/2022\/04\/skagen-8-1536x1024.jpg\" alt=\"\" srcset=\"https:\/\/morahotell.se\/wp-content\/uploads\/2022\/04\/skagen-8-1536x1024.jpg 1536w, https:\/\/morahotell.se\/wp-content\/uploads\/2022\/04\/skagen-8-300x200.jpg 300w, https:\/\/morahotell.se\/wp-content\/uploads\/2022\/04\/skagen-8-1024x683.jpg 1024w, https:\/\/morahotell.se\/wp-content\/uploads\/2022\/04\/skagen-8-768x512.jpg 768w, https:\/\/morahotell.se\/wp-content\/uploads\/2022\/04\/skagen-8-2048x1366.jpg 2048w, https:\/\/morahotell.se\/wp-content\/uploads\/2022\/04\/skagen-8-600x400.jpg 600w\" width=\"1536\" height=\"1024\" \/>\n\t\t\t\t\t\t\t\t\t\t\t\t\t<\/figure>\n\t\t\t\t\t\t<figure>\n\t\t\t\t\t\t\t<img loading=\"lazy\" decoding=\"async\" src=\"https:\/\/morahotell.se\/wp-content\/uploads\/2022\/04\/ceasar-1024x1536.jpg\" alt=\"\" srcset=\"https:\/\/morahotell.se\/wp-content\/uploads\/2022\/04\/ceasar-1024x1536.jpg 1024w, https:\/\/morahotell.se\/wp-content\/uploads\/2022\/04\/ceasar-200x300.jpg 200w, https:\/\/morahotell.se\/wp-content\/uploads\/2022\/04\/ceasar-683x1024.jpg 683w, https:\/\/morahotell.se\/wp-content\/uploads\/2022\/04\/ceasar-768x1152.jpg 768w, https:\/\/morahotell.se\/wp-content\/uploads\/2022\/04\/ceasar-1366x2048.jpg 1366w, https:\/\/morahotell.se\/wp-content\/uploads\/2022\/04\/ceasar-600x900.jpg 600w, https:\/\/morahotell.se\/wp-content\/uploads\/2022\/04\/ceasar.jpg 1467w\" width=\"1024\" height=\"1536\" \/>\n\t\t\t\t\t\t\t\t\t\t\t\t\t<\/figure>\n\t\t\t\t\t\t<figure>\n\t\t\t\t\t\t\t<img loading=\"lazy\" decoding=\"async\" src=\"https:\/\/morahotell.se\/wp-content\/uploads\/2022\/04\/Madde-in-service-1536x1024.jpg\" alt=\"\" srcset=\"https:\/\/morahotell.se\/wp-content\/uploads\/2022\/04\/Madde-in-service-1536x1024.jpg 1536w, https:\/\/morahotell.se\/wp-content\/uploads\/2022\/04\/Madde-in-service-300x200.jpg 300w, https:\/\/morahotell.se\/wp-content\/uploads\/2022\/04\/Madde-in-service-1024x683.jpg 1024w, https:\/\/morahotell.se\/wp-content\/uploads\/2022\/04\/Madde-in-service-768x512.jpg 768w, https:\/\/morahotell.se\/wp-content\/uploads\/2022\/04\/Madde-in-service-2048x1366.jpg 2048w, https:\/\/morahotell.se\/wp-content\/uploads\/2022\/04\/Madde-in-service-600x400.jpg 600w\" width=\"1536\" height=\"1024\" \/>\n\t\t\t\t\t\t\t\t\t\t\t\t\t<\/figure>\n\t\t\t\t\t\t<figure>\n\t\t\t\t\t\t\t<img loading=\"lazy\" decoding=\"async\" src=\"https:\/\/morahotell.se\/wp-content\/uploads\/2022\/04\/rakmacka-1024x1536.jpg\" alt=\"\" srcset=\"https:\/\/morahotell.se\/wp-content\/uploads\/2022\/04\/rakmacka-1024x1536.jpg 1024w, https:\/\/morahotell.se\/wp-content\/uploads\/2022\/04\/rakmacka-200x300.jpg 200w, https:\/\/morahotell.se\/wp-content\/uploads\/2022\/04\/rakmacka-683x1024.jpg 683w, https:\/\/morahotell.se\/wp-content\/uploads\/2022\/04\/rakmacka-768x1152.jpg 768w, https:\/\/morahotell.se\/wp-content\/uploads\/2022\/04\/rakmacka-1366x2048.jpg 1366w, https:\/\/morahotell.se\/wp-content\/uploads\/2022\/04\/rakmacka-600x900.jpg 600w, https:\/\/morahotell.se\/wp-content\/uploads\/2022\/04\/rakmacka.jpg 1467w\" width=\"1024\" height=\"1536\" \/>\n\t\t\t\t\t\t\t\t\t\t\t\t\t<\/figure>\n\t\t\t\t\t\t<figure>\n\t\t\t\t\t\t\t<img loading=\"lazy\" decoding=\"async\" src=\"https:\/\/morahotell.se\/wp-content\/uploads\/2022\/04\/carpaccio-9-1536x1024.jpg\" alt=\"uppdukat f\u00f6r a la carte\" srcset=\"https:\/\/morahotell.se\/wp-content\/uploads\/2022\/04\/carpaccio-9-1536x1024.jpg 1536w, https:\/\/morahotell.se\/wp-content\/uploads\/2022\/04\/carpaccio-9-300x200.jpg 300w, https:\/\/morahotell.se\/wp-content\/uploads\/2022\/04\/carpaccio-9-1024x683.jpg 1024w, https:\/\/morahotell.se\/wp-content\/uploads\/2022\/04\/carpaccio-9-768x512.jpg 768w, https:\/\/morahotell.se\/wp-content\/uploads\/2022\/04\/carpaccio-9-2048x1366.jpg 2048w, https:\/\/morahotell.se\/wp-content\/uploads\/2022\/04\/carpaccio-9-600x400.jpg 600w\" width=\"1536\" height=\"1024\" \/>\n\t\t\t\t\t\t\t\t\t\t\t\t\t<\/figure>\n\t\t\t\t\t\t<figure>\n\t\t\t\t\t\t\t<img loading=\"lazy\" decoding=\"async\" src=\"https:\/\/morahotell.se\/wp-content\/uploads\/2022\/04\/Mora_Placeholder_1200x1200.jpg\" alt=\"\" srcset=\"https:\/\/morahotell.se\/wp-content\/uploads\/2022\/04\/Mora_Placeholder_1200x1200.jpg 1200w, https:\/\/morahotell.se\/wp-content\/uploads\/2022\/04\/Mora_Placeholder_1200x1200-300x300.jpg 300w, https:\/\/morahotell.se\/wp-content\/uploads\/2022\/04\/Mora_Placeholder_1200x1200-1024x1024.jpg 1024w, https:\/\/morahotell.se\/wp-content\/uploads\/2022\/04\/Mora_Placeholder_1200x1200-150x150.jpg 150w, https:\/\/morahotell.se\/wp-content\/uploads\/2022\/04\/Mora_Placeholder_1200x1200-768x768.jpg 768w, https:\/\/morahotell.se\/wp-content\/uploads\/2022\/04\/Mora_Placeholder_1200x1200-600x600.jpg 600w, https:\/\/morahotell.se\/wp-content\/uploads\/2022\/04\/Mora_Placeholder_1200x1200-100x100.jpg 100w\" width=\"1200\" height=\"1200\" \/>\n\t\t\t\t\t\t\t\t\t\t\t\t\t<\/figure>\n\t\t\t\t\t\t<figure>\n\t\t\t\t\t\t\t<img loading=\"lazy\" decoding=\"async\" src=\"https:\/\/morahotell.se\/wp-content\/uploads\/2022\/04\/PC-eld-2-1536x1024.jpg\" alt=\"\" srcset=\"https:\/\/morahotell.se\/wp-content\/uploads\/2022\/04\/PC-eld-2-1536x1024.jpg 1536w, https:\/\/morahotell.se\/wp-content\/uploads\/2022\/04\/PC-eld-2-300x200.jpg 300w, https:\/\/morahotell.se\/wp-content\/uploads\/2022\/04\/PC-eld-2-1024x683.jpg 1024w, https:\/\/morahotell.se\/wp-content\/uploads\/2022\/04\/PC-eld-2-768x512.jpg 768w, https:\/\/morahotell.se\/wp-content\/uploads\/2022\/04\/PC-eld-2-2048x1366.jpg 2048w, https:\/\/morahotell.se\/wp-content\/uploads\/2022\/04\/PC-eld-2-600x400.jpg 600w\" width=\"1536\" height=\"1024\" \/>\n\t\t\t\t\t\t\t\t\t\t\t\t\t<\/figure>\n\t\t\t\t\t<!-- navigation arrows -->\n\t\t<button aria-label=\"F\u00f6reg\u00e5ende\" role=\"button\" tabindex=\"0\">\n\t\t\t\t\t<\/button>\n\t\t<button aria-label=\"N\u00e4sta\" role=\"button\" tabindex=\"0\">\n\t\t\t\t\t<\/button>\n\t\t\t\t\n","protected":false},"excerpt":{"rendered":"<p>Restaurant in Mora &#8211; Willkommen im Terassen Suchen Sie ein Restaurant in Mora? Kommen Sie zu uns, wenn Sie ein luxuri\u00f6ses Hotelfr\u00fchst\u00fcck, ein Tagesmen\u00fc oder ein k\u00f6stliches Abendessen aus regionalen Zutaten genie\u00dfen m\u00f6chten. Im Restaurant Terrassen genie\u00dfen Sie erstklassige Speisen in ruhiger und harmonischer Atmosph\u00e4re mit Blick auf den Siljan. Table reservation Tische k\u00f6nnen auch&hellip;<\/p>\n","protected":false},"author":1,"featured_media":0,"parent":0,"menu_order":74,"comment_status":"closed","ping_status":"closed","template":"","meta":{"_acf_changed":false,"footnotes":""},"pa-gang-just-nu":[],"class_list":["post-3643","page","type-page","status-publish","hentry"],"acf":[],"yoast_head":"<!-- This site is optimized with the Yoast SEO plugin v26.5 - https:\/\/yoast.com\/wordpress\/plugins\/seo\/ -->\n<title>Restaurant - Mora Hotell &amp; Spa<\/title>\n<meta name=\"description\" content=\"Luxuri\u00f6ses Hotelfr\u00fchst\u00fcck. Befriedigendes heutiges Mittagessen. Festliches Abendessen aus lokal produzierten Zutaten. Erstklassig speisen in harmonischer Umgebung.\" \/>\n<meta name=\"robots\" content=\"index, follow, max-snippet:-1, max-image-preview:large, max-video-preview:-1\" \/>\n<link rel=\"canonical\" href=\"https:\/\/morahotell.se\/de\/restaurant\/\" \/>\n<meta property=\"og:locale\" content=\"de_DE\" \/>\n<meta property=\"og:type\" content=\"article\" \/>\n<meta property=\"og:title\" content=\"Restaurant - Mora Hotell &amp; Spa\" \/>\n<meta property=\"og:description\" content=\"Luxuri\u00f6ses Hotelfr\u00fchst\u00fcck. Befriedigendes heutiges Mittagessen. Festliches Abendessen aus lokal produzierten Zutaten. Erstklassig speisen in harmonischer Umgebung.\" \/>\n<meta property=\"og:url\" content=\"https:\/\/morahotell.se\/de\/restaurant\/\" \/>\n<meta property=\"og:site_name\" content=\"Mora Hotell &amp; Spa\" \/>\n<meta property=\"article:modified_time\" content=\"2026-05-03T15:03:11+00:00\" \/>\n<meta property=\"og:image\" content=\"https:\/\/morahotell.se\/wp-content\/uploads\/2022\/04\/mat-3-1.jpg\" \/>\n<meta name=\"twitter:card\" content=\"summary_large_image\" \/>\n<meta name=\"twitter:label1\" content=\"Gesch\u00e4tzte Lesezeit\" \/>\n\t<meta name=\"twitter:data1\" content=\"2\u00a0Minuten\" \/>\n<script type=\"application\/ld+json\" class=\"yoast-schema-graph\">{\"@context\":\"https:\/\/schema.org\",\"@graph\":[{\"@type\":\"WebPage\",\"@id\":\"https:\/\/morahotell.se\/de\/restaurant\/\",\"url\":\"https:\/\/morahotell.se\/de\/restaurant\/\",\"name\":\"Restaurant - Mora Hotell &amp; Spa\",\"isPartOf\":{\"@id\":\"https:\/\/morahotell.se\/de\/#website\"},\"primaryImageOfPage\":{\"@id\":\"https:\/\/morahotell.se\/de\/restaurant\/#primaryimage\"},\"image\":{\"@id\":\"https:\/\/morahotell.se\/de\/restaurant\/#primaryimage\"},\"thumbnailUrl\":\"https:\/\/morahotell.se\/wp-content\/uploads\/2022\/04\/mat-3-1.jpg\",\"datePublished\":\"2022-05-09T14:25:12+00:00\",\"dateModified\":\"2026-05-03T15:03:11+00:00\",\"description\":\"Luxuri\u00f6ses Hotelfr\u00fchst\u00fcck. Befriedigendes heutiges Mittagessen. Festliches Abendessen aus lokal produzierten Zutaten. Erstklassig speisen in harmonischer Umgebung.\",\"breadcrumb\":{\"@id\":\"https:\/\/morahotell.se\/de\/restaurant\/#breadcrumb\"},\"inLanguage\":\"de\",\"potentialAction\":[{\"@type\":\"ReadAction\",\"target\":[\"https:\/\/morahotell.se\/de\/restaurant\/\"]}]},{\"@type\":\"ImageObject\",\"inLanguage\":\"de\",\"@id\":\"https:\/\/morahotell.se\/de\/restaurant\/#primaryimage\",\"url\":\"https:\/\/morahotell.se\/wp-content\/uploads\/2022\/04\/mat-3-1.jpg\",\"contentUrl\":\"https:\/\/morahotell.se\/wp-content\/uploads\/2022\/04\/mat-3-1.jpg\"},{\"@type\":\"BreadcrumbList\",\"@id\":\"https:\/\/morahotell.se\/de\/restaurant\/#breadcrumb\",\"itemListElement\":[{\"@type\":\"ListItem\",\"position\":1,\"name\":\"Mora hotell\",\"item\":\"https:\/\/morahotell.se\/de\/\"},{\"@type\":\"ListItem\",\"position\":2,\"name\":\"Restaurant\"}]},{\"@type\":\"WebSite\",\"@id\":\"https:\/\/morahotell.se\/de\/#website\",\"url\":\"https:\/\/morahotell.se\/de\/\",\"name\":\"Mora Hotell &amp; Spa\",\"description\":\"Fyrstj\u00e4rnigt hotell i Mora, n\u00e4ra Siljan\",\"potentialAction\":[{\"@type\":\"SearchAction\",\"target\":{\"@type\":\"EntryPoint\",\"urlTemplate\":\"https:\/\/morahotell.se\/de\/?s={search_term_string}\"},\"query-input\":{\"@type\":\"PropertyValueSpecification\",\"valueRequired\":true,\"valueName\":\"search_term_string\"}}],\"inLanguage\":\"de\"}]}<\/script>\n<!-- \/ Yoast SEO plugin. -->","yoast_head_json":{"title":"Restaurant - Mora Hotell &amp; Spa","description":"Luxuri\u00f6ses Hotelfr\u00fchst\u00fcck. Befriedigendes heutiges Mittagessen. Festliches Abendessen aus lokal produzierten Zutaten. Erstklassig speisen in harmonischer Umgebung.","robots":{"index":"index","follow":"follow","max-snippet":"max-snippet:-1","max-image-preview":"max-image-preview:large","max-video-preview":"max-video-preview:-1"},"canonical":"https:\/\/morahotell.se\/de\/restaurant\/","og_locale":"de_DE","og_type":"article","og_title":"Restaurant - Mora Hotell &amp; Spa","og_description":"Luxuri\u00f6ses Hotelfr\u00fchst\u00fcck. Befriedigendes heutiges Mittagessen. Festliches Abendessen aus lokal produzierten Zutaten. Erstklassig speisen in harmonischer Umgebung.","og_url":"https:\/\/morahotell.se\/de\/restaurant\/","og_site_name":"Mora Hotell &amp; Spa","article_modified_time":"2026-05-03T15:03:11+00:00","og_image":[{"url":"https:\/\/morahotell.se\/wp-content\/uploads\/2022\/04\/mat-3-1.jpg","type":"","width":"","height":""}],"twitter_card":"summary_large_image","twitter_misc":{"Gesch\u00e4tzte Lesezeit":"2\u00a0Minuten"},"schema":{"@context":"https:\/\/schema.org","@graph":[{"@type":"WebPage","@id":"https:\/\/morahotell.se\/de\/restaurant\/","url":"https:\/\/morahotell.se\/de\/restaurant\/","name":"Restaurant - Mora Hotell &amp; Spa","isPartOf":{"@id":"https:\/\/morahotell.se\/de\/#website"},"primaryImageOfPage":{"@id":"https:\/\/morahotell.se\/de\/restaurant\/#primaryimage"},"image":{"@id":"https:\/\/morahotell.se\/de\/restaurant\/#primaryimage"},"thumbnailUrl":"https:\/\/morahotell.se\/wp-content\/uploads\/2022\/04\/mat-3-1.jpg","datePublished":"2022-05-09T14:25:12+00:00","dateModified":"2026-05-03T15:03:11+00:00","description":"Luxuri\u00f6ses Hotelfr\u00fchst\u00fcck. Befriedigendes heutiges Mittagessen. Festliches Abendessen aus lokal produzierten Zutaten. Erstklassig speisen in harmonischer Umgebung.","breadcrumb":{"@id":"https:\/\/morahotell.se\/de\/restaurant\/#breadcrumb"},"inLanguage":"de","potentialAction":[{"@type":"ReadAction","target":["https:\/\/morahotell.se\/de\/restaurant\/"]}]},{"@type":"ImageObject","inLanguage":"de","@id":"https:\/\/morahotell.se\/de\/restaurant\/#primaryimage","url":"https:\/\/morahotell.se\/wp-content\/uploads\/2022\/04\/mat-3-1.jpg","contentUrl":"https:\/\/morahotell.se\/wp-content\/uploads\/2022\/04\/mat-3-1.jpg"},{"@type":"BreadcrumbList","@id":"https:\/\/morahotell.se\/de\/restaurant\/#breadcrumb","itemListElement":[{"@type":"ListItem","position":1,"name":"Mora hotell","item":"https:\/\/morahotell.se\/de\/"},{"@type":"ListItem","position":2,"name":"Restaurant"}]},{"@type":"WebSite","@id":"https:\/\/morahotell.se\/de\/#website","url":"https:\/\/morahotell.se\/de\/","name":"Mora Hotell &amp; Spa","description":"Fyrstj\u00e4rnigt hotell i Mora, n\u00e4ra Siljan","potentialAction":[{"@type":"SearchAction","target":{"@type":"EntryPoint","urlTemplate":"https:\/\/morahotell.se\/de\/?s={search_term_string}"},"query-input":{"@type":"PropertyValueSpecification","valueRequired":true,"valueName":"search_term_string"}}],"inLanguage":"de"}]}},"_links":{"self":[{"href":"https:\/\/morahotell.se\/de\/wp-json\/wp\/v2\/pages\/3643","targetHints":{"allow":["GET"]}}],"collection":[{"href":"https:\/\/morahotell.se\/de\/wp-json\/wp\/v2\/pages"}],"about":[{"href":"https:\/\/morahotell.se\/de\/wp-json\/wp\/v2\/types\/page"}],"author":[{"embeddable":true,"href":"https:\/\/morahotell.se\/de\/wp-json\/wp\/v2\/users\/1"}],"replies":[{"embeddable":true,"href":"https:\/\/morahotell.se\/de\/wp-json\/wp\/v2\/comments?post=3643"}],"version-history":[{"count":11,"href":"https:\/\/morahotell.se\/de\/wp-json\/wp\/v2\/pages\/3643\/revisions"}],"predecessor-version":[{"id":31491,"href":"https:\/\/morahotell.se\/de\/wp-json\/wp\/v2\/pages\/3643\/revisions\/31491"}],"wp:attachment":[{"href":"https:\/\/morahotell.se\/de\/wp-json\/wp\/v2\/media?parent=3643"}],"wp:term":[{"taxonomy":"pa-gang-just-nu","embeddable":true,"href":"https:\/\/morahotell.se\/de\/wp-json\/wp\/v2\/pa-gang-just-nu?post=3643"}],"curies":[{"name":"wp","href":"https:\/\/api.w.org\/{rel}","templated":true}]}}