{"id":3617,"date":"2022-05-09T14:46:03","date_gmt":"2022-05-09T12:46:03","guid":{"rendered":"https:\/\/morahotell.se\/hem\/"},"modified":"2026-02-19T14:35:54","modified_gmt":"2026-02-19T13:35:54","slug":"heim","status":"publish","type":"page","link":"https:\/\/morahotell.se\/de\/","title":{"rendered":"Heim"},"content":{"rendered":"\n\n\t<h1>Willkommen im erstaunlichen Mora<\/h1>\n\t\t\t<a href=\"https:\/\/book.morahotell.se\/accommodation?channelid=0213a5b6-371a-4a15-9a1f-be2076b7b7c3&#038;langid=2\" target=\"_self\">\n\t\t\t\t\t\t\tEin zimmer buchen\n\t\t\t\t\t<\/a>\n\t\t\t<a href=\"\/de\/produktkategorie\/pauschalangebote\/\" target=\"_self\">\n\t\t\t\t\t\t\tPakete buchen\n\t\t\t\t\t<\/a>\n\t\t\t<a href=\"https:\/\/morahotell.se\/de\/produktkategorie\/aktivitaeten\/\" target=\"_self\">\n\t\t\t\t\t\t\tAktivit\u00e4t buchen\n\t\t\t\t\t<\/a>\n\t\t\t<a href=\"https:\/\/morahotell.se\/de\/restaurant\/\" target=\"_self\">\n\t\t\t\t\t\t\tTisch buchen\n\t\t\t\t\t<\/a>\n\t\t\t<a href=\"https:\/\/morahotell.se\/de\/produktkategorie\/spa-de\/?min_date=2024-11-04&#038;max_date=2024-11-04\" target=\"_self\">\n\t\t\t\t\t\t\tSpa buchen\n\t\t\t\t\t<\/a>\n\t\t\t<a href=\"https:\/\/morahotell.se\/de\/konferenz\/\" target=\"_self\">\n\t\t\t\t\t\t\tKonferenz\n\t\t\t\t\t<\/a>\n<h2>\n\t\t\tUnser Zimmer\t<\/h2>\n\t<p>Lebe in einer ruhigen Umgebung in Mora, Dalarna, wie es die Menschen seit den 1830er Jahren getan haben. Es gibt 140 Nichtraucher-Hotelzimmer in verschiedenen Gr\u00f6\u00dfen, sowohl f\u00fcr Familien, Paare als auch f\u00fcr diejenigen, die w\u00e4hrend des Vasaloppet eine Unterkunft ben\u00f6tigen.<\/p>\n\t\t\t<a href=\"https:\/\/morahotell.se\/de\/zimmer\/\" target=\"_self\">\n\t\t\t\t\t\t\tSehen Sie sich alle unsere Zimmerkategorien an\n\t\t\t\t\t<\/a>\n\t\t\t<a href=\"https:\/\/book.morahotell.se\/accommodation?channelid=0213a5b6-371a-4a15-9a1f-be2076b7b7c3&#038;langid=2\" target=\"_blank\" rel=\"noopener\">\n\t\t\t\t\t\t\tReservieren\n\t\t\t\t\t<\/a>\n<h2>\n\t\t\tGenie\u00dfen Sie das Spa im Mora Hotel\t<\/h2>\n\t<p>Lassen Sie sich mit einem Spa in Mora verw\u00f6hnen. Genie\u00dfen Sie die Entspannung mit Familie, Freunden oder Kollegen in unseren harmonisch eingerichteten Einrichtungen. Es gibt einen Pool, einen Whirlpool, eine Dampf- und eine Trockensauna.<\/p>\n\t\t\t<a href=\"https:\/\/morahotell.se\/de\/produktkategorie\/spa-de\/\" target=\"_self\">\n\t\t\t\t\t\t\tSehen Sie sich alle unsere Spa-Behandlungen an\n\t\t\t\t\t<\/a>\n<h2>\n\t\t\tWas passiert gerade und fragt sich\t<\/h2>\n\t<p>Hier in der Gegend um Siljan gibt es eine einzigartige Kultur des alten Dalarna, mit Dalapferdezucht, Sommerweidenkultur, Volksmusik und Kunst. Dies in Kombination mit dem Vasaloppet und seinen Veranstaltungen das ganze Jahr \u00fcber zieht Menschen aus der ganzen Welt an.<\/p>\n<p>F\u00fcr diejenigen unter Ihnen, die Kinder haben, ist das M\u00e4rchenland Tomteland nur wenige Autominuten entfernt. Erleben Sie diese fantastische kleine Welt, die ein bisschen wie Dalarnas Disneyland ist.<\/p>\n<h2>\n\t\t\tEin Hotel in Dalarna, in der N\u00e4he vieler Sehensw\u00fcrdigkeiten\t<\/h2>\n\t<p>Mit unschlagbarem Blick auf den Siljansee und nur 100 Meter von der Vasaloppet-Ziellinie, dem Zorn-Museum und dem Zorng\u00e5rden entfernt, ist die N\u00e4he zur Dala-Kultur absolut. Erleben Sie Abenteuer, Kultur und wundersch\u00f6ne Talnatur und \u00fcbernachten Sie dabei komfortabel und zentral in einem Hotel mit gehobenem Standard.<\/p>\n<p>Verpassen Sie nicht unsere Investition in lokal produzierte Zutaten, die zu schmackhaften Gerichten in unserem Restaurant f\u00fchren. Entspannen Sie sich in unserem Relax &amp; Spa.<\/p>\n\t\t\t<a href=\"https:\/\/book.morahotell.se\/package?channelid=0213a5b6-371a-4a15-9a1f-be2076b7b7c3&#038;langid=2\" target=\"_self\">\n\t\t\t\t\t\t\tPaket buchen\n\t\t\t\t\t<\/a>\n<h2>\n\t\t\tEs gibt Aktivit\u00e4ten f\u00fcr alle\t<\/h2>\n\t<p>Mit unschlagbarem Blick auf den Siljansee und nur 100 Meter von der Vasaloppet-Ziellinie, dem Zorn-Museum und dem Zorng\u00e5rden entfernt, ist die N\u00e4he zur Dala-Kultur absolut. Erleben Sie Abenteuer, Kultur und wundersch\u00f6ne Talnatur und \u00fcbernachten Sie dabei komfortabel und zentral in einem Hotel mit gehobenem Standard. Verpassen Sie nicht unsere Investition in lokal produzierte Zutaten, die zu schmackhaften Gerichten in unserem Restaurant f\u00fchren.<\/p>\n\t\t\t<a href=\"https:\/\/morahotell.se\/de\/produktkategorie\/aktivitaeten\/\" target=\"_self\">\n\t\t\t\t\t\t\tAktivit\u00e4t buchen\n\t\t\t\t\t<\/a>\n\t<h4>RESTAURANT IN MORA<\/h4>\n<h2>\n\t\t\tWillkommen auf der Terrasse\t<\/h2>\n\t<p>V\u00e4lkommen till oss om du s\u00f6ker dagens lunch i Mora eller vill \u00e4ta en rej\u00e4l middag tillagad p\u00e5 n\u00e4rproducerade r\u00e5varor. P\u00e5 restaurang Terassen \u00e4ter du en f\u00f6rstklassig m\u00e5ltid i lugn och harmonisk milj\u00f6, med utsikt \u00f6ver sj\u00f6n Siljan. Gl\u00f6m inte att boka bord, speciellt p\u00e5 helgerna. Restaurangen \u00e4r popul\u00e4r bland s\u00e5v\u00e4l hotellg\u00e4ster som \u00f6vriga f\u00f6rbipasserande.<\/p>\n\t\t\t<a href=\"https:\/\/morahotell.se\/de\/restaurant\/\" target=\"_self\">\n\t\t\t\t\t\t\tTisch buchen\n\t\t\t\t\t<\/a>\n\t<h4>Konferenz i Dalarna<\/h4>\n<h2>\n\t\t\tWir k\u00fcmmern uns um Sie und Ihr Unternehmen!\t<\/h2>\n\t<p>Wenn die Schweden jetzt wieder konferieren, sind Frieden und Gemeinschaft gefragt. Mora Hotell &amp; Spa bietet ein Konferenzprogramm, das den Zusammenhalt st\u00e4rkt und das Meeting auf sichere Weise lohnend macht. Ob Indoor- oder Outdoor-Konferenz, wir m\u00f6chten Ihnen und Ihren Kollegen ein Erlebnis bieten. Wir haben die Technologie, die Kultur, die Natur und das Essen sowie die Unterkunft, die Sie als Gruppe und Unternehmen zusammenbringen. Willkommen in einer modernen Tagungsst\u00e4tte in einem klassischen Kulturviertel.<\/p>\n\t\t\t<a href=\"https:\/\/morahotell.se\/de\/konferenz\/\" target=\"_self\">\n\t\t\t\t\t\t\tKonferenz\n\t\t\t\t\t<\/a>\n\n","protected":false},"excerpt":{"rendered":"<p>Willkommen im erstaunlichen Mora Ein zimmer buchen Pakete buchen Aktivit\u00e4t buchen Tisch buchen Spa buchen Konferenz Unser Zimmer Lebe in einer ruhigen Umgebung in Mora, Dalarna, wie es die Menschen seit den 1830er Jahren getan haben. Es gibt 140 Nichtraucher-Hotelzimmer in verschiedenen Gr\u00f6\u00dfen, sowohl f\u00fcr Familien, Paare als auch f\u00fcr diejenigen, die w\u00e4hrend des Vasaloppet&hellip;<\/p>\n","protected":false},"author":1,"featured_media":0,"parent":0,"menu_order":30,"comment_status":"closed","ping_status":"closed","template":"","meta":{"_acf_changed":false,"footnotes":""},"pa-gang-just-nu":[],"class_list":["post-3617","page","type-page","status-publish","hentry"],"acf":[],"yoast_head":"<!-- This site is optimized with the Yoast SEO plugin v26.5 - https:\/\/yoast.com\/wordpress\/plugins\/seo\/ -->\n<title>Heim - Mora Hotell &amp; Spa<\/title>\n<meta name=\"description\" content=\"Hier in der Gegend um Siljan gibt es eine einzigartige Kultur des alten Dalarna, mit Dalapferdezucht, Sommerweidenkultur, Volksmusik und Kunst\" \/>\n<meta name=\"robots\" content=\"index, follow, max-snippet:-1, max-image-preview:large, max-video-preview:-1\" \/>\n<link rel=\"canonical\" href=\"https:\/\/morahotell.se\/de\/\" \/>\n<meta property=\"og:locale\" content=\"de_DE\" \/>\n<meta property=\"og:type\" content=\"article\" \/>\n<meta property=\"og:title\" content=\"Heim - Mora Hotell &amp; Spa\" \/>\n<meta property=\"og:description\" content=\"Hier in der Gegend um Siljan gibt es eine einzigartige Kultur des alten Dalarna, mit Dalapferdezucht, Sommerweidenkultur, Volksmusik und Kunst\" \/>\n<meta property=\"og:url\" content=\"https:\/\/morahotell.se\/de\/\" \/>\n<meta property=\"og:site_name\" content=\"Mora Hotell &amp; Spa\" \/>\n<meta property=\"article:modified_time\" content=\"2026-02-19T13:35:54+00:00\" \/>\n<meta name=\"twitter:card\" content=\"summary_large_image\" \/>\n<meta name=\"twitter:label1\" content=\"Gesch\u00e4tzte Lesezeit\" \/>\n\t<meta name=\"twitter:data1\" content=\"3\u00a0Minuten\" \/>\n<script type=\"application\/ld+json\" class=\"yoast-schema-graph\">{\"@context\":\"https:\/\/schema.org\",\"@graph\":[{\"@type\":\"WebPage\",\"@id\":\"https:\/\/morahotell.se\/de\/\",\"url\":\"https:\/\/morahotell.se\/de\/\",\"name\":\"Heim - Mora Hotell &amp; Spa\",\"isPartOf\":{\"@id\":\"https:\/\/morahotell.se\/de\/#website\"},\"datePublished\":\"2022-05-09T12:46:03+00:00\",\"dateModified\":\"2026-02-19T13:35:54+00:00\",\"description\":\"Hier in der Gegend um Siljan gibt es eine einzigartige Kultur des alten Dalarna, mit Dalapferdezucht, Sommerweidenkultur, Volksmusik und Kunst\",\"breadcrumb\":{\"@id\":\"https:\/\/morahotell.se\/de\/#breadcrumb\"},\"inLanguage\":\"de\",\"potentialAction\":[{\"@type\":\"ReadAction\",\"target\":[\"https:\/\/morahotell.se\/de\/\"]}]},{\"@type\":\"BreadcrumbList\",\"@id\":\"https:\/\/morahotell.se\/de\/#breadcrumb\",\"itemListElement\":[{\"@type\":\"ListItem\",\"position\":1,\"name\":\"Mora hotell\",\"item\":\"https:\/\/morahotell.se\/de\/\"},{\"@type\":\"ListItem\",\"position\":2,\"name\":\"Heim\"}]},{\"@type\":\"WebSite\",\"@id\":\"https:\/\/morahotell.se\/de\/#website\",\"url\":\"https:\/\/morahotell.se\/de\/\",\"name\":\"Mora Hotell &amp; Spa\",\"description\":\"Fyrstj\u00e4rnigt hotell i Mora, n\u00e4ra Siljan\",\"potentialAction\":[{\"@type\":\"SearchAction\",\"target\":{\"@type\":\"EntryPoint\",\"urlTemplate\":\"https:\/\/morahotell.se\/de\/?s={search_term_string}\"},\"query-input\":{\"@type\":\"PropertyValueSpecification\",\"valueRequired\":true,\"valueName\":\"search_term_string\"}}],\"inLanguage\":\"de\"}]}<\/script>\n<!-- \/ Yoast SEO plugin. -->","yoast_head_json":{"title":"Heim - Mora Hotell &amp; Spa","description":"Hier in der Gegend um Siljan gibt es eine einzigartige Kultur des alten Dalarna, mit Dalapferdezucht, Sommerweidenkultur, Volksmusik und Kunst","robots":{"index":"index","follow":"follow","max-snippet":"max-snippet:-1","max-image-preview":"max-image-preview:large","max-video-preview":"max-video-preview:-1"},"canonical":"https:\/\/morahotell.se\/de\/","og_locale":"de_DE","og_type":"article","og_title":"Heim - Mora Hotell &amp; Spa","og_description":"Hier in der Gegend um Siljan gibt es eine einzigartige Kultur des alten Dalarna, mit Dalapferdezucht, Sommerweidenkultur, Volksmusik und Kunst","og_url":"https:\/\/morahotell.se\/de\/","og_site_name":"Mora Hotell &amp; Spa","article_modified_time":"2026-02-19T13:35:54+00:00","twitter_card":"summary_large_image","twitter_misc":{"Gesch\u00e4tzte Lesezeit":"3\u00a0Minuten"},"schema":{"@context":"https:\/\/schema.org","@graph":[{"@type":"WebPage","@id":"https:\/\/morahotell.se\/de\/","url":"https:\/\/morahotell.se\/de\/","name":"Heim - Mora Hotell &amp; Spa","isPartOf":{"@id":"https:\/\/morahotell.se\/de\/#website"},"datePublished":"2022-05-09T12:46:03+00:00","dateModified":"2026-02-19T13:35:54+00:00","description":"Hier in der Gegend um Siljan gibt es eine einzigartige Kultur des alten Dalarna, mit Dalapferdezucht, Sommerweidenkultur, Volksmusik und Kunst","breadcrumb":{"@id":"https:\/\/morahotell.se\/de\/#breadcrumb"},"inLanguage":"de","potentialAction":[{"@type":"ReadAction","target":["https:\/\/morahotell.se\/de\/"]}]},{"@type":"BreadcrumbList","@id":"https:\/\/morahotell.se\/de\/#breadcrumb","itemListElement":[{"@type":"ListItem","position":1,"name":"Mora hotell","item":"https:\/\/morahotell.se\/de\/"},{"@type":"ListItem","position":2,"name":"Heim"}]},{"@type":"WebSite","@id":"https:\/\/morahotell.se\/de\/#website","url":"https:\/\/morahotell.se\/de\/","name":"Mora Hotell &amp; Spa","description":"Fyrstj\u00e4rnigt hotell i Mora, n\u00e4ra Siljan","potentialAction":[{"@type":"SearchAction","target":{"@type":"EntryPoint","urlTemplate":"https:\/\/morahotell.se\/de\/?s={search_term_string}"},"query-input":{"@type":"PropertyValueSpecification","valueRequired":true,"valueName":"search_term_string"}}],"inLanguage":"de"}]}},"_links":{"self":[{"href":"https:\/\/morahotell.se\/de\/wp-json\/wp\/v2\/pages\/3617","targetHints":{"allow":["GET"]}}],"collection":[{"href":"https:\/\/morahotell.se\/de\/wp-json\/wp\/v2\/pages"}],"about":[{"href":"https:\/\/morahotell.se\/de\/wp-json\/wp\/v2\/types\/page"}],"author":[{"embeddable":true,"href":"https:\/\/morahotell.se\/de\/wp-json\/wp\/v2\/users\/1"}],"replies":[{"embeddable":true,"href":"https:\/\/morahotell.se\/de\/wp-json\/wp\/v2\/comments?post=3617"}],"version-history":[{"count":3,"href":"https:\/\/morahotell.se\/de\/wp-json\/wp\/v2\/pages\/3617\/revisions"}],"predecessor-version":[{"id":31145,"href":"https:\/\/morahotell.se\/de\/wp-json\/wp\/v2\/pages\/3617\/revisions\/31145"}],"wp:attachment":[{"href":"https:\/\/morahotell.se\/de\/wp-json\/wp\/v2\/media?parent=3617"}],"wp:term":[{"taxonomy":"pa-gang-just-nu","embeddable":true,"href":"https:\/\/morahotell.se\/de\/wp-json\/wp\/v2\/pa-gang-just-nu?post=3617"}],"curies":[{"name":"wp","href":"https:\/\/api.w.org\/{rel}","templated":true}]}}