{"id":15165,"date":"2023-03-28T15:50:41","date_gmt":"2023-03-28T13:50:41","guid":{"rendered":"https:\/\/morahotell.se\/cancellation-policies\/"},"modified":"2023-03-30T15:53:52","modified_gmt":"2023-03-30T13:53:52","slug":"stornierungsbedingungen","status":"publish","type":"page","link":"https:\/\/morahotell.se\/de\/stornierungsbedingungen\/","title":{"rendered":"Stornierungsbedingungen"},"content":{"rendered":"\n\n\t\t\t\t\t\t\t\t\t<img loading=\"lazy\" decoding=\"async\" src=\"https:\/\/morahotell.se\/wp-content\/uploads\/bb-plugin\/cache\/24-panorama.png\" alt=\"24\" itemprop=\"image\" height=\"1080\" width=\"1080\" title=\"24\" onerror=\"this.style.display='none'\"  \/>\n\t<h1>Stornierungsbedingungen<\/h1>\nWenn Sie Leistungen auf der Website von Mora Hotell &amp; Spa buchen, gelten f\u00fcr Teile unseres Leistungsangebots die folgenden besonderen Stornierungsregeln. Diese Regeln sind unten aufgef\u00fchrt. Wir behalten uns das Recht vor, diese Regeln zu \u00e4ndern und ermutigen Sie als Kunden, sich \u00fcber alle \u00c4nderungen auf dem Laufenden zu halten.\n<h2>PAKET<\/h2>\nF\u00fcr unsere Pakete gelten diese besonderen Stornobedingungen:\nStornierungen und Umbuchungen sind bis 48 Stunden vor Anreise m\u00f6glich. Bei einer Stornierung sp\u00e4ter als 48 Stunden wird der volle Betrag berechnet.\n<h2>SPA<\/h2>\nUnsere Spa-Angebote unterliegen diesen besonderen Stornierungsbedingungen:\nStornierungen und Umbuchungen sind bis 24 Stunden vor Anreise m\u00f6glich. Bei einer Stornierung sp\u00e4ter als 24 Stunden wird der volle Betrag berechnet.\n<h2>Andere Produkte\/Sortiment<\/h2>\nF\u00fcr andere vom Hotel angebotene Dienstleistungen gelten keine besonderen Stornierungsregeln, mit Ausnahme der m\u00f6glichen Stornierungsregeln, die gelten, wenn die Leistung von externen Betreibern erbracht wird, f\u00fcr Zimmer, die \u00fcber einen Dritten gebucht werden, gelten deren Regeln.\n<h2>ZIMMER<\/h2>\n<p>Stornierung bis 18.00 Uhr am Anreisetag m\u00f6glich, au\u00dfer in den Sommer- und Winterwochen von Vasaloppet, wenden Sie sich direkt an die Rezeption.<\/p>\n\n","protected":false},"excerpt":{"rendered":"<p>Stornierungsbedingungen Wenn Sie Leistungen auf der Website von Mora Hotell &amp; Spa buchen, gelten f\u00fcr Teile unseres Leistungsangebots die folgenden besonderen Stornierungsregeln. Diese Regeln sind unten aufgef\u00fchrt. Wir behalten uns das Recht vor, diese Regeln zu \u00e4ndern und ermutigen Sie als Kunden, sich \u00fcber alle \u00c4nderungen auf dem Laufenden zu halten. PAKET F\u00fcr unsere Pakete&hellip;<\/p>\n","protected":false},"author":33,"featured_media":0,"parent":0,"menu_order":82,"comment_status":"closed","ping_status":"closed","template":"","meta":{"_acf_changed":false,"footnotes":""},"pa-gang-just-nu":[],"class_list":["post-15165","page","type-page","status-publish","hentry"],"acf":[],"yoast_head":"<!-- This site is optimized with the Yoast SEO plugin v27.5 - https:\/\/yoast.com\/product\/yoast-seo-wordpress\/ -->\n<title>Stornierungsbedingungen - Mora Hotell &amp; Spa<\/title>\n<meta name=\"robots\" content=\"index, follow, max-snippet:-1, max-image-preview:large, max-video-preview:-1\" \/>\n<link rel=\"canonical\" href=\"https:\/\/morahotell.se\/de\/stornierungsbedingungen\/\" \/>\n<meta property=\"og:locale\" content=\"de_DE\" \/>\n<meta property=\"og:type\" content=\"article\" \/>\n<meta property=\"og:title\" content=\"Stornierungsbedingungen - Mora Hotell &amp; Spa\" \/>\n<meta property=\"og:description\" content=\"Stornierungsbedingungen Wenn Sie Leistungen auf der Website von Mora Hotell &amp; Spa buchen, gelten f\u00fcr Teile unseres Leistungsangebots die folgenden besonderen Stornierungsregeln. Diese Regeln sind unten aufgef\u00fchrt. Wir behalten uns das Recht vor, diese Regeln zu \u00e4ndern und ermutigen Sie als Kunden, sich \u00fcber alle \u00c4nderungen auf dem Laufenden zu halten. PAKET F\u00fcr unsere Pakete&hellip;\" \/>\n<meta property=\"og:url\" content=\"https:\/\/morahotell.se\/de\/stornierungsbedingungen\/\" \/>\n<meta property=\"og:site_name\" content=\"Mora Hotell &amp; Spa\" \/>\n<meta property=\"article:modified_time\" content=\"2023-03-30T13:53:52+00:00\" \/>\n<meta property=\"og:image\" content=\"https:\/\/morahotell.se\/wp-content\/uploads\/bb-plugin\/cache\/24-panorama.png\" \/>\n<meta name=\"twitter:card\" content=\"summary_large_image\" \/>\n<meta name=\"twitter:label1\" content=\"Gesch\u00e4tzte Lesezeit\" \/>\n\t<meta name=\"twitter:data1\" content=\"1\u00a0Minute\" \/>\n<script type=\"application\/ld+json\" class=\"yoast-schema-graph\">{\"@context\":\"https:\\\/\\\/schema.org\",\"@graph\":[{\"@type\":\"WebPage\",\"@id\":\"https:\\\/\\\/morahotell.se\\\/de\\\/stornierungsbedingungen\\\/\",\"url\":\"https:\\\/\\\/morahotell.se\\\/de\\\/stornierungsbedingungen\\\/\",\"name\":\"Stornierungsbedingungen - Mora Hotell &amp; Spa\",\"isPartOf\":{\"@id\":\"https:\\\/\\\/morahotell.se\\\/de\\\/#website\"},\"primaryImageOfPage\":{\"@id\":\"https:\\\/\\\/morahotell.se\\\/de\\\/stornierungsbedingungen\\\/#primaryimage\"},\"image\":{\"@id\":\"https:\\\/\\\/morahotell.se\\\/de\\\/stornierungsbedingungen\\\/#primaryimage\"},\"thumbnailUrl\":\"https:\\\/\\\/morahotell.se\\\/wp-content\\\/uploads\\\/bb-plugin\\\/cache\\\/24-panorama.png\",\"datePublished\":\"2023-03-28T13:50:41+00:00\",\"dateModified\":\"2023-03-30T13:53:52+00:00\",\"breadcrumb\":{\"@id\":\"https:\\\/\\\/morahotell.se\\\/de\\\/stornierungsbedingungen\\\/#breadcrumb\"},\"inLanguage\":\"de\",\"potentialAction\":[{\"@type\":\"ReadAction\",\"target\":[\"https:\\\/\\\/morahotell.se\\\/de\\\/stornierungsbedingungen\\\/\"]}]},{\"@type\":\"ImageObject\",\"inLanguage\":\"de\",\"@id\":\"https:\\\/\\\/morahotell.se\\\/de\\\/stornierungsbedingungen\\\/#primaryimage\",\"url\":\"https:\\\/\\\/morahotell.se\\\/wp-content\\\/uploads\\\/bb-plugin\\\/cache\\\/24-panorama.png\",\"contentUrl\":\"https:\\\/\\\/morahotell.se\\\/wp-content\\\/uploads\\\/bb-plugin\\\/cache\\\/24-panorama.png\"},{\"@type\":\"BreadcrumbList\",\"@id\":\"https:\\\/\\\/morahotell.se\\\/de\\\/stornierungsbedingungen\\\/#breadcrumb\",\"itemListElement\":[{\"@type\":\"ListItem\",\"position\":1,\"name\":\"Mora hotell\",\"item\":\"https:\\\/\\\/morahotell.se\\\/de\\\/\"},{\"@type\":\"ListItem\",\"position\":2,\"name\":\"Stornierungsbedingungen\"}]},{\"@type\":\"WebSite\",\"@id\":\"https:\\\/\\\/morahotell.se\\\/de\\\/#website\",\"url\":\"https:\\\/\\\/morahotell.se\\\/de\\\/\",\"name\":\"Mora Hotell &amp; Spa\",\"description\":\"Fyrstj\u00e4rnigt hotell i Mora, n\u00e4ra Siljan\",\"potentialAction\":[{\"@type\":\"SearchAction\",\"target\":{\"@type\":\"EntryPoint\",\"urlTemplate\":\"https:\\\/\\\/morahotell.se\\\/de\\\/?s={search_term_string}\"},\"query-input\":{\"@type\":\"PropertyValueSpecification\",\"valueRequired\":true,\"valueName\":\"search_term_string\"}}],\"inLanguage\":\"de\"}]}<\/script>\n<!-- \/ Yoast SEO plugin. -->","yoast_head_json":{"title":"Stornierungsbedingungen - Mora Hotell &amp; Spa","robots":{"index":"index","follow":"follow","max-snippet":"max-snippet:-1","max-image-preview":"max-image-preview:large","max-video-preview":"max-video-preview:-1"},"canonical":"https:\/\/morahotell.se\/de\/stornierungsbedingungen\/","og_locale":"de_DE","og_type":"article","og_title":"Stornierungsbedingungen - Mora Hotell &amp; Spa","og_description":"Stornierungsbedingungen Wenn Sie Leistungen auf der Website von Mora Hotell &amp; Spa buchen, gelten f\u00fcr Teile unseres Leistungsangebots die folgenden besonderen Stornierungsregeln. Diese Regeln sind unten aufgef\u00fchrt. Wir behalten uns das Recht vor, diese Regeln zu \u00e4ndern und ermutigen Sie als Kunden, sich \u00fcber alle \u00c4nderungen auf dem Laufenden zu halten. PAKET F\u00fcr unsere Pakete&hellip;","og_url":"https:\/\/morahotell.se\/de\/stornierungsbedingungen\/","og_site_name":"Mora Hotell &amp; Spa","article_modified_time":"2023-03-30T13:53:52+00:00","og_image":[{"url":"https:\/\/morahotell.se\/wp-content\/uploads\/bb-plugin\/cache\/24-panorama.png","type":"","width":"","height":""}],"twitter_card":"summary_large_image","twitter_misc":{"Gesch\u00e4tzte Lesezeit":"1\u00a0Minute"},"schema":{"@context":"https:\/\/schema.org","@graph":[{"@type":"WebPage","@id":"https:\/\/morahotell.se\/de\/stornierungsbedingungen\/","url":"https:\/\/morahotell.se\/de\/stornierungsbedingungen\/","name":"Stornierungsbedingungen - Mora Hotell &amp; Spa","isPartOf":{"@id":"https:\/\/morahotell.se\/de\/#website"},"primaryImageOfPage":{"@id":"https:\/\/morahotell.se\/de\/stornierungsbedingungen\/#primaryimage"},"image":{"@id":"https:\/\/morahotell.se\/de\/stornierungsbedingungen\/#primaryimage"},"thumbnailUrl":"https:\/\/morahotell.se\/wp-content\/uploads\/bb-plugin\/cache\/24-panorama.png","datePublished":"2023-03-28T13:50:41+00:00","dateModified":"2023-03-30T13:53:52+00:00","breadcrumb":{"@id":"https:\/\/morahotell.se\/de\/stornierungsbedingungen\/#breadcrumb"},"inLanguage":"de","potentialAction":[{"@type":"ReadAction","target":["https:\/\/morahotell.se\/de\/stornierungsbedingungen\/"]}]},{"@type":"ImageObject","inLanguage":"de","@id":"https:\/\/morahotell.se\/de\/stornierungsbedingungen\/#primaryimage","url":"https:\/\/morahotell.se\/wp-content\/uploads\/bb-plugin\/cache\/24-panorama.png","contentUrl":"https:\/\/morahotell.se\/wp-content\/uploads\/bb-plugin\/cache\/24-panorama.png"},{"@type":"BreadcrumbList","@id":"https:\/\/morahotell.se\/de\/stornierungsbedingungen\/#breadcrumb","itemListElement":[{"@type":"ListItem","position":1,"name":"Mora hotell","item":"https:\/\/morahotell.se\/de\/"},{"@type":"ListItem","position":2,"name":"Stornierungsbedingungen"}]},{"@type":"WebSite","@id":"https:\/\/morahotell.se\/de\/#website","url":"https:\/\/morahotell.se\/de\/","name":"Mora Hotell &amp; Spa","description":"Fyrstj\u00e4rnigt hotell i Mora, n\u00e4ra Siljan","potentialAction":[{"@type":"SearchAction","target":{"@type":"EntryPoint","urlTemplate":"https:\/\/morahotell.se\/de\/?s={search_term_string}"},"query-input":{"@type":"PropertyValueSpecification","valueRequired":true,"valueName":"search_term_string"}}],"inLanguage":"de"}]}},"_links":{"self":[{"href":"https:\/\/morahotell.se\/de\/wp-json\/wp\/v2\/pages\/15165","targetHints":{"allow":["GET"]}}],"collection":[{"href":"https:\/\/morahotell.se\/de\/wp-json\/wp\/v2\/pages"}],"about":[{"href":"https:\/\/morahotell.se\/de\/wp-json\/wp\/v2\/types\/page"}],"author":[{"embeddable":true,"href":"https:\/\/morahotell.se\/de\/wp-json\/wp\/v2\/users\/33"}],"replies":[{"embeddable":true,"href":"https:\/\/morahotell.se\/de\/wp-json\/wp\/v2\/comments?post=15165"}],"version-history":[{"count":0,"href":"https:\/\/morahotell.se\/de\/wp-json\/wp\/v2\/pages\/15165\/revisions"}],"wp:attachment":[{"href":"https:\/\/morahotell.se\/de\/wp-json\/wp\/v2\/media?parent=15165"}],"wp:term":[{"taxonomy":"pa-gang-just-nu","embeddable":true,"href":"https:\/\/morahotell.se\/de\/wp-json\/wp\/v2\/pa-gang-just-nu?post=15165"}],"curies":[{"name":"wp","href":"https:\/\/api.w.org\/{rel}","templated":true}]}}